{"id":373731,"date":"2024-11-18T23:01:25","date_gmt":"2024-11-18T22:01:25","guid":{"rendered":"https:\/\/www.moskito.cz\/?post_type=product&#038;p=373731"},"modified":"2025-12-09T20:44:43","modified_gmt":"2025-12-09T19:44:43","slug":"vystrelovaci-nuz-benchmade-osborne-9400bk","status":"publish","type":"product","link":"https:\/\/www.moskito.cz\/pl\/produkt\/vystrelovaci-nuz-benchmade-osborne-9400bk\/","title":{"rendered":"Vyst\u0159elovac\u00ed N\u016f\u017e Benchmade Osborne 9400BK"},"content":{"rendered":"<p>Vyst\u0159elovac\u00ed N\u016f\u017e <strong>Benchmade<\/strong> Osborne 9400BK.<\/p>\n<p>Benchmade BM9400BK: 9400BK Osborne AUTO je modern\u00ed variac\u00ed jednoho z nejobl\u00edben\u011bj\u0161\u00edch design\u016f skl\u00e1dac\u00edch no\u017e\u016f v\u0161ech dob, modelu 940 Osborne. Tato nov\u00e1 iterace p\u0159in\u00e1\u0161\u00ed automatick\u00fd mechanismus ovl\u00e1dan\u00fd tla\u010d\u00edtkem, co\u017e zvy\u0161uje prakti\u010dnost a u\u017eivatelskou p\u0159\u00edv\u011btivost, ani\u017e by ob\u011btovala klasick\u00fd a elegantn\u00ed vzhled p\u016fvodn\u00edho modelu.<\/p>\n<p>Popis no\u017ee<br \/>\nKonstrukce a design:<\/p>\n<p>Elegantn\u00ed, \u0161t\u00edhl\u00fd profil z\u016fst\u00e1v\u00e1 zachov\u00e1n pro snadn\u00e9 ka\u017edodenn\u00ed no\u0161en\u00ed (EDC).<br \/>\nZelen\u00e9 hlin\u00edkov\u00e9 rukojeti s fialov\u00fdm eloxovan\u00fdm prostorem poskytuj\u00ed stylov\u00fd kontrast.<br \/>\n\u010cepel:<\/p>\n<p>\u010cern\u00e1 hladk\u00e1 \u010depel z pr\u00e9miov\u00e9 oceli CPM-S30V s tvrdost\u00ed 58\u201360 HRC, zn\u00e1m\u00e1 pro svou odolnost a dlouhotrvaj\u00edc\u00ed ostrost.<br \/>\nUpraven\u00fd styl Reverse Tanto nab\u00edz\u00ed skv\u011blou kontrolu p\u0159i \u0159ez\u00e1n\u00ed a v\u00fdbornou \u0161pi\u010dku pro detailn\u00ed pr\u00e1ci.<br \/>\nMechanismus:<\/p>\n<p>Automatick\u00fd mechanismus s tla\u010d\u00edtkem zaji\u0161\u0165uje jednoduch\u00e9 a rychl\u00e9 otev\u00edr\u00e1n\u00ed jednou rukou.<br \/>\nSekund\u00e1rn\u00ed z\u00e1mek poskytuje dodate\u010dnou bezpe\u010dnost.<br \/>\nTechnick\u00e9 specifikace<br \/>\nD\u00e9lka \u010depele: 8,64 cm<br \/>\n\u010cepel Tlou\u0161\u0165ky: 2,92 mm<br \/>\nMateri\u00e1l \u010depele: CPM-S30V<br \/>\nHmotnost: 75,13 g<br \/>\nD\u00e9lka v otev\u0159en\u00e9m stavu: 19,99 cm<br \/>\nD\u00e9lka v uzav\u0159en\u00e9m stavu: 11,35 cm<br \/>\nTlou\u0161\u0165ka rukojeti: 10,92 mm<br \/>\nKlip: Reverzn\u00ed, styl Split Arrow, s mo\u017enost\u00ed no\u0161en\u00ed tip-up<br \/>\nZem\u011b p\u016fvodu: USA<br \/>\nKl\u00ed\u010dov\u00e9 vlastnosti<br \/>\nAutomatick\u00e1 funkce: Jednoru\u010dn\u00ed ovl\u00e1d\u00e1n\u00ed pro rychlost a pohodl\u00ed.<br \/>\nP\u0159izp\u016fsobitelnost: Pln\u011b nastaviteln\u00fd \u010depel umo\u017e\u0148uje u\u017eivatel\u016fm doladit chod \u010depele podle sv\u00fdch preferenc\u00ed.<br \/>\nPrakti\u010dnost: Kombinace n\u00edzk\u00e9 hmotnosti, kompaktn\u00edch rozm\u011br\u016f a vysok\u00e9 kvality materi\u00e1l\u016f z n\u011bj \u010din\u00ed ide\u00e1ln\u00ed volbu pro ka\u017edodenn\u00ed no\u0161en\u00ed.<br \/>\nTento n\u016f\u017e je perfektn\u00ed pro ty, kte\u0159\u00ed hledaj\u00ed nad\u010dasov\u00fd design s modern\u00edmi vylep\u0161en\u00edmi a maxim\u00e1ln\u00ed funk\u010dnost\u00ed.<\/p>\n","protected":false},"excerpt":{"rendered":"<p><strong>Tento n\u016f\u017e je perfektn\u00ed pro ty, kte\u0159\u00ed hledaj\u00ed nad\u010dasov\u00fd design s modern\u00edmi vylep\u0161en\u00edmi a maxim\u00e1ln\u00ed funk\u010dnost\u00ed.<\/strong><\/p>\n<p><strong>Doprava zdarma.<\/strong><\/p>\n","protected":false},"featured_media":373742,"comment_status":"open","ping_status":"closed","template":"","meta":[],"pwb-brand":[3960],"product_brand":[],"product_cat":[2019,17],"product_tag":[],"class_list":{"0":"post-373731","1":"product","2":"type-product","3":"status-publish","4":"has-post-thumbnail","6":"pwb-brand-benchmade","7":"product_cat-vystrelovaci-noze","8":"product_cat-noze","10":"first","11":"instock","12":"taxable","13":"shipping-taxable","14":"purchasable","15":"product-type-simple"},"brands":[{"id":3960,"name":"Benchmade","slug":"benchmade"}],"_links":{"self":[{"href":"https:\/\/www.moskito.cz\/pl\/wp-json\/wp\/v2\/product\/373731","targetHints":{"allow":["GET"]}}],"collection":[{"href":"https:\/\/www.moskito.cz\/pl\/wp-json\/wp\/v2\/product"}],"about":[{"href":"https:\/\/www.moskito.cz\/pl\/wp-json\/wp\/v2\/types\/product"}],"replies":[{"embeddable":true,"href":"https:\/\/www.moskito.cz\/pl\/wp-json\/wp\/v2\/comments?post=373731"}],"wp:featuredmedia":[{"embeddable":true,"href":"https:\/\/www.moskito.cz\/pl\/wp-json\/wp\/v2\/media\/373742"}],"wp:attachment":[{"href":"https:\/\/www.moskito.cz\/pl\/wp-json\/wp\/v2\/media?parent=373731"}],"wp:term":[{"taxonomy":"pwb-brand","embeddable":true,"href":"https:\/\/www.moskito.cz\/pl\/wp-json\/wp\/v2\/pwb-brand?post=373731"},{"taxonomy":"product_brand","embeddable":true,"href":"https:\/\/www.moskito.cz\/pl\/wp-json\/wp\/v2\/product_brand?post=373731"},{"taxonomy":"product_cat","embeddable":true,"href":"https:\/\/www.moskito.cz\/pl\/wp-json\/wp\/v2\/product_cat?post=373731"},{"taxonomy":"product_tag","embeddable":true,"href":"https:\/\/www.moskito.cz\/pl\/wp-json\/wp\/v2\/product_tag?post=373731"}],"curies":[{"name":"wp","href":"https:\/\/api.w.org\/{rel}","templated":true}]}}