{"id":374716,"date":"2024-11-19T23:04:16","date_gmt":"2024-11-19T22:04:16","guid":{"rendered":"https:\/\/www.moskito.cz\/?post_type=product&#038;p=374716"},"modified":"2025-05-07T11:26:27","modified_gmt":"2025-05-07T10:26:27","slug":"zaviraci-nuz-motylek-benchmade-necron-99bk-1","status":"publish","type":"product","link":"https:\/\/www.moskito.cz\/pl\/produkt\/zaviraci-nuz-motylek-benchmade-necron-99bk-1\/","title":{"rendered":"Zav\u00edrac\u00ed N\u016f\u017e Mot\u00fdlek Benchmade Necron 99BK-1"},"content":{"rendered":"<p>Zav\u00edrac\u00ed N\u016f\u017e Mot\u00fdlek <strong>Benchmade<\/strong> Necron 99BK-1.<\/p>\n<p>Benchmade 99BK-1 Necron Balisong &#8211; Ruby Red G10<br \/>\nBenchmade se sv\u00fdm modelem 99BK-1 Necron Balisong p\u0159in\u00e1\u0161\u00ed zp\u00e1tky klasick\u00fd design se sou\u010dasn\u00fdmi inovacemi. Tento mot\u00fdlkov\u00fd n\u016f\u017e je optimalizov\u00e1n pro profesion\u00e1ln\u00ed flipping a z\u00e1rove\u0148 ct\u00ed tradi\u010dn\u00ed Bali-Song ko\u0159eny zna\u010dky Benchmade. Kombinuje kr\u00e1sn\u00fd estetick\u00fd vzhled s precizn\u00edm zpracov\u00e1n\u00edm a vysokou u\u017eivatelskou p\u0159izp\u016fsobitelnost\u00ed.<\/p>\n<p>Hlavn\u00ed vlastnosti:<br \/>\n\u010cepel Scimitar z CPM-S30V:<\/p>\n<p>Materi\u00e1l \u010depele je nerezov\u00e1 ocel CPM-S30V s tvrdost\u00ed 58-60HRC, kter\u00e1 poskytuje vynikaj\u00edc\u00ed ostrost a odolnost v\u016f\u010di opot\u0159eben\u00ed.<br \/>\n\u010cepel m\u00e1 elegantn\u00ed tvar scimitar s \u010dernou povrchovou \u00fapravou.<br \/>\nRukojeti Ruby Red G10:<\/p>\n<p>Materi\u00e1l Ruby Red G10 je lehk\u00fd, pevn\u00fd a zaji\u0161\u0165uje dobrou p\u0159ilnavost.<br \/>\nRukojeti obsahuj\u00ed odn\u00edmateln\u00e1 wolframov\u00e1 z\u00e1va\u017e\u00ed a nastaviteln\u00e9 prodlou\u017een\u00ed, co\u017e umo\u017e\u0148uje doladit vyv\u00e1\u017een\u00ed no\u017e\u016f podle preference u\u017eivatele.<br \/>\nDut\u00e1 diamantov\u00e1 textura poskytuje hmatov\u00fd rozd\u00edl mezi bezpe\u010dnostn\u00ed a flipovac\u00ed stranou rukojeti.<br \/>\nOptimalizace pro p\u0159ekl\u00e1p\u011bn\u00ed:<\/p>\n<p>Konstrukce je bezz\u00e1padkov\u00e1, co\u017e zaji\u0161\u0165uje hladk\u00fd a neomezen\u00fd pohyb b\u011bhem p\u0159ekl\u00e1p\u011bn\u00ed.<br \/>\nVhodn\u00e9 pro pokro\u010dil\u00e9 triky a rychl\u00e9 zm\u011bny sm\u011bru.<br \/>\nSpecifikace:<br \/>\nD\u00e9lka \u010depele: 11,66 cm<br \/>\nD\u00e9lka zav\u0159en\u00e9ho no\u017ee: 12,90 cm<br \/>\nCelkov\u00e1 d\u00e9lka: 924,59 cm<br \/>\nTlou\u0161\u0165ka \u010depele: 3,15 mm<br \/>\nMateri\u00e1l \u010depele: CPM-S30V nerezov\u00e1 ocel<br \/>\nTvrdost \u010depele: 58-60 HRC<br \/>\nMateri\u00e1l rukojeti: Ruby Red G10<br \/>\nTlou\u0161\u0165ka rukojeti: 15,34 mm<br \/>\nHmotnost: 119,35 g<br \/>\nHmotnost s pouzdrem: 139,48 g<br \/>\nDal\u0161\u00ed vybaven\u00ed:<br \/>\nNylonov\u00e9 pouzdro s v\u00edce mo\u017enostmi no\u0161en\u00ed.<br \/>\nNastaviteln\u00fd syst\u00e9m z\u00e1va\u017e\u00ed pro p\u0159izp\u016fsoben\u00ed vyv\u00e1\u017een\u00ed.<br \/>\nz\u00e1v\u011br:<br \/>\nBenchmade 99BK-1 Necron Balisong je nejen esteticky p\u0159ita\u017eliv\u00fd, ale i funk\u010dn\u011b zam\u011b\u0159en\u00fd mot\u00fdlkov\u00fd n\u016f\u017e, kter\u00fd ocen\u00ed jak profesion\u00e1ln\u00ed &#8222;flippers,&#8221; tak milovn\u00edci p\u0159esn\u00fdch no\u017e\u016f. Jeho design, p\u0159izp\u016fsobitelnost a kvalitn\u00ed materi\u00e1ly ho \u010din\u00ed perfektn\u00ed volbou pro ty, hledaj\u00ed styl i v\u00fdkon.<\/p>\n<p>&nbsp;<\/p>\n<p>&nbsp;<\/p>\n<p>&nbsp;<\/p>\n","protected":false},"excerpt":{"rendered":"<p>Benchmade 99BK-1 Necron Balisong je nejen esteticky p\u0159ita\u017eliv\u00fd, ale i funk\u010dn\u011b zam\u011b\u0159en\u00fd mot\u00fdlkov\u00fd n\u016f\u017e, kter\u00fd ocen\u00ed jak profesion\u00e1ln\u00ed &#8222;flippers,&#8221; tak milovn\u00edci p\u0159esn\u00fdch no\u017e\u016f. Jeho design, p\u0159izp\u016fsobitelnost a kvalitn\u00ed materi\u00e1ly ho \u010din\u00ed perfektn\u00ed volbou pro ty, hledaj\u00ed styl i v\u00fdkon.<\/p>\n<p>Doprava zdarma.<\/p>\n","protected":false},"featured_media":374717,"comment_status":"open","ping_status":"closed","template":"","meta":[],"pwb-brand":[3960],"product_brand":[],"product_cat":[2030,17],"product_tag":[],"class_list":{"0":"post-374716","1":"product","2":"type-product","3":"status-publish","4":"has-post-thumbnail","6":"pwb-brand-benchmade","7":"product_cat-motylky","8":"product_cat-noze","10":"first","11":"instock","12":"taxable","13":"shipping-taxable","14":"purchasable","15":"product-type-simple"},"brands":[{"id":3960,"name":"Benchmade","slug":"benchmade"}],"_links":{"self":[{"href":"https:\/\/www.moskito.cz\/pl\/wp-json\/wp\/v2\/product\/374716","targetHints":{"allow":["GET"]}}],"collection":[{"href":"https:\/\/www.moskito.cz\/pl\/wp-json\/wp\/v2\/product"}],"about":[{"href":"https:\/\/www.moskito.cz\/pl\/wp-json\/wp\/v2\/types\/product"}],"replies":[{"embeddable":true,"href":"https:\/\/www.moskito.cz\/pl\/wp-json\/wp\/v2\/comments?post=374716"}],"wp:featuredmedia":[{"embeddable":true,"href":"https:\/\/www.moskito.cz\/pl\/wp-json\/wp\/v2\/media\/374717"}],"wp:attachment":[{"href":"https:\/\/www.moskito.cz\/pl\/wp-json\/wp\/v2\/media?parent=374716"}],"wp:term":[{"taxonomy":"pwb-brand","embeddable":true,"href":"https:\/\/www.moskito.cz\/pl\/wp-json\/wp\/v2\/pwb-brand?post=374716"},{"taxonomy":"product_brand","embeddable":true,"href":"https:\/\/www.moskito.cz\/pl\/wp-json\/wp\/v2\/product_brand?post=374716"},{"taxonomy":"product_cat","embeddable":true,"href":"https:\/\/www.moskito.cz\/pl\/wp-json\/wp\/v2\/product_cat?post=374716"},{"taxonomy":"product_tag","embeddable":true,"href":"https:\/\/www.moskito.cz\/pl\/wp-json\/wp\/v2\/product_tag?post=374716"}],"curies":[{"name":"wp","href":"https:\/\/api.w.org\/{rel}","templated":true}]}}