{"id":375023,"date":"2024-11-20T19:32:37","date_gmt":"2024-11-20T18:32:37","guid":{"rendered":"https:\/\/www.moskito.cz\/?post_type=product&#038;p=375023"},"modified":"2025-05-07T11:26:28","modified_gmt":"2025-05-07T10:26:28","slug":"pevny-nuz-benchmade-water-fishcrafter-18020","status":"publish","type":"product","link":"https:\/\/www.moskito.cz\/pl\/produkt\/pevny-nuz-benchmade-water-fishcrafter-18020\/","title":{"rendered":"Pevn\u00fd N\u016f\u017e Benchmade Water Fishcrafter 18020"},"content":{"rendered":"<p>Pevn\u00fd N\u016f\u017e <strong>Benchmade<\/strong> Water Fishcrafter 18020.<\/p>\n<p>Benchmade p\u0159in\u00e1\u0161\u00ed nov\u00fd standard do ryb\u00e1\u0159sk\u00e9ho vybaven\u00ed s modelem Fishcrafter\u00a0 , no\u017eem pro precizn\u00ed zpracov\u00e1n\u00ed denn\u00edho \u00falovku. Tento n\u00e1stroj kombinovan\u00fd s ur\u010den\u00fdmi materi\u00e1ly, d\u00edky \u010demu\u017e poskytuje vynikaj\u00edc\u00ed v\u00fdkon p\u0159i filetov\u00e1n\u00ed, vykos\u0165ov\u00e1n\u00ed a \u010di\u0161t\u011bn\u00ed st\u0159edn\u00edch a\u017e velk\u00fdch ryb.<\/p>\n<p>Hlavn\u00ed vlastnosti<br \/>\nOcel CPM-MagnaCut s technologiemi SelectEdge<\/p>\n<p>Vysoce odoln\u00fd v\u016f\u010di korozi.<br \/>\nOptimalizovan\u00e1 tenk\u00e1 hrana pro p\u0159esn\u00e9 a snadn\u00fd \u0159ez.<br \/>\nTvrdost \u010depele 60\u201362 HRC zaru\u010duje dlouhou \u017eivotnost ost\u0159\u00ed.<br \/>\n\u010cepel dlouh\u00e1 :22,99 cm<\/p>\n<p>Trailing Point tvar pro lep\u0161\u00ed kontrolu p\u0159i vykos\u0165ov\u00e1n\u00ed.<br \/>\nRovn\u00e1 hrana zaji\u0161\u0165uje stabilitu p\u0159i kr\u00e1jen\u00ed.<br \/>\nStonewash povrchov\u00e1 \u00faprava pro elegantn\u00ed vzhled a ochranu proti od\u011bru.<br \/>\nSantoprenov\u00e1 rukoje\u0165<\/p>\n<p>Materi\u00e1l Depth Blue Santoprene poskytuje pevn\u00e9 a pohodln\u00e9 uchopen\u00ed ve vlhk\u00e9m prost\u0159ed\u00ed.<br \/>\nErgonomick\u00fd design s chr\u00e1ni\u010dem prst\u016f a dr\u00e1\u017ekov\u00e1n\u00edm minimalizuje sklouznut\u00ed.<br \/>\nOdoln\u00e9 pouzdro<\/p>\n<p>Sonar Grey plastov\u00e9 pouzdro s dren\u00e1\u017en\u00edm otvorem a mont\u00e1\u017en\u00edmi \u0161t\u011brbinami.<br \/>\nOchrana \u010depele b\u011bhem p\u0159epravy a skladov\u00e1n\u00ed.<br \/>\nTechnick\u00e9 specifikace<br \/>\nD\u00e9lka \u010depele: 22,99 cm<br \/>\nD\u00e9lka rukojeti: 12,42 cm<br \/>\nCelkov\u00e1 d\u00e9lka: 35,41 cm<br \/>\nTlou\u0161\u0165ka \u010depele: 2,29 mm<br \/>\nHmotnost no\u017ee: 104,90 g<br \/>\nHmotnost s pouzdrem: 77,19 g<br \/>\nStyl \u010depele: Trailing Point<br \/>\nT\u0159\u00edda: Voda<br \/>\nVyrobeno v USA<br \/>\nPro\u010d zvolit Fishcrafter ?<br \/>\nTento n\u016f\u017e je dokonal\u00fdm n\u00e1strojem pro ryb\u00e1\u0159e, kte\u0159\u00ed hledaj\u00ed spolehlivost a p\u0159esnost. Je ide\u00e1ln\u00ed pro zpracov\u00e1n\u00ed v\u011bt\u0161\u00edch ryb, kde ocen\u00edte jeho dlouhou \u010depel a vyv\u00e1\u017een\u00fd design. Rukoje\u0165 zaji\u0161\u0165uje pevn\u00fd \u00fachop i p\u0159i del\u0161\u00edm pou\u017e\u00edv\u00e1n\u00ed. A\u0165 u\u017e jde o profesion\u00e1ln\u00ed vyu\u017eit\u00ed nebo rekrea\u010dn\u00ed rybolov, Fishcrafter 9&#8243; bude va\u0161\u00edm nepostradateln\u00fdm pomocn\u00edkem.<\/p>\n<p>K dispozici je i varianta s krat\u0161\u00ed\u00a0 \u010depel\u00ed pro men\u0161\u00ed \u00falovky.<\/p>\n","protected":false},"excerpt":{"rendered":"<p><strong>Tento n\u016f\u017e je dokonal\u00fdm n\u00e1strojem pro ryb\u00e1\u0159e, kte\u0159\u00ed hledaj\u00ed spolehlivost a p\u0159esnost. Je ide\u00e1ln\u00ed pro zpracov\u00e1n\u00ed v\u011bt\u0161\u00edch ryb, kde ocen\u00edte jeho dlouhou \u010depel a vyv\u00e1\u017een\u00fd design. Rukoje\u0165 zaji\u0161\u0165uje pevn\u00fd \u00fachop i p\u0159i del\u0161\u00edm pou\u017e\u00edv\u00e1n\u00ed. A\u0165 u\u017e jde o profesion\u00e1ln\u00ed vyu\u017eit\u00ed nebo rekrea\u010dn\u00ed rybolov, Fishcrafter 9&#8243; bude va\u0161\u00edm nepostradateln\u00fdm pomocn\u00edkem.<\/strong><\/p>\n<p><strong>Doprava zdarma.<\/strong><\/p>\n","protected":false},"featured_media":375024,"comment_status":"open","ping_status":"closed","template":"","meta":[],"pwb-brand":[3960],"product_brand":[],"product_cat":[23,17],"product_tag":[],"class_list":{"0":"post-375023","1":"product","2":"type-product","3":"status-publish","4":"has-post-thumbnail","6":"pwb-brand-benchmade","7":"product_cat-pevne-noze","8":"product_cat-noze","10":"first","11":"instock","12":"taxable","13":"shipping-taxable","14":"purchasable","15":"product-type-simple"},"brands":[{"id":3960,"name":"Benchmade","slug":"benchmade"}],"_links":{"self":[{"href":"https:\/\/www.moskito.cz\/pl\/wp-json\/wp\/v2\/product\/375023","targetHints":{"allow":["GET"]}}],"collection":[{"href":"https:\/\/www.moskito.cz\/pl\/wp-json\/wp\/v2\/product"}],"about":[{"href":"https:\/\/www.moskito.cz\/pl\/wp-json\/wp\/v2\/types\/product"}],"replies":[{"embeddable":true,"href":"https:\/\/www.moskito.cz\/pl\/wp-json\/wp\/v2\/comments?post=375023"}],"wp:featuredmedia":[{"embeddable":true,"href":"https:\/\/www.moskito.cz\/pl\/wp-json\/wp\/v2\/media\/375024"}],"wp:attachment":[{"href":"https:\/\/www.moskito.cz\/pl\/wp-json\/wp\/v2\/media?parent=375023"}],"wp:term":[{"taxonomy":"pwb-brand","embeddable":true,"href":"https:\/\/www.moskito.cz\/pl\/wp-json\/wp\/v2\/pwb-brand?post=375023"},{"taxonomy":"product_brand","embeddable":true,"href":"https:\/\/www.moskito.cz\/pl\/wp-json\/wp\/v2\/product_brand?post=375023"},{"taxonomy":"product_cat","embeddable":true,"href":"https:\/\/www.moskito.cz\/pl\/wp-json\/wp\/v2\/product_cat?post=375023"},{"taxonomy":"product_tag","embeddable":true,"href":"https:\/\/www.moskito.cz\/pl\/wp-json\/wp\/v2\/product_tag?post=375023"}],"curies":[{"name":"wp","href":"https:\/\/api.w.org\/{rel}","templated":true}]}}