{"id":375064,"date":"2024-11-20T19:47:59","date_gmt":"2024-11-20T18:47:59","guid":{"rendered":"https:\/\/www.moskito.cz\/?post_type=product&#038;p=375064"},"modified":"2025-05-07T11:26:28","modified_gmt":"2025-05-07T10:26:28","slug":"pevny-nuz-benchmade-water-fishcrafter-18010","status":"publish","type":"product","link":"https:\/\/www.moskito.cz\/pl\/produkt\/pevny-nuz-benchmade-water-fishcrafter-18010\/","title":{"rendered":"Pevn\u00fd N\u016f\u017e Benchmade Water Fishcrafter 18010"},"content":{"rendered":"<p>Pevn\u00fd N\u016f\u017e <strong>Benchmade<\/strong> Water Fishcrafter 18010.<\/p>\n<p>Tento n\u016f\u017e je skv\u011bl\u00fdm spole\u010dn\u00edkem pro zpracov\u00e1n\u00ed mal\u00fdch n\u016f\u017eek a\u017e st\u0159edn\u011b velk\u00fdch ryb, a\u0165 u\u017e filetujete, vykos\u0165ujete nebo \u010dist\u00edte. Benchmade 18010 Fishcrafter kombinuje inovativn\u00ed design a prvot\u0159\u00eddn\u00ed materi\u00e1ly pro dosa\u017een\u00ed p\u0159esnosti a pohodl\u00ed.<\/p>\n<p>Kl\u00ed\u010dov\u00e9 vlastnosti:<br \/>\n\u010cepel:<br \/>\nMateri\u00e1l: CPM-MagnaCut nerezov\u00e1 ocel \u2013 nab\u00edz\u00ed skv\u011blou odolnost proti korozi a trvanlivosti.<br \/>\nTechnologie: SelectEdge \u2013 zaji\u0161\u0165uje mimo\u0159\u00e1dn\u011b ostrou \u010depel.<br \/>\nD\u00e9lka: 17,78 cm<br \/>\nStyl \u010depele: Trailing Point pro p\u0159esn\u00e9 \u0159ezy.<br \/>\nPovrchov\u00e1 \u00faprava: Stonewash pro sn\u00ed\u017een\u00ed viditelnosti opot\u0159eben\u00ed.<br \/>\nSt\u0159edn\u00ed flex: Ide\u00e1ln\u00ed pro snadn\u00e9 a p\u0159esn\u00e9 filetov\u00e1n\u00ed.<br \/>\nRukoje\u0165:<br \/>\nMateri\u00e1l: Santoprene v barv\u011b Depth Blue \u2013 poskytuje pevn\u00e9 a pohodln\u00e9 uchopen\u00ed i za mokra.<br \/>\nPouzdro:<br \/>\nMateri\u00e1l: Sonar Grey Injection Molded \u2013 navr\u017eeno pro odvod vody a ochranu \u010depele mezi pou\u017eit\u00edm.<br \/>\nSpecifikace:<br \/>\nD\u00e9lka rukojeti: 12,42 cm<br \/>\nCelkov\u00e1 d\u00e9lka: 30,20 cm<br \/>\nTlou\u0161\u0165ka \u010depele: 2,29 mm<br \/>\nTvrdost \u010depele: 60\u201362 HRC.<br \/>\nHmotnost no\u017ee: 80,51 g<br \/>\nHmotnost s pouzdrem: 146,40g<br \/>\nT\u0159\u00edda: Voda.<br \/>\nVyrobeno v USA.<br \/>\nBenchmade Fishcrafter\u00a0 je spolehliv\u00fdm n\u00e1strojem pro v\u0161echny ryb\u00e1\u0159e, kte\u0159\u00ed ocen\u00ed kvalitu a funk\u010dnost. Mo\u017enost volby d\u00e9lky \u010depele poskytuje variabilitu podle pot\u0159eb u\u017eivatele.<\/p>\n","protected":false},"excerpt":{"rendered":"<p><strong>Benchmade Fishcrafter\u00a0 je spolehliv\u00fdm n\u00e1strojem pro v\u0161echny ryb\u00e1\u0159e, kte\u0159\u00ed ocen\u00ed kvalitu a funk\u010dnost. Mo\u017enost volby d\u00e9lky \u010depele poskytuje variabilitu podle pot\u0159eb u\u017eivatele.<\/strong><\/p>\n<p><strong>Doprava zdarma.<\/strong><\/p>\n","protected":false},"featured_media":375065,"comment_status":"open","ping_status":"closed","template":"","meta":[],"pwb-brand":[3960],"product_brand":[],"product_cat":[23,17],"product_tag":[],"class_list":{"0":"post-375064","1":"product","2":"type-product","3":"status-publish","4":"has-post-thumbnail","6":"pwb-brand-benchmade","7":"product_cat-pevne-noze","8":"product_cat-noze","10":"first","11":"instock","12":"taxable","13":"shipping-taxable","14":"purchasable","15":"product-type-simple"},"brands":[{"id":3960,"name":"Benchmade","slug":"benchmade"}],"_links":{"self":[{"href":"https:\/\/www.moskito.cz\/pl\/wp-json\/wp\/v2\/product\/375064","targetHints":{"allow":["GET"]}}],"collection":[{"href":"https:\/\/www.moskito.cz\/pl\/wp-json\/wp\/v2\/product"}],"about":[{"href":"https:\/\/www.moskito.cz\/pl\/wp-json\/wp\/v2\/types\/product"}],"replies":[{"embeddable":true,"href":"https:\/\/www.moskito.cz\/pl\/wp-json\/wp\/v2\/comments?post=375064"}],"wp:featuredmedia":[{"embeddable":true,"href":"https:\/\/www.moskito.cz\/pl\/wp-json\/wp\/v2\/media\/375065"}],"wp:attachment":[{"href":"https:\/\/www.moskito.cz\/pl\/wp-json\/wp\/v2\/media?parent=375064"}],"wp:term":[{"taxonomy":"pwb-brand","embeddable":true,"href":"https:\/\/www.moskito.cz\/pl\/wp-json\/wp\/v2\/pwb-brand?post=375064"},{"taxonomy":"product_brand","embeddable":true,"href":"https:\/\/www.moskito.cz\/pl\/wp-json\/wp\/v2\/product_brand?post=375064"},{"taxonomy":"product_cat","embeddable":true,"href":"https:\/\/www.moskito.cz\/pl\/wp-json\/wp\/v2\/product_cat?post=375064"},{"taxonomy":"product_tag","embeddable":true,"href":"https:\/\/www.moskito.cz\/pl\/wp-json\/wp\/v2\/product_tag?post=375064"}],"curies":[{"name":"wp","href":"https:\/\/api.w.org\/{rel}","templated":true}]}}