{"id":376019,"date":"2024-11-22T08:11:07","date_gmt":"2024-11-22T07:11:07","guid":{"rendered":"https:\/\/www.moskito.cz\/?post_type=product&#038;p=376019"},"modified":"2025-06-28T17:16:09","modified_gmt":"2025-06-28T16:16:09","slug":"zaviraci-nuz-crkt-fial-5670","status":"publish","type":"product","link":"https:\/\/www.moskito.cz\/pl\/produkt\/zaviraci-nuz-crkt-fial-5670\/","title":{"rendered":"Zav\u00edrac\u00ed N\u016f\u017e CRKT Fial 5670"},"content":{"rendered":"<p>&nbsp;<\/p>\n<div class=\"flex-1 overflow-hidden @container\/thread\">\n<div class=\"h-full\">\n<div class=\"react-scroll-to-bottom--css-quzxw-79elbk h-full\">\n<div class=\"react-scroll-to-bottom--css-quzxw-1n7m0yu\">\n<div class=\"flex flex-col text-sm\">\n<article class=\"w-full scroll-mb-[var(--thread-trailing-height,150px)] text-token-text-primary focus-visible:outline-2 focus-visible:outline-offset-[-4px]\" dir=\"auto\" data-testid=\"conversation-turn-91\" data-scroll-anchor=\"true\">\n<div class=\"m-auto text-base py-[18px] px-3 md:px-4 w-full md:px-5 lg:px-4 xl:px-5\">\n<div class=\"mx-auto flex flex-1 gap-4 text-base md:gap-5 lg:gap-6 md:max-w-3xl\">\n<div class=\"group\/conversation-turn relative flex w-full min-w-0 flex-col agent-turn\">\n<div class=\"flex-col gap-1 md:gap-3\">\n<div class=\"flex max-w-full flex-col flex-grow\">\n<div class=\"min-h-8 text-message flex w-full flex-col items-end gap-2 whitespace-normal break-words text-start [.text-message+&amp;]:mt-5\" dir=\"auto\" data-message-author-role=\"assistant\" data-message-id=\"3fe5479f-0454-4e27-ac41-b8e9ea574a77\" data-message-model-slug=\"gpt-4o-mini\">\n<div class=\"flex w-full flex-col gap-1 empty:hidden first:pt-[3px]\">\n<div class=\"markdown prose w-full break-words dark:prose-invert light\">\n<p><strong>Zav\u00edrac\u00ed N\u016f\u017e CRKT Fial 5670<\/strong> je v\u00fdjime\u010dn\u00fd model navr\u017een\u00fd renomovan\u00fdm n\u00e1vrh\u00e1\u0159em <strong>Princetonem Wongem<\/strong>. Tento n\u016f\u017e spojuje <strong>elegantn\u00ed design<\/strong> s <strong>funkcionalitou<\/strong> a <strong>inovativn\u00edmi prvky<\/strong>, kter\u00e9 z n\u011bj \u010din\u00ed praktick\u00fd n\u00e1stroj pro ka\u017edodenn\u00ed no\u0161en\u00ed (EDC). Inspirovan\u00fd p\u016fvodn\u00edm <strong>Fion<\/strong> no\u017eem, model <strong>Fial\u2122<\/strong> je vybaven <strong>v\u00fdvrtkou<\/strong> a <strong>p\u00e1kou na botu<\/strong>, co\u017e z n\u011bj \u010din\u00ed v\u00edce\u00fa\u010delov\u00fd n\u00e1stroj. Navzdory t\u011bmto extra funkc\u00edm si zachov\u00e1v\u00e1 <strong>modern\u00ed vzhled<\/strong> a <strong>skv\u011bl\u00fd v\u00fdkon<\/strong>, co\u017e ocen\u00ed jak sb\u011bratel\u00e9, tak i u\u017eivatel\u00e9 hledaj\u00edc\u00ed kvalitn\u00ed a v\u0161estrann\u00fd n\u016f\u017e.<\/p>\n<h3><strong>Hlavn\u00ed vlastnosti CRKT Fial 5670:<\/strong><\/h3>\n<h4><strong>\u010cepel:<\/strong><\/h4>\n<ul>\n<li><strong>Materi\u00e1l:<\/strong> \u010cepel je vyrobena z kvalitn\u00ed oceli <strong>12C27<\/strong>, co\u017e je zn\u00e1m\u00e1 <strong>nerezov\u00e1 ocel<\/strong> s vynikaj\u00edc\u00ed <strong>odolnost\u00ed proti opot\u0159eben\u00ed<\/strong> a <strong>rezistenc\u00ed proti korozi<\/strong>. Tato ocel je obl\u00edben\u00e1 pro svou schopnost udr\u017eet ost\u0159\u00ed a snadn\u00e9 brou\u0161en\u00ed.<\/li>\n<li><strong>Tvar \u010depele:<\/strong> <strong>Drop-point<\/strong> tvar je univerz\u00e1ln\u00ed a nab\u00edz\u00ed \u0161irokou \u0161k\u00e1lu vyu\u017eit\u00ed, od b\u011b\u017en\u00e9ho \u0159ez\u00e1n\u00ed a\u017e po n\u00e1ro\u010dn\u011bj\u0161\u00ed \u00fakoly. Tento tvar poskytuje tak\u00e9 v\u011bt\u0161\u00ed s\u00edlu a kontrolu p\u0159i pr\u00e1ci s no\u017eem.<\/li>\n<li><strong>Ost\u0159\u00ed:<\/strong> <strong>Hladk\u00e9<\/strong> ost\u0159\u00ed bez zoubk\u016f je ide\u00e1ln\u00ed pro \u010dist\u00e9 \u0159ezy a precizn\u00ed pr\u00e1ci.<\/li>\n<li><strong>Povrchov\u00e1 \u00faprava:<\/strong> <strong>Bead Blast<\/strong> \u00faprava d\u00e1v\u00e1 \u010depeli matn\u00fd, rustik\u00e1ln\u00ed vzhled a z\u00e1rove\u0148 zvy\u0161uje jej\u00ed odolnost proti korozi a po\u0161kr\u00e1b\u00e1n\u00ed.<\/li>\n<\/ul>\n<h4><strong>Otev\u00edrac\u00ed mechanismus a z\u00e1mek:<\/strong><\/h4>\n<ul>\n<li><strong>Liner Lock:<\/strong> Tento n\u016f\u017e vyu\u017e\u00edv\u00e1 <strong>liner lock<\/strong> mechanismus, kter\u00fd bezpe\u010dn\u011b uzamkne \u010depel v otev\u0159en\u00e9 poloze a zaji\u0161\u0165uje tak vysokou m\u00edru bezpe\u010dnosti p\u0159i pou\u017e\u00edv\u00e1n\u00ed. Liner lock je spolehliv\u00fd a snadno ovladateln\u00fd, co\u017e zaru\u010duje pohodln\u00e9 a bezpe\u010dn\u00e9 pou\u017e\u00edv\u00e1n\u00ed.<\/li>\n<li><strong>V\u00fdvrtka:<\/strong> Unik\u00e1tn\u00ed prvek no\u017ee je <strong>v\u00fdvrtka<\/strong> skryt\u00e1 v rukojeti, kter\u00e1 je ide\u00e1ln\u00ed pro otev\u00edr\u00e1n\u00ed v\u00edna nebo jin\u00fdch l\u00e1hv\u00ed. Tento praktick\u00fd n\u00e1stroj p\u0159id\u00e1v\u00e1 hodnotu no\u017ei a \u010din\u00ed ho skv\u011bl\u00fdm v\u00edce\u00fa\u010delov\u00fdm n\u00e1strojem.<\/li>\n<\/ul>\n<h4><strong>Rukoje\u0165:<\/strong><\/h4>\n<ul>\n<li><strong>Materi\u00e1l:<\/strong> <strong>Nerezov\u00e1 ocel<\/strong> je pou\u017eit\u00e1 na rukojeti, co\u017e p\u0159isp\u00edv\u00e1 k pevnosti a odolnosti no\u017ee, z\u00e1rove\u0148 zaji\u0161\u0165uje i <strong>odolnost proti korozi<\/strong>. Rukoje\u0165 m\u00e1 ergonomick\u00fd tvar pro <strong>pohodln\u00fd \u00fachop<\/strong> a dobrou kontrolu p\u0159i pou\u017e\u00edv\u00e1n\u00ed.<\/li>\n<li><strong>Design:<\/strong> Rukoje\u0165 kombinuje funk\u010dnost a estetiku, p\u0159i\u010dem\u017e i d\u00edky <strong>kompaktn\u00ed velikosti<\/strong> je n\u016f\u017e dob\u0159e p\u0159enosn\u00fd a snadno se vejde do kapsy.<\/li>\n<\/ul>\n<h4><strong>Konstrukce a p\u0159enosnost:<\/strong><\/h4>\n<ul>\n<li><strong>Kompaktn\u00ed design:<\/strong> N\u016f\u017e je <strong>kompaktn\u00ed<\/strong>, co\u017e z n\u011bj \u010din\u00ed ide\u00e1ln\u00ed n\u00e1stroj pro <strong>ka\u017edodenn\u00ed no\u0161en\u00ed (EDC)<\/strong>. Jeho <strong>pohodln\u00e1 velikost<\/strong> umo\u017e\u0148uje snadn\u00e9 uskladn\u011bn\u00ed v kapse nebo ta\u0161ce bez zbyte\u010dn\u00e9ho prostoru.<\/li>\n<li><strong>Klip na no\u0161en\u00ed:<\/strong> N\u016f\u017e je vybaven <strong>klipem<\/strong>, co\u017e umo\u017e\u0148uje pohodln\u00e9 a bezpe\u010dn\u00e9 p\u0159en\u00e1\u0161en\u00ed v kapse nebo na opasku.<\/li>\n<\/ul>\n<h3><strong>Specifikace:<\/strong><\/h3>\n<ul>\n<li><strong>Materi\u00e1l \u010depele:<\/strong> Ocel <strong>12C27<\/strong><\/li>\n<li><strong>Typ ost\u0159\u00ed:<\/strong> Hladk\u00e9 (Plain)<\/li>\n<li><strong>Povrchov\u00e1 \u00faprava:<\/strong> Bead Blast<\/li>\n<li><strong>D\u00e9lka \u010depele:<\/strong> 91,87 mm (3,62 palce)<\/li>\n<li><strong>Tlou\u0161\u0165ka \u010depele:<\/strong> 3,71 mm (0,15 palce)<\/li>\n<li><strong>Celkov\u00e1 d\u00e9lka:<\/strong> 209,55 mm (8,25 palce)<\/li>\n<li><strong>D\u00e9lka ve slo\u017een\u00e9m stavu:<\/strong> 116,69 mm (4,59 palce)<\/li>\n<li><strong>Hmotnost:<\/strong> 158,76 g (5,60 oz)<\/li>\n<\/ul>\n<h3><strong>Dal\u0161\u00ed vlastnosti:<\/strong><\/h3>\n<ul>\n<li><strong>Materi\u00e1l rukojeti:<\/strong> <strong>Nerezov\u00e1 ocel<\/strong><\/li>\n<li><strong>Typ no\u017ee:<\/strong> <strong>Skl\u00e1dac\u00ed n\u016f\u017e<\/strong> s <strong>liner lock mechanismem<\/strong> a <strong>v\u00fdvrtkou<\/strong><\/li>\n<li><strong>Funkce:<\/strong> Skl\u00e1dac\u00ed n\u016f\u017e s v\u00fdvrtkou integrovanou do rukojeti, ide\u00e1ln\u00ed pro ka\u017edodenn\u00ed pou\u017eit\u00ed i jako n\u00e1stroj pro outdoorov\u00e9 aktivity.<\/li>\n<\/ul>\n<h3><strong>Pou\u017eit\u00ed:<\/strong><\/h3>\n<p>N\u016f\u017e <strong>CRKT Fial 5670<\/strong> je ide\u00e1ln\u00ed volbou pro <strong>ka\u017edodenn\u00ed no\u0161en\u00ed (EDC)<\/strong> a r\u016fzn\u00e9 <strong>outdoorov\u00e9 aktivity<\/strong>, d\u00edky sv\u00e9 univerz\u00e1lnosti a kvalitn\u00edmu proveden\u00ed. Je skv\u011bl\u00fd pro <strong>b\u011b\u017en\u00e9 \u0159ez\u00e1n\u00ed<\/strong>, <strong>otev\u00edr\u00e1n\u00ed bal\u00ed\u010dk\u016f<\/strong>, nebo <strong>kr\u00e1jen\u00ed potravin<\/strong> (v\u010detn\u011b uzenin) d\u00edky sv\u00e9 <strong>vynikaj\u00edc\u00ed \u010depeli<\/strong>. Dal\u0161\u00ed funkcionalitou je <strong>v\u00fdvrtka<\/strong>, kter\u00e1 \u010din\u00ed n\u016f\u017e velmi univerz\u00e1ln\u00edm n\u00e1strojem pro venkovn\u00ed aktivity nebo p\u0159\u00edle\u017eitostn\u00e9 pou\u017eit\u00ed, jako je otev\u00edr\u00e1n\u00ed v\u00edna.<\/p>\n<h3><strong>Z\u00e1v\u011br:<\/strong><\/h3>\n<p><strong>CRKT Fial 5670<\/strong> je <strong>vysoce kvalitn\u00ed a multifunk\u010dn\u00ed n\u016f\u017e<\/strong>, kter\u00fd kombinuje <strong>eleganci<\/strong> s <strong>praktick\u00fdmi funkcemi<\/strong>. Je ide\u00e1ln\u00ed pro u\u017eivatele, kte\u0159\u00ed hledaj\u00ed <strong>stylov\u00fd a v\u00fdkonn\u00fd n\u016f\u017e<\/strong> pro ka\u017edodenn\u00ed pou\u017eit\u00ed, ale tak\u00e9 pro ty, kte\u0159\u00ed ocen\u00ed <strong>univerz\u00e1ln\u00ed design<\/strong> s <strong>v\u00fdvrtkou<\/strong> a <strong>dal\u0161\u00edmi u\u017eite\u010dn\u00fdmi prvky<\/strong>. Jeho <strong>vynikaj\u00edc\u00ed materi\u00e1ly<\/strong>, <strong>precizn\u00ed zpracov\u00e1n\u00ed<\/strong> a <strong>modern\u00ed design<\/strong> ho \u010din\u00ed v\u00fdbornou volbou pro \u0161irokou \u0161k\u00e1lu \u010dinnost\u00ed.<\/p>\n<\/div>\n<\/div>\n<\/div>\n<\/div>\n<div class=\"mb-2 flex gap-3 empty:hidden -ml-2\">\n<div class=\"items-center justify-start rounded-xl p-1 flex\">\n<div class=\"flex items-center\"><\/div>\n<\/div>\n<\/div>\n<div class=\"pr-2 lg:pr-0\"><\/div>\n<div class=\"mt-3 w-full empty:hidden\">\n<div class=\"text-center\"><\/div>\n<\/div>\n<\/div>\n<div class=\"absolute\">\n<div class=\"flex items-center justify-center\"><\/div>\n<\/div>\n<\/div>\n<\/div>\n<\/div>\n<\/article>\n<\/div>\n<\/div>\n<\/div>\n<\/div>\n<\/div>\n<div class=\"md:pt-0 dark:border-white\/20 md:border-transparent md:dark:border-transparent w-full\">\n<div>\n<div class=\"m-auto text-base px-3 md:px-4 w-full md:px-5 lg:px-4 xl:px-5\">\n<div class=\"mx-auto flex flex-1 gap-4 text-base md:gap-5 lg:gap-6 md:max-w-3xl\">\n<div class=\"flex justify-center\"><\/div>\n<\/div>\n<\/div>\n<\/div>\n<\/div>\n<p><iframe title=\"CRKT Fial\u2122 | Princeton Wong Design\" width=\"800\" height=\"450\" src=\"https:\/\/www.youtube.com\/embed\/7AjeiFQXFrU?feature=oembed\" frameborder=\"0\" allow=\"accelerometer; autoplay; clipboard-write; encrypted-media; gyroscope; picture-in-picture; web-share\" referrerpolicy=\"strict-origin-when-cross-origin\" allowfullscreen><\/iframe><\/p>\n<p>&nbsp;<\/p>\n","protected":false},"excerpt":{"rendered":"<p><strong>CRKT Fial 5670 je vysoce kvalitn\u00ed a multifunk\u010dn\u00ed n\u016f\u017e, kter\u00fd kombinuje eleganci s praktick\u00fdmi funkcemi. Je ide\u00e1ln\u00ed pro u\u017eivatele, kte\u0159\u00ed hledaj\u00ed stylov\u00fd a v\u00fdkonn\u00fd n\u016f\u017e pro ka\u017edodenn\u00ed pou\u017eit\u00ed, ale tak\u00e9 pro ty, kte\u0159\u00ed ocen\u00ed univerz\u00e1ln\u00ed design s v\u00fdvrtkou a dal\u0161\u00edmi u\u017eite\u010dn\u00fdmi prvky. Jeho vynikaj\u00edc\u00ed materi\u00e1ly, precizn\u00ed zpracov\u00e1n\u00ed a modern\u00ed design ho \u010din\u00ed v\u00fdbornou volbou pro \u0161irokou \u0161k\u00e1lu \u010dinnost\u00ed.<\/strong><\/p>\n<p><strong>Doprava zdarma.<\/strong><\/p>\n","protected":false},"featured_media":376020,"comment_status":"open","ping_status":"closed","template":"","meta":[],"pwb-brand":[209],"product_brand":[],"product_cat":[22,17],"product_tag":[],"class_list":{"0":"post-376019","1":"product","2":"type-product","3":"status-publish","4":"has-post-thumbnail","6":"pwb-brand-crkt","7":"product_cat-zaviraci-noze","8":"product_cat-noze","10":"first","11":"instock","12":"sale","13":"taxable","14":"shipping-taxable","15":"purchasable","16":"product-type-simple"},"brands":[{"id":209,"name":"CRKT","slug":"crkt"}],"_links":{"self":[{"href":"https:\/\/www.moskito.cz\/pl\/wp-json\/wp\/v2\/product\/376019","targetHints":{"allow":["GET"]}}],"collection":[{"href":"https:\/\/www.moskito.cz\/pl\/wp-json\/wp\/v2\/product"}],"about":[{"href":"https:\/\/www.moskito.cz\/pl\/wp-json\/wp\/v2\/types\/product"}],"replies":[{"embeddable":true,"href":"https:\/\/www.moskito.cz\/pl\/wp-json\/wp\/v2\/comments?post=376019"}],"wp:featuredmedia":[{"embeddable":true,"href":"https:\/\/www.moskito.cz\/pl\/wp-json\/wp\/v2\/media\/376020"}],"wp:attachment":[{"href":"https:\/\/www.moskito.cz\/pl\/wp-json\/wp\/v2\/media?parent=376019"}],"wp:term":[{"taxonomy":"pwb-brand","embeddable":true,"href":"https:\/\/www.moskito.cz\/pl\/wp-json\/wp\/v2\/pwb-brand?post=376019"},{"taxonomy":"product_brand","embeddable":true,"href":"https:\/\/www.moskito.cz\/pl\/wp-json\/wp\/v2\/product_brand?post=376019"},{"taxonomy":"product_cat","embeddable":true,"href":"https:\/\/www.moskito.cz\/pl\/wp-json\/wp\/v2\/product_cat?post=376019"},{"taxonomy":"product_tag","embeddable":true,"href":"https:\/\/www.moskito.cz\/pl\/wp-json\/wp\/v2\/product_tag?post=376019"}],"curies":[{"name":"wp","href":"https:\/\/api.w.org\/{rel}","templated":true}]}}