{"id":377937,"date":"2024-11-25T11:04:27","date_gmt":"2024-11-26T08:40:41","guid":{"rendered":"https:\/\/www.moskito.cz\/produkt\/noz-skladany-spartan-blades-talos-sfbl7bk\/"},"modified":"2025-05-07T11:26:48","modified_gmt":"2025-05-07T10:26:48","slug":"noz-skladany-spartan-blades-talos-sfbl7bk","status":"publish","type":"product","link":"https:\/\/www.moskito.cz\/pl\/produkt\/noz-skladany-spartan-blades-talos-sfbl7bk\/","title":{"rendered":"N\u00f3\u017c sk\u0142adany Spartan Blades TALOS SFBL7BK"},"content":{"rendered":"<p>N\u00f3\u017c sk\u0142adany <strong>Spartan Blades<\/strong> TALOS SFBL7BK. Przedstawiamy folder TALOS, mistrzowsko zaprojektowany i lekki towarzysz, starannie wykonany we wsp\u00f3\u0142pracy z naszym cenionym przyjacielem i wsp\u00f3\u0142pracownikiem Williamem W. Harseyem Jr. Zaprojektowany jako idealny do noszenia na co dzie\u0144, ten smuk\u0142y, lekki cud mo\u017ce z \u0142atwo\u015bci\u0105 poradzi\u0107 sobie z szerok\u0105 gam\u0105 zada\u0144 dzi\u0119ki przemy\u015blanej konstrukcji, wysokiej jako\u015bci ostrzu CTS-XHP i g\u0142\u0119bokiemu klipsowi do kieszeni.<\/p>\n<p>Kluczowe w\u0142a\u015bciwo\u015bci:<\/p>\n<p>Przemy\u015blany projekt: pomimo niewielkich rozmiar\u00f3w folder TALOS oferuje konstrukcj\u0119, kt\u00f3ra podkre\u015bla funkcjonalno\u015b\u0107 w codziennych zadaniach. Od strumieni pe\u0142nych pstr\u0105g\u00f3w po codzienne dojazdy do pracy \u2013 ten ma\u0142y, ale pot\u0119\u017cny towarzysz poradzi sobie ze wszystkim.<br \/>\n Ostrze CTS-XHP Premium: Folder TALOS wyposa\u017cony jest w ostrze CTS-XHP klasy premium o d\u0142ugo\u015bci 3,120 cala, znane z doskona\u0142ego trzymania kraw\u0119dzi i trwa\u0142o\u015bci, zapewniaj\u0105cej d\u0142ug\u0105 \u017cywotno\u015b\u0107 no\u017ca.<br \/>\n Klips do noszenia w g\u0142\u0119bokiej kieszeni: G\u0142\u0119boki klips do przenoszenia pozwala na dyskretne i bezpieczne przenoszenie, dzi\u0119ki czemu mo\u017cesz bezpiecznie zabra\u0107 ze sob\u0105 TALOS, gdziekolwiek si\u0119 wybierasz.<br \/>\n System tulei z br\u0105zu infuzowanego olejem (OIBBS): W ramach naszego zaanga\u017cowania w innowacje, wszystkie no\u017ce klasy Bronze (polowej) s\u0105 wyposa\u017cone w \u201eSystem tulei z br\u0105zu infuzowanego olejem\u201d. Impregnowane olejem \u0142o\u017cyska ze spiekanego br\u0105zu zmniejszaj\u0105 tarcie ostrza, zapewniaj\u0105c pewne, ale p\u0142ynne otwieranie ostrza. System ten wyr\u00f3\u017cnia si\u0119 powolnymi ruchami, przerywanym u\u017cytkowaniem i nier\u00f3wnym obci\u0105\u017ceniem typowym dla no\u017cy sk\u0142adanych.   <\/p>\n<p>Dane techniczne:<\/p>\n<p>Projektanci: William W. Harsey Jr.<br \/>\n D\u0142ugo\u015b\u0107 ostrza: 7,93 cm<br \/>\n Grubo\u015b\u0107 ostrza: 0,30 cm<br \/>\n D\u0142ugo\u015b\u0107 ca\u0142kowita: 17,78 cm<br \/>\n Waga: 66 g<br \/>\n Stal ostrza: Premium CTS-XHP<br \/>\n Twardo\u015b\u0107 ostrza: 58-60 HRC<br \/>\n Styl ostrza: sk\u0142adane, proste plecy, szlif p\u0142aski<br \/>\n Powierzchnia ostrza: Kubek<br \/>\n Rama: Liner Lock, teksturowana czarna G-10<br \/>\n Kunszt wykraczaj\u0105cy poza zwyczajno\u015b\u0107: Wzboga\u0107 swoje codzienne do\u015bwiadczenia dzi\u0119ki no\u017cowi TALOS Folder, \u015bwiadectwu kunsztu i wsp\u00f3\u0142pracy pomi\u0119dzy Spartan Blades i Williamem W. Harseyem Jr. Niezale\u017cnie od tego, czy \u017ceglujesz po dzikich strumieniach, czy pokonujesz miejskie krajobrazy, TALOS jest Twoim niezawodnym i stylowym towarzyszem. <\/p>\n<p>&nbsp;<\/p>\n","protected":false},"excerpt":{"rendered":"<p><strong>Przedstawiamy folder TALOS, mistrzowsko zaprojektowany i lekki towarzysz, starannie wykonany we wsp\u00f3\u0142pracy z naszym cenionym przyjacielem i wsp\u00f3\u0142pracownikiem Williamem W. Harseyem Jr. Zaprojektowany jako idealny do noszenia na co dzie\u0144, ten smuk\u0142y, lekki cud mo\u017ce z \u0142atwo\u015bci\u0105 poradzi\u0107 sobie z szerok\u0105 gam\u0105 zada\u0144 dzi\u0119ki przemy\u015blanej konstrukcji, wysokiej jako\u015bci ostrzu CTS-XHP i g\u0142\u0119bokiemu klipsowi do kieszeni. <\/strong><\/p>\n","protected":false},"featured_media":377187,"comment_status":"open","ping_status":"closed","template":"","meta":[],"pwb-brand":[3836],"product_brand":[],"product_cat":[3296,3307],"product_tag":[],"class_list":{"0":"post-377937","1":"product","2":"type-product","3":"status-publish","4":"has-post-thumbnail","6":"pwb-brand-spartanskie-ostrza","7":"product_cat-noze-pl","8":"product_cat-zamykanie-nozy","10":"first","11":"instock","12":"taxable","13":"shipping-taxable","14":"purchasable","15":"product-type-simple"},"brands":[{"id":3836,"name":"Sparta\u0144skie Ostrza","slug":"spartanskie-ostrza"}],"_links":{"self":[{"href":"https:\/\/www.moskito.cz\/pl\/wp-json\/wp\/v2\/product\/377937","targetHints":{"allow":["GET"]}}],"collection":[{"href":"https:\/\/www.moskito.cz\/pl\/wp-json\/wp\/v2\/product"}],"about":[{"href":"https:\/\/www.moskito.cz\/pl\/wp-json\/wp\/v2\/types\/product"}],"replies":[{"embeddable":true,"href":"https:\/\/www.moskito.cz\/pl\/wp-json\/wp\/v2\/comments?post=377937"}],"wp:featuredmedia":[{"embeddable":true,"href":"https:\/\/www.moskito.cz\/pl\/wp-json\/wp\/v2\/media\/377187"}],"wp:attachment":[{"href":"https:\/\/www.moskito.cz\/pl\/wp-json\/wp\/v2\/media?parent=377937"}],"wp:term":[{"taxonomy":"pwb-brand","embeddable":true,"href":"https:\/\/www.moskito.cz\/pl\/wp-json\/wp\/v2\/pwb-brand?post=377937"},{"taxonomy":"product_brand","embeddable":true,"href":"https:\/\/www.moskito.cz\/pl\/wp-json\/wp\/v2\/product_brand?post=377937"},{"taxonomy":"product_cat","embeddable":true,"href":"https:\/\/www.moskito.cz\/pl\/wp-json\/wp\/v2\/product_cat?post=377937"},{"taxonomy":"product_tag","embeddable":true,"href":"https:\/\/www.moskito.cz\/pl\/wp-json\/wp\/v2\/product_tag?post=377937"}],"curies":[{"name":"wp","href":"https:\/\/api.w.org\/{rel}","templated":true}]}}