{"id":378128,"date":"2024-11-26T11:30:36","date_gmt":"2024-11-26T10:30:36","guid":{"rendered":"https:\/\/www.moskito.cz\/?post_type=product&#038;p=378128"},"modified":"2025-05-07T11:26:51","modified_gmt":"2025-05-07T10:26:51","slug":"spartan-blades-ranger-eye-patch","status":"publish","type":"product","link":"https:\/\/www.moskito.cz\/pl\/produkt\/spartan-blades-ranger-eye-patch\/","title":{"rendered":"Spartan Blades Ranger Eye Patch"},"content":{"rendered":"<p>Spartan Blades Ranger Eye Patch.<\/p>\n<p>Ranger Eye Patch Spartan Blades je siln\u00fdm symbolem s\u00edly, odvahy a vytrvalosti. S 3D konturovan\u00fdm designem vynik\u00e1 svou dynamickou hloubkou a texturou, co\u017e zaji\u0161\u0165uje, \u017ee na jak\u00e9mkoli povrchu nebude p\u0159ehl\u00e9dnuteln\u00fd. Sv\u00edt\u00edc\u00ed efekt ve tm\u011b p\u0159id\u00e1v\u00e1 praktickou funkci pro no\u010dn\u00ed operace a n\u00edzk\u00e9 sv\u011bteln\u00e9 podm\u00ednky, kombinuj\u00edc\u00ed styl a funk\u010dnost. D\u00edky z\u00e1kladn\u011b s such\u00fdm zipem je patch snadno p\u0159ipevniteln\u00fd na r\u016fzn\u00e9 vybaven\u00ed, jako jsou uniformy, batohy nebo \u010depice, co\u017e v\u00e1m umo\u017en\u00ed p\u0159izp\u016fsobit si sv\u016fj gear.<\/p>\n<p>No\u0161en\u00edm Ranger Eye Patch Spartan Blades nejen vyjad\u0159ujete svou loajalitu ke Spartan\u016fm, ale tak\u00e9 d\u00e1v\u00e1te najevo jednotu, odhodl\u00e1n\u00ed a v\u00e1le\u010dn\u00fd duch. A\u0165 u\u017e pro taktick\u00e9 operace nebo ka\u017edodenn\u00ed no\u0161en\u00ed, tento patch je poctou spartsk\u00e9 hrdosti, kter\u00e1 si zaslou\u017e\u00ed pozornost.<\/p>\n","protected":false},"excerpt":{"rendered":"<p><strong>No\u0161en\u00edm Ranger Eye Patch Spartan Blades nejen vyjad\u0159ujete svou loajalitu ke Spartan\u016fm, ale tak\u00e9 d\u00e1v\u00e1te najevo jednotu, odhodl\u00e1n\u00ed a v\u00e1le\u010dn\u00fd duch. A\u0165 u\u017e pro taktick\u00e9 operace nebo ka\u017edodenn\u00ed no\u0161en\u00ed, tento patch je poctou spartsk\u00e9 hrdosti, kter\u00e1 si zaslou\u017e\u00ed pozornost.<\/strong><\/p>\n","protected":false},"featured_media":378129,"comment_status":"open","ping_status":"closed","template":"","meta":[],"pwb-brand":[3833],"product_brand":[],"product_cat":[22,17,23],"product_tag":[],"class_list":{"0":"post-378128","1":"product","2":"type-product","3":"status-publish","4":"has-post-thumbnail","6":"pwb-brand-spartan-blades","7":"product_cat-zaviraci-noze","8":"product_cat-noze","9":"product_cat-pevne-noze","11":"first","12":"outofstock","13":"taxable","14":"shipping-taxable","15":"purchasable","16":"product-type-simple"},"brands":[{"id":3833,"name":"Spartan Blades","slug":"spartan-blades"}],"_links":{"self":[{"href":"https:\/\/www.moskito.cz\/pl\/wp-json\/wp\/v2\/product\/378128","targetHints":{"allow":["GET"]}}],"collection":[{"href":"https:\/\/www.moskito.cz\/pl\/wp-json\/wp\/v2\/product"}],"about":[{"href":"https:\/\/www.moskito.cz\/pl\/wp-json\/wp\/v2\/types\/product"}],"replies":[{"embeddable":true,"href":"https:\/\/www.moskito.cz\/pl\/wp-json\/wp\/v2\/comments?post=378128"}],"wp:featuredmedia":[{"embeddable":true,"href":"https:\/\/www.moskito.cz\/pl\/wp-json\/wp\/v2\/media\/378129"}],"wp:attachment":[{"href":"https:\/\/www.moskito.cz\/pl\/wp-json\/wp\/v2\/media?parent=378128"}],"wp:term":[{"taxonomy":"pwb-brand","embeddable":true,"href":"https:\/\/www.moskito.cz\/pl\/wp-json\/wp\/v2\/pwb-brand?post=378128"},{"taxonomy":"product_brand","embeddable":true,"href":"https:\/\/www.moskito.cz\/pl\/wp-json\/wp\/v2\/product_brand?post=378128"},{"taxonomy":"product_cat","embeddable":true,"href":"https:\/\/www.moskito.cz\/pl\/wp-json\/wp\/v2\/product_cat?post=378128"},{"taxonomy":"product_tag","embeddable":true,"href":"https:\/\/www.moskito.cz\/pl\/wp-json\/wp\/v2\/product_tag?post=378128"}],"curies":[{"name":"wp","href":"https:\/\/api.w.org\/{rel}","templated":true}]}}