{"id":378172,"date":"2024-11-26T14:33:04","date_gmt":"2024-11-26T13:33:04","guid":{"rendered":"https:\/\/www.moskito.cz\/?post_type=product&#038;p=378172"},"modified":"2025-05-07T11:26:52","modified_gmt":"2025-05-07T10:26:52","slug":"para-cord-lanyard-with-beret-skull-bead","status":"publish","type":"product","link":"https:\/\/www.moskito.cz\/pl\/produkt\/para-cord-lanyard-with-beret-skull-bead\/","title":{"rendered":"Para-Cord Lanyard with Beret Skull Bead"},"content":{"rendered":"<p>Para-Cord Lanyard with Beret Skull Bead.<\/p>\n<p>Vyrobena v USA, z bezolovnat\u00e9ho pewteru, s post\u0159\u00edb\u0159en\u00fdm povrchem. Pr\u016fm\u011br je asi 1,6 cm.<\/p>\n<p>Paracord: Lanyard je vyroben\u00fd z americk\u00e9ho 550 7-strand nylonov\u00e9ho pad\u00e1kov\u00e9ho lana, zn\u00e1m\u00e9ho svou silou a odolnost\u00ed.<\/p>\n<p>Uzel: Lanyard je uv\u00e1z\u00e1n pomoc\u00ed lanyardov\u00e9ho uzlu, co\u017e zaji\u0161\u0165uje nejen funk\u010dnost, ale i estetiku.<\/p>\n<p>D\u00e9lka: Lanyard m\u011b\u0159\u00ed p\u0159ibli\u017en\u011b 6 a\u017e 6,5 palce (asi 15 a\u017e 16,5 cm).<\/p>\n<p>Dostupn\u00e9 barvy: Lanyard je k dispozici v t\u011bchto barv\u00e1ch:<br \/>\n<strong>\u010cern\u00e1<\/strong><br \/>\n<strong>OD (Olive Drab) zelen\u00e1<\/strong><br \/>\n<strong>Coyote hn\u011bd\u00e1<\/strong><\/p>\n<p>Co je sou\u010d\u00e1st\u00ed balen\u00ed: Lanyard obsahuje jeden kor\u00e1lek, extra kor\u00e1lky nejsou sou\u010d\u00e1st\u00ed.<\/p>\n<p>Tento typ lanyardu m\u016f\u017ee b\u00fdt pou\u017eit pro r\u016fzn\u00e9 \u00fa\u010dely, nap\u0159\u00edklad k zav\u011b\u0161en\u00ed kl\u00ed\u010d\u016f, n\u00e1stroj\u016f nebo jin\u00fdch drobn\u00fdch p\u0159edm\u011bt\u016f, a z\u00e1rove\u0148 poskytuje unik\u00e1tn\u00ed dekorativn\u00ed prvek d\u00edky lebce.<\/p>\n","protected":false},"excerpt":{"rendered":"<p><strong>Tento typ lanyardu m\u016f\u017ee b\u00fdt pou\u017eit pro r\u016fzn\u00e9 \u00fa\u010dely, nap\u0159\u00edklad k zav\u011b\u0161en\u00ed kl\u00ed\u010d\u016f, n\u00e1stroj\u016f nebo jin\u00fdch drobn\u00fdch p\u0159edm\u011bt\u016f, a z\u00e1rove\u0148 poskytuje unik\u00e1tn\u00ed dekorativn\u00ed prvek d\u00edky lebce.<\/strong><\/p>\n","protected":false},"featured_media":378173,"comment_status":"open","ping_status":"closed","template":"","meta":[],"pwb-brand":[3833],"product_brand":[],"product_cat":[22,17,23],"product_tag":[],"class_list":{"0":"post-378172","1":"product","2":"type-product","3":"status-publish","4":"has-post-thumbnail","6":"pwb-brand-spartan-blades","7":"product_cat-zaviraci-noze","8":"product_cat-noze","9":"product_cat-pevne-noze","11":"first","12":"instock","13":"taxable","14":"shipping-taxable","15":"purchasable","16":"product-type-simple"},"brands":[{"id":3833,"name":"Spartan Blades","slug":"spartan-blades"}],"_links":{"self":[{"href":"https:\/\/www.moskito.cz\/pl\/wp-json\/wp\/v2\/product\/378172","targetHints":{"allow":["GET"]}}],"collection":[{"href":"https:\/\/www.moskito.cz\/pl\/wp-json\/wp\/v2\/product"}],"about":[{"href":"https:\/\/www.moskito.cz\/pl\/wp-json\/wp\/v2\/types\/product"}],"replies":[{"embeddable":true,"href":"https:\/\/www.moskito.cz\/pl\/wp-json\/wp\/v2\/comments?post=378172"}],"wp:featuredmedia":[{"embeddable":true,"href":"https:\/\/www.moskito.cz\/pl\/wp-json\/wp\/v2\/media\/378173"}],"wp:attachment":[{"href":"https:\/\/www.moskito.cz\/pl\/wp-json\/wp\/v2\/media?parent=378172"}],"wp:term":[{"taxonomy":"pwb-brand","embeddable":true,"href":"https:\/\/www.moskito.cz\/pl\/wp-json\/wp\/v2\/pwb-brand?post=378172"},{"taxonomy":"product_brand","embeddable":true,"href":"https:\/\/www.moskito.cz\/pl\/wp-json\/wp\/v2\/product_brand?post=378172"},{"taxonomy":"product_cat","embeddable":true,"href":"https:\/\/www.moskito.cz\/pl\/wp-json\/wp\/v2\/product_cat?post=378172"},{"taxonomy":"product_tag","embeddable":true,"href":"https:\/\/www.moskito.cz\/pl\/wp-json\/wp\/v2\/product_tag?post=378172"}],"curies":[{"name":"wp","href":"https:\/\/api.w.org\/{rel}","templated":true}]}}