{"id":378291,"date":"2024-11-26T15:56:28","date_gmt":"2024-11-26T14:56:28","guid":{"rendered":"https:\/\/www.moskito.cz\/?post_type=product&#038;p=378291"},"modified":"2025-05-07T11:26:53","modified_gmt":"2025-05-07T10:26:53","slug":"spartan-tri-color-t-shirt","status":"publish","type":"product","link":"https:\/\/www.moskito.cz\/pl\/produkt\/spartan-tri-color-t-shirt\/","title":{"rendered":"Spartan Tri-Color T &#8211; Shirt"},"content":{"rendered":"<p>Spartan Tri-Color T &#8211; Shirt.<\/p>\n<p>Tri-color tri\u010dko Spartan: Kde se pohodl\u00ed setk\u00e1v\u00e1 se stylem<\/p>\n<p>U\u017eijte si pohodl\u00ed, ani\u017e byste museli slevit ze stylu, s tri\u010dkem Spartan Tri-Color. Vyroben\u00e9 pro lehk\u00e9 no\u0161en\u00ed, toto tri\u010dko nab\u00edz\u00ed jemn\u00fd a luxusn\u00ed pocit, co\u017e z n\u011bj \u010din\u00ed nezbytn\u00fd kousek ve va\u0161em \u0161atn\u00edku.<\/p>\n<p>Hlavn\u00ed vlastnosti:<\/p>\n<p>Nadstandardn\u00ed pohodl\u00ed: Za\u017eijte bezkonkuren\u010dn\u00ed m\u011bkkost a pohodl\u00ed s tri\u010dkem Spartan Tri-Color. Ide\u00e1ln\u00ed pro ka\u017edodenn\u00ed no\u0161en\u00ed, c\u00edt\u00ed se stejn\u011b dob\u0159e, jak vypad\u00e1.<br \/>\nPr\u00e9miov\u00fd materi\u00e1l Tri-Blend: Vyrobeno z kombinace 50% polyesteru, 25% bavlny a 25% rayonu zna\u010dky Canvas, toto tri\u010dko spojuje nejlep\u0161\u00ed vlastnosti ka\u017ed\u00e9 l\u00e1tky a poskytuje dokonalou rovnov\u00e1hu mezi pohodl\u00edm a trvanlivost\u00ed.<br \/>\nStylov\u00fd design: \u010cern\u00e9 tri\u010dko je zdobeno v\u00fdrazn\u00fdmi logy v b\u00edl\u00e9, \u010derven\u00e9 a \u0161ed\u00e9 barv\u011b. Mal\u00e9 logo SB (b\u00edl\u00e9 a \u010derven\u00e9) se nach\u00e1z\u00ed na lev\u00e9 p\u0159edn\u00ed stran\u011b, zat\u00edmco velk\u00e9 logo SB (b\u00edl\u00e9, \u0161ed\u00e9 a \u010derven\u00e9) dominuje na zadn\u00ed stran\u011b. Logo Dagger SB (b\u00edl\u00e9, \u0161ed\u00e9 a \u010derven\u00e9) zdob\u00ed lev\u00e9 rameno, \u010d\u00edm\u017e dod\u00e1v\u00e1 tri\u010dku jedine\u010dn\u00fd n\u00e1dech.<br \/>\nAtletick\u00fd st\u0159ih: Navr\u017eeno s atletick\u00fdm st\u0159ihem, toto tri\u010dko poskytuje lichotivou siluetu. D\u00e9lka v oblasti pasu zaji\u0161\u0165uje pohodln\u00fd a stylov\u00fd fit.<\/p>\n<p>Pozvedn\u011bte sv\u016fj ka\u017edodenn\u00ed \u0161atn\u00edk s tri\u010dkem Spartan Tri-Color, kde se kvalitn\u00ed materi\u00e1ly, pohodl\u00ed a styl dokonale spojuj\u00ed. A\u0165 u\u017e jste na cest\u00e1ch, nebo se jen tak relaxujete, toto tri\u010dko je ide\u00e1ln\u00edm spojen\u00edm m\u00f3dy a funk\u010dnosti.<\/p>\n<p>Velikost: M, L, XL &#8211; pros\u00edm p\u0159ipsat do pozn\u00e1mky.<\/p>\n","protected":false},"excerpt":{"rendered":"<p><strong>Pozvedn\u011bte sv\u016fj ka\u017edodenn\u00ed \u0161atn\u00edk s tri\u010dkem Spartan Tri-Color, kde se kvalitn\u00ed materi\u00e1ly, pohodl\u00ed a styl dokonale spojuj\u00ed. A\u0165 u\u017e jste na cest\u00e1ch, nebo se jen tak relaxujete, toto tri\u010dko je ide\u00e1ln\u00edm spojen\u00edm m\u00f3dy a funk\u010dnosti.<\/strong><\/p>\n","protected":false},"featured_media":378292,"comment_status":"open","ping_status":"closed","template":"","meta":[],"pwb-brand":[3833],"product_brand":[],"product_cat":[22,17,23],"product_tag":[],"class_list":{"0":"post-378291","1":"product","2":"type-product","3":"status-publish","4":"has-post-thumbnail","6":"pwb-brand-spartan-blades","7":"product_cat-zaviraci-noze","8":"product_cat-noze","9":"product_cat-pevne-noze","11":"first","12":"outofstock","13":"taxable","14":"shipping-taxable","15":"purchasable","16":"product-type-simple"},"brands":[{"id":3833,"name":"Spartan Blades","slug":"spartan-blades"}],"_links":{"self":[{"href":"https:\/\/www.moskito.cz\/pl\/wp-json\/wp\/v2\/product\/378291","targetHints":{"allow":["GET"]}}],"collection":[{"href":"https:\/\/www.moskito.cz\/pl\/wp-json\/wp\/v2\/product"}],"about":[{"href":"https:\/\/www.moskito.cz\/pl\/wp-json\/wp\/v2\/types\/product"}],"replies":[{"embeddable":true,"href":"https:\/\/www.moskito.cz\/pl\/wp-json\/wp\/v2\/comments?post=378291"}],"wp:featuredmedia":[{"embeddable":true,"href":"https:\/\/www.moskito.cz\/pl\/wp-json\/wp\/v2\/media\/378292"}],"wp:attachment":[{"href":"https:\/\/www.moskito.cz\/pl\/wp-json\/wp\/v2\/media?parent=378291"}],"wp:term":[{"taxonomy":"pwb-brand","embeddable":true,"href":"https:\/\/www.moskito.cz\/pl\/wp-json\/wp\/v2\/pwb-brand?post=378291"},{"taxonomy":"product_brand","embeddable":true,"href":"https:\/\/www.moskito.cz\/pl\/wp-json\/wp\/v2\/product_brand?post=378291"},{"taxonomy":"product_cat","embeddable":true,"href":"https:\/\/www.moskito.cz\/pl\/wp-json\/wp\/v2\/product_cat?post=378291"},{"taxonomy":"product_tag","embeddable":true,"href":"https:\/\/www.moskito.cz\/pl\/wp-json\/wp\/v2\/product_tag?post=378291"}],"curies":[{"name":"wp","href":"https:\/\/api.w.org\/{rel}","templated":true}]}}