{"id":378418,"date":"2024-11-26T19:00:23","date_gmt":"2024-11-26T18:00:23","guid":{"rendered":"https:\/\/www.moskito.cz\/?post_type=product&#038;p=378418"},"modified":"2025-05-07T11:26:54","modified_gmt":"2025-05-07T10:26:54","slug":"zaviraci-nuz-fox-knives-bean-gen-2-bf-719-zw","status":"publish","type":"product","link":"https:\/\/www.moskito.cz\/pl\/produkt\/zaviraci-nuz-fox-knives-bean-gen-2-bf-719-zw\/","title":{"rendered":"Zav\u00edrac\u00ed N\u016f\u017e Fox Knives BEAN GEN 2 BF-719 ZW"},"content":{"rendered":"<p>Zav\u00edrac\u00ed N\u016f\u017e <strong>Fox Knives<\/strong> BEAN GEN 2 BF-719 ZW.<\/p>\n<p>Bean , navr\u017een\u00fd Sergem Panchenkem, je kompaktn\u00ed a minimalistick\u00fd zav\u00edrac\u00ed n\u016f\u017e ur\u010den\u00fd do m\u011bstsk\u00e9ho prost\u0159ed\u00ed, kde by no\u0161en\u00ed v\u011bt\u0161\u00edho nebo zamykac\u00edho no\u017ee mohlo vzbuzovat obavy . Jeho prim\u00e1rn\u00ed vlastnosti jsou:<\/p>\n<p>Kompaktn\u00ed velikost : D\u00edky mal\u00e9 velikosti je diskr\u00e9tn\u00ed a snadno se p\u0159en\u00e1\u0161\u00ed, pohodln\u011b se vejde do kapes, ani\u017e by poutal pozornost.<\/p>\n<p>Neuzamykateln\u00fd mechanismus Slip-Joint : Inovativn\u00ed mechanismus Slip-Joint s kuli\u010dkovou aretac\u00ed zaji\u0161\u0165uje, \u017ee \u010depel z\u016fstane b\u011bhem pou\u017e\u00edv\u00e1n\u00ed bezpe\u010dn\u011b na sv\u00e9m m\u00edst\u011b, ale nezablokuje se, tak\u017ee je v souladu se z\u00e1kony o no\u017ei v mnoha regionech, zejm\u00e9na v Evrop\u011b.<\/p>\n<p>Urban Focus : Ide\u00e1ln\u00ed pro ka\u017edodenn\u00ed \u00fakoly, Bean je praktick\u00fd a vzhledov\u011b neohro\u017euj\u00edc\u00ed a vyhovuje jednotlivc\u016fm, kte\u0159\u00ed pot\u0159ebuj\u00ed funk\u010dn\u00ed, ale spole\u010densky p\u0159ijateln\u00fd n\u00e1stroj.<\/p>\n<p>Ocel \u010depele : AISI 440C<br \/>\nZn\u00e1m\u00e1 nerezov\u00e1 ocel s dobrou odolnost\u00ed proti korozi, zachov\u00e1n\u00edm hran a tvrdost\u00ed.<br \/>\nTvrdost : HRC 57-59<br \/>\nOzna\u010duje rovnov\u00e1hu mezi tvrdost\u00ed a hou\u017eevnatost\u00ed, vhodn\u00e9 pro \u010depele pro b\u011b\u017en\u00e9 pou\u017eit\u00ed.<br \/>\nPovrchov\u00e1 \u00faprava \u010depele : Satinato<br \/>\nSat\u00e9nov\u00fd povrch, kter\u00fd dod\u00e1v\u00e1 \u010depeli le\u0161t\u011bn\u00fd a \u010dist\u00fd vzhled.<br \/>\nRukoje\u0165 : Zebra Wood<br \/>\nP\u0159\u00edrodn\u00ed, exotick\u00e9 d\u0159evo zn\u00e1m\u00e9 sv\u00fdm n\u00e1padn\u00fdm vzorem kresby, kter\u00fd poskytuje pohodln\u00e9 a stylov\u00e9 uchopen\u00ed.<br \/>\nKlip : JIS SUS420J2<br \/>\nSpona z nerezov\u00e9 oceli s vysokou odolnost\u00ed proti korozi, dostate\u010dn\u011b odoln\u00e1 pro bezpe\u010dn\u00e9 p\u0159en\u00e1\u0161en\u00ed.<br \/>\n\u0160rouby : Le\u0161t\u011bn\u00e1 nerezov\u00e1 ocel<br \/>\nDod\u00e1v\u00e1 n\u00e1dech kultivovanosti a z\u00e1rove\u0148 zaji\u0161\u0165uje odolnost.<br \/>\nRozm\u011bry:<br \/>\nD\u00e9lka \u010depele : 50 mm<br \/>\nCelkov\u00e1 d\u00e9lka : 130 mm<br \/>\nTlou\u0161\u0165ka \u010depele : 3,0 mm<\/p>\n<p>&nbsp;<\/p>\n","protected":false},"excerpt":{"rendered":"<p><strong>Bean , navr\u017een\u00fd Sergem Panchenkem, je kompaktn\u00ed a minimalistick\u00fd zav\u00edrac\u00ed n\u016f\u017e ur\u010den\u00fd do m\u011bstsk\u00e9ho prost\u0159ed\u00ed, kde by no\u0161en\u00ed v\u011bt\u0161\u00edho nebo zamykac\u00edho no\u017ee mohlo vzbuzovat obavy.<\/strong><\/p>\n","protected":false},"featured_media":378420,"comment_status":"open","ping_status":"closed","template":"","meta":[],"pwb-brand":[796],"product_brand":[],"product_cat":[22,17],"product_tag":[],"class_list":{"0":"post-378418","1":"product","2":"type-product","3":"status-publish","4":"has-post-thumbnail","6":"pwb-brand-fox-knives","7":"product_cat-zaviraci-noze","8":"product_cat-noze","10":"first","11":"outofstock","12":"taxable","13":"shipping-taxable","14":"purchasable","15":"product-type-simple"},"brands":[{"id":796,"name":"Fox Knives","slug":"fox-knives"}],"_links":{"self":[{"href":"https:\/\/www.moskito.cz\/pl\/wp-json\/wp\/v2\/product\/378418","targetHints":{"allow":["GET"]}}],"collection":[{"href":"https:\/\/www.moskito.cz\/pl\/wp-json\/wp\/v2\/product"}],"about":[{"href":"https:\/\/www.moskito.cz\/pl\/wp-json\/wp\/v2\/types\/product"}],"replies":[{"embeddable":true,"href":"https:\/\/www.moskito.cz\/pl\/wp-json\/wp\/v2\/comments?post=378418"}],"wp:featuredmedia":[{"embeddable":true,"href":"https:\/\/www.moskito.cz\/pl\/wp-json\/wp\/v2\/media\/378420"}],"wp:attachment":[{"href":"https:\/\/www.moskito.cz\/pl\/wp-json\/wp\/v2\/media?parent=378418"}],"wp:term":[{"taxonomy":"pwb-brand","embeddable":true,"href":"https:\/\/www.moskito.cz\/pl\/wp-json\/wp\/v2\/pwb-brand?post=378418"},{"taxonomy":"product_brand","embeddable":true,"href":"https:\/\/www.moskito.cz\/pl\/wp-json\/wp\/v2\/product_brand?post=378418"},{"taxonomy":"product_cat","embeddable":true,"href":"https:\/\/www.moskito.cz\/pl\/wp-json\/wp\/v2\/product_cat?post=378418"},{"taxonomy":"product_tag","embeddable":true,"href":"https:\/\/www.moskito.cz\/pl\/wp-json\/wp\/v2\/product_tag?post=378418"}],"curies":[{"name":"wp","href":"https:\/\/api.w.org\/{rel}","templated":true}]}}