{"id":378663,"date":"2024-11-27T10:35:40","date_gmt":"2024-11-27T09:35:40","guid":{"rendered":"https:\/\/www.moskito.cz\/?post_type=product&#038;p=378663"},"modified":"2025-05-07T11:26:56","modified_gmt":"2025-05-07T10:26:56","slug":"zaviraci-nuz-kansept-knives-nesstreet-k1039a1","status":"publish","type":"product","link":"https:\/\/www.moskito.cz\/pl\/produkt\/zaviraci-nuz-kansept-knives-nesstreet-k1039a1\/","title":{"rendered":"Zav\u00edrac\u00ed N\u016f\u017e Kansept Knives Nesstreet K1039A1"},"content":{"rendered":"<p>Zav\u00edrac\u00ed N\u016f\u017e <strong>Kansept Knives<\/strong> Nesstreet K1039A1.<\/p>\n<p>Nesstreet je skl\u00e1dac\u00ed n\u016f\u017e, kter\u00fd spojuje estetiku tradi\u010dn\u00edho Nessmuk no\u017ee s univerz\u00e1lnost\u00ed pot\u0159ebnou pro ka\u017edodenn\u00ed m\u011bstsk\u00e9 no\u0161en\u00ed (EDC). Tento n\u016f\u017e byl navr\u017een tak, aby byl spolehliv\u00fd a praktick\u00fd n\u00e1stroj, kter\u00fd z\u00e1rove\u0148 vypad\u00e1 elegantn\u011b. Je to ide\u00e1ln\u00ed volba pro ty, kte\u0159\u00ed hledaj\u00ed n\u016f\u017e, jen\u017e bez probl\u00e9m\u016f zvl\u00e1dne jak outdoorov\u00e9 \u00fakoly, tak ka\u017edodenn\u00ed m\u011bstsk\u00e9 pou\u017eit\u00ed.<br \/>\nVlastnosti<\/p>\n<p>Materi\u00e1l rukojeti: Hn\u011bd\u00fd Micarta, kter\u00fd poskytuje hladk\u00fd a pohodln\u00fd \u00fachop vhodn\u00fd pro no\u0161en\u00ed v kapse nebo dlouhodob\u00e9 pou\u017e\u00edv\u00e1n\u00ed.<br \/>\nAkce: Hladk\u00fd mechanismus, kter\u00fd je snadno ovladateln\u00fd a poskytuje p\u0159\u00edjemn\u00fd pocit p\u0159i pou\u017eit\u00ed.<br \/>\n\u010cepel: Vyroben\u00e1 z oceli CPM-S35VN, kter\u00e1 nab\u00edz\u00ed vynikaj\u00edc\u00ed schopnost udr\u017eet ost\u0159\u00ed, odolnost proti korozi a dlouhou \u017eivotnost.<\/p>\n<p>Specifikace<\/p>\n<p>Celkov\u00e1 d\u00e9lka: 204,6 mm<br \/>\nD\u00e9lka \u010depele: 91 mm<br \/>\nTlou\u0161\u0165ka \u010depele: 3,5 mm<br \/>\nMateri\u00e1l \u010depele: CPM-S35VN, v sat\u00e9nov\u00e9m povrchu pro elegantn\u00ed vzhled<br \/>\nTvar \u010depele: Drop Point s ploch\u00fdm v\u00fdbrusem pro p\u0159esn\u00e9 \u0159ez\u00e1n\u00ed<br \/>\nMateri\u00e1l rukojeti: Hn\u011bd\u00fd Micarta pro komfort a odolnost<br \/>\nTyp z\u00e1mku: Frame Lock pro bezpe\u010dn\u00e9 ovl\u00e1d\u00e1n\u00ed<br \/>\nHmotnost: 4,55 oz (129 g)<\/p>\n<p>Kl\u00ed\u010dov\u00e9 vlastnosti<\/p>\n<p>Inspirace Nessmukem: Kombinace tradi\u010dn\u00edho designu s modern\u00edmi materi\u00e1ly a funk\u010dnost\u00ed.<br \/>\nM\u011bstsk\u00e1 EDC univerz\u00e1lnost: Balancuje estetiku s praktick\u00fdm pou\u017eit\u00edm, co\u017e ho \u010din\u00ed ide\u00e1ln\u00edm pro ka\u017edodenn\u00ed \u00fakoly.<br \/>\nPr\u00e9miov\u00e1 konstrukce: Kvalitn\u00ed ocel a materi\u00e1ly zaji\u0161\u0165uj\u00ed dlouhou \u017eivotnost a v\u00fdkonnost.<\/p>\n<p>Nesstreet je dokonal\u00fdm zt\u011blesn\u011bn\u00edm designov\u00e9 filozofie Grega Wegrzyck\u00e9ho: spojen\u00ed tradi\u010dn\u00edch prvk\u016f s modern\u00ed inovac\u00ed pro n\u016f\u017e, kter\u00fd vynik\u00e1 jak formou, tak funkc\u00ed.<\/p>\n","protected":false},"excerpt":{"rendered":"<p><strong>Nesstreet je skl\u00e1dac\u00ed n\u016f\u017e, kter\u00fd spojuje estetiku tradi\u010dn\u00edho Nessmuk no\u017ee s univerz\u00e1lnost\u00ed pot\u0159ebnou pro ka\u017edodenn\u00ed m\u011bstsk\u00e9 no\u0161en\u00ed (EDC). Tento n\u016f\u017e byl navr\u017een tak, aby byl spolehliv\u00fd a praktick\u00fd n\u00e1stroj, kter\u00fd z\u00e1rove\u0148 vypad\u00e1 elegantn\u011b. Je to ide\u00e1ln\u00ed volba pro ty, kte\u0159\u00ed hledaj\u00ed n\u016f\u017e, jen\u017e bez probl\u00e9m\u016f zvl\u00e1dne jak outdoorov\u00e9 \u00fakoly, tak ka\u017edodenn\u00ed m\u011bstsk\u00e9 pou\u017eit\u00ed.<\/strong><\/p>\n<p><strong>Doprava zdarma.<\/strong><\/p>\n","protected":false},"featured_media":378664,"comment_status":"open","ping_status":"closed","template":"","meta":[],"pwb-brand":[3256],"product_brand":[],"product_cat":[22,17],"product_tag":[],"class_list":{"0":"post-378663","1":"product","2":"type-product","3":"status-publish","4":"has-post-thumbnail","6":"pwb-brand-kansept-knives","7":"product_cat-zaviraci-noze","8":"product_cat-noze","10":"first","11":"instock","12":"taxable","13":"shipping-taxable","14":"purchasable","15":"product-type-simple"},"brands":[{"id":3256,"name":"Kansept Knives","slug":"kansept-knives"}],"_links":{"self":[{"href":"https:\/\/www.moskito.cz\/pl\/wp-json\/wp\/v2\/product\/378663","targetHints":{"allow":["GET"]}}],"collection":[{"href":"https:\/\/www.moskito.cz\/pl\/wp-json\/wp\/v2\/product"}],"about":[{"href":"https:\/\/www.moskito.cz\/pl\/wp-json\/wp\/v2\/types\/product"}],"replies":[{"embeddable":true,"href":"https:\/\/www.moskito.cz\/pl\/wp-json\/wp\/v2\/comments?post=378663"}],"wp:featuredmedia":[{"embeddable":true,"href":"https:\/\/www.moskito.cz\/pl\/wp-json\/wp\/v2\/media\/378664"}],"wp:attachment":[{"href":"https:\/\/www.moskito.cz\/pl\/wp-json\/wp\/v2\/media?parent=378663"}],"wp:term":[{"taxonomy":"pwb-brand","embeddable":true,"href":"https:\/\/www.moskito.cz\/pl\/wp-json\/wp\/v2\/pwb-brand?post=378663"},{"taxonomy":"product_brand","embeddable":true,"href":"https:\/\/www.moskito.cz\/pl\/wp-json\/wp\/v2\/product_brand?post=378663"},{"taxonomy":"product_cat","embeddable":true,"href":"https:\/\/www.moskito.cz\/pl\/wp-json\/wp\/v2\/product_cat?post=378663"},{"taxonomy":"product_tag","embeddable":true,"href":"https:\/\/www.moskito.cz\/pl\/wp-json\/wp\/v2\/product_tag?post=378663"}],"curies":[{"name":"wp","href":"https:\/\/api.w.org\/{rel}","templated":true}]}}