{"id":378961,"date":"2024-11-28T14:33:30","date_gmt":"2024-11-28T13:33:30","guid":{"rendered":"https:\/\/www.moskito.cz\/?post_type=product&#038;p=378961"},"modified":"2025-05-07T11:27:01","modified_gmt":"2025-05-07T10:27:01","slug":"kuchynsky-nuz-arcos-duo-147122","status":"publish","type":"product","link":"https:\/\/www.moskito.cz\/pl\/produkt\/kuchynsky-nuz-arcos-duo-147122\/","title":{"rendered":"Kuchy\u0148sk\u00fd N\u016f\u017e ARCOS D\u00daO 147122"},"content":{"rendered":"<p>Kuchy\u0148sk\u00fd N\u016f\u017e <strong>ARCOS<\/strong> D\u00daO 147122.<\/p>\n<p>Cuchillo Mondador Serie D\u00fao 85 mm je n\u016f\u017e, kter\u00fd je ur\u010den\u00fd pro jemn\u00e9 kr\u00e1jen\u00ed a loup\u00e1n\u00ed ovoce a zeleniny. Zde jsou jeho hlavn\u00ed vlastnosti:<\/p>\n<p>D\u00e9lka \u010depele: 85 mm, co\u017e z n\u011bj \u010din\u00ed kompaktn\u00ed n\u016f\u017e vhodn\u00fd pro detailn\u00ed a p\u0159esn\u00e9 pr\u00e1ci.<\/p>\n<p>Materi\u00e1l \u010depele: Obvykle je vyroben z kvalitn\u00ed nerezov\u00e9 oceli, kter\u00e1 zaji\u0161\u0165uje dlouhou \u017eivotnost a odolnost proti opot\u0159eben\u00ed. Nerezov\u00e1 ocel tak\u00e9 usnad\u0148uje brou\u0161en\u00ed.<\/p>\n<p>Design rukojeti: N\u016f\u017e m\u00e1 ergonomickou a protiskluzovou rukoje\u0165, co\u017e zaji\u0161\u0165uje bezpe\u010dn\u00e9 dr\u017een\u00ed, i p\u0159i del\u0161\u00ed pr\u00e1ci nebo s kluzk\u00fdmi potravinami.<\/p>\n<p>Funk\u010dnost: Ide\u00e1ln\u00ed pro loup\u00e1n\u00ed a kr\u00e1jen\u00ed ovoce, zeleniny, nebo pro precizn\u00ed pr\u00e1ce jako je dekorov\u00e1n\u00ed potravin nebo jemn\u00e9 kr\u00e1jen\u00ed.<\/p>\n<p>Serie D\u00fao: Tento term\u00edn ozna\u010duje \u0159adu produkt\u016f, kter\u00e9 kombinuj\u00ed funk\u010dnost s atraktivn\u00edm designem, ur\u010den\u00e9 pro dom\u00e1c\u00ed nebo profesion\u00e1ln\u00ed pou\u017eit\u00ed v kuchyni.<\/p>\n","protected":false},"excerpt":{"rendered":"<p><strong>Cuchillo Mondador Serie D\u00fao 85 mm je n\u016f\u017e, kter\u00fd je ur\u010den\u00fd pro jemn\u00e9 kr\u00e1jen\u00ed a loup\u00e1n\u00ed ovoce a zeleniny.<\/strong><\/p>\n","protected":false},"featured_media":378962,"comment_status":"open","ping_status":"closed","template":"","meta":[],"pwb-brand":[1950],"product_brand":[],"product_cat":[21],"product_tag":[],"class_list":{"0":"post-378961","1":"product","2":"type-product","3":"status-publish","4":"has-post-thumbnail","6":"pwb-brand-arcos","7":"product_cat-kuchynske-noze","9":"first","10":"instock","11":"taxable","12":"shipping-taxable","13":"purchasable","14":"product-type-simple"},"brands":[{"id":1950,"name":"Arcos","slug":"arcos"}],"_links":{"self":[{"href":"https:\/\/www.moskito.cz\/pl\/wp-json\/wp\/v2\/product\/378961","targetHints":{"allow":["GET"]}}],"collection":[{"href":"https:\/\/www.moskito.cz\/pl\/wp-json\/wp\/v2\/product"}],"about":[{"href":"https:\/\/www.moskito.cz\/pl\/wp-json\/wp\/v2\/types\/product"}],"replies":[{"embeddable":true,"href":"https:\/\/www.moskito.cz\/pl\/wp-json\/wp\/v2\/comments?post=378961"}],"wp:featuredmedia":[{"embeddable":true,"href":"https:\/\/www.moskito.cz\/pl\/wp-json\/wp\/v2\/media\/378962"}],"wp:attachment":[{"href":"https:\/\/www.moskito.cz\/pl\/wp-json\/wp\/v2\/media?parent=378961"}],"wp:term":[{"taxonomy":"pwb-brand","embeddable":true,"href":"https:\/\/www.moskito.cz\/pl\/wp-json\/wp\/v2\/pwb-brand?post=378961"},{"taxonomy":"product_brand","embeddable":true,"href":"https:\/\/www.moskito.cz\/pl\/wp-json\/wp\/v2\/product_brand?post=378961"},{"taxonomy":"product_cat","embeddable":true,"href":"https:\/\/www.moskito.cz\/pl\/wp-json\/wp\/v2\/product_cat?post=378961"},{"taxonomy":"product_tag","embeddable":true,"href":"https:\/\/www.moskito.cz\/pl\/wp-json\/wp\/v2\/product_tag?post=378961"}],"curies":[{"name":"wp","href":"https:\/\/api.w.org\/{rel}","templated":true}]}}