{"id":378970,"date":"2024-11-28T14:41:53","date_gmt":"2024-11-28T13:41:53","guid":{"rendered":"https:\/\/www.moskito.cz\/?post_type=product&#038;p=378970"},"modified":"2025-05-07T11:27:01","modified_gmt":"2025-05-07T10:27:01","slug":"kuchynsky-nuz-arcos-188800","status":"publish","type":"product","link":"https:\/\/www.moskito.cz\/pl\/produkt\/kuchynsky-nuz-arcos-188800\/","title":{"rendered":"Kuchy\u0148sk\u00fd N\u016f\u017e ARCOS 188800"},"content":{"rendered":"<p>Kuchy\u0148sk\u00fd N\u016f\u017e ARCOS 188800.<\/p>\n<p>N\u016f\u017e na st\u016fl s\u00e9rie Nova 110 mm od Arcos je velmi \u00fa\u010dinn\u00fd n\u00e1stroj pro \u0159ez\u00e1n\u00ed b\u011bhem j\u00eddla, kter\u00fd nab\u00edz\u00ed vynikaj\u00edc\u00ed v\u00fdkon a je ide\u00e1ln\u00ed pro ka\u017edodenn\u00ed pou\u017e\u00edv\u00e1n\u00ed. Zde jsou jeho hlavn\u00ed vlastnosti:<\/p>\n<p>Zubat\u00fd \u010depel: N\u016f\u017e m\u00e1 zaoblen\u00fd zubat\u00fd hrot, d\u00edky \u010demu\u017e je ide\u00e1ln\u00ed pro snadn\u00e9 \u0159ez\u00e1n\u00ed j\u00eddla p\u0159\u00edmo na stole.<br \/>\nErgonomick\u00e1 a lehk\u00e1 rukoje\u0165: Rukoje\u0165 je vyrobena z \u010dern\u00e9ho propylenu, vysoce odoln\u00e9ho hygienick\u00e9ho plastu, kter\u00fd je odoln\u00fd v\u016f\u010di n\u00e1raz\u016fm a extr\u00e9mn\u00edm teplot\u00e1m, co\u017e zaji\u0161\u0165uje komfort p\u0159i pou\u017e\u00edv\u00e1n\u00ed.<br \/>\nNerezov\u00e1 ocel: \u010cepel je vyrobena z exkluzivn\u00ed oceli Nitrum\u00ae, kter\u00e1 zaji\u0161\u0165uje v\u011bt\u0161\u00ed tvrdost a lep\u0161\u00ed \u0159ezn\u00fd v\u00fdkon.<br \/>\nLze m\u00fdt v my\u010dce: I kdy\u017e je n\u016f\u017e mo\u017en\u00e9 um\u00fdvat v my\u010dce, doporu\u010duje se um\u00fdvat ru\u010dn\u011b pomoc\u00ed m\u011bkk\u00e9 houby, aby se prodlou\u017eila jeho \u017eivotnost.<\/p>\n<p>Tento n\u016f\u017e byl pe\u010dliv\u011b vyroben v d\u00edln\u011b Arcos v Albacete, \u0160pan\u011blsko, co\u017e zaru\u010duje vysokou kvalitu a tradici zna\u010dky. Je to nezbytn\u00fd n\u00e1stroj pro va\u0161i kuchyni!<\/p>\n","protected":false},"excerpt":{"rendered":"<p><strong>Cuchillo Mesa Color Negro Perlado Serie Nova 110 mm je kvalitn\u00ed j\u00eddeln\u00ed n\u016f\u017e, kter\u00fd se vyzna\u010duje elegantn\u00edm designem a vysokou funk\u010dnost\u00ed.<\/strong><\/p>\n","protected":false},"featured_media":378971,"comment_status":"open","ping_status":"closed","template":"","meta":[],"pwb-brand":[1950],"product_brand":[],"product_cat":[21],"product_tag":[],"class_list":{"0":"post-378970","1":"product","2":"type-product","3":"status-publish","4":"has-post-thumbnail","6":"pwb-brand-arcos","7":"product_cat-kuchynske-noze","9":"first","10":"instock","11":"taxable","12":"shipping-taxable","13":"purchasable","14":"product-type-simple"},"brands":[{"id":1950,"name":"Arcos","slug":"arcos"}],"_links":{"self":[{"href":"https:\/\/www.moskito.cz\/pl\/wp-json\/wp\/v2\/product\/378970","targetHints":{"allow":["GET"]}}],"collection":[{"href":"https:\/\/www.moskito.cz\/pl\/wp-json\/wp\/v2\/product"}],"about":[{"href":"https:\/\/www.moskito.cz\/pl\/wp-json\/wp\/v2\/types\/product"}],"replies":[{"embeddable":true,"href":"https:\/\/www.moskito.cz\/pl\/wp-json\/wp\/v2\/comments?post=378970"}],"wp:featuredmedia":[{"embeddable":true,"href":"https:\/\/www.moskito.cz\/pl\/wp-json\/wp\/v2\/media\/378971"}],"wp:attachment":[{"href":"https:\/\/www.moskito.cz\/pl\/wp-json\/wp\/v2\/media?parent=378970"}],"wp:term":[{"taxonomy":"pwb-brand","embeddable":true,"href":"https:\/\/www.moskito.cz\/pl\/wp-json\/wp\/v2\/pwb-brand?post=378970"},{"taxonomy":"product_brand","embeddable":true,"href":"https:\/\/www.moskito.cz\/pl\/wp-json\/wp\/v2\/product_brand?post=378970"},{"taxonomy":"product_cat","embeddable":true,"href":"https:\/\/www.moskito.cz\/pl\/wp-json\/wp\/v2\/product_cat?post=378970"},{"taxonomy":"product_tag","embeddable":true,"href":"https:\/\/www.moskito.cz\/pl\/wp-json\/wp\/v2\/product_tag?post=378970"}],"curies":[{"name":"wp","href":"https:\/\/api.w.org\/{rel}","templated":true}]}}