{"id":381249,"date":"2024-12-02T22:25:54","date_gmt":"2024-12-09T11:51:34","guid":{"rendered":"https:\/\/www.moskito.cz\/produkt\/noz-strzelecki-microtech-scarab-ii-gen-iii-1278-2t\/"},"modified":"2025-05-07T11:27:14","modified_gmt":"2025-05-07T10:27:14","slug":"noz-strzelecki-microtech-scarab-ii-gen-iii-1278-2t","status":"publish","type":"product","link":"https:\/\/www.moskito.cz\/pl\/produkt\/noz-strzelecki-microtech-scarab-ii-gen-iii-1278-2t\/","title":{"rendered":"N\u00f3\u017c strzelecki Microtech Scarab II Gen III 1278-2T"},"content":{"rendered":"<p>N\u00f3\u017c strzelecki <strong>Microtech<\/strong> Scarab II Gen III 1278-2T. Microtech Scarab II Gen III (numer modelu MT12782T) to wysokiej jako\u015bci n\u00f3\u017c automatyczny taktyczny Out the Front (OTF), oparty na oryginalnej konstrukcji Microtech Ultratech. Zbudowany tak, aby wytrzyma\u0107 ekstremalne warunki, doskonale sprawdza si\u0119 w tajnych operacjach o wysokiej intensywno\u015bci. Scarab II zosta\u0142 specjalnie zaprojektowany do szerokiego zakresu zastosowa\u0144 taktycznych, u\u017cytkowych i bojowych, dzi\u0119ki czemu idealnie nadaje si\u0119 do u\u017cytku przez organy \u015bcigania, personel wojskowy i agencje rz\u0105dowe. Kluczowe funkcje:<br \/>\n Konstrukcja OTF o podw\u00f3jnym dzia\u0142aniu obs\u0142ugiwana jedn\u0105 r\u0119k\u0105: Ostrze wsuwa si\u0119 i wysuwa jedn\u0105 r\u0119k\u0105.<br \/>\n R\u0119koje\u015b\u0107: Charakteryzuje si\u0119 ergonomiczn\u0105, \u0142atw\u0105 do chwycenia konstrukcj\u0105 z teksturowan\u0105 powierzchni\u0105 antypo\u015blizgow\u0105 i wstawkami po obu stronach, zapewniaj\u0105cymi doskona\u0142\u0105 kontrol\u0119 i komfort.<br \/>\n Trwa\u0142o\u015b\u0107: Wykonane zgodnie z najwy\u017cszymi standardami niezawodno\u015bci i bezpiecze\u0144stwa, nawet w ekstremalnych sytuacjach.<br \/>\n Zastosowanie: Odpowiedni dla profesjonalist\u00f3w zajmuj\u0105cych si\u0119 egzekwowaniem prawa, operacjami wojskowymi i zadaniami agencji rz\u0105dowych.<br \/>\n Ta wersja Scarab II oferuje tak\u0105 sam\u0105 niezawodno\u015b\u0107 i wydajno\u015b\u0107 jak orygina\u0142, ale z ulepszeniami, kt\u00f3re czyni\u0105 go jeszcze bardziej wszechstronnym i odpowiednim do operacji taktycznych. Microtech Scarab II to jeden z najpopularniejszych i najpot\u0119\u017cniejszych no\u017cy OTF, a model 2023 wprowadza kilka innowacyjnych ulepsze\u0144, zachowuj\u0105c jednocze\u015bnie rozmiar i styl swojego poprzednika. Ten zaktualizowany Scarab II ustanawia nowy standard w technologii OTF (Out the Front). Najwa\u017cniejsze cechy modelu 2023:<br \/>\n Wygl\u0105d zewn\u0119trzny: Scarab II zachowuje klasyczn\u0105 estetyk\u0119 poprzednich generacji, tak\u0105 jak podk\u0142adki trakcyjne, \u015bruba Torx w podwoziu oraz kultowy zbijak do szyb i klips do kieszeni, co czyni go jednym z najbardziej kultowych styl\u00f3w OTF.<br \/>\n Rewolucyjny dwustopniowy uk\u0142ad nap\u0119dowy: ten innowacyjny system zapewnia p\u0142ynne za\u0142\u0105czanie i wysok\u0105 wydajno\u015b\u0107. Konstrukcja z podw\u00f3jn\u0105 spr\u0119\u017cyn\u0105 umo\u017cliwia wysuni\u0119cie ostrza z wystarczaj\u0105c\u0105 si\u0142\u0105, aby utrzyma\u0107 pr\u0119dko\u015b\u0107 i wydajno\u015b\u0107, nawet w warunkach podwodnych.<br \/>\n Zaktualizowana konstrukcja kieszeni na guziki: nowa konstrukcja zmniejsza tarcie i pomaga usun\u0105\u0107 zanieczyszczenia z mechanizmu, zmniejszaj\u0105c potrzeb\u0119 cz\u0119stej konserwacji i czyszczenia. To ulepszenie zwi\u0119ksza niezawodno\u015b\u0107 no\u017ca i \u0142atwo\u015b\u0107 obs\u0142ugi.<br \/>\n Trwa\u0142o\u015b\u0107 i wydajno\u015b\u0107: \u0141\u0105cz\u0105c najnowocze\u015bniejsz\u0105 technologi\u0119 z klasycznym designem Microtech, Scarab II 2023 ustanawia nowy standard w zakresie trwa\u0142ych i trwa\u0142ych no\u017cy OTF, co czyni go idealnym narz\u0119dziem do taktycznego u\u017cytku w ekstremalnych warunkach.<br \/>\n Dzi\u0119ki innowacyjnym funkcjom i ponadczasowemu wzornictwu najnowsza wersja Scarab II jest mocnym i niezawodnym wyborem dla profesjonalist\u00f3w taktycznych.<\/p>\n<p>Oto dane techniczne Microtech Scarab II 2023 (model MT12782T): D\u0142ugo\u015b\u0107 ostrza: 3,875 cala (9,84 cm) Kraw\u0119d\u017a tn\u0105ca: 3,75 cala (9,53 cm) D\u0142ugo\u015b\u0107 w stanie zamkni\u0119tym: 5,75 cala (14,61 cm) D\u0142ugo\u015b\u0107 ca\u0142kowita: 9,625 cala (24,45 cm) ) Stal ostrza: stal nierdzewna B\u00f6hler M390 (znana zapewnia wyj\u0105tkowe zachowanie kraw\u0119dzi i odporno\u015b\u0107 na korozj\u0119) Grubo\u015b\u0107 ostrza: 0,166 cala (4,22 mm) Styl ostrza: Drop Point Szlif ostrza: p\u0142askie Wyko\u0144czenie ostrza: czarny Materia\u0142 r\u0119koje\u015bci: czarne aluminium z ta\u015bm\u0105 trakcyjn\u0105 3M Grubo\u015b\u0107 r\u0119koje\u015bci: 0,5875 cala (1,49 cm) Mechanizm blokuj\u0105cy : Przesuwany klips kieszonkowy : Stal nierdzewna (dwustronny, odporny na zu\u017cycie prawy\/lewy) Waga: 163 g Projektant: Tony Marfione Konstrukcja: konstrukcja ze \u015brub\u0105 Torx<br \/>\n Blood Groove\/Fuller: Tak<br \/>\n Wyprodukowano w USA<br \/>\n Kod UPC: 841768165422<br \/>\n Scarab II \u0142\u0105czy w sobie solidn\u0105 konstrukcj\u0119, precyzyjn\u0105 funkcjonalno\u015b\u0107 i taktyczn\u0105 konstrukcj\u0119, kt\u00f3ra zapewnia niezawodno\u015b\u0107 i \u0142atwo\u015b\u0107 u\u017cycia w wymagaj\u0105cych sytuacjach.<\/p>\n<p>&nbsp;<\/p>\n<p>&nbsp;<\/p>\n","protected":false},"excerpt":{"rendered":"<p><strong>Scarab II \u0142\u0105czy w sobie solidn\u0105 konstrukcj\u0119, precyzyjn\u0105 funkcjonalno\u015b\u0107 i taktyczn\u0105 konstrukcj\u0119, kt\u00f3ra zapewnia niezawodno\u015b\u0107 i \u0142atwo\u015b\u0107 u\u017cycia w wymagaj\u0105cych sytuacjach. Scarab II zosta\u0142 specjalnie zaprojektowany do szerokiego zakresu zastosowa\u0144 taktycznych, u\u017cytkowych i bojowych, dzi\u0119ki czemu idealnie nadaje si\u0119 do u\u017cytku przez organy \u015bcigania, personel wojskowy i agencje rz\u0105dowe. <\/strong><\/p>\n<p><strong>Bezp\u0142atny transport.<\/strong><\/p>\n","protected":false},"featured_media":380009,"comment_status":"open","ping_status":"closed","template":"","meta":[],"pwb-brand":[3279],"product_brand":[],"product_cat":[3296,3344],"product_tag":[],"class_list":{"0":"post-381249","1":"product","2":"type-product","3":"status-publish","4":"has-post-thumbnail","6":"pwb-brand-microtech-pl","7":"product_cat-noze-pl","8":"product_cat-noze-strzeleckie","10":"first","11":"instock","12":"taxable","13":"shipping-taxable","14":"purchasable","15":"product-type-simple"},"brands":[{"id":3279,"name":"Microtech","slug":"microtech-pl"}],"_links":{"self":[{"href":"https:\/\/www.moskito.cz\/pl\/wp-json\/wp\/v2\/product\/381249","targetHints":{"allow":["GET"]}}],"collection":[{"href":"https:\/\/www.moskito.cz\/pl\/wp-json\/wp\/v2\/product"}],"about":[{"href":"https:\/\/www.moskito.cz\/pl\/wp-json\/wp\/v2\/types\/product"}],"replies":[{"embeddable":true,"href":"https:\/\/www.moskito.cz\/pl\/wp-json\/wp\/v2\/comments?post=381249"}],"wp:featuredmedia":[{"embeddable":true,"href":"https:\/\/www.moskito.cz\/pl\/wp-json\/wp\/v2\/media\/380009"}],"wp:attachment":[{"href":"https:\/\/www.moskito.cz\/pl\/wp-json\/wp\/v2\/media?parent=381249"}],"wp:term":[{"taxonomy":"pwb-brand","embeddable":true,"href":"https:\/\/www.moskito.cz\/pl\/wp-json\/wp\/v2\/pwb-brand?post=381249"},{"taxonomy":"product_brand","embeddable":true,"href":"https:\/\/www.moskito.cz\/pl\/wp-json\/wp\/v2\/product_brand?post=381249"},{"taxonomy":"product_cat","embeddable":true,"href":"https:\/\/www.moskito.cz\/pl\/wp-json\/wp\/v2\/product_cat?post=381249"},{"taxonomy":"product_tag","embeddable":true,"href":"https:\/\/www.moskito.cz\/pl\/wp-json\/wp\/v2\/product_tag?post=381249"}],"curies":[{"name":"wp","href":"https:\/\/api.w.org\/{rel}","templated":true}]}}