{"id":381263,"date":"2024-12-02T23:07:02","date_gmt":"2024-12-09T11:51:50","guid":{"rendered":"https:\/\/www.moskito.cz\/produkt\/noz-strzelecki-microtech-hera-ii-apocalyptic-1705-10apod\/"},"modified":"2025-05-07T11:27:18","modified_gmt":"2025-05-07T10:27:18","slug":"noz-strzelecki-microtech-hera-ii-apocalyptic-1705-10apod","status":"publish","type":"product","link":"https:\/\/www.moskito.cz\/pl\/produkt\/noz-strzelecki-microtech-hera-ii-apocalyptic-1705-10apod\/","title":{"rendered":"N\u00f3\u017c strzelecki Microtech Hera II Apocalyptic 1705-10APOD"},"content":{"rendered":"<p>N\u00f3\u017c strzelecki <strong>Microtech<\/strong> Hera II Apocalyptic 1705-10APOD. Hera II Full Size OTF Auto &#8211; OD Green Apocalyptic Standard firmy Microtech to charakterystyczny n\u00f3\u017c automatyczny o podw\u00f3jnym dzia\u0142aniu inspirowany kultowym modelem Troodon. Hera II wyr\u00f3\u017cnia si\u0119 poprawion\u0105 ergonomi\u0105 i misternymi patchworkami na ko\u0144cach r\u0119koje\u015bci, co poprawia zar\u00f3wno chwyt, jak i estetyk\u0119, zwi\u0119kszaj\u0105c og\u00f3lny urok. Jedn\u0105 z najbardziej godnych uwagi cech jest g\u0142\u0119boko wytrawiony uchwyt, kt\u00f3ry zosta\u0142 zaprojektowany bez widocznych element\u00f3w konstrukcyjnych. Ta cecha nadaje no\u017cowi niepowtarzalny artystyczny charakter, zachowuj\u0105c jednocze\u015bnie jego integralno\u015b\u0107 funkcjonaln\u0105. Jedyna widoczna \u015brubka, znajduj\u0105ca si\u0119 z ty\u0142u przy klipsie kieszeniowym, to subtelny element spajaj\u0105cy ca\u0142\u0105 konstrukcj\u0119. Klips jest r\u00f3wnie\u017c dwustronny, dzi\u0119ki czemu n\u00f3\u017c nadaje si\u0119 zar\u00f3wno dla os\u00f3b lewo, jak i prawor\u0119cznych. N\u00f3\u017c ten \u0142\u0105czy w sobie doskona\u0142e rzemios\u0142o z eleganckim i praktycznym designem, kt\u00f3ry zapewnia zar\u00f3wno u\u017cyteczno\u015b\u0107, jak i wyrafinowane wra\u017cenie wizualne. \u201eApokaliptyczna\u201d obr\u00f3bka ostrza zapewnia solidny, charakterystyczny wygl\u0105d, kt\u00f3ry przyczynia si\u0119 do jego trwa\u0142o\u015bci i taktycznego uroku. Hera II jest doskona\u0142ym przyk\u0142adem tego, jak design mo\u017ce bez wysi\u0142ku po\u0142\u0105czy\u0107 wyrafinowanie i funkcjonalno\u015b\u0107, dzi\u0119ki czemu wyr\u00f3\u017cnia si\u0119 jako jeden z najlepszych wszechstronnych no\u017cy automatycznych OTF (Out-the-Front) na wysoce konkurencyjnym rynku. Cho\u0107 cz\u0119sto konkuruje z innymi modelami Microtech OTF, przemy\u015blany projekt Hery naprawd\u0119 go podnosi. Jego rozmiar jest idealnie wywa\u017cony do walki, a jednocze\u015bnie wystarczaj\u0105co cienki, aby mo\u017cna go by\u0142o nosi\u0107 na co dzie\u0144. Forma zosta\u0142a starannie wykonana, aby zapewni\u0107 idealn\u0105 r\u00f3wnowag\u0119 pomi\u0119dzy praktyczno\u015bci\u0105 i stylem, zapewniaj\u0105c, \u017ce Hera dzia\u0142a jako niezawodne narz\u0119dzie, tworz\u0105c jednocze\u015bnie uderzaj\u0105cy efekt wizualny. Dzi\u0119ki doskona\u0142ym szczeg\u00f3\u0142om technicznym i artystycznym Hera jest doskona\u0142ym wyborem dla tych, kt\u00f3rzy ceni\u0105 zar\u00f3wno estetyk\u0119, jak i wydajno\u015b\u0107 w swoich codziennych narz\u0119dziach. To prawdziwy przyk\u0142ad p\u0142ynnej integracji formy i funkcji. Oto dane techniczne MT170510APOD Hera II Full Size OTF Auto: D\u0142ugo\u015b\u0107 ostrza: 10,16 cm Kraw\u0119d\u017a tn\u0105ca: 9,53 cm D\u0142ugo\u015b\u0107 w stanie zamkni\u0119tym: 13,84 cm D\u0142ugo\u015b\u0107 ca\u0142kowita: 24,01 cm Grubo\u015b\u0107 ostrza: 0,34 cm Grubo\u015b\u0107 uchwyt\u00f3w: 1,29 cm Waga: 140,6 g Ostrze ze stali : Stal nierdzewna Bohlera M390MK Styl ostrza : Recurve Szlif ostrza : P\u0142askie Wyko\u0144czenie ostrza : Apokaliptyczny Materia\u0142 r\u0119koje\u015bci : G\u0142\u0119boko trawione aluminium lotnicze i kosmiczne w kolorze zielonym OD Mechanizm blokuj\u0105cy : Kciuk \u015blizgowy<br \/>\n Kieszonkowy klips: tytan (dwustronny, do noszenia na praw\u0105\/lew\u0105 stron\u0119)<br \/>\n Projektanci: Tony i Sean Marfione<br \/>\n Wyprodukowano w USA<br \/>\n Specyfikacje te podkre\u015blaj\u0105 wysok\u0105 jako\u015b\u0107 materia\u0142\u00f3w i dba\u0142o\u015b\u0107 o szczeg\u00f3\u0142y, kt\u00f3re sprawiaj\u0105, \u017ce Hera II wyr\u00f3\u017cnia si\u0119 w kategorii no\u017cy OTF, \u0142\u0105cz\u0105c solidno\u015b\u0107 z elegancj\u0105 i praktyczno\u015bci\u0105.<\/p>\n<p>&nbsp;<\/p>\n<p>&nbsp;<\/p>\n<p>Powiedzia\u0142e\u015b:<\/p>\n","protected":false},"excerpt":{"rendered":"<p><strong>N\u00f3\u017c ten \u0142\u0105czy w sobie doskona\u0142e rzemios\u0142o z eleganckim i praktycznym designem, kt\u00f3ry zapewnia zar\u00f3wno u\u017cyteczno\u015b\u0107, jak i wyrafinowane wra\u017cenie wizualne. \u201eApokaliptyczne\u201d wyko\u0144czenie ostrza zapewnia solidny, charakterystyczny wygl\u0105d, kt\u00f3ry zwi\u0119ksza jego trwa\u0142o\u015b\u0107 i taktyczny urok. <\/strong><\/p>\n<p><strong>Bezp\u0142atny transport.<\/strong><\/p>\n","protected":false},"featured_media":380094,"comment_status":"open","ping_status":"closed","template":"","meta":[],"pwb-brand":[3279],"product_brand":[],"product_cat":[3296,3344],"product_tag":[],"class_list":{"0":"post-381263","1":"product","2":"type-product","3":"status-publish","4":"has-post-thumbnail","6":"pwb-brand-microtech-pl","7":"product_cat-noze-pl","8":"product_cat-noze-strzeleckie","10":"first","11":"instock","12":"sale","13":"taxable","14":"shipping-taxable","15":"purchasable","16":"product-type-simple"},"brands":[{"id":3279,"name":"Microtech","slug":"microtech-pl"}],"_links":{"self":[{"href":"https:\/\/www.moskito.cz\/pl\/wp-json\/wp\/v2\/product\/381263","targetHints":{"allow":["GET"]}}],"collection":[{"href":"https:\/\/www.moskito.cz\/pl\/wp-json\/wp\/v2\/product"}],"about":[{"href":"https:\/\/www.moskito.cz\/pl\/wp-json\/wp\/v2\/types\/product"}],"replies":[{"embeddable":true,"href":"https:\/\/www.moskito.cz\/pl\/wp-json\/wp\/v2\/comments?post=381263"}],"wp:featuredmedia":[{"embeddable":true,"href":"https:\/\/www.moskito.cz\/pl\/wp-json\/wp\/v2\/media\/380094"}],"wp:attachment":[{"href":"https:\/\/www.moskito.cz\/pl\/wp-json\/wp\/v2\/media?parent=381263"}],"wp:term":[{"taxonomy":"pwb-brand","embeddable":true,"href":"https:\/\/www.moskito.cz\/pl\/wp-json\/wp\/v2\/pwb-brand?post=381263"},{"taxonomy":"product_brand","embeddable":true,"href":"https:\/\/www.moskito.cz\/pl\/wp-json\/wp\/v2\/product_brand?post=381263"},{"taxonomy":"product_cat","embeddable":true,"href":"https:\/\/www.moskito.cz\/pl\/wp-json\/wp\/v2\/product_cat?post=381263"},{"taxonomy":"product_tag","embeddable":true,"href":"https:\/\/www.moskito.cz\/pl\/wp-json\/wp\/v2\/product_tag?post=381263"}],"curies":[{"name":"wp","href":"https:\/\/api.w.org\/{rel}","templated":true}]}}