{"id":381271,"date":"2024-12-03T18:01:23","date_gmt":"2024-12-09T11:52:02","guid":{"rendered":"https:\/\/www.moskito.cz\/produkt\/noz-strzelecki-microtech-hera-ii-apocalyptic-1705-10apnc\/"},"modified":"2025-05-07T11:27:19","modified_gmt":"2025-05-07T10:27:19","slug":"noz-strzelecki-microtech-hera-ii-apocalyptic-1705-10apnc","status":"publish","type":"product","link":"https:\/\/www.moskito.cz\/pl\/produkt\/noz-strzelecki-microtech-hera-ii-apocalyptic-1705-10apnc\/","title":{"rendered":"N\u00f3\u017c strzelecki Microtech Hera II Apocalyptic 1705-10APNC"},"content":{"rendered":"<p>N\u00f3\u017c strzelecki <strong>Microtech<\/strong> Hera II Apocalyptic 1705-10APNC. Microtech Hera II to wysoce wyrafinowany n\u00f3\u017c przeznaczony dla mi\u0142o\u015bnik\u00f3w wysokiej jako\u015bci no\u017cy automatycznych, kt\u00f3rzy ceni\u0105 zar\u00f3wno funkcjonalno\u015b\u0107, jak i estetyk\u0119. Model MT170510APNC Hera II Full Size OTF Auto w wariancie Apocalyptic Natural Clear zapewnia nie tylko doskona\u0142y komfort u\u017cytkowania, ale tak\u017ce wyrafinowany design, kt\u00f3ry przyci\u0105ga wzrok ju\u017c na pierwszy rzut oka. Kluczowe funkcje:<br \/>\n Dwuwarstwowy automat OTF (Out-The-Front): Hera II to n\u00f3\u017c z mechanizmem OTF double action, co oznacza, \u017ce \u200b\u200bostrze wysuwa si\u0119 i chowa pod wp\u0142ywem ruchu pojedynczego elementu steruj\u0105cego.<br \/>\n Konstrukcja ramy: Inspiracja modelem Troodon jest wyra\u017ana, ale Hera II oferuje bardziej nowoczesne podej\u015bcie z ulepszon\u0105 ergonomicznie ram\u0105.<br \/>\n Uchwyt jest g\u0142\u0119boko wygrawerowany, a g\u0142adka powierzchnia i brak widocznych \u015brub nadaj\u0105 mu minimalistyczny i stylowy wygl\u0105d.<br \/>\n Ergonomia i chwyt: Na ko\u0144cach r\u0119koje\u015bci znajduj\u0105 si\u0119 obrobione maszynowo \u0142aty, kt\u00f3re nie tylko poprawiaj\u0105 chwyt, ale tak\u017ce wp\u0142ywaj\u0105 na estetyk\u0119.<br \/>\n Dzi\u0119ki tym detalom n\u00f3\u017c doskonale le\u017cy w d\u0142oni i nadaje si\u0119 do d\u0142ugotrwa\u0142ego u\u017cytkowania.<br \/>\n Funkcjonalno\u015b\u0107: Na tylnym ko\u0144cu klipsa kieszeniowego widoczna jest tylko jedna \u015bruba.<br \/>\n Klips kieszeniowy jest dwustronny, co pozwala na obs\u0142ug\u0119 no\u017ca zar\u00f3wno praw\u0105, jak i lew\u0105 r\u0119k\u0105.<br \/>\n Apocalyptic Natural Clear: Wyko\u0144czenie powierzchni w stylu apokaliptycznym nadaje no\u017cowi niepowtarzalny wygl\u0105d, kt\u00f3ry doceni\u0105 szczeg\u00f3lnie kolekcjonerzy i mi\u0142o\u015bnicy no\u017cy taktycznych. Microtech Hera II to prawdziwy okr\u0119t flagowy w\u015br\u00f3d no\u017cy OTF (Out-The-Front), przesuwaj\u0105cy granice \u0142\u0105czenia funkcjonalno\u015bci i estetycznej perfekcji. Model ten jest przyk\u0142adem tego, jak precyzyjna in\u017cynieria i artystyczne wzornictwo mog\u0105 harmonijnie po\u0142\u0105czy\u0107 si\u0119 w instrument, kt\u00f3ry wyr\u00f3\u017cnia si\u0119 pod ka\u017cdym wzgl\u0119dem. Dlaczego wybra\u0107 Her\u0119 II?<br \/>\n Idealny rozmiar:<br \/>\n Hera II zosta\u0142a zaprojektowana tak, aby zapewni\u0107 wytrzyma\u0142o\u015b\u0107 niezb\u0119dn\u0105 do zastosowa\u0144 taktycznych, a jednocze\u015bnie jest smuk\u0142a i wystarczaj\u0105co lekka, aby mo\u017cna j\u0105 by\u0142o nosi\u0107 na co dzie\u0144 (EDC). N\u00f3\u017c ten doskonale r\u00f3wnowa\u017cy praktyczn\u0105 funkcjonalno\u015b\u0107 i stylowy wygl\u0105d. Doskona\u0142a ergonomia:<br \/>\n Kszta\u0142t r\u0119koje\u015bci zosta\u0142 starannie wykonany, aby zapewni\u0107 wygod\u0119 podczas d\u0142ugotrwa\u0142ego u\u017cytkowania, a dopracowane detale zapewniaj\u0105 pewny chwyt w wymagaj\u0105cych warunkach.<\/p>\n<p>D\u0142ugo\u015b\u0107 ostrza: 10,16 cm<br \/>\n Kraw\u0119d\u017a tn\u0105ca: 9,53 cm<br \/>\n D\u0142ugo\u015b\u0107 po zamkni\u0119ciu: 13,84 cm<br \/>\n D\u0142ugo\u015b\u0107 ca\u0142kowita: 24 cm<br \/>\n Stal ostrza: stal nierdzewna Bohler M390MK<br \/>\n Grubo\u015b\u0107 ostrza: 0,34 cm<br \/>\n Styl ostrza: Recurve<br \/>\n Szlif ostrza: p\u0142aski<br \/>\n Wyko\u0144czenie ostrza: Apokaliptyczne<br \/>\n Materia\u0142 r\u0119koje\u015bci: Naturalne, przezroczyste aluminium lotnicze z g\u0142\u0119bokim grawerem<br \/>\n Grubo\u015b\u0107 r\u0105czki: 1,28 cm<br \/>\n Mechanizm blokuj\u0105cy: suwak kciukowy<br \/>\n Kieszonkowy klips: Tytan (sk\u0142adany, noszony w prawo\/lewo)<br \/>\n Waga: 140g<br \/>\n Projektanci: Tony i Sean Marfione<br \/>\n Wyprodukowano w: USA<\/p>\n","protected":false},"excerpt":{"rendered":"<p><strong>Microtech Hera II to prawdziwy okr\u0119t flagowy w\u015br\u00f3d no\u017cy OTF (Out-The-Front), przesuwaj\u0105cy granice \u0142\u0105czenia funkcjonalno\u015bci i estetycznej perfekcji. Model ten jest przyk\u0142adem tego, jak precyzyjna in\u017cynieria i artystyczne wzornictwo mog\u0105 harmonijnie po\u0142\u0105czy\u0107 si\u0119 w instrument, kt\u00f3ry wyr\u00f3\u017cnia si\u0119 pod ka\u017cdym wzgl\u0119dem. <\/strong><\/p>\n<p><strong>Bezp\u0142atny transport.<\/strong><\/p>\n","protected":false},"featured_media":380147,"comment_status":"open","ping_status":"closed","template":"","meta":[],"pwb-brand":[3279],"product_brand":[],"product_cat":[3296,3344],"product_tag":[],"class_list":{"0":"post-381271","1":"product","2":"type-product","3":"status-publish","4":"has-post-thumbnail","6":"pwb-brand-microtech-pl","7":"product_cat-noze-pl","8":"product_cat-noze-strzeleckie","10":"first","11":"outofstock","12":"taxable","13":"shipping-taxable","14":"purchasable","15":"product-type-simple"},"brands":[{"id":3279,"name":"Microtech","slug":"microtech-pl"}],"_links":{"self":[{"href":"https:\/\/www.moskito.cz\/pl\/wp-json\/wp\/v2\/product\/381271","targetHints":{"allow":["GET"]}}],"collection":[{"href":"https:\/\/www.moskito.cz\/pl\/wp-json\/wp\/v2\/product"}],"about":[{"href":"https:\/\/www.moskito.cz\/pl\/wp-json\/wp\/v2\/types\/product"}],"replies":[{"embeddable":true,"href":"https:\/\/www.moskito.cz\/pl\/wp-json\/wp\/v2\/comments?post=381271"}],"wp:featuredmedia":[{"embeddable":true,"href":"https:\/\/www.moskito.cz\/pl\/wp-json\/wp\/v2\/media\/380147"}],"wp:attachment":[{"href":"https:\/\/www.moskito.cz\/pl\/wp-json\/wp\/v2\/media?parent=381271"}],"wp:term":[{"taxonomy":"pwb-brand","embeddable":true,"href":"https:\/\/www.moskito.cz\/pl\/wp-json\/wp\/v2\/pwb-brand?post=381271"},{"taxonomy":"product_brand","embeddable":true,"href":"https:\/\/www.moskito.cz\/pl\/wp-json\/wp\/v2\/product_brand?post=381271"},{"taxonomy":"product_cat","embeddable":true,"href":"https:\/\/www.moskito.cz\/pl\/wp-json\/wp\/v2\/product_cat?post=381271"},{"taxonomy":"product_tag","embeddable":true,"href":"https:\/\/www.moskito.cz\/pl\/wp-json\/wp\/v2\/product_tag?post=381271"}],"curies":[{"name":"wp","href":"https:\/\/api.w.org\/{rel}","templated":true}]}}