{"id":381609,"date":"2024-12-09T21:10:31","date_gmt":"2024-12-09T20:13:38","guid":{"rendered":"https:\/\/www.moskito.cz\/produkt\/noz-strzelecki-microtech-hera-ii-1705-1od\/"},"modified":"2025-05-07T11:27:22","modified_gmt":"2025-05-07T10:27:22","slug":"noz-strzelecki-microtech-hera-ii-1705-1od","status":"publish","type":"product","link":"https:\/\/www.moskito.cz\/pl\/produkt\/noz-strzelecki-microtech-hera-ii-1705-1od\/","title":{"rendered":"N\u00f3\u017c strzelecki Microtech Hera II 1705-1OD"},"content":{"rendered":"<p>N\u00f3\u017c strzelecki <strong>Microtech<\/strong> Hera II 1705-1OD. N\u00f3\u017c strzelecki Microtech Hera II 1705-1OD to nowoczesny i elegancki model OTF (Out-The-Front), kt\u00f3ry wyr\u00f3\u017cnia si\u0119 wyrafinowanym designem, najwy\u017cszej jako\u015bci materia\u0142ami i precyzyjnym wykonaniem. Przeznaczony jest zar\u00f3wno dla kolekcjoner\u00f3w, jak i do u\u017cytku praktycznego, dzi\u0119ki czemu b\u0119dzie doskona\u0142ym dodatkiem do Twojego codziennego wyposa\u017cenia. Dane techniczne i funkcje:<br \/>\n Ostrze: Materia\u0142: Wysokiej jako\u015bci stal M390, kt\u00f3ra ceniona jest za zdolno\u015b\u0107 zachowania ostro\u015bci przez d\u0142ugi czas, wysok\u0105 odporno\u015b\u0107 na zu\u017cycie i korozj\u0119.<br \/>\n Obr\u00f3bka powierzchniowa: Stonewash, kt\u00f3ry maskuje drobne zadrapania i nadaje ostrzu atrakcyjny i funkcjonalny wygl\u0105d.<br \/>\n Kszta\u0142t ostrza: Spear-point \u2013 symetryczny i uniwersalny kszta\u0142t, idealny do precyzyjnych ci\u0119\u0107 i przek\u0142uwania.<br \/>\n D\u0142ugo\u015b\u0107 ostrza: oko\u0142o 8,9 cm<br \/>\n Grubo\u015b\u0107 ostrza: oko\u0142o 0,38 cm<br \/>\n Mechanizm: Mechanizm automatyczny OTF: Umo\u017cliwia szybkie wysuwanie i chowanie ostrza za pomoc\u0105 suwaka. Mechanizm jest niezawodny i \u0142atwy w obs\u0142udze jedn\u0105 r\u0119k\u0105.<br \/>\n R\u0119koje\u015b\u0107: Materia\u0142: stop aluminium 6061-T6, kt\u00f3ry jest lekki, mocny i trwa\u0142y.<br \/>\n Kolor: Zielony OD (oliwkowy) z teksturowan\u0105 powierzchni\u0105 zapewniaj\u0105c\u0105 pewny chwyt.<br \/>\n Konstrukcja: Ergonomiczny kszta\u0142t r\u0119koje\u015bci zapewnia wygodne trzymanie i obs\u0142ug\u0119.<br \/>\n Klips do kieszeni: Dwustronny klips do kieszeni zapewnia \u0142atwe przenoszenie no\u017ca. Konstrukcja jest minimalistyczna, aby nie zak\u0142\u00f3ca\u0107 estetyki no\u017ca.<br \/>\n Wymiary i waga: D\u0142ugo\u015b\u0107 ca\u0142kowita: Oko\u0142o 21 cm<br \/>\n D\u0142ugo\u015b\u0107 no\u017ca zamkni\u0119tego: oko\u0142o 12,1 cm<br \/>\n Waga: oko\u0142o 104g<br \/>\n Inne cechy: Unikalny design: Hera II \u0142\u0105czy eleganck\u0105 estetyk\u0119 z elementami taktycznymi, dzi\u0119ki czemu jest atrakcyjna wizualnie i funkcjonalnie. Trwa\u0142o\u015b\u0107: Wysokiej jako\u015bci materia\u0142y i precyzyjna konstrukcja gwarantuj\u0105 d\u0142ug\u0105 \u017cywotno\u015b\u0107 no\u017ca nawet przy intensywnym u\u017cytkowaniu.<\/p>\n","protected":false},"excerpt":{"rendered":"<p><strong>Hera II jest doskona\u0142ym przyk\u0142adem zaanga\u017cowania Microtech w produkcj\u0119 najnowocze\u015bniejszych, funkcjonalnych i stylowych no\u017cy. Przeznaczony jest dla tych, kt\u00f3rzy ceni\u0105 zar\u00f3wno walory taktyczne, jak i wyrafinowany kunszt swoich narz\u0119dzi.  Niezale\u017cnie od tego, czy jeste\u015b entuzjast\u0105, kolekcjonerem, czy osob\u0105, kt\u00f3ra ceni dok\u0142adno\u015b\u0107 w codziennym noszeniu, Hera II to uderzaj\u0105cy i skuteczny wyb\u00f3r.<\/strong><\/p>\n<p><strong>Bezp\u0142atny transport.<\/strong><\/p>\n","protected":false},"featured_media":381573,"comment_status":"open","ping_status":"closed","template":"","meta":[],"pwb-brand":[3279],"product_brand":[],"product_cat":[3296,3344],"product_tag":[],"class_list":{"0":"post-381609","1":"product","2":"type-product","3":"status-publish","4":"has-post-thumbnail","6":"pwb-brand-microtech-pl","7":"product_cat-noze-pl","8":"product_cat-noze-strzeleckie","10":"first","11":"instock","12":"taxable","13":"shipping-taxable","14":"purchasable","15":"product-type-simple"},"brands":[{"id":3279,"name":"Microtech","slug":"microtech-pl"}],"_links":{"self":[{"href":"https:\/\/www.moskito.cz\/pl\/wp-json\/wp\/v2\/product\/381609","targetHints":{"allow":["GET"]}}],"collection":[{"href":"https:\/\/www.moskito.cz\/pl\/wp-json\/wp\/v2\/product"}],"about":[{"href":"https:\/\/www.moskito.cz\/pl\/wp-json\/wp\/v2\/types\/product"}],"replies":[{"embeddable":true,"href":"https:\/\/www.moskito.cz\/pl\/wp-json\/wp\/v2\/comments?post=381609"}],"wp:featuredmedia":[{"embeddable":true,"href":"https:\/\/www.moskito.cz\/pl\/wp-json\/wp\/v2\/media\/381573"}],"wp:attachment":[{"href":"https:\/\/www.moskito.cz\/pl\/wp-json\/wp\/v2\/media?parent=381609"}],"wp:term":[{"taxonomy":"pwb-brand","embeddable":true,"href":"https:\/\/www.moskito.cz\/pl\/wp-json\/wp\/v2\/pwb-brand?post=381609"},{"taxonomy":"product_brand","embeddable":true,"href":"https:\/\/www.moskito.cz\/pl\/wp-json\/wp\/v2\/product_brand?post=381609"},{"taxonomy":"product_cat","embeddable":true,"href":"https:\/\/www.moskito.cz\/pl\/wp-json\/wp\/v2\/product_cat?post=381609"},{"taxonomy":"product_tag","embeddable":true,"href":"https:\/\/www.moskito.cz\/pl\/wp-json\/wp\/v2\/product_tag?post=381609"}],"curies":[{"name":"wp","href":"https:\/\/api.w.org\/{rel}","templated":true}]}}