{"id":381659,"date":"2024-12-09T21:47:10","date_gmt":"2024-12-09T20:50:23","guid":{"rendered":"https:\/\/www.moskito.cz\/produkt\/noz-zamykajacy-microtech-msi-stonewashed-210t-10pmde30\/"},"modified":"2025-05-07T11:27:23","modified_gmt":"2025-05-07T10:27:23","slug":"noz-zamykajacy-microtech-msi-stonewashed-210t-10pmde30","status":"publish","type":"product","link":"https:\/\/www.moskito.cz\/pl\/produkt\/noz-zamykajacy-microtech-msi-stonewashed-210t-10pmde30\/","title":{"rendered":"N\u00f3\u017c zamykaj\u0105cy Microtech MSI Stonewashed 210T-10PMDE30"},"content":{"rendered":"<p>N\u00f3\u017c zamykaj\u0105cy Microtech MSI Stonewashed 210T-10PMDE30. Microtech MSI (Microtech Standard Issue) Stonewashed Dark Earth 210T-10PMDE30 to nowoczesny n\u00f3\u017c sk\u0142adany stworzony z okazji 30-lecia firmy Microtech Knives. Model ten \u0142\u0105czy w sobie innowacyjn\u0105 technologi\u0119, precyzj\u0119 wykonania i najlepsze materia\u0142y, dzi\u0119ki czemu jest wyj\u0105tkowym wyborem zar\u00f3wno do u\u017cytku codziennego, jak i kolekcjonerskiego. Najwa\u017cniejsze cechy no\u017ca Microtech MSI<br \/>\n 1. Technologia RAM-LOK:<br \/>\n Model ten to pierwszy n\u00f3\u017c firmy Microtech, w kt\u00f3rym zastosowano technologi\u0119 RAM-LOK, czyli solidn\u0105 blokad\u0119 poprzeczn\u0105, zapewniaj\u0105c\u0105 bezpiecze\u0144stwo i p\u0142ynn\u0105 kontrol\u0119 ostrza. RAM-LOK pozwala na \u0142atwe otwieranie ostrza na kilka sposob\u00f3w:<br \/>\n Kciuk: Wyci\u0119cie na ostrzu jest wystarczaj\u0105co du\u017ce, aby mo\u017cna je by\u0142o otworzy\u0107 nawet w r\u0119kawiczkach. Backswing: \u015brodkowe wyci\u0119cie u\u0142atwia szybkie otwieranie \u015brodkowym palcem. Jednym ruchem nadgarstka: Poci\u0105gaj\u0105c za RAM-LOK, ostrze mo\u017cna zwolni\u0107 i otworzy\u0107 jednym ruchem r\u0119ki. 2. Materia\u0142y:<br \/>\n Ostrze: Wykonane ze stali nierdzewnej Bohler M390MK, kt\u00f3ra zapewnia doskona\u0142\u0105 odporno\u015b\u0107 na zu\u017cycie, odporno\u015b\u0107 na korozj\u0119 i d\u0142ug\u0105 \u017cywotno\u015b\u0107 ostrza. R\u0119koje\u015b\u0107: R\u0119koje\u015b\u0107 z wtryskiwanego polimeru w wariancie Earth jest jasna, ciemna i ma lekko lepk\u0105 powierzchni\u0119 zapewniaj\u0105c\u0105 pewny chwyt, zar\u00f3wno w uchwycie standardowym, jak i odwr\u00f3conym. 3. Ergonomia projektu:<br \/>\n Zmodyfikowany styl ostrza Sheepfoot: ten projekt \u0142\u0105czy w sobie si\u0142\u0119 i funkcjonalno\u015b\u0107, idealny do ci\u0119cia i k\u0142ucia. Wyko\u0144czenie typu Stonewashed: Minimalizuje widoczno\u015b\u0107 zadrapa\u0144 i nadaje ostrzu przyzwoity wygl\u0105d. Ergonomiczny uchwyt: Zapewnia komfort podczas d\u0142ugotrwa\u0142ego u\u017cytkowania i pewny chwyt nawet w trudnych warunkach. 4. Uniwersalne zu\u017cycie:<br \/>\n Klips kieszonkowy ze stali nierdzewnej jest dwustronny (dla os\u00f3b prawo- i lewor\u0119cznych), co zwi\u0119ksza wygod\u0119 i praktyczno\u015b\u0107. 5. Warto\u015b\u0107 produkcyjna i kolekcjonerska:<br \/>\n Logo Microtech z okazji 30-lecia firmy Microtech sprawia, \u017ce \u200b\u200bten model jest edycj\u0105 limitowan\u0105, co czyni go nie tylko funkcjonalnym narz\u0119dziem, ale tak\u017ce poszukiwanym przedmiotem kolekcjonerskim. Wyprodukowano w USA z dba\u0142o\u015bci\u0105 o szczeg\u00f3\u0142y i precyzj\u0119.<\/p>\n<p>Dane techniczne:<br \/>\nD\u0142ugo\u015b\u0107 ostrza: 9,85 cm Kraw\u0119d\u017a tn\u0105ca: 8,41 cm D\u0142ugo\u015b\u0107 ca\u0142kowita: 22,7 cm D\u0142ugo\u015b\u0107 po zamkni\u0119ciu: 12,85 cm<\/p>\n<p>Grubo\u015b\u0107 ostrza: 4 mm<br \/>\nMateria\u0142 ostrza : Stal nierdzewna Bohler M390MK Styl ostrza : Zmodyfikowana owcza stopa Szlif ostrza : P\u0142askie Wyko\u0144czenie : Stonewashed Materia\u0142 r\u0119koje\u015bci : Polimer Dark Earth Grubo\u015b\u0107 r\u0119koje\u015bci : 0,545&#8243; (13,8 mm) Mechanizm blokuj\u0105cy: RAM-LOK<br \/>\n Waga: 4,52 uncji (128 g)<br \/>\n Kieszonkowy klips: Dwustronny (do noszenia po lewej i prawej stronie)<br \/>\n Projektant: Tony Marfione<br \/>\n Dlaczego to kupi\u0107? Innowacyjna technologia RAM-LOK: Zapewnia bezpiecze\u0144stwo, \u0142atw\u0105 obs\u0142ug\u0119 i d\u0142ug\u0105 \u017cywotno\u015b\u0107. Materia\u0142y najwy\u017cszej jako\u015bci: ostrze ze stali Bohler M390MK i solidna r\u0119koje\u015b\u0107 z polimeru wytrzymuj\u0105 codzienne i wymagaj\u0105ce warunki. Edycja limitowana: Logo z okazji 30. rocznicy zwi\u0119ksza jego warto\u015b\u0107 kolekcjonersk\u0105.<br \/>\n Wyprodukowano w USA: gwarantuje jako\u015b\u0107, dok\u0142adno\u015b\u0107 i niezawodno\u015b\u0107.<br \/>\n Wszechstronna i ergonomiczna konstrukcja: idealna do zastosowa\u0144 EDC i taktycznych.<br \/>\n Model ten jest idealny dla os\u00f3b poszukuj\u0105cych niezawodnego instrumentu z nowoczesnymi innowacjami i warto\u015bci\u0105 kolekcjonersk\u0105.<\/p>\n","protected":false},"excerpt":{"rendered":"<p><strong>Microtech MSI to idealny wyb\u00f3r dla os\u00f3b poszukuj\u0105cych solidnego, trwa\u0142ego i niezawodnego no\u017ca sk\u0142adanego o nowoczesnym designie i innowacyjnych funkcjach. Niezale\u017cnie od tego, czy u\u017cyjesz go do noszenia na co dzie\u0144, podczas zaj\u0119\u0107 na \u015bwie\u017cym powietrzu, czy jako przedmiot kolekcjonerski, ten model Ci\u0119 nie zawiedzie. <\/strong><\/p>\n<p><strong>Bezp\u0142atny transport.<\/strong><\/p>\n","protected":false},"featured_media":381621,"comment_status":"open","ping_status":"closed","template":"","meta":[],"pwb-brand":[3279],"product_brand":[],"product_cat":[3296,3307],"product_tag":[],"class_list":{"0":"post-381659","1":"product","2":"type-product","3":"status-publish","4":"has-post-thumbnail","6":"pwb-brand-microtech-pl","7":"product_cat-noze-pl","8":"product_cat-zamykanie-nozy","10":"first","11":"instock","12":"taxable","13":"shipping-taxable","14":"purchasable","15":"product-type-simple"},"brands":[{"id":3279,"name":"Microtech","slug":"microtech-pl"}],"_links":{"self":[{"href":"https:\/\/www.moskito.cz\/pl\/wp-json\/wp\/v2\/product\/381659","targetHints":{"allow":["GET"]}}],"collection":[{"href":"https:\/\/www.moskito.cz\/pl\/wp-json\/wp\/v2\/product"}],"about":[{"href":"https:\/\/www.moskito.cz\/pl\/wp-json\/wp\/v2\/types\/product"}],"replies":[{"embeddable":true,"href":"https:\/\/www.moskito.cz\/pl\/wp-json\/wp\/v2\/comments?post=381659"}],"wp:featuredmedia":[{"embeddable":true,"href":"https:\/\/www.moskito.cz\/pl\/wp-json\/wp\/v2\/media\/381621"}],"wp:attachment":[{"href":"https:\/\/www.moskito.cz\/pl\/wp-json\/wp\/v2\/media?parent=381659"}],"wp:term":[{"taxonomy":"pwb-brand","embeddable":true,"href":"https:\/\/www.moskito.cz\/pl\/wp-json\/wp\/v2\/pwb-brand?post=381659"},{"taxonomy":"product_brand","embeddable":true,"href":"https:\/\/www.moskito.cz\/pl\/wp-json\/wp\/v2\/product_brand?post=381659"},{"taxonomy":"product_cat","embeddable":true,"href":"https:\/\/www.moskito.cz\/pl\/wp-json\/wp\/v2\/product_cat?post=381659"},{"taxonomy":"product_tag","embeddable":true,"href":"https:\/\/www.moskito.cz\/pl\/wp-json\/wp\/v2\/product_tag?post=381659"}],"curies":[{"name":"wp","href":"https:\/\/api.w.org\/{rel}","templated":true}]}}