{"id":387213,"date":"2025-01-16T08:47:54","date_gmt":"2025-01-16T07:47:54","guid":{"rendered":"https:\/\/www.moskito.cz\/?post_type=product&#038;p=387213"},"modified":"2025-12-30T10:23:30","modified_gmt":"2025-12-30T09:23:30","slug":"pevny-nuz-benchmade-shane-sibert-adamas-375fe-1","status":"publish","type":"product","link":"https:\/\/www.moskito.cz\/pl\/produkt\/pevny-nuz-benchmade-shane-sibert-adamas-375fe-1\/","title":{"rendered":"Pevn\u00fd N\u016f\u017e Benchmade Shane Sibert Adamas 375FE-1"},"content":{"rendered":"<div class=\"flex-1 overflow-hidden @container\/thread\">\n<div class=\"h-full\">\n<div class=\"react-scroll-to-bottom--css-msusm-79elbk h-full\">\n<div class=\"react-scroll-to-bottom--css-msusm-1n7m0yu\">\n<div class=\"flex flex-col text-sm\">\n<article class=\"w-full scroll-mb-[var(--thread-trailing-height,150px)] text-token-text-primary focus-visible:outline-2 focus-visible:outline-offset-[-4px]\" dir=\"auto\" data-testid=\"conversation-turn-31\" data-scroll-anchor=\"true\">\n<div class=\"m-auto text-base py-[18px] px-3 md:px-4 w-full md:px-5 lg:px-4 xl:px-5\">\n<div class=\"mx-auto flex flex-1 gap-4 text-base md:gap-5 lg:gap-6 md:max-w-3xl\">\n<div class=\"group\/conversation-turn relative flex w-full min-w-0 flex-col agent-turn\">\n<div class=\"flex-col gap-1 md:gap-3\">\n<h1 data-start=\"40\" data-end=\"89\">Pevn\u00fd n\u016f\u017e Benchmade Shane Sibert Adamas 375FE-1<\/h1>\n<p data-start=\"91\" data-end=\"423\">Pevn\u00fd n\u016f\u017e Benchmade Shane Sibert Adamas 375FE-1 je navr\u017een pro extr\u00e9mn\u00ed podm\u00ednky, kde je kladeno d\u016fraz na odolnost, s\u00edlu a spolehlivost. Tento n\u016f\u017e, navr\u017een\u00fd renomovan\u00fdm no\u017e\u00ed\u0159em Shaneem Sibertem, p\u0159edstavuje vrchol americk\u00e9 no\u017e\u00ed\u0159sk\u00e9 v\u00fdroby a je sou\u010d\u00e1st\u00ed presti\u017en\u00ed \u0159ady Adamas, kter\u00e1 je zn\u00e1m\u00e1 svou robustn\u00ed konstrukc\u00ed a spolehlivost\u00ed.<\/p>\n<p data-start=\"425\" data-end=\"787\">S d\u00e9lkou p\u0159es 23 cm a hmotnost\u00ed p\u0159es 160 gram\u016f je Adamas 375FE-1 navr\u017een tak, aby zvl\u00e1dl nejn\u00e1ro\u010dn\u011bj\u0161\u00ed \u00fakoly v ter\u00e9nu. Jeho \u010depel z oceli CPM Cru-Wear s tvrdost\u00ed 63\u201365 HRC zaji\u0161\u0165uje vynikaj\u00edc\u00ed odolnost proti opot\u0159eben\u00ed a dlouhou \u017eivotnost ost\u0159\u00ed. Povrchov\u00e1 \u00faprava Flat Earth Cerakote nejen zlep\u0161uje vzhled no\u017ee, ale tak\u00e9 poskytuje dodate\u010dnou ochranu proti korozi.<\/p>\n<p data-start=\"789\" data-end=\"1095\">Rukoje\u0165 je vyrobena z jednoho kusu oceli, co\u017e zaji\u0161\u0165uje maxim\u00e1ln\u00ed pevnost. Je vybavena otvory pro paracord, co\u017e umo\u017e\u0148uje p\u0159izp\u016fsoben\u00ed d\u00e9lky rukojeti a poskytuje lep\u0161\u00ed \u00fachop. N\u016f\u017e je dod\u00e1v\u00e1n s polymerov\u00fdm pouzdrem Flat Earth PIM Sheath, kter\u00e9 je kompatibiln\u00ed s MOLLE syst\u00e9mem a umo\u017e\u0148uje r\u016fzn\u00e9 zp\u016fsoby no\u0161en\u00ed.<\/p>\n<hr data-start=\"1097\" data-end=\"1100\" \/>\n<h2 data-start=\"1102\" data-end=\"1129\">\ud83d\udd27 Technick\u00e9 specifikace<\/h2>\n<ul data-start=\"1131\" data-end=\"1551\">\n<li data-start=\"1131\" data-end=\"1168\">\n<p data-start=\"1133\" data-end=\"1168\"><strong data-start=\"1133\" data-end=\"1151\">Celkov\u00e1 d\u00e9lka:<\/strong> 9,17&#8243; (233 mm)<\/p>\n<\/li>\n<li data-start=\"1169\" data-end=\"1205\">\n<p data-start=\"1171\" data-end=\"1205\"><strong data-start=\"1171\" data-end=\"1188\">D\u00e9lka \u010depele:<\/strong> 4,20&#8243; (107 mm)<\/p>\n<\/li>\n<li data-start=\"1206\" data-end=\"1246\">\n<p data-start=\"1208\" data-end=\"1246\"><strong data-start=\"1208\" data-end=\"1228\">Tlou\u0161\u0165ka \u010depele:<\/strong> 0,170&#8243; (4,3 mm)<\/p>\n<\/li>\n<li data-start=\"1247\" data-end=\"1309\">\n<p data-start=\"1249\" data-end=\"1309\"><strong data-start=\"1249\" data-end=\"1269\">Materi\u00e1l \u010depele:<\/strong> CPM Cru-Wear ocel (tvrdost 63\u201365 HRC)<\/p>\n<\/li>\n<li data-start=\"1310\" data-end=\"1362\">\n<p data-start=\"1312\" data-end=\"1362\"><strong data-start=\"1312\" data-end=\"1340\">Povrchov\u00e1 \u00faprava \u010depele:<\/strong> Flat Earth Cerakote<\/p>\n<\/li>\n<li data-start=\"1363\" data-end=\"1427\">\n<p data-start=\"1365\" data-end=\"1427\"><strong data-start=\"1365\" data-end=\"1387\">Materi\u00e1l rukojeti:<\/strong> jednod\u00edln\u00e1 ocel s otvory pro paracord<\/p>\n<\/li>\n<li data-start=\"1428\" data-end=\"1455\">\n<p data-start=\"1430\" data-end=\"1455\"><strong data-start=\"1430\" data-end=\"1443\">Hmotnost:<\/strong> cca 160 g<\/p>\n<\/li>\n<li data-start=\"1456\" data-end=\"1528\">\n<p data-start=\"1458\" data-end=\"1528\"><strong data-start=\"1458\" data-end=\"1470\">Pouzdro:<\/strong> polymerov\u00e9 Flat Earth PIM Sheath s kompatibilitou MOLLE<\/p>\n<\/li>\n<li data-start=\"1529\" data-end=\"1551\">\n<p data-start=\"1531\" data-end=\"1551\"><strong data-start=\"1531\" data-end=\"1547\">Zem\u011b p\u016fvodu:<\/strong> USA<\/p>\n<\/li>\n<\/ul>\n<hr data-start=\"1553\" data-end=\"1556\" \/>\n<h2 data-start=\"1558\" data-end=\"1576\">\u2705 Hlavn\u00ed v\u00fdhody<\/h2>\n<ul data-start=\"1578\" data-end=\"2147\">\n<li data-start=\"1578\" data-end=\"1715\">\n<p data-start=\"1580\" data-end=\"1715\"><strong data-start=\"1580\" data-end=\"1600\">Vysok\u00e1 odolnost:<\/strong> Ocel CPM Cru-Wear s tvrdost\u00ed 63\u201365 HRC zaji\u0161\u0165uje vynikaj\u00edc\u00ed odolnost proti opot\u0159eben\u00ed a dlouhou \u017eivotnost ost\u0159\u00ed.<\/p>\n<\/li>\n<li data-start=\"1716\" data-end=\"1845\">\n<p data-start=\"1718\" data-end=\"1845\"><strong data-start=\"1718\" data-end=\"1741\">Ergonomick\u00fd design:<\/strong> Jednod\u00edln\u00e1 rukoje\u0165 s otvory pro paracord poskytuje pevn\u00fd \u00fachop a mo\u017enost p\u0159izp\u016fsoben\u00ed d\u00e9lky rukojeti.<\/p>\n<\/li>\n<li data-start=\"1846\" data-end=\"1952\">\n<p data-start=\"1848\" data-end=\"1952\"><strong data-start=\"1848\" data-end=\"1870\">V\u0161estrann\u00e9 no\u0161en\u00ed:<\/strong> Polymerov\u00e9 pouzdro kompatibiln\u00ed s MOLLE syst\u00e9mem umo\u017e\u0148uje r\u016fzn\u00e9 zp\u016fsoby no\u0161en\u00ed.<\/p>\n<\/li>\n<li data-start=\"1953\" data-end=\"2063\">\n<p data-start=\"1955\" data-end=\"2063\"><strong data-start=\"1955\" data-end=\"1981\">Odolnost proti korozi:<\/strong> Povrchov\u00e1 \u00faprava Flat Earth Cerakote poskytuje dodate\u010dnou ochranu proti korozi.<\/p>\n<\/li>\n<li data-start=\"2064\" data-end=\"2147\">\n<p data-start=\"2066\" data-end=\"2147\"><strong data-start=\"2066\" data-end=\"2085\">Vysok\u00e1 pevnost:<\/strong> Jednod\u00edln\u00e1 konstrukce zaji\u0161\u0165uje maxim\u00e1ln\u00ed pevnost a odolnost.<\/p>\n<\/li>\n<\/ul>\n<hr data-start=\"2149\" data-end=\"2152\" \/>\n<h2 data-start=\"2154\" data-end=\"2173\">\u26a0\ufe0f Mo\u017en\u00e1 omezen\u00ed<\/h2>\n<ul data-start=\"2175\" data-end=\"2444\">\n<li data-start=\"2175\" data-end=\"2258\">\n<p data-start=\"2177\" data-end=\"2258\"><strong data-start=\"2177\" data-end=\"2204\">Specifick\u00fd tvar \u010depele:<\/strong> D\u00fdkov\u00fd tvar nen\u00ed vhodn\u00fd pro b\u011b\u017en\u00e9 ka\u017edodenn\u00ed \u00fakony.<\/p>\n<\/li>\n<li data-start=\"2259\" data-end=\"2352\">\n<p data-start=\"2261\" data-end=\"2352\"><strong data-start=\"2261\" data-end=\"2279\">Ocel Cru-Wear:<\/strong> I kdy\u017e je odoln\u00e1 v\u016f\u010di opot\u0159eben\u00ed, nemus\u00ed b\u00fdt zcela odoln\u00e1 v\u016f\u010di korozi.<\/p>\n<\/li>\n<li data-start=\"2353\" data-end=\"2444\">\n<p data-start=\"2355\" data-end=\"2444\"><strong data-start=\"2355\" data-end=\"2373\">V\u011bt\u0161\u00ed rozm\u011bry:<\/strong> Pro n\u011bkter\u00e9 u\u017eivatele m\u016f\u017ee b\u00fdt n\u016f\u017e p\u0159\u00edli\u0161 velk\u00fd pro ka\u017edodenn\u00ed no\u0161en\u00ed.<\/p>\n<\/li>\n<\/ul>\n<hr data-start=\"2446\" data-end=\"2449\" \/>\n<h2 data-start=\"2451\" data-end=\"2471\">\ud83d\udee0\ufe0f \u00dadr\u017eba a p\u00e9\u010de<\/h2>\n<ul data-start=\"2473\" data-end=\"2871\">\n<li data-start=\"2473\" data-end=\"2563\">\n<p data-start=\"2475\" data-end=\"2563\"><strong data-start=\"2475\" data-end=\"2487\">\u010cistota:<\/strong> Po pou\u017eit\u00ed \u010depel v\u017edy o\u010disti a osu\u0161te, aby se p\u0159ede\u0161lo vlhkosti a korozi.<\/p>\n<\/li>\n<li data-start=\"2564\" data-end=\"2651\">\n<p data-start=\"2566\" data-end=\"2651\"><strong data-start=\"2566\" data-end=\"2585\">\u00dadr\u017eba pouzdra:<\/strong> Pravideln\u011b kontroluj stav pouzdra a zajisti, \u017ee nen\u00ed po\u0161kozen\u00e9.<\/p>\n<\/li>\n<li data-start=\"2652\" data-end=\"2733\">\n<p data-start=\"2654\" data-end=\"2733\"><strong data-start=\"2654\" data-end=\"2669\">Skladov\u00e1n\u00ed:<\/strong> P\u0159i del\u0161\u00edm skladov\u00e1n\u00ed doporu\u010deno lehce promazat \u010depel olejem.<\/p>\n<\/li>\n<li data-start=\"2734\" data-end=\"2871\">\n<p data-start=\"2736\" data-end=\"2871\"><strong data-start=\"2736\" data-end=\"2749\">Brou\u0161en\u00ed:<\/strong> Pro udr\u017een\u00ed ost\u0159\u00ed doporu\u010dujeme <a class=\"decorated-link cursor-pointer\" target=\"_new\" rel=\"noopener\" data-start=\"2781\" data-end=\"2870\">Spyderco Tri-Angle Sharpmaker Complete Sharpening System 204MF<\/a><\/p>\n<\/li>\n<li data-start=\"2734\" data-end=\"2871\">\n<h2 data-start=\"2878\" data-end=\"2898\">\ud83c\udfaf Doporu\u010deno pro<\/h2>\n<ul data-start=\"2900\" data-end=\"3230\">\n<li data-start=\"2900\" data-end=\"2986\">\n<p data-start=\"2902\" data-end=\"2986\"><strong data-start=\"2902\" data-end=\"2941\">Profesion\u00e1ly bezpe\u010dnostn\u00edch slo\u017eek:<\/strong> Ide\u00e1ln\u00ed pro pou\u017eit\u00ed v krizov\u00fdch situac\u00edch.<\/p>\n<\/li>\n<li data-start=\"2987\" data-end=\"3108\">\n<p data-start=\"2989\" data-end=\"3108\"><strong data-start=\"2989\" data-end=\"3038\">Instruktory a studenty sebeobrann\u00fdch syst\u00e9m\u016f:<\/strong> D\u00edky kompatibilit\u011b s MOLLE a n\u00edzk\u00e9mu profilu je vhodn\u00fd pro tr\u00e9nink.<\/p>\n<\/li>\n<li data-start=\"3109\" data-end=\"3230\">\n<p data-start=\"3111\" data-end=\"3230\"><strong data-start=\"3111\" data-end=\"3165\">U\u017eivatel\u00e9 hledaj\u00edc\u00ed diskr\u00e9tn\u00ed a efektivn\u00ed n\u00e1stroj:<\/strong> Pro ty, kte\u0159\u00ed pot\u0159ebuj\u00ed rychl\u00fd p\u0159\u00edstup k no\u017ei v p\u0159\u00edpad\u011b pot\u0159eby.<\/p>\n<\/li>\n<\/ul>\n<hr data-start=\"3232\" data-end=\"3235\" \/>\n<h2 data-start=\"3237\" data-end=\"3261\">\u2b50 Z\u00e1v\u011bre\u010dn\u00e9 hodnocen\u00ed<\/h2>\n<p data-start=\"3263\" data-end=\"3628\">Benchmade Shane Sibert Adamas 375FE-1 je navr\u017een pro ty, kte\u0159\u00ed pot\u0159ebuj\u00ed spolehliv\u00fd a odoln\u00fd n\u00e1stroj pro n\u00e1ro\u010dn\u00e9 \u00fakoly v ter\u00e9nu. Jeho robustn\u00ed konstrukce, kvalitn\u00ed materi\u00e1ly a promy\u0161len\u00fd design z n\u011bj \u010din\u00ed ide\u00e1ln\u00ed volbu pro profesion\u00e1ly i nad\u0161ence do outdoorov\u00fdch aktivit. Pokud hled\u00e1te n\u016f\u017e, kter\u00fd v\u00e1s nezklame v extr\u00e9mn\u00edch podm\u00ednk\u00e1ch, tento model je skv\u011blou volbou.<\/p>\n<hr data-start=\"3630\" data-end=\"3633\" \/>\n<\/li>\n<\/ul>\n<div class=\"pr-2 lg:pr-0\"><\/div>\n<\/div>\n<\/div>\n<\/div>\n<\/div>\n<\/article>\n<\/div>\n<\/div>\n<\/div>\n<\/div>\n<\/div>\n","protected":false},"excerpt":{"rendered":"<p><strong>Benchmade Shane Sibert Adamas 375FE-1 je vynikaj\u00edc\u00ed pevn\u00fd n\u016f\u017e navr\u017een\u00fd pro n\u00e1ro\u010dn\u00e9 \u00fakoly v extr\u00e9mn\u00edch podm\u00ednk\u00e1ch. S kvalitn\u00edmi materi\u00e1ly jako CPM-CruWear ocel a G10 rukoje\u0165 je tento n\u016f\u017e odoln\u00fd, pevn\u00fd a spolehliv\u00fd n\u00e1stroj pro outdoorov\u00e9 a taktick\u00e9 pou\u017eit\u00ed. S jeho robustn\u00ed konstrukc\u00ed a vynikaj\u00edc\u00edmi v\u00fdkonov\u00fdmi vlastnostmi je ide\u00e1ln\u00ed volbou pro vojensk\u00e9, survivalov\u00e9 a outdoorov\u00e9 aktivity, kde je d\u016fle\u017eit\u00e1 s\u00edla, kontrola a dlouh\u00e1 \u017eivotnost no\u017ee.<\/strong><\/p>\n<p><strong>Doprava zdarma.<\/strong><\/p>\n","protected":false},"featured_media":387214,"comment_status":"open","ping_status":"closed","template":"","meta":[],"pwb-brand":[3960],"product_brand":[],"product_cat":[17,23],"product_tag":[],"class_list":{"0":"post-387213","1":"product","2":"type-product","3":"status-publish","4":"has-post-thumbnail","6":"pwb-brand-benchmade","7":"product_cat-noze","8":"product_cat-pevne-noze","10":"first","11":"outofstock","12":"taxable","13":"shipping-taxable","14":"purchasable","15":"product-type-simple"},"brands":[{"id":3960,"name":"Benchmade","slug":"benchmade"}],"_links":{"self":[{"href":"https:\/\/www.moskito.cz\/pl\/wp-json\/wp\/v2\/product\/387213","targetHints":{"allow":["GET"]}}],"collection":[{"href":"https:\/\/www.moskito.cz\/pl\/wp-json\/wp\/v2\/product"}],"about":[{"href":"https:\/\/www.moskito.cz\/pl\/wp-json\/wp\/v2\/types\/product"}],"replies":[{"embeddable":true,"href":"https:\/\/www.moskito.cz\/pl\/wp-json\/wp\/v2\/comments?post=387213"}],"wp:featuredmedia":[{"embeddable":true,"href":"https:\/\/www.moskito.cz\/pl\/wp-json\/wp\/v2\/media\/387214"}],"wp:attachment":[{"href":"https:\/\/www.moskito.cz\/pl\/wp-json\/wp\/v2\/media?parent=387213"}],"wp:term":[{"taxonomy":"pwb-brand","embeddable":true,"href":"https:\/\/www.moskito.cz\/pl\/wp-json\/wp\/v2\/pwb-brand?post=387213"},{"taxonomy":"product_brand","embeddable":true,"href":"https:\/\/www.moskito.cz\/pl\/wp-json\/wp\/v2\/product_brand?post=387213"},{"taxonomy":"product_cat","embeddable":true,"href":"https:\/\/www.moskito.cz\/pl\/wp-json\/wp\/v2\/product_cat?post=387213"},{"taxonomy":"product_tag","embeddable":true,"href":"https:\/\/www.moskito.cz\/pl\/wp-json\/wp\/v2\/product_tag?post=387213"}],"curies":[{"name":"wp","href":"https:\/\/api.w.org\/{rel}","templated":true}]}}