{"id":389008,"date":"2025-01-30T23:20:15","date_gmt":"2025-01-30T22:20:15","guid":{"rendered":"https:\/\/www.moskito.cz\/?post_type=product&#038;p=389008"},"modified":"2025-09-18T14:59:31","modified_gmt":"2025-09-18T13:59:31","slug":"vystrelovaci-nuz-benchmade-claymore-9071bk","status":"publish","type":"product","link":"https:\/\/www.moskito.cz\/pl\/produkt\/vystrelovaci-nuz-benchmade-claymore-9071bk\/","title":{"rendered":"Vyst\u0159elovac\u00ed N\u016f\u017e Benchmade Claymore 9071BK"},"content":{"rendered":"<div class=\"flex max-w-full flex-col flex-grow\">\n<div class=\"min-h-8 text-message flex w-full flex-col items-end gap-2 whitespace-normal break-words text-start [.text-message+&amp;]:mt-5\" dir=\"auto\" data-message-author-role=\"assistant\" data-message-id=\"89acb611-c59d-489b-a401-49e0773e7fca\" data-message-model-slug=\"gpt-4o-mini\">\n<div class=\"flex w-full flex-col gap-1 empty:hidden first:pt-[3px]\">\n<div class=\"markdown prose w-full break-words dark:prose-invert light\">\n<h1 data-start=\"40\" data-end=\"84\">Vyst\u0159elovac\u00ed n\u016f\u017e Benchmade Claymore 9071BK<\/h1>\n<p data-start=\"86\" data-end=\"388\"><strong data-start=\"86\" data-end=\"115\">Benchmade Claymore 9071BK<\/strong> je automatick\u00fd n\u016f\u017e navr\u017een\u00fd pro profesion\u00e1ly, kte\u0159\u00ed vy\u017eaduj\u00ed spolehliv\u00fd a v\u00fdkonn\u00fd n\u00e1stroj. Tento model je sou\u010d\u00e1st\u00ed \u0159ady Claymore, kter\u00e1 byla p\u016fvodn\u011b koncipov\u00e1na pro vojensk\u00e9 a policejn\u00ed slo\u017eky, ale d\u00edky sv\u00e9 v\u0161estrannosti a robustnosti si na\u0161la cestu i k \u0161irok\u00e9 ve\u0159ejnosti.<\/p>\n<p data-start=\"390\" data-end=\"722\">N\u016f\u017e Claymore 9071BK vynik\u00e1 svou konstrukc\u00ed a pou\u017eit\u00fdmi materi\u00e1ly. Je vybaven \u010depel\u00ed z oceli <strong data-start=\"482\" data-end=\"492\">CPM-D2<\/strong> s povrchovou \u00fapravou <strong data-start=\"514\" data-end=\"540\">Cerakote\u00ae Cobalt Black<\/strong>, kter\u00e1 zaji\u0161\u0165uje vynikaj\u00edc\u00ed odolnost proti opot\u0159eben\u00ed a korozi. Ergonomick\u00e1 rukoje\u0165 z texturovan\u00e9ho <strong data-start=\"641\" data-end=\"653\">Grivory\u00ae<\/strong> materi\u00e1lu poskytuje pevn\u00fd a pohodln\u00fd \u00fachop i v n\u00e1ro\u010dn\u00fdch podm\u00ednk\u00e1ch.<\/p>\n<p data-start=\"724\" data-end=\"955\">D\u00edky automatick\u00e9mu mechanismu s tla\u010d\u00edtkov\u00fdm z\u00e1mkem a integrovan\u00fdm bezpe\u010dnostn\u00edm posuvn\u00fdm z\u00e1mkem nab\u00edz\u00ed Claymore 9071BK rychl\u00e9 a bezpe\u010dn\u00e9 otev\u0159en\u00ed. Reverzibiln\u00ed klip na kapsu umo\u017e\u0148uje pohodln\u00e9 no\u0161en\u00ed vpravo i vlevo, v pozici tip-up.<\/p>\n<p data-start=\"957\" data-end=\"1174\">Tento n\u016f\u017e je ide\u00e1ln\u00ed volbou pro ka\u017edodenn\u00ed no\u0161en\u00ed (EDC), taktick\u00e9 operace, outdoorov\u00e9 aktivity i sb\u011bratelsk\u00e9 \u00fa\u010dely. Jeho kombinace kvality, v\u00fdkonu a designu z n\u011bj \u010din\u00ed spolehliv\u00e9ho partnera pro \u0161irokou \u0161k\u00e1lu \u010dinnost\u00ed.<\/p>\n<hr data-start=\"1176\" data-end=\"1179\" \/>\n<h2 data-start=\"1181\" data-end=\"1208\">\ud83d\udd27 Technick\u00e9 specifikace<\/h2>\n<ul data-start=\"1210\" data-end=\"1717\">\n<li data-start=\"1210\" data-end=\"1248\">\n<p data-start=\"1212\" data-end=\"1248\"><strong data-start=\"1212\" data-end=\"1241\">Celkov\u00e1 d\u00e9lka (otev\u0159en\u00fd):<\/strong> 218 mm<\/p>\n<\/li>\n<li data-start=\"1249\" data-end=\"1274\">\n<p data-start=\"1251\" data-end=\"1274\"><strong data-start=\"1251\" data-end=\"1268\">D\u00e9lka \u010depele:<\/strong> 91 mm<\/p>\n<\/li>\n<li data-start=\"1275\" data-end=\"1309\">\n<p data-start=\"1277\" data-end=\"1309\"><strong data-start=\"1277\" data-end=\"1302\">D\u00e9lka zav\u0159en\u00e9ho no\u017ee:<\/strong> 127 mm<\/p>\n<\/li>\n<li data-start=\"1310\" data-end=\"1337\">\n<p data-start=\"1312\" data-end=\"1337\"><strong data-start=\"1312\" data-end=\"1332\">Tlou\u0161\u0165ka \u010depele:<\/strong> 3 mm<\/p>\n<\/li>\n<li data-start=\"1338\" data-end=\"1404\">\n<p data-start=\"1340\" data-end=\"1404\"><strong data-start=\"1340\" data-end=\"1360\">Materi\u00e1l \u010depele:<\/strong> CPM-D2 n\u00e1strojov\u00e1 ocel s tvrdost\u00ed 60\u201362 HRC<\/p>\n<\/li>\n<li data-start=\"1405\" data-end=\"1429\">\n<p data-start=\"1407\" data-end=\"1429\"><strong data-start=\"1407\" data-end=\"1423\">Tvar \u010depele:<\/strong> Tanto<\/p>\n<\/li>\n<li data-start=\"1430\" data-end=\"1475\">\n<p data-start=\"1432\" data-end=\"1475\"><strong data-start=\"1432\" data-end=\"1454\">Materi\u00e1l rukojeti:<\/strong> Texturovan\u00fd Grivory\u00ae<\/p>\n<\/li>\n<li data-start=\"1476\" data-end=\"1545\">\n<p data-start=\"1478\" data-end=\"1545\"><strong data-start=\"1478\" data-end=\"1488\">Z\u00e1mek:<\/strong> Push-button s integrovan\u00fdm bezpe\u010dnostn\u00edm posuvn\u00fdm z\u00e1mkem<\/p>\n<\/li>\n<li data-start=\"1546\" data-end=\"1567\">\n<p data-start=\"1548\" data-end=\"1567\"><strong data-start=\"1548\" data-end=\"1561\">Hmotnost:<\/strong> 109 g<\/p>\n<\/li>\n<li data-start=\"1568\" data-end=\"1621\">\n<p data-start=\"1570\" data-end=\"1621\"><strong data-start=\"1570\" data-end=\"1598\">Povrchov\u00e1 \u00faprava \u010depele:<\/strong> Cerakote\u00ae Cobalt Black<\/p>\n<\/li>\n<li data-start=\"1622\" data-end=\"1696\">\n<p data-start=\"1624\" data-end=\"1696\"><strong data-start=\"1624\" data-end=\"1642\">Klip na kapsu:<\/strong> Reverzibiln\u00ed pro no\u0161en\u00ed vpravo i vlevo, tip-up pozice<\/p>\n<\/li>\n<li data-start=\"1697\" data-end=\"1717\">\n<p data-start=\"1699\" data-end=\"1717\"><strong data-start=\"1699\" data-end=\"1717\">Vyrobeno v USA<\/strong><\/p>\n<\/li>\n<\/ul>\n<hr data-start=\"1719\" data-end=\"1722\" \/>\n<h2 data-start=\"1724\" data-end=\"1747\">\u2705 Kl\u00ed\u010dov\u00e9 vlastnosti<\/h2>\n<ul data-start=\"1749\" data-end=\"2277\">\n<li data-start=\"1749\" data-end=\"1851\">\n<p data-start=\"1751\" data-end=\"1851\"><strong data-start=\"1751\" data-end=\"1782\">Rychl\u00e9 a bezpe\u010dn\u00e9 otev\u0159en\u00ed:<\/strong> Automatick\u00e9 otev\u0159en\u00ed stisknut\u00edm tla\u010d\u00edtka umo\u017e\u0148uje okam\u017eit\u00e9 nasazen\u00ed.<\/p>\n<\/li>\n<li data-start=\"1852\" data-end=\"1966\">\n<p data-start=\"1854\" data-end=\"1966\"><strong data-start=\"1854\" data-end=\"1876\">Ergonomick\u00fd \u00fachop:<\/strong> Texturovan\u00e1 rukoje\u0165 z Grivory\u00ae zaji\u0161\u0165uje pevn\u00fd a pohodln\u00fd \u00fachop i v n\u00e1ro\u010dn\u00fdch podm\u00ednk\u00e1ch.<\/p>\n<\/li>\n<li data-start=\"1967\" data-end=\"2092\">\n<p data-start=\"1969\" data-end=\"2092\"><strong data-start=\"1969\" data-end=\"1986\">Odoln\u00e1 \u010depel:<\/strong> \u010cepel z CPM-D2 oceli s povrchovou \u00fapravou Cerakote\u00ae nab\u00edz\u00ed vynikaj\u00edc\u00ed odolnost proti opot\u0159eben\u00ed a korozi.<\/p>\n<\/li>\n<li data-start=\"2093\" data-end=\"2182\">\n<p data-start=\"2095\" data-end=\"2182\"><strong data-start=\"2095\" data-end=\"2118\">Bezpe\u010dnostn\u00ed z\u00e1mek:<\/strong> Integrovan\u00fd posuvn\u00fd z\u00e1mek zabra\u0148uje necht\u011bn\u00e9mu otev\u0159en\u00ed \u010depele.<\/p>\n<\/li>\n<li data-start=\"2183\" data-end=\"2277\">\n<p data-start=\"2185\" data-end=\"2277\"><strong data-start=\"2185\" data-end=\"2209\">Univerz\u00e1ln\u00ed pou\u017eit\u00ed:<\/strong> Vhodn\u00fd pro ka\u017edodenn\u00ed no\u0161en\u00ed, taktick\u00e9 operace i sb\u011bratelsk\u00e9 \u00fa\u010dely.<\/p>\n<\/li>\n<\/ul>\n<hr data-start=\"2279\" data-end=\"2282\" \/>\n<h2 data-start=\"2284\" data-end=\"2303\">\u26a0\ufe0f Mo\u017en\u00e1 omezen\u00ed<\/h2>\n<ul data-start=\"2305\" data-end=\"2559\">\n<li data-start=\"2305\" data-end=\"2466\">\n<p data-start=\"2307\" data-end=\"2466\"><strong data-start=\"2307\" data-end=\"2326\">Pr\u00e1vn\u00ed omezen\u00ed:<\/strong> Automatick\u00e9 no\u017ee mohou b\u00fdt v n\u011bkter\u00fdch oblastech omezeny nebo zak\u00e1z\u00e1ny. P\u0159ed zakoupen\u00edm se ujist\u011bte o platn\u00fdch p\u0159edpisech ve va\u0161\u00ed lokalit\u011b.<\/p>\n<\/li>\n<li data-start=\"2467\" data-end=\"2559\">\n<p data-start=\"2469\" data-end=\"2559\"><strong data-start=\"2469\" data-end=\"2480\">\u00dadr\u017eba:<\/strong> Pravideln\u00e1 \u00fadr\u017eba a \u010di\u0161t\u011bn\u00ed mechanismu je nezbytn\u00e9 pro dlouhou \u017eivotnost no\u017ee.<\/p>\n<\/li>\n<\/ul>\n<hr data-start=\"2561\" data-end=\"2564\" \/>\n<h2 data-start=\"2566\" data-end=\"2586\">\ud83d\udee0\ufe0f \u00dadr\u017eba a p\u00e9\u010de<\/h2>\n<ul data-start=\"2588\" data-end=\"2885\">\n<li data-start=\"2588\" data-end=\"2681\">\n<p data-start=\"2590\" data-end=\"2681\"><strong data-start=\"2590\" data-end=\"2602\">\u010cistota:<\/strong> Po ka\u017ed\u00e9m pou\u017eit\u00ed n\u016f\u017e o\u010dist\u011bte od ne\u010distot a vlhkosti, aby se p\u0159ede\u0161lo korozi.<\/p>\n<\/li>\n<li data-start=\"2682\" data-end=\"2788\">\n<p data-start=\"2684\" data-end=\"2788\"><strong data-start=\"2684\" data-end=\"2695\">Maz\u00e1n\u00ed:<\/strong> Pravideln\u011b promaz\u00e1vejte mechanismus push-button vhodn\u00fdm olejem pro zaji\u0161t\u011bn\u00ed hladk\u00e9ho chodu.<\/p>\n<\/li>\n<li data-start=\"2789\" data-end=\"2885\">\n<p data-start=\"2791\" data-end=\"2885\"><strong data-start=\"2791\" data-end=\"2804\">Brou\u0161en\u00ed:<\/strong> Pro udr\u017een\u00ed optim\u00e1ln\u00ed ostrosti pou\u017eijte kvalitn\u00ed brousek vhodn\u00fd pro ocel CPM-D2.<\/p>\n<\/li>\n<\/ul>\n<hr data-start=\"2887\" data-end=\"2890\" \/>\n<h2 data-start=\"2892\" data-end=\"2912\">\ud83c\udfaf Doporu\u010deno pro<\/h2>\n<ul data-start=\"2914\" data-end=\"3302\">\n<li data-start=\"2914\" data-end=\"3026\">\n<p data-start=\"2916\" data-end=\"3026\"><strong data-start=\"2916\" data-end=\"2933\">Profesion\u00e1ly:<\/strong> Vhodn\u00fd pro vojensk\u00e9 a policejn\u00ed slo\u017eky vy\u017eaduj\u00edc\u00ed spolehliv\u00fd n\u00e1stroj v n\u00e1ro\u010dn\u00fdch podm\u00ednk\u00e1ch.<\/p>\n<\/li>\n<li data-start=\"3027\" data-end=\"3113\">\n<p data-start=\"3029\" data-end=\"3113\"><strong data-start=\"3029\" data-end=\"3053\">Outdoorov\u00e9 nad\u0161ence:<\/strong> Ide\u00e1ln\u00ed pro kempov\u00e1n\u00ed, turistiku a dal\u0161\u00ed venkovn\u00ed aktivity.<\/p>\n<\/li>\n<li data-start=\"3114\" data-end=\"3201\">\n<p data-start=\"3116\" data-end=\"3201\"><strong data-start=\"3116\" data-end=\"3130\">Sb\u011bratele:<\/strong> D\u00edky kvalitn\u00edmu zpracov\u00e1n\u00ed a designu je atraktivn\u00ed pro sb\u011bratele no\u017e\u016f.<\/p>\n<\/li>\n<li data-start=\"3202\" data-end=\"3302\">\n<p data-start=\"3204\" data-end=\"3302\"><strong data-start=\"3204\" data-end=\"3226\">Ka\u017edodenn\u00ed no\u0161en\u00ed:<\/strong> D\u00edky kompaktn\u00edm rozm\u011br\u016fm a n\u00edzk\u00e9 hmotnosti je vhodn\u00fd pro ka\u017edodenn\u00ed no\u0161en\u00ed.<\/p>\n<\/li>\n<\/ul>\n<hr data-start=\"3304\" data-end=\"3307\" \/>\n<h2 data-start=\"3309\" data-end=\"3333\">\u2b50 Z\u00e1v\u011bre\u010dn\u00e9 hodnocen\u00ed<\/h2>\n<p data-start=\"3335\" data-end=\"3711\"><strong data-start=\"3335\" data-end=\"3364\">Benchmade Claymore 9071BK<\/strong> je vynikaj\u00edc\u00ed volbou pro ty, kte\u0159\u00ed hledaj\u00ed spolehliv\u00fd a odoln\u00fd automatick\u00fd n\u016f\u017e. Spojuje kvalitn\u00ed materi\u00e1ly, precizn\u00ed zpracov\u00e1n\u00ed a inovativn\u00ed design, co\u017e z n\u011bj \u010din\u00ed ide\u00e1ln\u00ed n\u00e1stroj pro \u0161irokou \u0161k\u00e1lu aktivit. Pokud hled\u00e1te n\u016f\u017e, kter\u00fd nab\u00edz\u00ed rychl\u00e9 a bezpe\u010dn\u00e9 otev\u0159en\u00ed, ergonomick\u00fd \u00fachop a vynikaj\u00edc\u00ed v\u00fdkon, Claymore 9071BK je volba, kter\u00e1 nezklame.<\/p>\n<p>&nbsp;<\/p>\n<\/div>\n<\/div>\n<\/div>\n<\/div>\n","protected":false},"excerpt":{"rendered":"<p><strong>Benchmade Claymore 9071BK je vysokokvalitn\u00ed automatick\u00fd n\u016f\u017e s tanto \u010depel\u00ed, kter\u00fd je ide\u00e1ln\u00ed pro taktick\u00e9 pou\u017eit\u00ed, ka\u017edodenn\u00ed no\u0161en\u00ed a outdoorov\u00e9 aktivity. D\u00edky automatick\u00e9mu mechanismu, odoln\u00fdm materi\u00e1l\u016fm a ergonomick\u00e9mu designu je tento n\u016f\u017e spolehliv\u00fdm n\u00e1strojem pro n\u00e1ro\u010dn\u00e9 u\u017eivatele. Pokud hled\u00e1te spolehliv\u00fd a rychl\u00fd n\u016f\u017e pro n\u00e1ro\u010dn\u00e9 \u00fakoly, Claymore 9071BK je vynikaj\u00edc\u00ed volbou.<\/strong><\/p>\n<p><strong>Doprava zdarma.<\/strong><\/p>\n","protected":false},"featured_media":389009,"comment_status":"open","ping_status":"closed","template":"","meta":[],"pwb-brand":[3960],"product_brand":[],"product_cat":[17,2019],"product_tag":[],"class_list":{"0":"post-389008","1":"product","2":"type-product","3":"status-publish","4":"has-post-thumbnail","6":"pwb-brand-benchmade","7":"product_cat-noze","8":"product_cat-vystrelovaci-noze","10":"first","11":"outofstock","12":"taxable","13":"shipping-taxable","14":"purchasable","15":"product-type-simple"},"brands":[{"id":3960,"name":"Benchmade","slug":"benchmade"}],"_links":{"self":[{"href":"https:\/\/www.moskito.cz\/pl\/wp-json\/wp\/v2\/product\/389008","targetHints":{"allow":["GET"]}}],"collection":[{"href":"https:\/\/www.moskito.cz\/pl\/wp-json\/wp\/v2\/product"}],"about":[{"href":"https:\/\/www.moskito.cz\/pl\/wp-json\/wp\/v2\/types\/product"}],"replies":[{"embeddable":true,"href":"https:\/\/www.moskito.cz\/pl\/wp-json\/wp\/v2\/comments?post=389008"}],"wp:featuredmedia":[{"embeddable":true,"href":"https:\/\/www.moskito.cz\/pl\/wp-json\/wp\/v2\/media\/389009"}],"wp:attachment":[{"href":"https:\/\/www.moskito.cz\/pl\/wp-json\/wp\/v2\/media?parent=389008"}],"wp:term":[{"taxonomy":"pwb-brand","embeddable":true,"href":"https:\/\/www.moskito.cz\/pl\/wp-json\/wp\/v2\/pwb-brand?post=389008"},{"taxonomy":"product_brand","embeddable":true,"href":"https:\/\/www.moskito.cz\/pl\/wp-json\/wp\/v2\/product_brand?post=389008"},{"taxonomy":"product_cat","embeddable":true,"href":"https:\/\/www.moskito.cz\/pl\/wp-json\/wp\/v2\/product_cat?post=389008"},{"taxonomy":"product_tag","embeddable":true,"href":"https:\/\/www.moskito.cz\/pl\/wp-json\/wp\/v2\/product_tag?post=389008"}],"curies":[{"name":"wp","href":"https:\/\/api.w.org\/{rel}","templated":true}]}}