{"id":389764,"date":"2025-02-02T17:34:16","date_gmt":"2025-02-02T16:34:16","guid":{"rendered":"https:\/\/www.moskito.cz\/produkt\/noz-do-rzucania-benchmade-claymore-9070bk-1\/"},"modified":"2025-05-07T11:28:08","modified_gmt":"2025-05-07T10:28:08","slug":"noz-do-rzucania-benchmade-claymore-9070bk-1","status":"publish","type":"product","link":"https:\/\/www.moskito.cz\/pl\/produkt\/noz-do-rzucania-benchmade-claymore-9070bk-1\/","title":{"rendered":"N\u00f3\u017c do rzucania Benchmade Claymore 9070BK-1"},"content":{"rendered":"<p>N\u00f3\u017c do rzucania Benchmade Claymore 9070BK-1<\/p>\n<div class=\"flex max-w-full flex-col flex-grow\">\n<div class=\"min-h-8 text-message flex w-full flex-col items-end gap-2 whitespace-normal break-words text-start [.text-message+&amp;]:mt-5\" dir=\"auto\" data-message-author-role=\"assistant\" data-message-id=\"667fa8db-4d6d-4a93-8c9b-7f160fe2d0ce\" data-message-model-slug=\"gpt-4o\">\n<div class=\"flex w-full flex-col gap-1 empty:hidden first:pt-[3px]\">\n<div class=\"markdown prose w-full break-words dark:prose-invert light\">\n<h3><strong>Benchmade Claymore 9070BK-1<\/strong> \u2013 taktyczny n\u00f3\u017c strzelecki<\/h3>\n<p>Benchmade Claymore 9070BK-1 to automatyczny n\u00f3\u017c do rzucania przeznaczony do u\u017cytku profesjonalnego i wojskowego. Solidna konstrukcja, lekki uchwyt i mocne ostrze ze stali CPM-D2 gwarantuj\u0105 niezawodno\u015b\u0107 w trudnych warunkach. Ten model jest udoskonalon\u0105 wersj\u0105 oryginalnego Claymore i charakteryzuje si\u0119 jeszcze wi\u0119ksz\u0105 trwa\u0142o\u015bci\u0105 i wydajno\u015bci\u0105.  <\/p>\n<hr>\n<h3><strong>Specyfikacja techniczna:<\/strong><\/h3>\n<ul>\n<li><strong>Ostrze:<\/strong>\n<ul>\n<li><strong>Materia\u0142:<\/strong> CPM-D2 (p\u00f3\u0142nierdzewna stal narz\u0119dziowa o doskona\u0142ej odporno\u015bci na zu\u017cycie)<\/li>\n<li><strong>D\u0142ugo\u015b\u0107:<\/strong> 3,60&#8243; (91mm)<\/li>\n<li><strong>Grubo\u015b\u0107:<\/strong> 0,114&#8243; (2,9 mm)<\/li>\n<li><strong>Kszta\u0142t:<\/strong> Drop Point \u2013 uniwersalny i solidny kszta\u0142t do szerokiego zakresu zastosowa\u0144<\/li>\n<li><strong>Obr\u00f3bka powierzchni:<\/strong> Cobalt Black Cerakote \u2013 ochrona przed korozj\u0105 i odblaskami<\/li>\n<li><strong>Kraw\u0119d\u017a:<\/strong> G\u0142adka<\/li>\n<\/ul>\n<\/li>\n<li><strong>Uchwyt:<\/strong>\n<ul>\n<li><strong>Materia\u0142:<\/strong> Teksturowany Grivory\u00ae (lekki, wytrzyma\u0142y polimer odporny na ekstremalne warunki)<\/li>\n<li><strong>D\u0142ugo\u015b\u0107 (zamkni\u0119ta):<\/strong> 4,62&#8243; (117 mm)<\/li>\n<li><strong>Kolor:<\/strong> czarny<\/li>\n<li><strong>Ergonomia:<\/strong> Tekstura antypo\u015blizgowa zapewniaj\u0105ca pewny chwyt<\/li>\n<\/ul>\n<\/li>\n<li><strong>Mechanizm:<\/strong>\n<ul>\n<li><strong>Otwieranie:<\/strong> Automatyczne (otwieranie na wcisk)<\/li>\n<li><strong>Blokada:<\/strong> Blokada zanurzeniowa + zatrzask zabezpieczaj\u0105cy<\/li>\n<li><strong>Klips kieszonkowy:<\/strong> dwustronny, g\u0142\u0119boko noszony<\/li>\n<\/ul>\n<\/li>\n<li><strong>D\u0142ugo\u015b\u0107 ca\u0142kowita:<\/strong> 8,60&#8243; (218mm)<\/li>\n<li><strong>Waga:<\/strong> 3,50 uncji (99 g)<\/li>\n<\/ul>\n<hr>\n<h3><strong>Kluczowe w\u0142a\u015bciwo\u015bci:<\/strong><\/h3>\n<p>\u2705  <strong>Ekstremalna trwa\u0142o\u015b\u0107:<\/strong> ostrze CPM-D2 jest wyj\u0105tkowo odporne na zu\u017cycie i d\u0142ugo zachowuje ostro\u015b\u0107<br \/>\n\u2705  <strong>Mechanizm automatyczny:<\/strong> szybkie i p\u0142ynne wysuwanie ostrza za pomoc\u0105 jednego przycisku<br \/>\n\u2705  <strong>Lekka, a zarazem wytrzyma\u0142a konstrukcja:<\/strong> uchwyt Grivory\u00ae gwarantuje wysok\u0105 wytrzyma\u0142o\u015b\u0107 przy minimalnej wadze<br \/>\n\u2705  <strong>Blokada bezpiecze\u0144stwa:<\/strong> Zapobiega przypadkowemu otwarciu no\u017ca podczas przenoszenia.<br \/>\n\u2705  <strong>Taktyczny design:<\/strong> Dyskretny, matowo-czarny design idealny do u\u017cytku profesjonalnego<\/p>\n<hr>\n<h3><strong>U\u017cywa\u0107:<\/strong><\/h3>\n<p>\ud83d\udd39 <strong>Zastosowania taktyczne i wojskowe<\/strong> &#8211; niezawodne narz\u0119dzie dla profesjonalist\u00f3w<br \/>\n\ud83d\udd39 <strong>Everyday Carry (EDC)<\/strong> \u2013 wytrzyma\u0142y i lekki n\u00f3\u017c do codziennych zada\u0144<br \/>\n\ud83d\udd39 <strong>Outdoor i przetrwanie<\/strong> \u2013 nadaje si\u0119 na kemping, w\u0119dr\u00f3wki i sytuacje przetrwania<br \/>\n\ud83d\udd39 <strong>Cele ratownicze i obronne<\/strong> &#8211; szybkie rozmieszczenie w sytuacjach kryzysowych <\/p>\n<hr>\n<h3><strong>Zalety i wady:<\/strong><\/h3>\n<p>\u2714 <strong>Korzy\u015bci:<\/strong><br \/>\n \u2705 Solidna i trwa\u0142a konstrukcja<br \/>\n\u2705 Automatyczne wystrzeliwanie ostrza<br \/>\n\u2705 Doskona\u0142e utrzymanie kraw\u0119dzi dzi\u0119ki stali CPM-D2<br \/>\n\u2705 Lekki i ergonomiczny uchwyt<br \/>\n\u2705 Dwustronny klips kieszonkowy<\/p>\n<p>\u274c <strong>Wady:<\/strong><br \/>\n \u26d4 Wy\u017csza cena ze wzgl\u0119du na u\u017cyte materia\u0142y premium<br \/>\n \u26d4 No\u017ce automatyczne mog\u0105 by\u0107 prawnie ograniczone w niekt\u00f3rych regionach<br \/>\n \u26d4 Stal D2 nie jest w pe\u0142ni nierdzewna \u2013 wymaga regularnej konserwacji<\/p>\n<hr>\n<h3><strong>Wniosek:<\/strong><\/h3>\n<p>Benchmade Claymore 9070BK-1 to najwy\u017cszej jako\u015bci n\u00f3\u017c automatyczny, kt\u00f3ry \u0142\u0105czy w sobie wyj\u0105tkow\u0105 wytrzyma\u0142o\u015b\u0107, lekk\u0105 konstrukcj\u0119 i niezawodny mechanizm. Idealnie nadaje si\u0119 do u\u017cytku militarnego, taktycznego i codziennego. Je\u015bli szukasz solidnego no\u017ca sk\u0142adanego, kt\u00f3ry nie zawiedzie Ci\u0119 w \u017cadnej sytuacji, ten model b\u0119dzie \u015bwietnym wyborem.  <\/p>\n<\/div>\n<\/div>\n<\/div>\n<\/div>\n","protected":false},"excerpt":{"rendered":"<p><strong>Benchmade Claymore 9070BK-1 to najwy\u017cszej jako\u015bci n\u00f3\u017c automatyczny, kt\u00f3ry \u0142\u0105czy w sobie wyj\u0105tkow\u0105 wytrzyma\u0142o\u015b\u0107, lekk\u0105 konstrukcj\u0119 i niezawodny mechanizm. Idealnie nadaje si\u0119 do u\u017cytku militarnego, taktycznego i codziennego. Je\u015bli szukasz solidnego no\u017ca sk\u0142adanego, kt\u00f3ry nie zawiedzie Ci\u0119 w \u017cadnej sytuacji, ten model b\u0119dzie \u015bwietnym wyborem.  <\/strong><\/p>\n<p><strong>Bezp\u0142atny transport.<\/strong><\/p>\n","protected":false},"featured_media":389562,"comment_status":"open","ping_status":"closed","template":"","meta":[],"pwb-brand":[3980],"product_brand":[],"product_cat":[3296,3344],"product_tag":[],"class_list":{"0":"post-389764","1":"product","2":"type-product","3":"status-publish","4":"has-post-thumbnail","6":"pwb-brand-wykonany-na-stanowisku","7":"product_cat-noze-pl","8":"product_cat-noze-strzeleckie","10":"first","11":"instock","12":"taxable","13":"shipping-taxable","14":"purchasable","15":"product-type-simple"},"brands":[{"id":3980,"name":"Wykonany na stanowisku","slug":"wykonany-na-stanowisku"}],"_links":{"self":[{"href":"https:\/\/www.moskito.cz\/pl\/wp-json\/wp\/v2\/product\/389764","targetHints":{"allow":["GET"]}}],"collection":[{"href":"https:\/\/www.moskito.cz\/pl\/wp-json\/wp\/v2\/product"}],"about":[{"href":"https:\/\/www.moskito.cz\/pl\/wp-json\/wp\/v2\/types\/product"}],"replies":[{"embeddable":true,"href":"https:\/\/www.moskito.cz\/pl\/wp-json\/wp\/v2\/comments?post=389764"}],"wp:featuredmedia":[{"embeddable":true,"href":"https:\/\/www.moskito.cz\/pl\/wp-json\/wp\/v2\/media\/389562"}],"wp:attachment":[{"href":"https:\/\/www.moskito.cz\/pl\/wp-json\/wp\/v2\/media?parent=389764"}],"wp:term":[{"taxonomy":"pwb-brand","embeddable":true,"href":"https:\/\/www.moskito.cz\/pl\/wp-json\/wp\/v2\/pwb-brand?post=389764"},{"taxonomy":"product_brand","embeddable":true,"href":"https:\/\/www.moskito.cz\/pl\/wp-json\/wp\/v2\/product_brand?post=389764"},{"taxonomy":"product_cat","embeddable":true,"href":"https:\/\/www.moskito.cz\/pl\/wp-json\/wp\/v2\/product_cat?post=389764"},{"taxonomy":"product_tag","embeddable":true,"href":"https:\/\/www.moskito.cz\/pl\/wp-json\/wp\/v2\/product_tag?post=389764"}],"curies":[{"name":"wp","href":"https:\/\/api.w.org\/{rel}","templated":true}]}}