{"id":389842,"date":"2025-02-06T18:20:54","date_gmt":"2025-02-06T17:41:34","guid":{"rendered":"https:\/\/www.moskito.cz\/produkt\/noz-skladany-pro-tech-2025-shot-oligarch-1\/"},"modified":"2025-05-07T11:28:10","modified_gmt":"2025-05-07T10:28:10","slug":"noz-skladany-pro-tech-2025-shot-oligarch-1","status":"publish","type":"product","link":"https:\/\/www.moskito.cz\/pl\/produkt\/noz-skladany-pro-tech-2025-shot-oligarch-1\/","title":{"rendered":"N\u00f3\u017c sk\u0142adany Pro-Tech 2025 SHOT Oligarch 1"},"content":{"rendered":"<p>N\u00f3\u017c sk\u0142adany Pro-Tech 2025 SHOT Oligarch 1<\/p>\n<h3><strong><span>N\u00f3\u017c sk\u0142adany Pro-Tech 2025 SHOT Oligarch 1<\/span><\/strong><\/h3>\n<p><span>\ud83d\udd2a<\/span> <strong><span>Pro-Tech 2025 SHOT Oligarcha 1<\/span><\/strong><span>  to najwy\u017cszej jako\u015bci ameryka\u0144ski n\u00f3\u017c sk\u0142adany, \u0142\u0105cz\u0105cy w sobie nowoczesny design, materia\u0142y najwy\u017cszej jako\u015bci i precyzyjne wykonanie. Model ten zosta\u0142 zaprezentowany na targach SHOT Show 2025 i stanowi szczyt oferty Pro-Tech \u2013 jest elegancki, wydajny i stanowi przedmiot kolekcjonerski. <\/span><\/p>\n<hr>\n<h3><strong><span>Specyfikacja techniczna:<\/span><\/strong><\/h3>\n<p><span>\ud83d\udd2a<\/span> <strong><span>Ostrze:<\/span><\/strong><\/p>\n<ul>\n<li><strong><span>D\u0142ugo\u015b\u0107<\/span><\/strong> <span>: 3,75\u2033 (9,5 cm) \u2013 idealny rozmiar do codziennego noszenia i do u\u017cytku taktycznego<\/span><\/li>\n<li><strong><span>Materia\u0142<\/span><\/strong> <span>: CPM-MagnaCut \u2013 doskona\u0142a wydajno\u015b\u0107 ci\u0119cia, odporno\u015b\u0107 na korozj\u0119 i wysoka wytrzyma\u0142o\u015b\u0107<\/span><\/li>\n<li><strong><span>Kszta\u0142t<\/span><\/strong> <span>: Modyfikowany Tanto \/ Drop Point \u2013 maksymalna wszechstronno\u015b\u0107 i wytrzyma\u0142o\u015b\u0107 ko\u0144c\u00f3wki<\/span><\/li>\n<li><strong><span>Wyko\u0144czenie powierzchni<\/span><\/strong> <span>: Satyna \/ pow\u0142oka DLC \u2013 elegancka i niezwykle trwa\u0142a opcja<\/span><\/li>\n<\/ul>\n<p><span>\ud83d\udd90<\/span> <strong><span>Uchwyt:<\/span><\/strong><\/p>\n<ul>\n<li><strong><span>Materia\u0142<\/span><\/strong> <span>: Tytan \/ anodowane aluminium z wstawkami z w\u0142\u00f3kna w\u0119glowego lub mokume-gane<\/span><\/li>\n<li><strong><span>Ergonomia<\/span><\/strong> <span>: Dobrze zaprojektowany kszta\u0142t zapewniaj\u0105cy maksymalny komfort i pewny chwyt<\/span><\/li>\n<li><strong><span>D\u0142ugo\u015b\u0107 po z\u0142o\u017ceniu<\/span><\/strong> <span>: 4,75\u2033 (12 cm)<\/span><\/li>\n<li><strong><span>Klips kieszonkowy<\/span><\/strong> <span>: G\u0142\u0119boko osadzony tytanowy klips do dyskretnego noszenia<\/span><\/li>\n<\/ul>\n<p><span>\u2699<\/span> <strong><span>Mechanizm:<\/span><\/strong><\/p>\n<ul>\n<li><strong><span>Otwieranie<\/span><\/strong> <span>: Mechanizm automatyczny (strzelaj\u0105cy) z przyciskiem<\/span><\/li>\n<li><strong><span>Blokada<\/span><\/strong> <span>: Solidna blokada przyciskowa o maksymalnej wytrzyma\u0142o\u015bci i niezawodno\u015bci<\/span><\/li>\n<\/ul>\n<p><span>\u2696<\/span> <strong><span>Waga:<\/span><\/strong><\/p>\n<ul>\n<li><span>Oko\u0142o 4,8 uncji (136 g) \u2013 solidna konstrukcja bez zb\u0119dnego ci\u0119\u017caru<\/span><\/li>\n<\/ul>\n<p><span>\ud83d\udccc<\/span> <strong><span>Inne funkcje:<\/span><\/strong><br \/>\n <span>\u2714<\/span> <strong><span>Materia\u0142y najwy\u017cszej jako\u015bci i staranne wykonanie<\/span><\/strong><br \/>\n <span>\u2714<\/span> <strong><span>P\u0142ynna i precyzyjna mechanika \u2013 kultowa jako\u015b\u0107 Pro-Tech<\/span><\/strong><br \/>\n <span>\u2714<\/span> <strong><span>Edycja limitowana \u2013 dost\u0119pna tylko w du\u017cych ilo\u015bciach<\/span><\/strong><\/p>\n<hr>\n<h3><strong><span>Kluczowe w\u0142a\u015bciwo\u015bci:<\/span><\/strong><\/h3>\n<p><span>\u2705<\/span> <strong><span>Wysokiej jako\u015bci stal ostrza MagnaCut<\/span><\/strong> <span>\u2013 najwy\u017csza wydajno\u015b\u0107 i trwa\u0142o\u015b\u0107<\/span><br \/>\n<span>\u2705<\/span> <strong><span>Luksusowy design i wyko\u0144czenie<\/span><\/strong> <span>\u2013 po\u0142\u0105czenie elegancji i funkcjonalno\u015bci<\/span><br \/>\n<span>\u2705<\/span> <strong><span>Szybkie i niezawodne otwieranie<\/span><\/strong> <span>&#8211; precyzyjny mechanizm wyrzutu<\/span><br \/>\n<span>\u2705<\/span> <strong><span>Warto\u015b\u0107 kolekcjonerska<\/span><\/strong> <span>&#8211; ekskluzywny model dla prawdziwych pasjonat\u00f3w<\/span><\/p>\n<hr>\n<h3><strong><span>U\u017cywa\u0107:<\/span><\/strong><\/h3>\n<p><span>\ud83c\udfaf<\/span> <strong><span>Zastosowanie taktyczne i obronne<\/span><\/strong> <span>\u2013 szybkie dzia\u0142anie i wytrzyma\u0142o\u015b\u0107 w wymagaj\u0105cych sytuacjach<\/span><br \/>\n<span>\ud83c\udfd5<\/span> <strong><span>Do noszenia na co dzie\u0144 i na \u015bwie\u017cym powietrzu (EDC)<\/span><\/strong> <span>\u2013 idealny rozmiar i materia\u0142y do \u200b\u200bcodziennej pracy<\/span><br \/>\n<span>\ud83d\udd2a<\/span> <strong><span>Pere\u0142ka kolekcjonerska<\/span><\/strong> <span>\u2013 unikatowy model o ograniczonej dost\u0119pno\u015bci<\/span><\/p>\n<hr>\n<h3><strong><span>Zalety i wady:<\/span><\/strong><\/h3>\n<p><span>\u2705<\/span> <strong><span>Korzy\u015bci:<\/span><\/strong><br \/>\n<span>  \u2714 Najwy\u017cszej klasy ostrze z doskona\u0142ym utrzymywaniem ostro\u015bci  <\/span><br \/>\n<span>\u2714 Luksusowy i precyzyjnie wykonany uchwyt  <\/span><br \/>\n<span>\u2714 Niezawodny i szybki mechanizm automatyczny  <\/span><br \/>\n<span>\u2714 Ekskluzywna, limitowana edycja<\/span><\/p>\n<p><span>\u274c<\/span> <strong><span>Wady:<\/span><\/strong><br \/>\n<span>  \u2716 Wysoka cena odpowiadaj\u0105ca jako\u015bci i ekskluzywno\u015bci  <\/span><br \/>\n<span>\u2716 Dost\u0119pno\u015b\u0107 ograniczona \u2013 edycja limitowana mo\u017ce zosta\u0107 wydana wkr\u00f3tce<\/span><\/p>\n<hr>\n<h3><strong><span>wniosek:<\/span><\/strong><\/h3>\n<p><strong><span>Pro-Tech 2025 SHOT Oligarch 1<\/span><\/strong> <span>to najwy\u017cszej klasy n\u00f3\u017c sk\u0142adany, kt\u00f3ry przypadnie do gustu nie tylko wymagaj\u0105cym u\u017cytkownikom, ale tak\u017ce kolekcjonerom poszukuj\u0105cym wyj\u0105tkowego egzemplarza wykonanego z najwy\u017cszej klasy materia\u0142\u00f3w i z precyzj\u0105 wykonania. Po\u0142\u0105czenie najwy\u017cszej jako\u015bci stali, wyrafinowanego designu i niezawodnego mechanizmu sprawia, \u017ce \u200b\u200bmodel ten jest jednym z najlepszych no\u017cy, jakie kiedykolwiek wyprodukowa\u0142a firma Pro-Tech. \ud83d\udd25<\/span><\/p>\n<p>&nbsp;<\/p>\n","protected":false},"excerpt":{"rendered":"<p><strong>Pro-Tech 2025 SHOT Oligarch 1 to najwy\u017cszej klasy n\u00f3\u017c sk\u0142adany, kt\u00f3ry przypadnie do gustu nie tylko wymagaj\u0105cym u\u017cytkownikom, ale tak\u017ce kolekcjonerom poszukuj\u0105cym wyj\u0105tkowego egzemplarza wykonanego z najwy\u017cszej klasy materia\u0142\u00f3w i z precyzj\u0105 wykonania. Po\u0142\u0105czenie najwy\u017cszej jako\u015bci stali, wyrafinowanego designu i niezawodnego mechanizmu sprawia, \u017ce \u200b\u200bmodel ten jest jednym z najlepszych no\u017cy, jakie kiedykolwiek wyprodukowa\u0142a firma Pro-Tech. \ud83d\udd25<\/strong><\/p>\n<p> <strong>Darmowa wysy\u0142ka.<\/strong><\/p>\n","protected":false},"featured_media":389778,"comment_status":"open","ping_status":"closed","template":"","meta":[],"pwb-brand":[3819],"product_brand":[],"product_cat":[3296,3307],"product_tag":[],"class_list":{"0":"post-389842","1":"product","2":"type-product","3":"status-publish","4":"has-post-thumbnail","6":"pwb-brand-dla-tech","7":"product_cat-noze-pl","8":"product_cat-zamykanie-nozy","10":"first","11":"outofstock","12":"taxable","13":"shipping-taxable","14":"purchasable","15":"product-type-simple"},"brands":[{"id":3819,"name":"Dla Tech","slug":"dla-tech"}],"_links":{"self":[{"href":"https:\/\/www.moskito.cz\/pl\/wp-json\/wp\/v2\/product\/389842","targetHints":{"allow":["GET"]}}],"collection":[{"href":"https:\/\/www.moskito.cz\/pl\/wp-json\/wp\/v2\/product"}],"about":[{"href":"https:\/\/www.moskito.cz\/pl\/wp-json\/wp\/v2\/types\/product"}],"replies":[{"embeddable":true,"href":"https:\/\/www.moskito.cz\/pl\/wp-json\/wp\/v2\/comments?post=389842"}],"wp:featuredmedia":[{"embeddable":true,"href":"https:\/\/www.moskito.cz\/pl\/wp-json\/wp\/v2\/media\/389778"}],"wp:attachment":[{"href":"https:\/\/www.moskito.cz\/pl\/wp-json\/wp\/v2\/media?parent=389842"}],"wp:term":[{"taxonomy":"pwb-brand","embeddable":true,"href":"https:\/\/www.moskito.cz\/pl\/wp-json\/wp\/v2\/pwb-brand?post=389842"},{"taxonomy":"product_brand","embeddable":true,"href":"https:\/\/www.moskito.cz\/pl\/wp-json\/wp\/v2\/product_brand?post=389842"},{"taxonomy":"product_cat","embeddable":true,"href":"https:\/\/www.moskito.cz\/pl\/wp-json\/wp\/v2\/product_cat?post=389842"},{"taxonomy":"product_tag","embeddable":true,"href":"https:\/\/www.moskito.cz\/pl\/wp-json\/wp\/v2\/product_tag?post=389842"}],"curies":[{"name":"wp","href":"https:\/\/api.w.org\/{rel}","templated":true}]}}