{"id":389852,"date":"2025-02-06T18:39:54","date_gmt":"2025-02-06T17:42:11","guid":{"rendered":"https:\/\/www.moskito.cz\/produkt\/noz-do-rzucania-pro-tech-2025-shot-tr-2-1\/"},"modified":"2025-05-07T11:28:13","modified_gmt":"2025-05-07T10:28:13","slug":"noz-do-rzucania-pro-tech-2025-shot-tr-2-1","status":"publish","type":"product","link":"https:\/\/www.moskito.cz\/pl\/produkt\/noz-do-rzucania-pro-tech-2025-shot-tr-2-1\/","title":{"rendered":"N\u00f3\u017c do rzucania Pro-Tech 2025 SHOT TR-2.1"},"content":{"rendered":"<p>N\u00f3\u017c do rzucania Pro-Tech 2025 SHOT TR-2.1<\/p>\n<h3 data-pm-slice=\"1 1 []\"><strong>N\u00f3\u017c do rzucania Pro-Tech 2025 SHOT TR-2.1<\/strong><\/h3>\n<p>\ud83d\udd2a <strong>Pro-Tech 2025 SHOT TR-2.1<\/strong> to najwy\u017cszej jako\u015bci n\u00f3\u017c automatyczny, kt\u00f3ry \u0142\u0105czy w sobie precyzj\u0119 ameryka\u0144skiego wykonania, wysokiej jako\u015bci materia\u0142y i niezawodny mechanizm strzelania. Model ten zosta\u0142 zaprezentowany na targach <strong>SHOT Show 2025<\/strong> i jest cz\u0119\u015bci\u0105 legendarnej serii Tactical Response (TR), kt\u00f3ra zyska\u0142a popularno\u015b\u0107 zar\u00f3wno w\u015br\u00f3d profesjonalist\u00f3w, jak i mi\u0142o\u015bnik\u00f3w no\u017cy. <\/p>\n<div>\n<hr>\n<\/div>\n<h3><strong>Specyfikacja techniczna:<\/strong><\/h3>\n<p>\ud83d\udd2a  <strong>Ostrze:<\/strong><\/p>\n<ul data-spread=\"false\">\n<li><strong>D\u0142ugo\u015b\u0107<\/strong> : 3,5\u2033 (8,9 cm) \u2013 idealny rozmiar do zastosowa\u0144 taktycznych i EDC (codziennego noszenia)<\/li>\n<li><strong>Materia\u0142<\/strong> : <strong>CPM-MagnaCut<\/strong> \u2013 najnowocze\u015bniejsza stal nierdzewna o doskona\u0142ej trwa\u0142o\u015bci i d\u0142ugim utrzymywaniu kraw\u0119dzi<\/li>\n<li><strong>Kszta\u0142t<\/strong> : <strong>Spear Point \/ Drop Point<\/strong> \u2013 wywa\u017cone ostrze odpowiednie do r\u00f3\u017cnych zada\u0144<\/li>\n<li><strong>Obr\u00f3bka powierzchni<\/strong> : DLC (Diamond-Like Carbon) lub stonewash dla zwi\u0119kszenia odporno\u015bci na korozj\u0119 i zu\u017cycie<\/li>\n<\/ul>\n<p>\ud83d\udd90 <strong>Uchwyt:<\/strong><\/p>\n<ul data-spread=\"false\">\n<li><strong>Materia\u0142<\/strong> : <strong>anodowane aluminium 6061-T6<\/strong> &#8211; lekka, ale niezwykle wytrzyma\u0142a konstrukcja<\/li>\n<li><strong>Tekstura<\/strong> : Wyko\u0144czenie antypo\u015blizgowe zapewniaj\u0105ce pewny chwyt<\/li>\n<li><strong>D\u0142ugo\u015b\u0107 po z\u0142o\u017ceniu<\/strong> : 4,5\u2033 (11,4 cm)<\/li>\n<li><strong>Klips kieszonkowy<\/strong> : G\u0142\u0119boki klips do wygodnego i dyskretnego noszenia<\/li>\n<\/ul>\n<p>\u2699 <strong>Mechanizm:<\/strong><\/p>\n<ul data-spread=\"false\">\n<li><strong>Otwieranie<\/strong> : <strong>Automatyczny mechanizm wysuwania<\/strong> \u2013 precyzyjne i niezwykle szybkie otwieranie za naci\u015bni\u0119ciem przycisku<\/li>\n<li><strong>Blokada<\/strong> : <strong>Solidna blokada przyciskowa<\/strong> zapewniaj\u0105ca maksymalne bezpiecze\u0144stwo i niezawodno\u015b\u0107<\/li>\n<\/ul>\n<p>\u2696 <strong>Waga:<\/strong><\/p>\n<ul data-spread=\"false\">\n<li>Oko\u0142o <strong>3,6 uncji (102 g)<\/strong> \u2013 idealna r\u00f3wnowaga mi\u0119dzy wytrzyma\u0142o\u015bci\u0105 a lekko\u015bci\u0105<\/li>\n<\/ul>\n<p>\ud83d\udccc <strong>Inne funkcje:<\/strong><br \/>\n \u2714 <strong>Perfekcyjne wykonanie i p\u0142ynna mechanika<\/strong><br \/>\n \u2714 <strong>Odporno\u015b\u0107 na korozj\u0119 i zu\u017cycie dzi\u0119ki materia\u0142om najwy\u017cszej jako\u015bci<\/strong><br \/>\n \u2714 <strong>Nowoczesny i taktyczny design z wyrafinowanymi detalami<\/strong><br \/>\n \u2714 <strong>Ekskluzywna edycja SHOT Show 2025 \u2013 Edycja limitowana<\/strong><\/p>\n<div>\n<hr>\n<\/div>\n<h3><strong>Kluczowe w\u0142a\u015bciwo\u015bci:<\/strong><\/h3>\n<p>\u2705  <strong>Najwy\u017cszej klasy ostrze MagnaCut<\/strong> \u2013 ekstremalna ostro\u015b\u0107 i d\u0142uga \u017cywotno\u015b\u0107<br \/>\n\u2705  <strong>Ergonomiczny uchwyt<\/strong> \u2013 bezpieczny i wygodny chwyt<br \/>\n\u2705  <strong>Otwieranie za pomoc\u0105 jednego przycisku<\/strong> \u2013 idealne w sytuacjach taktycznych<br \/>\n\u2705  <strong>Lekka i trwa\u0142a konstrukcja<\/strong> \u2013 idealna do noszenia na co dzie\u0144<\/p>\n<div>\n<hr>\n<\/div>\n<h3><strong>U\u017cywa\u0107:<\/strong><\/h3>\n<p>\ud83c\udfaf <strong>Zastosowanie taktyczne i obronne<\/strong> \u2013 idealne dla profesjonalist\u00f3w i cywil\u00f3w<br \/>\n\ud83c\udfd5 <strong>Outdoor i EDC<\/strong> \u2013 doskona\u0142y wyb\u00f3r do codziennych zada\u0144 i przyg\u00f3d na \u015bwie\u017cym powietrzu<br \/>\n\ud83d\udd2a  <strong>Pere\u0142ka kolekcjonerska<\/strong> \u2013 ekskluzywny model w limitowanej edycji SHOT Show 2025<\/p>\n<div>\n<hr>\n<\/div>\n<h3><strong>Zalety i wady:<\/strong><\/h3>\n<p>\u2705  <strong>Zalety:<\/strong><br \/>\n \u2714 Najnowocze\u015bniejsza stal ostrza o d\u0142ugiej \u017cywotno\u015bci kraw\u0119dzi<br \/>\n\u2714 Szybki i niezawodny mechanizm automatyczny<br \/>\n\u2714 Lekka, ale wytrzyma\u0142a konstrukcja uchwytu<br \/>\n\u2714 Luksusowa edycja limitowana<\/p>\n<p>\u274c <strong>Wady:<\/strong><br \/>\n \u2716 Wy\u017csza cena odpowiadaj\u0105ca najwy\u017cszej jako\u015bci i ekskluzywno\u015bci<br \/>\n \u2716 Ograniczona dost\u0119pno\u015b\u0107 \u2013 model SHOT Show 2025 wyprzedaje si\u0119 szybko<\/p>\n<div>\n<hr>\n<\/div>\n<h3><strong>Wniosek:<\/strong><\/h3>\n<p><strong>Pro-Tech 2025 SHOT TR-2.1<\/strong> to najwy\u017cszej jako\u015bci n\u00f3\u017c taktyczny, kt\u00f3rego mechanizm spustowy \u0142\u0105czy w sobie najwy\u017cszej jako\u015bci materia\u0142y, precyzj\u0119 wykonania i nowoczesny design. Dzi\u0119ki swojej uniwersalno\u015bci zegarek ten nadaje si\u0119 do noszenia na co dzie\u0144, do u\u017cytku profesjonalnego i w celach kolekcjonerskich. Je\u015bli szukasz <strong>niezawodnego i ekskluzywnego no\u017ca automatycznego<\/strong> , ten model b\u0119dzie \u015bwietnym wyborem! \ud83d\udd25  <\/p>\n","protected":false},"excerpt":{"rendered":"<p><strong>Pro-Tech 2025 SHOT TR-2.1 to najwy\u017cszej jako\u015bci n\u00f3\u017c taktyczny, kt\u00f3rego mechanizm spustowy \u0142\u0105czy w sobie najwy\u017cszej jako\u015bci materia\u0142y, precyzj\u0119 wykonania i nowoczesny design. Dzi\u0119ki swojej uniwersalno\u015bci zegarek ten nadaje si\u0119 do noszenia na co dzie\u0144, do u\u017cytku profesjonalnego i w celach kolekcjonerskich. Je\u015bli szukasz niezawodnego i ekskluzywnego no\u017ca automatycznego, ten model b\u0119dzie \u015bwietnym wyborem! \ud83d\udd25<\/strong><\/p>\n<p> <strong>Darmowa wysy\u0142ka.<\/strong><\/p>\n","protected":false},"featured_media":389820,"comment_status":"open","ping_status":"closed","template":"","meta":[],"pwb-brand":[3819],"product_brand":[],"product_cat":[3296,3344],"product_tag":[],"class_list":{"0":"post-389852","1":"product","2":"type-product","3":"status-publish","4":"has-post-thumbnail","6":"pwb-brand-dla-tech","7":"product_cat-noze-pl","8":"product_cat-noze-strzeleckie","10":"first","11":"instock","12":"taxable","13":"shipping-taxable","14":"purchasable","15":"product-type-simple"},"brands":[{"id":3819,"name":"Dla Tech","slug":"dla-tech"}],"_links":{"self":[{"href":"https:\/\/www.moskito.cz\/pl\/wp-json\/wp\/v2\/product\/389852","targetHints":{"allow":["GET"]}}],"collection":[{"href":"https:\/\/www.moskito.cz\/pl\/wp-json\/wp\/v2\/product"}],"about":[{"href":"https:\/\/www.moskito.cz\/pl\/wp-json\/wp\/v2\/types\/product"}],"replies":[{"embeddable":true,"href":"https:\/\/www.moskito.cz\/pl\/wp-json\/wp\/v2\/comments?post=389852"}],"wp:featuredmedia":[{"embeddable":true,"href":"https:\/\/www.moskito.cz\/pl\/wp-json\/wp\/v2\/media\/389820"}],"wp:attachment":[{"href":"https:\/\/www.moskito.cz\/pl\/wp-json\/wp\/v2\/media?parent=389852"}],"wp:term":[{"taxonomy":"pwb-brand","embeddable":true,"href":"https:\/\/www.moskito.cz\/pl\/wp-json\/wp\/v2\/pwb-brand?post=389852"},{"taxonomy":"product_brand","embeddable":true,"href":"https:\/\/www.moskito.cz\/pl\/wp-json\/wp\/v2\/product_brand?post=389852"},{"taxonomy":"product_cat","embeddable":true,"href":"https:\/\/www.moskito.cz\/pl\/wp-json\/wp\/v2\/product_cat?post=389852"},{"taxonomy":"product_tag","embeddable":true,"href":"https:\/\/www.moskito.cz\/pl\/wp-json\/wp\/v2\/product_tag?post=389852"}],"curies":[{"name":"wp","href":"https:\/\/api.w.org\/{rel}","templated":true}]}}