{"id":389939,"date":"2025-02-06T19:02:17","date_gmt":"2025-02-06T18:39:44","guid":{"rendered":"https:\/\/www.moskito.cz\/produkt\/noz-skladany-pro-tech-large-don-1921-mop\/"},"modified":"2025-05-07T11:28:14","modified_gmt":"2025-05-07T10:28:14","slug":"noz-skladany-pro-tech-large-don-1921-mop","status":"publish","type":"product","link":"https:\/\/www.moskito.cz\/pl\/produkt\/noz-skladany-pro-tech-large-don-1921-mop\/","title":{"rendered":"N\u00f3\u017c sk\u0142adany Pro-Tech Large Don 1921-MOP"},"content":{"rendered":"<h3 data-pm-slice=\"1 1 []\"><strong>N\u00f3\u017c sk\u0142adany Pro-Tech Large Don 1921-MOP<\/strong><\/h3>\n<p>\ud83d\udd2a <strong>Pro-Tech Large Don 1921-MOP<\/strong> to luksusowy automatyczny n\u00f3\u017c inspirowany klasycznymi w\u0142oskimi szpilkami, \u0142\u0105cz\u0105cy elegancki design, najwy\u017cszej jako\u015bci materia\u0142y i nowoczesny mechanizm spustowy. Model ten stanowi idealne po\u0142\u0105czenie tradycji i najwy\u017cszej jako\u015bci ameryka\u0144skiego wykonania, dzi\u0119ki czemu jest idealnym przedmiotem dla kolekcjoner\u00f3w i mi\u0142o\u015bnik\u00f3w no\u017cy klasy premium. <\/p>\n<div>\n<hr>\n<\/div>\n<h3><strong>Specyfikacja techniczna:<\/strong><\/h3>\n<p>\ud83d\udd2a  <strong>Ostrze:<\/strong><\/p>\n<ul data-spread=\"false\">\n<li><strong>D\u0142ugo\u015b\u0107<\/strong> : 4,5\u2033 (11,4 cm) \u2013 d\u0142ugie, smuk\u0142e ostrze zapewniaj\u0105ce maksymaln\u0105 wydajno\u015b\u0107<\/li>\n<li><strong>Materia\u0142<\/strong> : <strong>stal nierdzewna CPM-154<\/strong> \u2013 odporna na zu\u017cycie i \u0142atwa do szlifowania<\/li>\n<li><strong>Kszta\u0142t<\/strong> : <strong>Sztylet\/Sztylet<\/strong> \u2013 inspirowany klasycznymi w\u0142oskimi no\u017cami<\/li>\n<li><strong>Wyko\u0144czenie<\/strong> : <strong>Satynowe polerowanie<\/strong> lub <strong>czarny DLC (Diamond-Like Carbon)<\/strong> dla uzyskania eleganckiego i trwa\u0142ego wygl\u0105du<\/li>\n<\/ul>\n<p>\ud83d\udd90 <strong>Uchwyt:<\/strong><\/p>\n<ul data-spread=\"false\">\n<li><strong>Materia\u0142<\/strong> : <strong>elitarne aluminium 6061-T6<\/strong> z ekskluzywnymi <strong>wstawkami z masy per\u0142owej (MOP)<\/strong><\/li>\n<li><strong>D\u0142ugo\u015b\u0107 po z\u0142o\u017ceniu<\/strong> : 5,75\u2033 (14,6 cm) \u2013 smuk\u0142y, a zarazem kompaktowy<\/li>\n<li><strong>Projekt<\/strong> : Klasyczny szpilkowy fason o p\u0142ynnych liniach i subtelnych detalach<\/li>\n<\/ul>\n<p>\u2699 <strong>Mechanizm:<\/strong><\/p>\n<ul data-spread=\"false\">\n<li><strong>Otwieranie<\/strong> : <strong>W pe\u0142ni automatyczny mechanizm spustowy<\/strong> \u2013 b\u0142yskawiczne otwieranie po naci\u015bni\u0119ciu przycisku<\/li>\n<li><strong>Blokada<\/strong> : <strong>Blokada przycisku<\/strong> zapewniaj\u0105ca bezpieczne zablokowanie ostrza po otwarciu<\/li>\n<\/ul>\n<p>\u2696 <strong>Waga:<\/strong><\/p>\n<ul data-spread=\"false\">\n<li>Oko\u0142o <strong>5,0 uncji (142 g)<\/strong> \u2013 solidne, ale nadal wygodne w noszeniu<\/li>\n<\/ul>\n<p>\ud83d\udccc <strong>Inne funkcje:<\/strong><br \/>\n \u2714 <strong>Inspirowane klasycznymi w\u0142oskimi szpilkami<\/strong><br \/>\n \u2714 <strong>Luksusowe per\u0142owe wstawki (MOP) \u2013 wyj\u0105tkowy i ekskluzywny wygl\u0105d<\/strong><br \/>\n \u2714 <strong>Perfekcyjne wykonanie z precyzyjnymi tolerancjami<\/strong><br \/>\n \u2714 <strong>Produkcja limitowana \u2013 model ekskluzywny<\/strong><\/p>\n<div>\n<hr>\n<\/div>\n<h3><strong>Kluczowe w\u0142a\u015bciwo\u015bci:<\/strong><\/h3>\n<p>\u2705  <strong>D\u0142ugie i eleganckie ostrze<\/strong> \u2013 idealne do u\u017cytku formalnego i kolekcjonerskiego<br \/>\n\u2705  <strong>Luksusowy design z per\u0142owymi wstawkami<\/strong> \u2013 ekskluzywny i niepowtarzalny wygl\u0105d<br \/>\n\u2705  <strong>Szybkie automatyczne otwieranie<\/strong> \u2013 precyzyjny i p\u0142ynny mechanizm<br \/>\n\u2705  <strong>Po\u0142\u0105czenie klasycznego stylu i nowoczesnych materia\u0142\u00f3w<\/strong><\/p>\n<div>\n<hr>\n<\/div>\n<h3><strong>U\u017cywa\u0107:<\/strong><\/h3>\n<p>\ud83c\udfaf <strong>Przedmiot kolekcjonerski<\/strong> \u2013 idealny dla mi\u0142o\u015bnik\u00f3w no\u017cy klasy premium<br \/>\n\ud83c\udfdb <strong>Elegancki dodatek<\/strong> &#8211; idealny jako presti\u017cowy element kolekcji lub luksusowy prezent<br \/>\n\ud83d\udd2a  <strong>Klasyczny w\u0142oski styl z nowoczesn\u0105 precyzj\u0105<\/strong> \u2013 \u015bwietne po\u0142\u0105czenie elegancji i funkcjonalno\u015bci<\/p>\n<div>\n<hr>\n<\/div>\n<h3><strong>Zalety i wady:<\/strong><\/h3>\n<p>\u2705  <strong>Zalety:<\/strong><br \/>\n \u2714 Luksusowe materia\u0142y i szczeg\u00f3\u0142owe wykonanie<br \/>\n\u2714 Szybki i niezawodny mechanizm odpalania<br \/>\n\u2714 Ekskluzywny design z per\u0142owymi wstawkami<br \/>\n\u2714 Trwa\u0142e ostrze wykonane z wysokiej jako\u015bci stali<\/p>\n<p>\u274c <strong>Wady:<\/strong><br \/>\n \u2716 Wy\u017csza cena odpowiadaj\u0105ca materia\u0142om premium<br \/>\n \u2716 Mo\u017ce nie by\u0107 idealny do codziennego noszenia ze wzgl\u0119du na d\u0142ugie ostrze<\/p>\n<div>\n<hr>\n<\/div>\n<h3><strong>Wniosek:<\/strong><\/h3>\n<p><strong>Pro-Tech Large Don 1921-MOP<\/strong> to luksusowy automatyczny n\u00f3\u017c, kt\u00f3ry zachowuje klasyczn\u0105 elegancj\u0119 w\u0142oskich szpilek, a jednocze\u015bnie wykorzystuje nowoczesn\u0105 technologi\u0119 i najnowocze\u015bniejsze materia\u0142y. Dzi\u0119ki <strong>wstawkom z masy per\u0142owej, d\u0142ugiemu ostrzu i precyzyjnemu mechanizmowi<\/strong> jest to prawdziwa pere\u0142ka dla kolekcjoner\u00f3w, kt\u00f3ra przypadnie do gustu ka\u017cdemu, kto ceni sobie pi\u0119kno i funkcjonalno\u015b\u0107. \ud83c\udfc6 <\/p>\n","protected":false},"excerpt":{"rendered":"<p><strong>Pro-Tech Large Don 1921-MOP to luksusowy automatyczny n\u00f3\u017c, kt\u00f3ry zachowuje klasyczn\u0105 elegancj\u0119 w\u0142oskich szpilek, a jednocze\u015bnie wykorzystuje nowoczesn\u0105 technologi\u0119 i najnowocze\u015bniejsze materia\u0142y. Dzi\u0119ki wstawkom z masy per\u0142owej, d\u0142ugiemu ostrzu i precyzyjnemu mechanizmowi jest to prawdziwa pere\u0142ka dla kolekcjoner\u00f3w, kt\u00f3ra przypadnie do gustu ka\u017cdemu, kto ceni sobie pi\u0119kno i funkcjonalno\u015b\u0107. \ud83c\udfc6<\/strong><\/p>\n<p> <strong>Darmowa wysy\u0142ka.<\/strong><\/p>\n","protected":false},"featured_media":389859,"comment_status":"open","ping_status":"closed","template":"","meta":[],"pwb-brand":[3819],"product_brand":[],"product_cat":[3296,3344],"product_tag":[],"class_list":{"0":"post-389939","1":"product","2":"type-product","3":"status-publish","4":"has-post-thumbnail","6":"pwb-brand-dla-tech","7":"product_cat-noze-pl","8":"product_cat-noze-strzeleckie","10":"first","11":"outofstock","12":"taxable","13":"shipping-taxable","14":"purchasable","15":"product-type-simple"},"brands":[{"id":3819,"name":"Dla Tech","slug":"dla-tech"}],"_links":{"self":[{"href":"https:\/\/www.moskito.cz\/pl\/wp-json\/wp\/v2\/product\/389939","targetHints":{"allow":["GET"]}}],"collection":[{"href":"https:\/\/www.moskito.cz\/pl\/wp-json\/wp\/v2\/product"}],"about":[{"href":"https:\/\/www.moskito.cz\/pl\/wp-json\/wp\/v2\/types\/product"}],"replies":[{"embeddable":true,"href":"https:\/\/www.moskito.cz\/pl\/wp-json\/wp\/v2\/comments?post=389939"}],"wp:featuredmedia":[{"embeddable":true,"href":"https:\/\/www.moskito.cz\/pl\/wp-json\/wp\/v2\/media\/389859"}],"wp:attachment":[{"href":"https:\/\/www.moskito.cz\/pl\/wp-json\/wp\/v2\/media?parent=389939"}],"wp:term":[{"taxonomy":"pwb-brand","embeddable":true,"href":"https:\/\/www.moskito.cz\/pl\/wp-json\/wp\/v2\/pwb-brand?post=389939"},{"taxonomy":"product_brand","embeddable":true,"href":"https:\/\/www.moskito.cz\/pl\/wp-json\/wp\/v2\/product_brand?post=389939"},{"taxonomy":"product_cat","embeddable":true,"href":"https:\/\/www.moskito.cz\/pl\/wp-json\/wp\/v2\/product_cat?post=389939"},{"taxonomy":"product_tag","embeddable":true,"href":"https:\/\/www.moskito.cz\/pl\/wp-json\/wp\/v2\/product_tag?post=389939"}],"curies":[{"name":"wp","href":"https:\/\/api.w.org\/{rel}","templated":true}]}}