{"id":389946,"date":"2025-02-06T19:37:30","date_gmt":"2025-02-06T18:40:18","guid":{"rendered":"https:\/\/www.moskito.cz\/produkt\/noz-skladany-pro-tech-godfather-921-ltd\/"},"modified":"2025-05-07T11:28:15","modified_gmt":"2025-05-07T10:28:15","slug":"noz-skladany-pro-tech-godfather-921-ltd","status":"publish","type":"product","link":"https:\/\/www.moskito.cz\/pl\/produkt\/noz-skladany-pro-tech-godfather-921-ltd\/","title":{"rendered":"N\u00f3\u017c sk\u0142adany Pro-Tech Godfather 921-LTD"},"content":{"rendered":"<h3 data-pm-slice=\"1 1 []\"><strong>N\u00f3\u017c sk\u0142adany Pro-Tech Godfather 921-LTD<\/strong><\/h3>\n<p>\ud83d\udd2a <strong>Pro-Tech Godfather 921-LTD<\/strong> to ekskluzywna, limitowana edycja legendarnego modelu <strong>Godfather<\/strong> , kt\u00f3ry zosta\u0142 zainspirowany klasycznymi w\u0142oskimi szpilkami i \u0142\u0105czy elegancki design z nowoczesnymi materia\u0142ami i pierwszorz\u0119dnym wykonaniem. Ten model jest <strong>luksusowym przedmiotem kolekcjonerskim<\/strong> , wyr\u00f3\u017cniaj\u0105cym si\u0119 doskona\u0142\u0105 mechanik\u0105 i wykonanym z materia\u0142\u00f3w najwy\u017cszej jako\u015bci. <\/p>\n<div>\n<hr>\n<\/div>\n<h3><strong>Specyfikacja techniczna:<\/strong><\/h3>\n<p>\ud83d\udd2a  <strong>Ostrze:<\/strong><\/p>\n<ul data-spread=\"false\">\n<li><strong>D\u0142ugo\u015b\u0107<\/strong> : <strong>4,0\u2033 (10,2 cm)<\/strong> \u2013 d\u0142uga, elegancka i precyzyjna<\/li>\n<li><strong>Materia\u0142<\/strong> : <strong>stal nierdzewna CPM-154<\/strong> \u2013 wysoka odporno\u015b\u0107 na zu\u017cycie i \u0142atwo\u015b\u0107 szlifowania<\/li>\n<li><strong>Kszta\u0142t<\/strong> : <strong>Sztylet\/Sztylet<\/strong> \u2013 smuk\u0142y i elegancki profil inspirowany w\u0142oskimi no\u017cami<\/li>\n<li><strong>Wyko\u0144czenie powierzchni<\/strong> : <strong>polerowane, czarne DLC lub specjalne wyko\u0144czenia w zale\u017cno\u015bci od edycji<\/strong><\/li>\n<\/ul>\n<p>\ud83d\udd90 <strong>Uchwyt:<\/strong><\/p>\n<ul data-spread=\"false\">\n<li><strong>Materia\u0142<\/strong> : <strong>elitarne aluminium 6061-T6<\/strong> z <strong>wstawkami premium (w\u0142\u00f3kno w\u0119glowe, masa per\u0142owa, drewno lub tytan &#8211; w zale\u017cno\u015bci od edycji)<\/strong><\/li>\n<li><strong>D\u0142ugo\u015b\u0107 po z\u0142o\u017ceniu<\/strong> : <strong>5,25\u2033 (13,3 cm)<\/strong> \u2013 smuk\u0142y i wygodny do noszenia<\/li>\n<li><strong>Projekt<\/strong> : Kultowa sylwetka szpilki z <strong>ekskluzywnymi zdobieniami z limitowanej edycji<\/strong><\/li>\n<\/ul>\n<p>\u2699 <strong>Mechanizm:<\/strong><\/p>\n<ul data-spread=\"false\">\n<li><strong>Otwieranie<\/strong> : <strong>Automatyczny mechanizm wysuwania<\/strong> \u2013 szybkie i p\u0142ynne otwieranie po naci\u015bni\u0119ciu przycisku<\/li>\n<li><strong>Blokada<\/strong> : <strong>Blokada przycisku<\/strong> zapewniaj\u0105ca bezpieczne zablokowanie ostrza po otwarciu<\/li>\n<\/ul>\n<p>\u2696 <strong>Waga:<\/strong><\/p>\n<ul data-spread=\"false\">\n<li>Oko\u0142o <strong>4,0 uncji (113 g)<\/strong> \u2013 idealna r\u00f3wnowaga mi\u0119dzy wytrzyma\u0142o\u015bci\u0105 a komfortem noszenia<\/li>\n<\/ul>\n<p>\ud83d\udccc <strong>Inne funkcje:<\/strong><br \/>\n \u2714 <strong>Edycja limitowana \u2013 ka\u017cda seria ma unikalne elementy<\/strong><br \/>\n \u2714 <strong>Materia\u0142y najwy\u017cszej jako\u015bci na r\u0119koje\u015bci \u2013 masa per\u0142owa, w\u0142\u00f3kno w\u0119glowe, drewno egzotyczne lub tytan<\/strong><br \/>\n \u2714 <strong>Bezb\u0142\u0119dna mechanika z p\u0142ynnym mechanizmem odpalania<\/strong><br \/>\n \u2714 <strong>Elegancki i smuk\u0142y design inspirowany klasycznymi szpilkami<\/strong><\/p>\n<div>\n<hr>\n<\/div>\n<h3><strong>Kluczowe w\u0142a\u015bciwo\u015bci:<\/strong><\/h3>\n<p>\u2705  <strong>Luksusowy design<\/strong> \u2013 po\u0142\u0105czenie elegancji i nowoczesnych materia\u0142\u00f3w<br \/>\n\u2705  <strong>D\u0142ugie i smuk\u0142e ostrze<\/strong> \u2013 precyzyjne w\u0142a\u015bciwo\u015bci tn\u0105ce i klasyczny wygl\u0105d sztyletu<br \/>\n\u2705  <strong>Ekskluzywny przedmiot kolekcjonerski<\/strong> \u2013 limitowane edycje z unikalnymi cechami<br \/>\n\u2705  <strong>Szybkie i niezawodne strzelanie<\/strong> \u2013 precyzyjna i p\u0142ynna mechanika<\/p>\n<div>\n<hr>\n<\/div>\n<h3><strong>U\u017cywa\u0107:<\/strong><\/h3>\n<p>\ud83c\udfaf <strong>Przedmiot kolekcjonerski<\/strong> &#8211; idealny dla mi\u0142o\u015bnik\u00f3w no\u017cy klasy premium<br \/>\n\ud83c\udfdb <strong>Elegancki dodatek<\/strong> &#8211; luksusowy design odpowiedni do cel\u00f3w reprezentacyjnych<br \/>\n\ud83d\udd2a  <strong>Nowoczesna reinterpretacja klasycznych szpilek<\/strong> \u2013 idealne po\u0142\u0105czenie tradycji i zaawansowanej technologii<\/p>\n<div>\n<hr>\n<\/div>\n<h3><strong>Zalety i wady:<\/strong><\/h3>\n<p>\u2705  <strong>Zalety:<\/strong><br \/>\n \u2714 Luksusowe materia\u0142y i szczeg\u00f3\u0142owe wykonanie<br \/>\n\u2714 Kultowy design inspirowany klasycznymi szpilkami<br \/>\n\u2714 Szybki i niezawodny mechanizm automatyczny<br \/>\n\u2714 Ekskluzywna, limitowana edycja<\/p>\n<p>\u274c <strong>Wady:<\/strong><br \/>\n \u2716 Wy\u017csza cena odpowiadaj\u0105ca przetwarzaniu premium<br \/>\n \u2716 D\u0142u\u017csze ostrze mo\u017ce nie by\u0107 idealne do codziennego noszenia<\/p>\n<div>\n<hr>\n<\/div>\n<h3><strong>Wniosek:<\/strong><\/h3>\n<p><strong>Pro-Tech Godfather 921-LTD<\/strong> to <strong>kultowy i luksusowy n\u00f3\u017c sk\u0142adany<\/strong> , kt\u00f3ry przypadnie do gustu nie tylko kolekcjonerom, ale r\u00f3wnie\u017c mi\u0142o\u015bnikom klasycznego w\u0142oskiego stylu po\u0142\u0105czonego z nowoczesnymi materia\u0142ami. <strong>Limitowane edycje i precyzyjne wykonanie<\/strong> czyni\u0105 go presti\u017cowym wyborem dla ka\u017cdego, kto szuka <strong>eleganckiego, mocnego i wyj\u0105tkowego<\/strong> no\u017ca automatycznego. \ud83d\ude80<\/p>\n","protected":false},"excerpt":{"rendered":"<p><strong>Pro-Tech Godfather 921-LTD to kultowy i luksusowy n\u00f3\u017c sk\u0142adany, kt\u00f3ry przypadnie do gustu nie tylko kolekcjonerom, ale r\u00f3wnie\u017c mi\u0142o\u015bnikom klasycznego w\u0142oskiego stylu po\u0142\u0105czonego z nowoczesnymi materia\u0142ami. Limitowane edycje i precyzyjne wykonanie czyni\u0105 go presti\u017cowym wyborem dla ka\u017cdego, kto szuka eleganckiego, mocnego i wyj\u0105tkowego no\u017ca automatycznego. \ud83d\ude80<\/strong><\/p>\n<p> <strong>Darmowa wysy\u0142ka.<\/strong><\/p>\n","protected":false},"featured_media":389900,"comment_status":"open","ping_status":"closed","template":"","meta":[],"pwb-brand":[3819],"product_brand":[],"product_cat":[3296,3344],"product_tag":[],"class_list":{"0":"post-389946","1":"product","2":"type-product","3":"status-publish","4":"has-post-thumbnail","6":"pwb-brand-dla-tech","7":"product_cat-noze-pl","8":"product_cat-noze-strzeleckie","10":"first","11":"outofstock","12":"taxable","13":"shipping-taxable","14":"purchasable","15":"product-type-simple"},"brands":[{"id":3819,"name":"Dla Tech","slug":"dla-tech"}],"_links":{"self":[{"href":"https:\/\/www.moskito.cz\/pl\/wp-json\/wp\/v2\/product\/389946","targetHints":{"allow":["GET"]}}],"collection":[{"href":"https:\/\/www.moskito.cz\/pl\/wp-json\/wp\/v2\/product"}],"about":[{"href":"https:\/\/www.moskito.cz\/pl\/wp-json\/wp\/v2\/types\/product"}],"replies":[{"embeddable":true,"href":"https:\/\/www.moskito.cz\/pl\/wp-json\/wp\/v2\/comments?post=389946"}],"wp:featuredmedia":[{"embeddable":true,"href":"https:\/\/www.moskito.cz\/pl\/wp-json\/wp\/v2\/media\/389900"}],"wp:attachment":[{"href":"https:\/\/www.moskito.cz\/pl\/wp-json\/wp\/v2\/media?parent=389946"}],"wp:term":[{"taxonomy":"pwb-brand","embeddable":true,"href":"https:\/\/www.moskito.cz\/pl\/wp-json\/wp\/v2\/pwb-brand?post=389946"},{"taxonomy":"product_brand","embeddable":true,"href":"https:\/\/www.moskito.cz\/pl\/wp-json\/wp\/v2\/product_brand?post=389946"},{"taxonomy":"product_cat","embeddable":true,"href":"https:\/\/www.moskito.cz\/pl\/wp-json\/wp\/v2\/product_cat?post=389946"},{"taxonomy":"product_tag","embeddable":true,"href":"https:\/\/www.moskito.cz\/pl\/wp-json\/wp\/v2\/product_tag?post=389946"}],"curies":[{"name":"wp","href":"https:\/\/api.w.org\/{rel}","templated":true}]}}