{"id":390032,"date":"2025-02-06T20:20:34","date_gmt":"2025-02-07T11:22:15","guid":{"rendered":"https:\/\/www.moskito.cz\/produkt\/noz-skladany-pro-tech-godfather-925-ltd\/"},"modified":"2025-05-07T11:28:16","modified_gmt":"2025-05-07T10:28:16","slug":"noz-skladany-pro-tech-godfather-925-ltd","status":"publish","type":"product","link":"https:\/\/www.moskito.cz\/pl\/produkt\/noz-skladany-pro-tech-godfather-925-ltd\/","title":{"rendered":"N\u00f3\u017c sk\u0142adany Pro-Tech Godfather 925-LTD"},"content":{"rendered":"<h1 data-pm-slice=\"1 1 []\"><strong>N\u00f3\u017c sk\u0142adany Pro-Tech Godfather 925-LTD<\/strong><\/h1>\n<p>\ud83d\udd2a <strong>Pro-Tech Godfather 925-LTD<\/strong> to <strong>luksusowy n\u00f3\u017c sk\u0142adany<\/strong> \u0142\u0105cz\u0105cy <strong>klasyczn\u0105 elegancj\u0119 z nowoczesn\u0105 technologi\u0105<\/strong> . Zainspirowany kultowymi w\u0142oskimi no\u017cami typu stiletto, ten model oferuje <strong>szybki automatyczny mechanizm<\/strong> , <strong>materia\u0142y najwy\u017cszej jako\u015bci<\/strong> i <strong>wyj\u0105tkowy design<\/strong> , kt\u00f3ry doceni\u0105 zar\u00f3wno kolekcjonerzy, jak i wymagaj\u0105cy u\u017cytkownicy. <\/p>\n<div>\n<hr>\n<\/div>\n<h2><strong>Specyfikacja techniczna:<\/strong><\/h2>\n<p>\ud83d\udd2a  <strong>Ostrze:<\/strong><\/p>\n<ul data-spread=\"false\">\n<li><strong>D\u0142ugo\u015b\u0107<\/strong> : <strong>4,0\u2033 (10,2 cm)<\/strong> \u2013 d\u0142u\u017csze ostrze zapewnia precyzyjne ci\u0119cie i stylowy wygl\u0105d<\/li>\n<li><strong>Materia\u0142<\/strong> : <strong>stal nierdzewna CPM-S35VN<\/strong> \u2013 doskona\u0142a ostro\u015b\u0107, odporno\u015b\u0107 na zu\u017cycie i korozj\u0119<\/li>\n<li><strong>Kszta\u0142t<\/strong> : <strong>Spear Point<\/strong> \u2013 doskona\u0142y do \u200b\u200bk\u0142ucia i precyzyjnych ci\u0119\u0107<\/li>\n<li><strong>Obr\u00f3bka powierzchni<\/strong> : <strong>Czarny DLC (Diamond-Like Carbon)<\/strong> \u2013 wysoka odporno\u015b\u0107 na zarysowania i korozj\u0119<\/li>\n<\/ul>\n<p>\ud83d\udd90 <strong>Uchwyt:<\/strong><\/p>\n<ul data-spread=\"false\">\n<li><strong>Materia\u0142<\/strong> : <strong>aluminium lotnicze 6061-T6<\/strong> \u2013 lekkie, ale niezwykle wytrzyma\u0142e<\/li>\n<li><strong>Ekskluzywny design<\/strong> : <strong>Czarna r\u0105czka z per\u0142owymi wstawkami<\/strong> \u2013 luksusowy i elegancki wygl\u0105d<\/li>\n<li><strong>Ergonomiczny kszta\u0142t<\/strong> : <strong>Wygodny uchwyt zapewniaj\u0105cy maksymaln\u0105 kontrol\u0119<\/strong><\/li>\n<\/ul>\n<p>\u2699 <strong>Mechanizm:<\/strong><\/p>\n<ul data-spread=\"false\">\n<li><strong>Otwieranie<\/strong> : <strong>W pe\u0142ni automatyczny mechanizm spustowy<\/strong> \u2013 b\u0142yskawiczna akcja po naci\u015bni\u0119ciu przycisku<\/li>\n<li><strong>Blokada<\/strong> : <strong>Blokada przyciskowa<\/strong> \u2013 solidna i bezpieczna blokada zapewniaj\u0105ca maksymaln\u0105 ochron\u0119<\/li>\n<\/ul>\n<p>\u2696 <strong>Waga:<\/strong><\/p>\n<ul data-spread=\"false\">\n<li><strong>5,0 uncji (142 g)<\/strong> \u2013 solidne, ale nadal wygodne w noszeniu<\/li>\n<\/ul>\n<p>\ud83d\udccc <strong>Inne funkcje:<\/strong><br \/>\n \u2714 <strong>Klips kieszonkowy<\/strong> \u2013 dyskretnie noszony w kieszeni lub na pasku<br \/>\n \u2714 <strong>Najwy\u017csza jako\u015b\u0107 wykonania<\/strong> \u2013 n\u00f3\u017c sk\u0142adany r\u0119cznie z dba\u0142o\u015bci\u0105 o szczeg\u00f3\u0142y<br \/>\n \u2714 <strong>Unikalna edycja kolekcjonerska<\/strong> \u2013 limitowana produkcja z unikaln\u0105 numeracj\u0105<\/p>\n<div>\n<hr>\n<\/div>\n<h2><strong>Kluczowe w\u0142a\u015bciwo\u015bci:<\/strong><\/h2>\n<p>\u2705  <strong>Klasyczny w\u0142oski design w nowoczesnej wersji<\/strong><br \/>\n \u2705 <strong>B\u0142yskawiczny mechanizm automatyczny<\/strong><br \/>\n \u2705 <strong>Materia\u0142y najwy\u017cszej jako\u015bci \u2013 stal S35VN i aluminiowa r\u0119koje\u015b\u0107 z per\u0142owym wyko\u0144czeniem<\/strong><br \/>\n \u2705    <strong>Bardzo kolekcjonerski<\/strong><\/p>\n<div>\n<hr>\n<\/div>\n<h2><strong>U\u017cywa\u0107:<\/strong><\/h2>\n<p>\ud83c\udfaf <strong>Przedmiot kolekcjonerski<\/strong> &#8211; dzi\u0119ki limitowanej edycji i luksusowemu wykonaniu<br \/>\n\ud83d\udd2a  <strong>Stylowy n\u00f3\u017c EDC<\/strong> \u2013 je\u015bli szukasz po\u0142\u0105czenia elegancji i wydajno\u015bci<br \/>\n\ud83c\udfd5 <strong>Outdoor i survival<\/strong> \u2013 wytrzyma\u0142e ostrze odpowiednie do bardziej wymagaj\u0105cych zada\u0144<br \/>\n\ud83d\ude91 <strong>Narz\u0119dzie obronne<\/strong> \u2013 szybkie i skuteczne w sytuacjach kryzysowych <\/p>\n<div>\n<hr>\n<\/div>\n<h2><strong>Zalety i wady:<\/strong><\/h2>\n<p>\u2705  <strong>Zalety:<\/strong><br \/>\n \u2714 Unikalny design inspirowany klasycznymi szpilkami<br \/>\n\u2714 Materia\u0142y najwy\u017cszej jako\u015bci i precyzyjny monta\u017c r\u0119czny<br \/>\n\u2714 Szybki i niezawodny mechanizm automatyczny<br \/>\n\u2714 Limitowana edycja o wysokiej warto\u015bci kolekcjonerskiej<\/p>\n<p>\u274c <strong>Wady:<\/strong><br \/>\n \u2716 Wy\u017csza cena odpowiadaj\u0105ca jako\u015bci i ekskluzywno\u015bci<br \/>\n \u2716 D\u0142u\u017csze ostrze mo\u017ce by\u0107 mniej praktyczne do codziennego noszenia<br \/>\n \u2716 Mechanizm automatyczny mo\u017ce nie by\u0107 legalny we wszystkich jurysdykcjach<\/p>\n<div>\n<hr>\n<\/div>\n<h2><strong>Wniosek:<\/strong><\/h2>\n<p><strong>Pro-Tech Godfather 925-LTD<\/strong> to <strong>idealne po\u0142\u0105czenie elegancji, wydajno\u015bci i historii<\/strong> . Je\u015bli szukasz <strong>luksusowego no\u017ca sk\u0142adanego<\/strong> , kt\u00f3ry <strong>oczaruje Ci\u0119 swoim designem i jako\u015bci\u0105<\/strong> , <strong>to ten model b\u0119dzie wyj\u0105tkowym wyborem<\/strong> . <strong>Ekskluzywna, limitowana edycja<\/strong> stanowi r\u00f3wnie\u017c <strong>\u015bwietn\u0105 inwestycj\u0119 dla kolekcjoner\u00f3w<\/strong> . \ud83d\udd25  <\/p>\n","protected":false},"excerpt":{"rendered":"<p><strong>Pro-Tech Godfather 925-LTD to idealne po\u0142\u0105czenie elegancji, wydajno\u015bci i historii. Je\u015bli szukasz luksusowego no\u017ca sk\u0142adanego, kt\u00f3ry oczaruje Ci\u0119 swoim designem i jako\u015bci\u0105, ten model b\u0119dzie wyj\u0105tkowym wyborem. Ponadto, ekskluzywna, limitowana edycja stanowi doskona\u0142\u0105 inwestycj\u0119 dla kolekcjoner\u00f3w. \ud83d\udd25<\/strong><\/p>\n<p> <strong>Darmowa wysy\u0142ka.<\/strong><\/p>\n","protected":false},"featured_media":389989,"comment_status":"open","ping_status":"closed","template":"","meta":[],"pwb-brand":[3819],"product_brand":[],"product_cat":[3296,3344],"product_tag":[],"class_list":{"0":"post-390032","1":"product","2":"type-product","3":"status-publish","4":"has-post-thumbnail","6":"pwb-brand-dla-tech","7":"product_cat-noze-pl","8":"product_cat-noze-strzeleckie","10":"first","11":"instock","12":"taxable","13":"shipping-taxable","14":"purchasable","15":"product-type-simple"},"brands":[{"id":3819,"name":"Dla Tech","slug":"dla-tech"}],"_links":{"self":[{"href":"https:\/\/www.moskito.cz\/pl\/wp-json\/wp\/v2\/product\/390032","targetHints":{"allow":["GET"]}}],"collection":[{"href":"https:\/\/www.moskito.cz\/pl\/wp-json\/wp\/v2\/product"}],"about":[{"href":"https:\/\/www.moskito.cz\/pl\/wp-json\/wp\/v2\/types\/product"}],"replies":[{"embeddable":true,"href":"https:\/\/www.moskito.cz\/pl\/wp-json\/wp\/v2\/comments?post=390032"}],"wp:featuredmedia":[{"embeddable":true,"href":"https:\/\/www.moskito.cz\/pl\/wp-json\/wp\/v2\/media\/389989"}],"wp:attachment":[{"href":"https:\/\/www.moskito.cz\/pl\/wp-json\/wp\/v2\/media?parent=390032"}],"wp:term":[{"taxonomy":"pwb-brand","embeddable":true,"href":"https:\/\/www.moskito.cz\/pl\/wp-json\/wp\/v2\/pwb-brand?post=390032"},{"taxonomy":"product_brand","embeddable":true,"href":"https:\/\/www.moskito.cz\/pl\/wp-json\/wp\/v2\/product_brand?post=390032"},{"taxonomy":"product_cat","embeddable":true,"href":"https:\/\/www.moskito.cz\/pl\/wp-json\/wp\/v2\/product_cat?post=390032"},{"taxonomy":"product_tag","embeddable":true,"href":"https:\/\/www.moskito.cz\/pl\/wp-json\/wp\/v2\/product_tag?post=390032"}],"curies":[{"name":"wp","href":"https:\/\/api.w.org\/{rel}","templated":true}]}}