{"id":390035,"date":"2025-02-06T20:01:52","date_gmt":"2025-02-07T11:22:19","guid":{"rendered":"https:\/\/www.moskito.cz\/produkt\/noz-skladany-pro-tech-tactical-response-tr-3-x1\/"},"modified":"2025-05-07T11:28:16","modified_gmt":"2025-05-07T10:28:16","slug":"noz-skladany-pro-tech-tactical-response-tr-3-x1","status":"publish","type":"product","link":"https:\/\/www.moskito.cz\/pl\/produkt\/noz-skladany-pro-tech-tactical-response-tr-3-x1\/","title":{"rendered":"N\u00f3\u017c sk\u0142adany Pro-Tech Tactical Response TR-3 X1"},"content":{"rendered":"<h1 data-pm-slice=\"1 1 []\"><strong>N\u00f3\u017c sk\u0142adany Pro-Tech Tactical Response TR-3 X1<\/strong><\/h1>\n<p>\ud83d\udd2a <strong>Pro-Tech Tactical Response TR-3 X1<\/strong> to wytrzyma\u0142y i niezawodny taktyczny n\u00f3\u017c sk\u0142adany przeznaczony do <strong>profesjonalnego u\u017cytku w si\u0142ach bezpiecze\u0144stwa, wojsku i s\u0142u\u017cbach ratowniczych<\/strong> . \u0141\u0105czy w sobie <strong>szybk\u0105 i p\u0142ynnie dzia\u0142aj\u0105c\u0105 automatyczn\u0105 mechanik\u0119<\/strong> z <strong>solidn\u0105 konstrukcj\u0105 i trwa\u0142ymi materia\u0142ami<\/strong> , dzi\u0119ki czemu jest <strong>idealnym narz\u0119dziem do codziennego noszenia (EDC), jak i do pracy w ekstremalnych warunkach<\/strong> . <\/p>\n<div>\n<hr>\n<\/div>\n<h2><strong>Specyfikacja techniczna:<\/strong><\/h2>\n<p>\ud83d\udd2a  <strong>Ostrze:<\/strong><\/p>\n<ul data-spread=\"false\">\n<li><strong>D\u0142ugo\u015b\u0107<\/strong> : <strong>3,5\u2033 (8,9 cm)<\/strong> \u2013 idealna do prac taktycznych i wszechstronnych<\/li>\n<li><strong>Materia\u0142<\/strong> : <strong>stal nierdzewna CPM-S35VN<\/strong> \u2013 doskona\u0142a odporno\u015b\u0107 na zu\u017cycie i d\u0142ugie utrzymywanie kraw\u0119dzi<\/li>\n<li><strong>Kszta\u0142t<\/strong> : <strong>Drop Point<\/strong> \u2013 doskona\u0142y balans pomi\u0119dzy precyzyjnym ci\u0119ciem a wytrzyma\u0142o\u015bci\u0105 na wciskanie<\/li>\n<li><strong>Obr\u00f3bka powierzchni<\/strong> : <strong>Czarny DLC (Diamond-Like Carbon) lub Stonewash<\/strong> \u2013 zwi\u0119kszona odporno\u015b\u0107 na korozj\u0119 i zarysowania<\/li>\n<\/ul>\n<p>\ud83d\udd90 <strong>Uchwyt:<\/strong><\/p>\n<ul data-spread=\"false\">\n<li><strong>Materia\u0142<\/strong> : <strong>aluminium lotnicze 6061-T6<\/strong> \u2013 niezwykle wytrzyma\u0142e, a jednocze\u015bnie lekkie<\/li>\n<li><strong>Tekstura<\/strong> : <strong>Wyko\u0144czenie antypo\u015blizgowe<\/strong> zapewniaj\u0105ce pewny chwyt nawet w r\u0119kawiczkach<\/li>\n<li><strong>Kszta\u0142t<\/strong> : <strong>Ergonomiczna konstrukcja<\/strong> zapewniaj\u0105ca wygod\u0119 i d\u0142ugotrwa\u0142e u\u017cytkowanie<\/li>\n<\/ul>\n<p>\u2699 <strong>Mechanizm:<\/strong><\/p>\n<ul data-spread=\"false\">\n<li><strong>Otwieranie<\/strong> : <strong>Automatyczny mechanizm wysuwania<\/strong> \u2013 niezwykle szybkie i p\u0142ynne otwieranie po naci\u015bni\u0119ciu przycisku<\/li>\n<li><strong>Blokada<\/strong> : <strong>Blokada przyciskowa<\/strong> \u2013 solidna i bezpieczna blokada, kt\u00f3ra zapobiega przypadkowemu zamkni\u0119ciu si\u0119 ostrza<\/li>\n<\/ul>\n<p>\u2696 <strong>Waga:<\/strong><\/p>\n<ul data-spread=\"false\">\n<li><strong>4,1 uncji (116 g)<\/strong> \u2013 wytrzyma\u0142y, a jednocze\u015bnie kompaktowy, co zapewnia wygod\u0119 noszenia<\/li>\n<\/ul>\n<p>\ud83d\udccc <strong>Inne funkcje:<\/strong><br \/>\n \u2714 <strong>Odwracalny klips kieszonkowy<\/strong> \u2013 do wygodnego ukrytego noszenia<br \/>\n \u2714 <strong>Otw\u00f3r na smycz<\/strong> \u2013 umo\u017cliwia przymocowanie smyczy, co zapewnia dodatkowe bezpiecze\u0144stwo i szybki dost\u0119p<br \/>\n \u2714 <strong>Wysoka odporno\u015b\u0107 na ekstremalne warunki<\/strong> \u2013 zaprojektowane do u\u017cytku profesjonalnego<\/p>\n<div>\n<hr>\n<\/div>\n<h2><strong>Kluczowe w\u0142a\u015bciwo\u015bci:<\/strong><\/h2>\n<p>\u2705  <strong>Pot\u0119\u017cne ostrze taktyczne<\/strong> \u2013 idealne do zastosowa\u0144 wojskowych i ratowniczych<br \/>\n\u2705  <strong>Niezwykle szybka mechanika<\/strong> \u2013 precyzyjny mechanizm automatyczny z b\u0142yskawiczn\u0105 reakcj\u0105<br \/>\n\u2705  <strong>Trwa\u0142a konstrukcja<\/strong> \u2013 aluminium klasy lotniczej i stal najwy\u017cszej jako\u015bci zapewniaj\u0105 d\u0142ug\u0105 \u017cywotno\u015b\u0107<br \/>\n\u2705  <strong>Wygodny uchwyt<\/strong> \u2013 ergonomiczna r\u0119koje\u015b\u0107 z wyko\u0144czeniem antypo\u015blizgowym<\/p>\n<div>\n<hr>\n<\/div>\n<h2><strong>U\u017cywa\u0107:<\/strong><\/h2>\n<p>\ud83c\udfaf <strong>Cele taktyczne i wojskowe<\/strong> \u2013 zaprojektowane dla profesjonalist\u00f3w pracuj\u0105cych w trudnych warunkach<br \/>\n\ud83c\udfd5 <strong>Outdoor i przetrwanie<\/strong> &#8211; niezawodne narz\u0119dzie dla wymagaj\u0105cych poszukiwaczy przyg\u00f3d<br \/>\n\ud83d\udd2a  <strong>Everyday Carry (EDC)<\/strong> \u2013 doskona\u0142y balans mi\u0119dzy wydajno\u015bci\u0105 a kompaktowo\u015bci\u0105<br \/>\n\ud83d\ude91 <strong>Operacje ratunkowe<\/strong> \u2013 szybkie otwieranie jedn\u0105 r\u0119k\u0105 w sytuacjach awaryjnych <\/p>\n<div>\n<hr>\n<\/div>\n<h2><strong>Zalety i wady:<\/strong><\/h2>\n<p>\u2705  <strong>Zalety:<\/strong><br \/>\n \u2714 Szybki i niezawodny mechanizm odpalania<br \/>\n\u2714 Trwa\u0142a konstrukcja wykonana z materia\u0142\u00f3w najwy\u017cszej jako\u015bci<br \/>\n\u2714 Ergonomiczna konstrukcja zapewniaj\u0105ca maksymalny komfort podczas pracy<br \/>\n\u2714 Uniwersalne zastosowanie \u2013 taktyczne, ratownicze i codzienne<\/p>\n<p>\u274c <strong>Wady:<\/strong><br \/>\n \u2716 Wy\u017csza cena odpowiadaj\u0105ca jako\u015bci i wydajno\u015bci<br \/>\n \u2716 Mechanizm automatyczny mo\u017ce nie by\u0107 legalny we wszystkich jurysdykcjach<\/p>\n<div>\n<hr>\n<\/div>\n<h2><strong>Wniosek:<\/strong><\/h2>\n<p><strong>Pro-Tech Tactical Response TR-3 X1<\/strong> to <strong>profesjonalny n\u00f3\u017c taktyczny<\/strong> <strong>\u0142\u0105cz\u0105cy w sobie b\u0142yskawiczne otwieranie, solidn\u0105 konstrukcj\u0119 i maksymaln\u0105 niezawodno\u015b\u0107<\/strong> . Idealnie nadaje si\u0119 do <strong>zastosowa\u0144 wojskowych, ratowniczych i na co dzie\u0144<\/strong> , gdzie <strong>szybko\u015b\u0107 i si\u0142a<\/strong> odgrywaj\u0105 kluczow\u0105 rol\u0119. Je\u015bli szukasz <strong>mocnego i wytrzyma\u0142ego no\u017ca automatycznego<\/strong> , <strong>TR-3 X1<\/strong> b\u0119dzie <strong>\u015bwietnym wyborem<\/strong> . \ud83d\ude80   <\/p>\n","protected":false},"excerpt":{"rendered":"<p><strong>Pro-Tech Tactical Response TR-3 X1 to profesjonalny n\u00f3\u017c taktyczny \u0142\u0105cz\u0105cy w sobie b\u0142yskawiczne otwieranie, solidn\u0105 konstrukcj\u0119 i maksymaln\u0105 niezawodno\u015b\u0107. Idealnie nadaje si\u0119 do zastosowa\u0144 wojskowych, ratowniczych i codziennego u\u017cytku, gdzie liczy si\u0119 szybko\u015b\u0107 i si\u0142a. Je\u015bli szukasz mocnego i wytrzyma\u0142ego no\u017ca automatycznego, TR-3 X1 b\u0119dzie \u015bwietnym wyborem. \ud83d\ude80<\/strong><\/p>\n<p> <strong>Darmowa wysy\u0142ka.<\/strong><\/p>\n","protected":false},"featured_media":389955,"comment_status":"open","ping_status":"closed","template":"","meta":[],"pwb-brand":[3819],"product_brand":[],"product_cat":[3296,3344],"product_tag":[],"class_list":{"0":"post-390035","1":"product","2":"type-product","3":"status-publish","4":"has-post-thumbnail","6":"pwb-brand-dla-tech","7":"product_cat-noze-pl","8":"product_cat-noze-strzeleckie","10":"first","11":"instock","12":"taxable","13":"shipping-taxable","14":"purchasable","15":"product-type-simple"},"brands":[{"id":3819,"name":"Dla Tech","slug":"dla-tech"}],"_links":{"self":[{"href":"https:\/\/www.moskito.cz\/pl\/wp-json\/wp\/v2\/product\/390035","targetHints":{"allow":["GET"]}}],"collection":[{"href":"https:\/\/www.moskito.cz\/pl\/wp-json\/wp\/v2\/product"}],"about":[{"href":"https:\/\/www.moskito.cz\/pl\/wp-json\/wp\/v2\/types\/product"}],"replies":[{"embeddable":true,"href":"https:\/\/www.moskito.cz\/pl\/wp-json\/wp\/v2\/comments?post=390035"}],"wp:featuredmedia":[{"embeddable":true,"href":"https:\/\/www.moskito.cz\/pl\/wp-json\/wp\/v2\/media\/389955"}],"wp:attachment":[{"href":"https:\/\/www.moskito.cz\/pl\/wp-json\/wp\/v2\/media?parent=390035"}],"wp:term":[{"taxonomy":"pwb-brand","embeddable":true,"href":"https:\/\/www.moskito.cz\/pl\/wp-json\/wp\/v2\/pwb-brand?post=390035"},{"taxonomy":"product_brand","embeddable":true,"href":"https:\/\/www.moskito.cz\/pl\/wp-json\/wp\/v2\/product_brand?post=390035"},{"taxonomy":"product_cat","embeddable":true,"href":"https:\/\/www.moskito.cz\/pl\/wp-json\/wp\/v2\/product_cat?post=390035"},{"taxonomy":"product_tag","embeddable":true,"href":"https:\/\/www.moskito.cz\/pl\/wp-json\/wp\/v2\/product_tag?post=390035"}],"curies":[{"name":"wp","href":"https:\/\/api.w.org\/{rel}","templated":true}]}}