{"id":390402,"date":"2025-02-11T21:32:14","date_gmt":"2025-02-11T20:32:14","guid":{"rendered":"https:\/\/www.moskito.cz\/produkt\/spartan-blades-custom-harsey-nichols-damascus-blue-skladany-noz\/"},"modified":"2025-09-29T00:00:03","modified_gmt":"2025-09-28T23:00:03","slug":"spartan-blades-custom-harsey-nichols-damascus-blue-skladany-noz","status":"publish","type":"product","link":"https:\/\/www.moskito.cz\/pl\/produkt\/spartan-blades-custom-harsey-nichols-damascus-blue-skladany-noz\/","title":{"rendered":"Spartan Blades Custom Harsey Nichols Damascus Blue sk\u0142adany n\u00f3\u017c"},"content":{"rendered":"<article class=\"w-full text-token-text-primary focus-visible:outline-2 focus-visible:outline-offset-[-4px]\" dir=\"auto\" data-testid=\"conversation-turn-13\" data-scroll-anchor=\"false\">\n<div class=\"m-auto text-base py-[18px] px-6\">\n<div class=\"mx-auto flex flex-1 gap-4 text-base md:gap-5 lg:gap-6 md:max-w-3xl\">\n<div class=\"group\/conversation-turn relative flex w-full min-w-0 flex-col agent-turn @xs\/thread:px-0 @sm\/thread:px-1.5 @md\/thread:px-4\">\n<div class=\"flex-col gap-1 md:gap-3\">\n<div class=\"flex max-w-full flex-col flex-grow\">\n<div class=\"min-h-8 text-message flex w-full flex-col items-end gap-2 whitespace-normal break-words text-start [.text-message+&amp;]:mt-5\" dir=\"auto\" data-message-author-role=\"assistant\" data-message-id=\"f6d2922e-d430-436d-be1a-27ce524b9993\" data-message-model-slug=\"gpt-4o-mini\">\n<div class=\"flex w-full flex-col gap-1 empty:hidden first:pt-[3px]\">\n<div class=\"markdown prose w-full break-words dark:prose-invert light\">\n<p data-start=\"0\" data-end=\"67\"><strong data-start=\"0\" data-end=\"67\"><span>Spartan Blades Custom Harsey Nichols Damascus Blue sk\u0142adany n\u00f3\u017c<\/span><\/strong><\/p>\n<p data-start=\"69\" data-end=\"430\"><span>Spartan Blades Custom Harsey Nichols Damascus Blue to ekskluzywny model no\u017ca \u0142\u0105cz\u0105cy w sobie najwy\u017csz\u0105 jako\u015b\u0107 materia\u0142\u00f3w i artystyczne wykonanie z nowoczesnymi technologiami. Ten n\u00f3\u017c jest doskona\u0142ym przyk\u0142adem r\u0119cznego wykonania z wykorzystaniem stali damasce\u0144skiej. Jego starannie dopracowane wzornictwo przyci\u0105ga uwag\u0119 i sprawia, \u017ce \u200b\u200bjest odpowiedni zar\u00f3wno dla kolekcjoner\u00f3w, jak i wymagaj\u0105cych u\u017cytkownik\u00f3w. <\/span><\/p>\n<h3 data-start=\"432\" data-end=\"457\"><span>Dane techniczne<\/span><\/h3>\n<p data-start=\"459\" data-end=\"472\"><span>\ud83d\udd2a<\/span> <strong data-start=\"462\" data-end=\"472\"><span>Ostrze:<\/span><\/strong><\/p>\n<ul data-start=\"473\" data-end=\"942\">\n<li data-start=\"473\" data-end=\"553\"><strong data-start=\"475\" data-end=\"485\"><span>D\u0142ugo\u015b\u0107:<\/span><\/strong> <span>oko\u0142o<\/span><\/li>\n<li data-start=\"554\" data-end=\"733\"><strong data-start=\"556\" data-end=\"569\"><span>Materia\u0142:<\/span><\/strong> <span>**Stal damasce\u0144ska<\/span> <strong data-start=\"570\" data-end=\"587\"><span>Stal damasce\u0144ska<\/span><\/strong> <span>\u2013 ka\u017cdy<\/span><\/li>\n<li data-start=\"734\" data-end=\"831\"><strong data-start=\"736\" data-end=\"745\"><span>Kszta\u0142t:<\/span><\/strong> <span>D<\/span><\/li>\n<li data-start=\"832\" data-end=\"942\"><strong data-start=\"834\" data-end=\"855\"><span>Obr\u00f3bka powierzchni:<\/span><\/strong> <span>r\u0119cznie robiona<\/span><\/li>\n<\/ul>\n<p data-start=\"944\" data-end=\"959\"><span>\ud83d\udd90<\/span> <strong data-start=\"947\" data-end=\"959\"><span>Uchwyt:<\/span><\/strong><\/p>\n<ul data-start=\"960\" data-end=\"1350\">\n<li data-start=\"960\" data-end=\"1099\"><strong data-start=\"962\" data-end=\"975\"><span>Materia\u0142:<\/span><\/strong> <strong data-start=\"992\" data-end=\"1004\"><span>tytan<\/span><\/strong> <span>Vy<\/span> <span>\u2013 lekki, mocny i trwa\u0142y materia\u0142, kt\u00f3ry zapewnia komfort u\u017cytkowania i doskona\u0142\u0105 trwa\u0142o\u015b\u0107.<\/span><\/li>\n<li data-start=\"1100\" data-end=\"1222\"><strong data-start=\"1102\" data-end=\"1113\"><span>Projekt:<\/span><\/strong> <span>Niebieskie anodowane wyko\u0144czenie tytanowe dodaje walor\u00f3w estetycznych i zapewnia nowoczesny, a zarazem elegancki wygl\u0105d.<\/span><\/li>\n<li data-start=\"1223\" data-end=\"1350\"><strong data-start=\"1225\" data-end=\"1247\"><span>Ergonomiczna konstrukcja<\/span><\/strong> <span>\u2013 uchwyt zaprojektowano tak, aby wygodnie le\u017ca\u0142 w d\u0142oni, gwarantuj\u0105c bezpieczne u\u017cytkowanie nawet przy d\u0142u\u017cszym trzymaniu.<\/span><\/li>\n<\/ul>\n<p data-start=\"1352\" data-end=\"1370\"><span>\u2699<\/span> <strong data-start=\"1354\" data-end=\"1370\"><span>Mechanizm:<\/span><\/strong><\/p>\n<ul data-start=\"1371\" data-end=\"1586\">\n<li data-start=\"1371\" data-end=\"1500\"><strong data-start=\"1373\" data-end=\"1387\"><span>Otwieranie:<\/span><\/strong> <span>N\u00f3\u017c wyposa\u017cony jest w niezawodny<\/span> mechanizm <strong data-start=\"1415\" data-end=\"1429\"><span>blokady frame lock<\/span><\/strong> <span>, kt\u00f3ry gwarantuje bezpieczne zablokowanie ostrza podczas u\u017cytkowania.<\/span><\/li>\n<li data-start=\"1501\" data-end=\"1586\"><strong data-start=\"1503\" data-end=\"1516\"><span>Szybko\u015b\u0107:<\/span><\/strong> <span>Mechanizm dzia\u0142a p\u0142ynnie i sprawnie, co pozwala na szybkie otwarcie no\u017ca.<\/span><\/li>\n<\/ul>\n<p data-start=\"1588\" data-end=\"1603\"><span>\u2696<\/span> <strong data-start=\"1590\" data-end=\"1603\"><span>Waga:<\/span><\/strong><\/p>\n<ul data-start=\"1604\" data-end=\"1772\">\n<li data-start=\"1604\" data-end=\"1772\"><span>Oko\u0142o 150-170 g \u2013 zapewnia solidn\u0105 i wywa\u017con\u0105 konstrukcj\u0119, kt\u00f3ra jest wystarczaj\u0105co lekka do codziennego noszenia, a jednocze\u015bnie wystarczaj\u0105co wytrzyma\u0142a do bardziej wymagaj\u0105cych zada\u0144.<\/span><\/li>\n<\/ul>\n<p data-start=\"1774\" data-end=\"1798\"><span>\ud83d\udccc<\/span> <strong data-start=\"1777\" data-end=\"1798\"><span>Inne funkcje:<\/span><\/strong><\/p>\n<ul data-start=\"1799\" data-end=\"2075\">\n<li data-start=\"1799\" data-end=\"1911\"><strong data-start=\"1801\" data-end=\"1821\"><span>Edycja limitowana<\/span><\/strong> <span>\u2013 ten n\u00f3\u017c jest cz\u0119\u015bci\u0105 ekskluzywnej edycji, co czyni go niezwykle po\u017c\u0105danym przedmiotem kolekcjonerskim.<\/span><\/li>\n<li data-start=\"1912\" data-end=\"2000\"><strong data-start=\"1914\" data-end=\"1937\"><span>Precyzyjna produkcja CNC<\/span><\/strong> <span>\u2013 ka\u017cdy element jest obrabiany z maksymaln\u0105 staranno\u015bci\u0105 i dba\u0142o\u015bci\u0105 o szczeg\u00f3\u0142y.<\/span><\/li>\n<li data-start=\"2001\" data-end=\"2075\"><strong data-start=\"2003\" data-end=\"2019\"><span>Stalowy klips<\/span><\/strong> <span>umo\u017cliwiaj\u0105cy \u0142atwe przenoszenie i przymocowanie do ubrania lub plecaka.<\/span><\/li>\n<\/ul>\n<h3 data-start=\"2077\" data-end=\"2100\"><span>Kluczowe w\u0142a\u015bciwo\u015bci:<\/span><\/h3>\n<p data-start=\"2101\" data-end=\"2481\"><span>\u2705<\/span> <strong data-start=\"2103\" data-end=\"2123\"><span>Edycja limitowana<\/span><\/strong> <span>\u2013 \u015bwietna propozycja dla kolekcjoner\u00f3w i wymagaj\u0105cych u\u017cytkownik\u00f3w poszukuj\u0105cych czego\u015b wyj\u0105tkowego.<\/span> <br data-start=\"2205\" data-end=\"2208\"><span>\u2705<\/span> <strong data-start=\"2210\" data-end=\"2227\"><span>Stal damasce\u0144ska<\/span><\/strong> <span>&#8211; r\u0119cznie kute ostrze o wyj\u0105tkowym wzorze i doskona\u0142ych w\u0142a\u015bciwo\u015bciach tn\u0105cych.<\/span> <br data-start=\"2314\" data-end=\"2317\"><span>\u2705<\/span> <strong data-start=\"2319\" data-end=\"2339\"><span>Szybkie otwieranie<\/span><\/strong> <span>&#8211; wydajny i niezawodny mechanizm blokady ramy.<\/span> <br data-start=\"2388\" data-end=\"2391\"><span>\u2705<\/span> <strong data-start=\"2393\" data-end=\"2419\"><span>Anodowanie na niebiesko tytanowe<\/span><\/strong> <span>&#8211; nowoczesny i estetyczny design, kt\u00f3ry zwi\u0119ksza atrakcyjno\u015b\u0107 no\u017cy.<\/span><\/p>\n<h3 data-start=\"2483\" data-end=\"2495\"><span>U\u017cywa\u0107:<\/span><\/h3>\n<p data-start=\"2496\" data-end=\"2878\"><span>\ud83c\udfaf<\/span> <strong data-start=\"2499\" data-end=\"2521\"><span>Przedmiot kolekcjonerski<\/span><\/strong> <span>&#8211; limitowana edycja z pi\u0119knym damaszkiem, idealna dla kolekcjoner\u00f3w no\u017cy.<\/span> <br data-start=\"2597\" data-end=\"2600\"> <span>\ud83d\udd2a<\/span> <strong data-start=\"2603\" data-end=\"2627\"><span>EDC (Everyday Carry)<\/span><\/strong> <span>\u2013 wysokiej jako\u015bci i stylowy n\u00f3\u017c do codziennych zada\u0144, kt\u00f3ry oferuje r\u00f3wnie\u017c wyj\u0105tkowy wygl\u0105d i wysok\u0105 funkcjonalno\u015b\u0107.<\/span> <br data-start=\"2732\" data-end=\"2735\"> <span>\ud83d\udd27<\/span> <strong data-start=\"2738\" data-end=\"2758\"><span>Zastosowanie taktyczne<\/span><\/strong> <span>\u2013 dzi\u0119ki wysokiej jako\u015bci wykonania i wytrzyma\u0142o\u015bci, bro\u0144 ta nadaje si\u0119 r\u00f3wnie\u017c do zastosowa\u0144 taktycznych, gdzie liczy si\u0119 niezawodno\u015b\u0107 i szybko\u015b\u0107 dzia\u0142ania.<\/span><\/p>\n<h3 data-start=\"2880\" data-end=\"2902\"><span>Zalety i wady:<\/span><\/h3>\n<p data-start=\"2903\" data-end=\"2916\"><span>\u2705<\/span> <strong data-start=\"2905\" data-end=\"2916\"><span>Korzy\u015bci:<\/span><\/strong><\/p>\n<ul data-start=\"2917\" data-end=\"3156\">\n<li data-start=\"2917\" data-end=\"2986\"><span>Unikatowy design z r\u0119cznie kutym ostrzem z damasce\u0144skiej stali i niebieskim tytanem.<\/span><\/li>\n<li data-start=\"2987\" data-end=\"3035\"><span>Wysokiej jako\u015bci materia\u0142y i staranne wykonanie.<\/span><\/li>\n<li data-start=\"3036\" data-end=\"3095\"><span>Szybkie i niezawodne otwieranie dzi\u0119ki mechanizmowi blokady ramy.<\/span><\/li>\n<li data-start=\"3096\" data-end=\"3156\"><span>Edycja limitowana, co czyni j\u0105 cennym przedmiotem kolekcjonerskim.<\/span><\/li>\n<\/ul>\n<p data-start=\"3158\" data-end=\"3173\"><span>\u274c<\/span> <strong data-start=\"3160\" data-end=\"3173\"><span>Wady:<\/span><\/strong><\/p>\n<ul data-start=\"3174\" data-end=\"3362\">\n<li data-start=\"3174\" data-end=\"3239\"><span>Wy\u017csza cena wynika z ekskluzywno\u015bci modelu i wykorzystanych materia\u0142\u00f3w.<\/span><\/li>\n<li data-start=\"3240\" data-end=\"3285\"><span>Dost\u0119pno\u015b\u0107 ograniczona ze wzgl\u0119du na limitowan\u0105 produkcj\u0119.<\/span><\/li>\n<li data-start=\"3286\" data-end=\"3362\"><span>W niekt\u00f3rych jurysdykcjach mog\u0105 obowi\u0105zywa\u0107 surowe przepisy dotycz\u0105ce noszenia no\u017cy sk\u0142adanych.<\/span><\/li>\n<\/ul>\n<h3 data-start=\"3364\" data-end=\"3374\"><span>wniosek:<\/span><\/h3>\n<p data-start=\"3375\" data-end=\"3697\" data-is-last-node=\"\"><span>Spartan Blades Custom Harsey Nichols Damascus Blue to wyj\u0105tkowy n\u00f3\u017c \u0142\u0105cz\u0105cy w sobie najwy\u017csz\u0105 wydajno\u015b\u0107, pi\u0119kny design i limitowan\u0105 edycj\u0119. Dzi\u0119ki zastosowaniu r\u0119cznie kutej stali damasce\u0144skiej i anodowania na niebiesko tytanem jest to wyj\u0105tkowy egzemplarz dla kolekcjoner\u00f3w, ale tak\u017ce dla u\u017cytkownik\u00f3w poszukuj\u0105cych wysokiej jako\u015bci i niezawodnego no\u017ca do codziennego noszenia \ud83d\ude80 \ud83d\udd2a <\/span><\/p>\n<\/div>\n<\/div>\n<\/div>\n<\/div>\n<div class=\"mb-2 flex gap-3 empty:hidden -ml-2\">\n<div class=\"items-center justify-start rounded-xl p-1 z-10 -mt-1 bg-token-main-surface-primary screen-arch:mt-1 md:absolute flex\">\n<div class=\"flex items-center\"><\/div>\n<\/div>\n<\/div>\n<div class=\"pr-2 lg:pr-0\"><\/div>\n<\/div>\n<\/div>\n<\/div>\n<\/div>\n<\/article>\n","protected":false},"excerpt":{"rendered":"<p><strong>Spartan Blades Custom Harsey Nichols Damascus Blue to wyj\u0105tkowy n\u00f3\u017c \u0142\u0105cz\u0105cy w sobie najwy\u017csz\u0105 wydajno\u015b\u0107, pi\u0119kny design i limitowan\u0105 edycj\u0119. Dzi\u0119ki zastosowaniu r\u0119cznie kutej stali damasce\u0144skiej i anodowania na niebiesko tytanem jest to wyj\u0105tkowy egzemplarz dla kolekcjoner\u00f3w, ale tak\u017ce dla u\u017cytkownik\u00f3w poszukuj\u0105cych wysokiej jako\u015bci i niezawodnego no\u017ca do codziennego noszenia \ud83d\ude80 \ud83d\udd2a <\/strong><\/p>\n<p><strong>Bezp\u0142atny transport.<\/strong><\/p>\n","protected":false},"featured_media":390311,"comment_status":"open","ping_status":"closed","template":"","meta":[],"pwb-brand":[3836],"product_brand":[],"product_cat":[3296,3421,3307],"product_tag":[],"class_list":{"0":"post-390402","1":"product","2":"type-product","3":"status-publish","4":"has-post-thumbnail","6":"pwb-brand-spartanskie-ostrza","7":"product_cat-noze-pl","8":"product_cat-noze-damascenskie","9":"product_cat-zamykanie-nozy","11":"first","12":"instock","13":"taxable","14":"shipping-taxable","15":"purchasable","16":"product-type-simple"},"brands":[{"id":3836,"name":"Sparta\u0144skie Ostrza","slug":"spartanskie-ostrza"}],"_links":{"self":[{"href":"https:\/\/www.moskito.cz\/pl\/wp-json\/wp\/v2\/product\/390402","targetHints":{"allow":["GET"]}}],"collection":[{"href":"https:\/\/www.moskito.cz\/pl\/wp-json\/wp\/v2\/product"}],"about":[{"href":"https:\/\/www.moskito.cz\/pl\/wp-json\/wp\/v2\/types\/product"}],"replies":[{"embeddable":true,"href":"https:\/\/www.moskito.cz\/pl\/wp-json\/wp\/v2\/comments?post=390402"}],"wp:featuredmedia":[{"embeddable":true,"href":"https:\/\/www.moskito.cz\/pl\/wp-json\/wp\/v2\/media\/390311"}],"wp:attachment":[{"href":"https:\/\/www.moskito.cz\/pl\/wp-json\/wp\/v2\/media?parent=390402"}],"wp:term":[{"taxonomy":"pwb-brand","embeddable":true,"href":"https:\/\/www.moskito.cz\/pl\/wp-json\/wp\/v2\/pwb-brand?post=390402"},{"taxonomy":"product_brand","embeddable":true,"href":"https:\/\/www.moskito.cz\/pl\/wp-json\/wp\/v2\/product_brand?post=390402"},{"taxonomy":"product_cat","embeddable":true,"href":"https:\/\/www.moskito.cz\/pl\/wp-json\/wp\/v2\/product_cat?post=390402"},{"taxonomy":"product_tag","embeddable":true,"href":"https:\/\/www.moskito.cz\/pl\/wp-json\/wp\/v2\/product_tag?post=390402"}],"curies":[{"name":"wp","href":"https:\/\/api.w.org\/{rel}","templated":true}]}}