{"id":398096,"date":"2025-02-12T20:52:42","date_gmt":"2025-02-12T19:52:42","guid":{"rendered":"https:\/\/www.moskito.cz\/produkt\/spartan-blades-harsey-ronin-gunfighter-sf5custom-noz-skladany\/"},"modified":"2025-10-09T00:00:23","modified_gmt":"2025-10-08T23:00:23","slug":"spartan-blades-harsey-ronin-gunfighter-sf5custom-noz-skladany","status":"publish","type":"product","link":"https:\/\/www.moskito.cz\/pl\/produkt\/spartan-blades-harsey-ronin-gunfighter-sf5custom-noz-skladany\/","title":{"rendered":"Spartan Blades Harsey Ronin GunFighter SF5CUSTOM N\u00f3\u017c sk\u0142adany"},"content":{"rendered":"<p data-start=\"0\" data-end=\"65\"><strong data-start=\"0\" data-end=\"65\"><span>Spartan Blades Harsey Ronin GunFighter SF5CUSTOM N\u00f3\u017c sk\u0142adany<\/span><\/strong><\/p>\n<p data-start=\"67\" data-end=\"426\"><span>N\u00f3\u017c sk\u0142adany Spartan Blades Harsey Ronin GunFighter SF5CUSTOM charakteryzuje si\u0119 doskona\u0142\u0105 konstrukcj\u0105, bezkompromisow\u0105 funkcjonalno\u015bci\u0105 i wyj\u0105tkowym designem. Model ten jest idealny dla kolekcjoner\u00f3w, profesjonalist\u00f3w i mi\u0142o\u015bnik\u00f3w wysokiej jako\u015bci no\u017cy. Dzi\u0119ki swojej trwa\u0142o\u015bci, precyzyjnemu wykonaniu i solidnej konstrukcji n\u00f3\u017c ten doskonale sprawdzi si\u0119 w codziennym u\u017cytkowaniu i wymagaj\u0105cych zadaniach.  <\/span><\/p>\n<p data-start=\"428\" data-end=\"453\"><strong data-start=\"428\" data-end=\"453\"><span>Dane techniczne<\/span><\/strong><\/p>\n<p data-start=\"455\" data-end=\"468\"><span>\ud83d\udd2a<\/span> <strong data-start=\"458\" data-end=\"468\"><span>Ostrze:<\/span><\/strong><\/p>\n<ul data-start=\"469\" data-end=\"1005\">\n<li data-start=\"469\" data-end=\"594\"><strong data-start=\"471\" data-end=\"481\"><span>D\u0142ugo\u015b\u0107:<\/span><\/strong> <span>oko\u0142o 9,4 cm &#8211; idealne do wszechstronnego zastosowania, w tym do ci\u0119\u017ckich zada\u0144, takich jak ci\u0119cie, k\u0142ucie i ci\u0105gni\u0119cie.<\/span><\/li>\n<li data-start=\"595\" data-end=\"734\"><strong data-start=\"597\" data-end=\"610\"><span>Materia\u0142:<\/span><\/strong> <span>CPM S35VN \u2013 stal najwy\u017cszej jako\u015bci, znana z doskona\u0142ej odporno\u015bci na korozj\u0119, \u015bwietnych w\u0142a\u015bciwo\u015bci tn\u0105cych i d\u0142ugiej \u017cywotno\u015bci.<\/span><\/li>\n<li data-start=\"735\" data-end=\"856\"><strong data-start=\"737\" data-end=\"746\"><span>Kszta\u0142t:<\/span><\/strong> <span>Szpic \u2013 uniwersalny kszta\u0142t do szerokiej gamy zada\u0144 zwi\u0105zanych z ci\u0119ciem i k\u0142uciem, zapewniaj\u0105cy doskona\u0142\u0105 kontrol\u0119 i precyzj\u0119.<\/span><\/li>\n<li data-start=\"857\" data-end=\"1005\"><strong data-start=\"859\" data-end=\"880\"><span>Wyko\u0144czenie powierzchni:<\/span><\/strong> <span>Stonewashed \u2013 solidna i trwa\u0142a powierzchnia, kt\u00f3ra nie tylko poprawia wygl\u0105d no\u017ca, ale r\u00f3wnie\u017c zwi\u0119ksza jego odporno\u015b\u0107 na zarysowania.<\/span><\/li>\n<\/ul>\n<p data-start=\"1007\" data-end=\"1022\"><span>\ud83d\udd90<\/span> <strong data-start=\"1010\" data-end=\"1022\"><span>Uchwyt:<\/span><\/strong><\/p>\n<ul data-start=\"1023\" data-end=\"1422\">\n<li data-start=\"1023\" data-end=\"1147\"><strong data-start=\"1025\" data-end=\"1038\"><span>Materia\u0142:<\/span><\/strong> <span>G10 \u2013 bardzo wytrzyma\u0142y, lekki i antypo\u015blizgowy materia\u0142, kt\u00f3ry zapewnia wygodny chwyt w trudnych warunkach.<\/span><\/li>\n<li data-start=\"1148\" data-end=\"1274\"><strong data-start=\"1150\" data-end=\"1161\"><span>Projekt:<\/span><\/strong> <span>Gunfighter \u2013 r\u0119koje\u015b\u0107 ma agresywny i nowoczesny design, jest ergonomiczna i zapewnia pewny i wygodny chwyt.<\/span><\/li>\n<li data-start=\"1275\" data-end=\"1422\"><strong data-start=\"1277\" data-end=\"1298\"><span>Ergonomiczny kszta\u0142t:<\/span><\/strong> <span>Uchwyt jest wyprofilowany tak, aby zapewni\u0107 pewny i mocny chwyt, co jest szczeg\u00f3lnie wa\u017cne podczas wykonywania wymagaj\u0105cych zada\u0144 lub w sytuacjach taktycznych.<\/span><\/li>\n<\/ul>\n<p data-start=\"1424\" data-end=\"1442\"><span>\u2699<\/span> <strong data-start=\"1426\" data-end=\"1442\"><span>Mechanizm:<\/span><\/strong><\/p>\n<ul data-start=\"1443\" data-end=\"1708\">\n<li data-start=\"1443\" data-end=\"1576\"><strong data-start=\"1445\" data-end=\"1459\"><span>Otwieranie:<\/span><\/strong> <span>Frame lock \u2013 niezawodny mechanizm blokuj\u0105cy ostrze w trakcie u\u017cytkowania, zapewniaj\u0105cy bezpieczne i stabilne trzymanie.<\/span><\/li>\n<li data-start=\"1577\" data-end=\"1708\"><strong data-start=\"1579\" data-end=\"1592\"><span>Szybko\u015b\u0107:<\/span><\/strong> <span>Mechanizm otwierania dzia\u0142a p\u0142ynnie i szybko, co pozwala na natychmiastowe wyj\u0119cie no\u017ca w sytuacjach, w kt\u00f3rych szybko\u015b\u0107 ma kluczowe znaczenie.<\/span><\/li>\n<\/ul>\n<p data-start=\"1710\" data-end=\"1725\"><span>\u2696<\/span> <strong data-start=\"1712\" data-end=\"1725\"><span>Waga:<\/span><\/strong><\/p>\n<ul data-start=\"1726\" data-end=\"1848\">\n<li data-start=\"1726\" data-end=\"1848\"><span>Waga oko\u0142o 160\u2013180 g \u2013 idealny kompromis mi\u0119dzy wytrzyma\u0142o\u015bci\u0105 potrzebn\u0105 do wymagaj\u0105cych zada\u0144 a lekko\u015bci\u0105 wystarczaj\u0105c\u0105 do noszenia na co dzie\u0144.<\/span><\/li>\n<\/ul>\n<p data-start=\"1850\" data-end=\"1874\"><span>\ud83d\udccc<\/span> <strong data-start=\"1853\" data-end=\"1874\"><span>Inne funkcje:<\/span><\/strong><\/p>\n<ul data-start=\"1875\" data-end=\"2174\">\n<li data-start=\"1875\" data-end=\"1979\"><strong data-start=\"1877\" data-end=\"1897\"><span>Edycja limitowana<\/span><\/strong> <span>\u2013 ten model jest cz\u0119\u015bci\u0105 ekskluzywnej edycji, co czyni go cennym i rzadkim egzemplarzem.<\/span><\/li>\n<li data-start=\"1980\" data-end=\"2066\"><strong data-start=\"1982\" data-end=\"2005\"><span>Precyzyjna produkcja CNC<\/span><\/strong> <span>\u2013 ka\u017cdy n\u00f3\u017c jest wykonany z maksymaln\u0105 staranno\u015bci\u0105 i dba\u0142o\u015bci\u0105 o szczeg\u00f3\u0142y.<\/span><\/li>\n<li data-start=\"2067\" data-end=\"2174\"><strong data-start=\"2069\" data-end=\"2087\"><span>Klips transportowy<\/span><\/strong> <span>\u2013 stalowy klips umo\u017cliwiaj\u0105cy \u0142atwe przymocowanie no\u017ca do ubrania lub plecaka, co zapewnia wygodne noszenie.<\/span><\/li>\n<\/ul>\n<p data-start=\"2176\" data-end=\"2591\"><strong data-start=\"2176\" data-end=\"2199\"><span>Najwa\u017cniejsze cechy:<\/span><\/strong> <span>\u2705<\/span> <strong data-start=\"2202\" data-end=\"2222\"><span>Edycja limitowana<\/span><\/strong> <span>&#8211; ekskluzywny model dla kolekcjoner\u00f3w i entuzjast\u00f3w.<\/span> <br data-start=\"2267\" data-end=\"2270\"><span>\u2705<\/span> <strong data-start=\"2272\" data-end=\"2290\"><span>Stal CPM S35VN<\/span><\/strong> <span>&#8211; wysokiej jako\u015bci stal nierdzewna zapewniaj\u0105ca d\u0142ug\u0105 \u017cywotno\u015b\u0107 i doskona\u0142e w\u0142a\u015bciwo\u015bci tn\u0105ce.<\/span> <br data-start=\"2371\" data-end=\"2374\"><span>\u2705<\/span> <strong data-start=\"2376\" data-end=\"2398\"><span>Powierzchnia stonewashed<\/span><\/strong> <span>&#8211; elegancka i trwa\u0142a powierzchnia chroni\u0105ca przed zarysowaniami i poprawiaj\u0105ca wygl\u0105d no\u017cy.<\/span> <br data-start=\"2481\" data-end=\"2484\"><span>\u2705<\/span> <strong data-start=\"2486\" data-end=\"2507\"><span>Design Gunfighter<\/span><\/strong> <span>&#8211; nowoczesny i agresywny design, kt\u00f3ry zapewnia doskona\u0142y chwyt i wygod\u0119 podczas u\u017cytkowania.<\/span><\/p>\n<p data-start=\"2593\" data-end=\"2968\"><strong data-start=\"2593\" data-end=\"2605\"><span>Zastosowanie:<\/span><\/strong> <span>\ud83c\udfaf<\/span> <strong data-start=\"2609\" data-end=\"2631\"><span>Przedmiot kolekcjonerski<\/span><\/strong> <span>&#8211; limitowana edycja i ekskluzywny design sprawiaj\u0105, \u017ce n\u00f3\u017c ten jest atrakcyjny dla kolekcjoner\u00f3w no\u017cy.<\/span> <br data-start=\"2716\" data-end=\"2719\"><span>\ud83d\udd2a<\/span> <strong data-start=\"2722\" data-end=\"2746\"><span>EDC (Everyday Carry)<\/span><\/strong> <span>\u2013 wytrzyma\u0142y i niezawodny n\u00f3\u017c do codziennego noszenia, odpowiedni do r\u00f3\u017cnych zada\u0144.<\/span> <br data-start=\"2827\" data-end=\"2830\"><span>\ud83d\udd27<\/span> <strong data-start=\"2833\" data-end=\"2853\"><span>Zastosowanie taktyczne<\/span><\/strong> <span>\u2013 dzi\u0119ki swojej konstrukcji n\u00f3\u017c ten nadaje si\u0119 do sytuacji taktycznych, w kt\u00f3rych liczy si\u0119 szybko\u015b\u0107, niezawodno\u015b\u0107 i trwa\u0142o\u015b\u0107.<\/span><\/p>\n<p data-start=\"2970\" data-end=\"2992\"><strong data-start=\"2970\" data-end=\"2992\"><span>Zalety i wady:<\/span><\/strong><\/p>\n<p data-start=\"2994\" data-end=\"3007\"><span>\u2705<\/span> <strong data-start=\"2996\" data-end=\"3007\"><span>Korzy\u015bci:<\/span><\/strong><\/p>\n<ul data-start=\"3008\" data-end=\"3264\">\n<li data-start=\"3008\" data-end=\"3068\"><span>Materia\u0142y wysokiej jako\u015bci, w tym stal klasy premium CPM S35VN.<\/span><\/li>\n<li data-start=\"3069\" data-end=\"3134\"><span>Wyj\u0105tkowy i atrakcyjny design Gunfighter z ergonomicznym uchwytem.<\/span><\/li>\n<li data-start=\"3135\" data-end=\"3194\"><span>Niezawodny mechanizm blokady ramy zapewniaj\u0105cy bezpieczne u\u017cytkowanie.<\/span><\/li>\n<li data-start=\"3195\" data-end=\"3264\"><span>Limitowana edycja sprawia, \u017ce \u200b\u200bn\u00f3\u017c ten jest rzadkim i cennym przedmiotem kolekcjonerskim.<\/span><\/li>\n<\/ul>\n<p data-start=\"3266\" data-end=\"3281\"><span>\u274c<\/span> <strong data-start=\"3268\" data-end=\"3281\"><span>Wady:<\/span><\/strong><\/p>\n<ul data-start=\"3282\" data-end=\"3461\">\n<li data-start=\"3282\" data-end=\"3338\"><span>Wy\u017csza cena ze wzgl\u0119du na ekskluzywno\u015b\u0107 i jako\u015b\u0107 materia\u0142\u00f3w.<\/span><\/li>\n<li data-start=\"3339\" data-end=\"3384\"><span>Dost\u0119pno\u015b\u0107 ograniczona ze wzgl\u0119du na limitowan\u0105 produkcj\u0119.<\/span><\/li>\n<li data-start=\"3385\" data-end=\"3461\"><span>W niekt\u00f3rych jurysdykcjach mog\u0105 obowi\u0105zywa\u0107 surowe przepisy dotycz\u0105ce noszenia no\u017cy sk\u0142adanych.<\/span><\/li>\n<\/ul>\n<p data-start=\"3463\" data-end=\"3941\"><strong data-start=\"3463\" data-end=\"3473\"><span>Wniosek:<\/span><\/strong><span>  Spartan Blades Harsey Ronin GunFighter SF5CUSTOM to wysokiej jako\u015bci n\u00f3\u017c \u0142\u0105cz\u0105cy w sobie precyzj\u0119 wykonania, nowoczesny design i doskona\u0142\u0105 funkcjonalno\u015b\u0107. Ten n\u00f3\u017c to idealny wyb\u00f3r dla kolekcjoner\u00f3w poszukuj\u0105cych rzadkiego egzemplarza do swojej kolekcji, ale tak\u017ce dla u\u017cytkownik\u00f3w potrzebuj\u0105cych niezawodnego narz\u0119dzia do codziennego u\u017cytku lub w sytuacjach taktycznych. Limitowana edycja i elegancki design z motywem strzelca czyni\u0105 go nie tylko skutecznym narz\u0119dziem, ale tak\u017ce cennym i rzadkim eksponatem. \ud83d\ude80 \ud83d\udd2a   <\/span><\/p>\n","protected":false},"excerpt":{"rendered":"<p><strong>Podsumowanie: Spartan Blades Harsey Ronin GunFighter SF5CUSTOM to wysokiej jako\u015bci n\u00f3\u017c \u0142\u0105cz\u0105cy w sobie precyzyjne wykonanie, nowoczesny design i doskona\u0142\u0105 funkcjonalno\u015b\u0107. Ten n\u00f3\u017c to idealny wyb\u00f3r dla kolekcjoner\u00f3w poszukuj\u0105cych rzadkiego egzemplarza do swojej kolekcji, ale tak\u017ce dla u\u017cytkownik\u00f3w potrzebuj\u0105cych niezawodnego narz\u0119dzia do codziennego u\u017cytku lub w sytuacjach taktycznych. Limitowana edycja i elegancki design z motywem strzelca czyni\u0105 go nie tylko skutecznym narz\u0119dziem, ale tak\u017ce cennym i rzadkim eksponatem. \ud83d\ude80 \ud83d\udd2a   <\/strong><\/p>\n<p><strong>Bezp\u0142atny transport.<\/strong><\/p>\n","protected":false},"featured_media":390431,"comment_status":"open","ping_status":"closed","template":"","meta":[],"pwb-brand":[3836],"product_brand":[],"product_cat":[3296,3307],"product_tag":[],"class_list":{"0":"post-398096","1":"product","2":"type-product","3":"status-publish","4":"has-post-thumbnail","6":"pwb-brand-spartanskie-ostrza","7":"product_cat-noze-pl","8":"product_cat-zamykanie-nozy","10":"first","11":"outofstock","12":"taxable","13":"shipping-taxable","14":"purchasable","15":"product-type-simple"},"brands":[{"id":3836,"name":"Sparta\u0144skie Ostrza","slug":"spartanskie-ostrza"}],"_links":{"self":[{"href":"https:\/\/www.moskito.cz\/pl\/wp-json\/wp\/v2\/product\/398096","targetHints":{"allow":["GET"]}}],"collection":[{"href":"https:\/\/www.moskito.cz\/pl\/wp-json\/wp\/v2\/product"}],"about":[{"href":"https:\/\/www.moskito.cz\/pl\/wp-json\/wp\/v2\/types\/product"}],"replies":[{"embeddable":true,"href":"https:\/\/www.moskito.cz\/pl\/wp-json\/wp\/v2\/comments?post=398096"}],"wp:featuredmedia":[{"embeddable":true,"href":"https:\/\/www.moskito.cz\/pl\/wp-json\/wp\/v2\/media\/390431"}],"wp:attachment":[{"href":"https:\/\/www.moskito.cz\/pl\/wp-json\/wp\/v2\/media?parent=398096"}],"wp:term":[{"taxonomy":"pwb-brand","embeddable":true,"href":"https:\/\/www.moskito.cz\/pl\/wp-json\/wp\/v2\/pwb-brand?post=398096"},{"taxonomy":"product_brand","embeddable":true,"href":"https:\/\/www.moskito.cz\/pl\/wp-json\/wp\/v2\/product_brand?post=398096"},{"taxonomy":"product_cat","embeddable":true,"href":"https:\/\/www.moskito.cz\/pl\/wp-json\/wp\/v2\/product_cat?post=398096"},{"taxonomy":"product_tag","embeddable":true,"href":"https:\/\/www.moskito.cz\/pl\/wp-json\/wp\/v2\/product_tag?post=398096"}],"curies":[{"name":"wp","href":"https:\/\/api.w.org\/{rel}","templated":true}]}}