{"id":398105,"date":"2025-03-17T14:26:41","date_gmt":"2025-03-31T09:33:06","guid":{"rendered":"https:\/\/www.moskito.cz\/produkt\/frank-beltrame-noz-bagnetowy-z-rogu-barana-28-cm\/"},"modified":"2025-05-07T11:28:52","modified_gmt":"2025-05-07T10:28:52","slug":"frank-beltrame-noz-bagnetowy-z-rogu-barana-28-cm","status":"publish","type":"product","link":"https:\/\/www.moskito.cz\/pl\/produkt\/frank-beltrame-noz-bagnetowy-z-rogu-barana-28-cm\/","title":{"rendered":"Frank Beltrame N\u00f3\u017c bagnetowy z rogu barana 28 cm"},"content":{"rendered":"<p data-pm-slice=\"1 1 []\">\ud83d\udd25 <strong>Frank Beltrame N\u00f3\u017c bagnetowy z rogu barana Stiletto 28 cm<\/strong><\/p>\n<p>\ud83d\udd2a  <strong>Bagnet sztyletowy Frank Beltrame Baran Horn 28 cm<\/strong>  Jest  <strong>tradycyjny w\u0142oski n\u00f3\u017c sk\u0142adany<\/strong>kt\u00f3ry \u0142\u0105czy  <strong>klasyczny design, precyzyjne wykonanie r\u0119czne i wyj\u0105tkowe materia\u0142y<\/strong>. Model ten zosta\u0142 wyposa\u017cony w <strong>eleganck\u0105 r\u0119koje\u015b\u0107 wykonan\u0105 z prawdziwego rogu baraniego<\/strong> , co nadaje mu wyj\u0105tkowego wygl\u0105du i ekskluzywno\u015bci. Ostrze typu <strong>bagnet<\/strong> wykonane z polerowanej <strong>stali nierdzewnej<\/strong> gwarantuje d\u0142ug\u0105 \u017cywotno\u015b\u0107 i doskona\u0142e w\u0142a\u015bciwo\u015bci tn\u0105ce.  <\/p>\n<div>\n<hr>\n<\/div>\n<h2>\ud83d\udcd0 Specyfikacje<\/h2>\n<ul data-spread=\"false\">\n<li><strong>D\u0142ugo\u015b\u0107 ca\u0142kowita:<\/strong> 28 cm<\/li>\n<li><strong>D\u0142ugo\u015b\u0107 ostrza:<\/strong> 11cm<\/li>\n<li><strong>Grubo\u015b\u0107 ostrza:<\/strong> 3 mm<\/li>\n<li><strong>Materia\u0142 ostrza:<\/strong> AISI 420 MA5M<\/li>\n<li><strong>Twardo\u015b\u0107:<\/strong> 56 HRC<\/li>\n<li><strong>Kraw\u0119d\u017a:<\/strong> Kraw\u0119d\u017a g\u0142adka (p\u0142aska)<\/li>\n<li><strong>Kszta\u0142t ostrza:<\/strong> Bagnet<\/li>\n<li><strong>Wyko\u0144czenie powierzchni:<\/strong> ostrze polerowane<\/li>\n<li><strong>Materia\u0142 r\u0119koje\u015bci:<\/strong> prawdziwy r\u00f3g barani<\/li>\n<li><strong>Blokada:<\/strong> Lockback (tradycyjne zabezpieczenie)<\/li>\n<li><strong>Waga:<\/strong> 160g<\/li>\n<\/ul>\n<div>\n<hr>\n<\/div>\n<h2>\ud83c\udfaf G\u0142\u00f3wne cechy<\/h2>\n<p>\u2705 <strong>R\u0119cznie wykonane we W\u0142oszech<\/strong> &#8211; ka\u017cdy egzemplarz jest oryginalny i ma unikaln\u0105 faktur\u0119 uchwytu.<br \/>\n\u2705 <strong>R\u0119koje\u015b\u0107 wykonana z prawdziwego rogu baraniego<\/strong> &#8211; autentycznego naturalnego materia\u0142u o eleganckim wygl\u0105dzie.<br \/>\n\u2705 <strong>Polerowane ostrze ze stali nierdzewnej AISI 420 MA5M<\/strong> &#8211; odporne na korozj\u0119, \u0142atwe do ostrzenia.<br \/>\n\u2705 <strong>Klasyczny profil ostrza bagnetowego<\/strong> &#8211; doskona\u0142y do \u200b\u200bprecyzyjnych ci\u0119\u0107 i k\u0142u\u0107.<br \/>\n\u2705 <strong>Mechanizm szybkiego otwierania<\/strong> \u2013 p\u0142ynne otwieranie po naci\u015bni\u0119ciu przycisku.<br \/>\n\u2705 <strong>Zabezpieczenie Lockback<\/strong> &#8211; pewne i pewne zablokowanie ostrza.<\/p>\n<div>\n<hr>\n<\/div>\n<h2>\ud83d\udcdc Historia marki Frank Beltrame<\/h2>\n<p>Frank Beltrame to <strong>znana w\u0142oska marka<\/strong> , kt\u00f3rej historia si\u0119ga lat 50. XX wieku. No\u017ce <strong>typu stiletto<\/strong> s\u0105 symbolem <strong>tradycyjnego w\u0142oskiego rzemios\u0142a<\/strong> i sta\u0142y si\u0119 kultowe dzi\u0119ki <strong>eleganckiemu wzornictwu, precyzyjnemu mechanizmowi i wysokiej jako\u015bci wykonaniu<\/strong> .   <\/p>\n<div>\n<hr>\n<\/div>\n<h2>\u2696\ufe0f Por\u00f3wnanie z innymi modelami<\/h2>\n<p>\ud83d\udd39 <strong>Frank Beltrame Ram Horn kontra Buffalo Horn<\/strong> \u2013 model <strong>Buffalo Horn<\/strong> ma ciemniejszy uchwyt, natomiast <strong>Ram Horn ma ja\u015bniejsz\u0105 i bardziej ekskluzywn\u0105 faktur\u0119<\/strong> .<\/p>\n<p>\ud83d\udd39 <strong>Frank Beltrame kontra AKC Swinguard<\/strong> \u2013 AKC Swinguard ma inny rodzaj zabezpieczenia, podczas gdy Beltrame Stiletto zachowuje <strong>klasyczne zabezpieczenie Lockback<\/strong> .<\/p>\n<p>\ud83d\udd39 <strong>Frank Beltrame kontra Microtech Ultratech<\/strong> \u2013 Microtech to nowoczesny <strong>n\u00f3\u017c OTF<\/strong> , natomiast <strong>Stiletto to tradycyjny w\u0142oski n\u00f3\u017c o historycznym designie<\/strong> .<\/p>\n<div>\n<hr>\n<\/div>\n<h2>\ud83d\udcdc Zastosowanie i cel<\/h2>\n<p>\ud83d\udd38 <strong>Przedmiot kolekcjonerski<\/strong> &#8211; dzi\u0119ki r\u0119cznemu wykonaniu i materia\u0142om najwy\u017cszej jako\u015bci.<br \/>\n\ud83d\udd38 <strong>Stylowy dodatek<\/strong> \u2013 elegancki i ponadczasowy design.<br \/>\n\ud83d\udd38 <strong>Everyday Carry (EDC)<\/strong> \u2013 lekki i kompaktowy n\u00f3\u017c, odpowiedni do codziennych zada\u0144.<\/p>\n<div>\n<hr>\n<\/div>\n<h2>\ud83c\udf92 Akcesoria i zawarto\u015b\u0107 opakowania<\/h2>\n<p>\ud83d\udccc <strong>Pakiet zawiera:<\/strong><br \/>\n \u2714 <strong>Frank Beltrame Stiletto Bayonet Ram Horn 28 cm<\/strong> n\u00f3\u017c sk\u0142adany<br \/>\n \u2714 Pokrowiec ochronny  <\/p>\n<p>\ud83d\udccc <strong>Zalecane akcesoria:<\/strong><br \/>\n \ud83d\udd39 Luksusowe sk\u00f3rzane etui<br \/>\n \ud83d\udd39 Specjalny olej do ostrzy<br \/>\n \ud83d\udd39 \u015aciereczka ochronna do polerowania uchwytu<\/p>\n<div>\n<hr>\n<\/div>\n<h2>\ud83d\udd27 Konserwacja i \u017cywotno\u015b\u0107<\/h2>\n<p>\ud83d\udd39 <strong>Czyszczenie:<\/strong> Po u\u017cyciu przetrzyj ostrze such\u0105 szmatk\u0105 i na\u0142\u00f3\u017c olej ochronny.<br \/>\n\ud83d\udd39 <strong>Mielenie:<\/strong> U\u017cywaj wysokiej jako\u015bci kamieni miel\u0105cych, aby uzyska\u0107 drobny proszek.<br \/>\n\ud83d\udd39 <strong>Przechowywanie:<\/strong> Przechowywa\u0107 w suchym miejscu, najlepiej w ochronnym etui.<\/p>\n<div>\n<hr>\n<\/div>\n<h2>\ud83d\udd25 Dlaczego warto kupi\u0107 teraz?<\/h2>\n<p>\u2b50 <strong>R\u0119cznie wykonane i ekskluzywne materia\u0142y<\/strong> &#8211; ka\u017cdy egzemplarz jest oryginalny.<br \/>\n\ud83d\ude9a <strong>Darmowa wysy\u0142ka<\/strong> \u2013 dotyczy wszystkich zam\u00f3wie\u0144 tego modelu.<br \/>\n\ud83c\udf96 <strong>Tradycyjna w\u0142oska jako\u015b\u0107<\/strong> \u2013 inwestycja w n\u00f3\u017c z histori\u0105.<\/p>\n<div>\n<hr>\n<\/div>\n<h2>\ud83d\udccc Wniosek<\/h2>\n<p><strong>Frank Beltrame Stiletto Bayonet Ram Horn 28 cm<\/strong> to <strong>elegancki, kolekcjonerski i presti\u017cowy n\u00f3\u017c sk\u0142adany<\/strong> , kt\u00f3ry \u0142\u0105czy w sobie <strong>klasyczny design, najwy\u017cszej klasy wykonanie i materia\u0142y najwy\u017cszej jako\u015bci<\/strong> . Je\u017celi szukasz <strong>luksusowych i funkcjonalnych szpilek<\/strong> , ten model jest <strong>idealnym wyborem<\/strong> ! <\/p>\n<div>\n<hr>\n<\/div>\n<p>\ud83d\udd17 <strong>Zam\u00f3w ju\u017c dzi\u015b bagnet sztyletowy Frank Beltrame Stiletto Baran Horn 28 cm!<\/strong> \ud83d\udd25<\/p>\n","protected":false},"excerpt":{"rendered":"<p>Frank Beltrame Stiletto Bayonet Ram Horn 28 cm to elegancki, kolekcjonerski i presti\u017cowy n\u00f3\u017c sk\u0142adany, kt\u00f3ry \u0142\u0105czy w sobie klasyczny design, najwy\u017csz\u0105 jako\u015b\u0107 wykonania i materia\u0142y najwy\u017cszej jako\u015bci. Je\u015bli szukasz luksusowych i funkcjonalnych szpilek, ten model b\u0119dzie idealnym wyborem! <\/p>\n","protected":false},"featured_media":397774,"comment_status":"open","ping_status":"closed","template":"","meta":[],"pwb-brand":[3538],"product_brand":[],"product_cat":[3296,3344],"product_tag":[4007],"class_list":{"0":"post-398105","1":"product","2":"type-product","3":"status-publish","4":"has-post-thumbnail","6":"pwb-brand-beltrame-pl","7":"product_cat-noze-pl","8":"product_cat-noze-strzeleckie","9":"product_tag-nowy","11":"first","12":"outofstock","13":"taxable","14":"shipping-taxable","15":"purchasable","16":"product-type-simple"},"brands":[{"id":3538,"name":"Beltrame","slug":"beltrame-pl"}],"_links":{"self":[{"href":"https:\/\/www.moskito.cz\/pl\/wp-json\/wp\/v2\/product\/398105","targetHints":{"allow":["GET"]}}],"collection":[{"href":"https:\/\/www.moskito.cz\/pl\/wp-json\/wp\/v2\/product"}],"about":[{"href":"https:\/\/www.moskito.cz\/pl\/wp-json\/wp\/v2\/types\/product"}],"replies":[{"embeddable":true,"href":"https:\/\/www.moskito.cz\/pl\/wp-json\/wp\/v2\/comments?post=398105"}],"wp:featuredmedia":[{"embeddable":true,"href":"https:\/\/www.moskito.cz\/pl\/wp-json\/wp\/v2\/media\/397774"}],"wp:attachment":[{"href":"https:\/\/www.moskito.cz\/pl\/wp-json\/wp\/v2\/media?parent=398105"}],"wp:term":[{"taxonomy":"pwb-brand","embeddable":true,"href":"https:\/\/www.moskito.cz\/pl\/wp-json\/wp\/v2\/pwb-brand?post=398105"},{"taxonomy":"product_brand","embeddable":true,"href":"https:\/\/www.moskito.cz\/pl\/wp-json\/wp\/v2\/product_brand?post=398105"},{"taxonomy":"product_cat","embeddable":true,"href":"https:\/\/www.moskito.cz\/pl\/wp-json\/wp\/v2\/product_cat?post=398105"},{"taxonomy":"product_tag","embeddable":true,"href":"https:\/\/www.moskito.cz\/pl\/wp-json\/wp\/v2\/product_tag?post=398105"}],"curies":[{"name":"wp","href":"https:\/\/api.w.org\/{rel}","templated":true}]}}