{"id":399213,"date":"2024-11-17T18:34:27","date_gmt":"2025-04-16T08:11:17","guid":{"rendered":"https:\/\/www.moskito.cz\/produkt\/noz-benchmade-shootout-5370bk-07\/"},"modified":"2025-05-07T11:29:01","modified_gmt":"2025-05-07T10:29:01","slug":"noz-benchmade-shootout-5370bk-07","status":"publish","type":"product","link":"https:\/\/www.moskito.cz\/pl\/produkt\/noz-benchmade-shootout-5370bk-07\/","title":{"rendered":"N\u00f3\u017c Benchmade Shootout 5370BK-07"},"content":{"rendered":"<p>N\u00f3\u017c <strong>Benchmade<\/strong> Shootout 5370BK-07.<\/p>\n<p>Benchmade 5370BK-07 Shootout OTF (Out-The-Front) Auto to n\u00f3\u017c taktyczny zaprojektowany z my\u015bl\u0105 o funkcjonalno\u015bci i wytrzyma\u0142o\u015bci. Poni\u017cej znajduje si\u0119 zestawienie najwa\u017cniejszych specyfikacji i funkcji: <\/p>\n<p>D\u0142ugo\u015b\u0107 ostrza: 8,92 cm<br \/>\nD\u0142ugo\u015b\u0107 ca\u0142kowita: 20,88 cm<br \/>\nD\u0142ugo\u015b\u0107 po z\u0142o\u017ceniu: 11,97 cm<br \/>\nMateria\u0142 ostrza: stal narz\u0119dziowa CPM-CruWear (znana z doskona\u0142ego utrzymywania ostro\u015bci i wytrzyma\u0142o\u015bci)<br \/>\nGrubo\u015b\u0107 ostrza: 2,54 mm<br \/>\nTwardo\u015b\u0107 ostrza: 63-65 HRC (twardo\u015b\u0107 oznaczaj\u0105ca mocn\u0105 i trwa\u0142\u0105 kraw\u0119d\u017a)<br \/>\nStyl ostrza: Tanto (z grub\u0105 ko\u0144c\u00f3wk\u0105, idealn\u0105 do przek\u0142uwania)<br \/>\nWyko\u0144czenie ostrza: Black DLC (pow\u0142oka w\u0119glowa przypominaj\u0105ca diament, zwi\u0119kszaj\u0105ca odporno\u015b\u0107 na korozj\u0119)<br \/>\nMateria\u0142 r\u0119koje\u015bci: Sage Green Grivory (twardy, lekki termoplast)<br \/>\n Grubo\u015b\u0107 uchwytu: 12,95 mm<br \/>\n Mechanizm blokuj\u0105cy: Przesuwny (dla bezpiecznej obs\u0142ugi mechanizmu automatycznego otwierania)<br \/>\n Klips kieszonkowy: G\u0142\u0119boko noszony, odwracalny i sk\u0142adany<br \/>\n Waga: 2,80 uncji. (79,38 g)<br \/>\n Klasa: Czarna (prawdopodobnie odnosi si\u0119 do serii lub linii produkt\u00f3w)<br \/>\n Kraj produkcji: Wyprodukowano w USA<br \/>\n Najwa\u017cniejsze cechy:<br \/>\n Mechanizm OTF: Shootout jest wyposa\u017cony w szybki, automatyczny mechanizm obs\u0142ugiwany z przodu, kt\u00f3ry zapewnia szybkie wysuwanie i chowanie ostrza poprzez proste naci\u015bni\u0119cie przycisku.<br \/>\nTaktyczna i trwa\u0142a konstrukcja: Stalowe ostrze CPM-CruWear gwarantuje wytrzyma\u0142o\u015b\u0107, odporno\u015b\u0107 na zu\u017cycie i ostro\u015b\u0107, a r\u0119koje\u015b\u0107 Grivory gwarantuje wytrzyma\u0142o\u015b\u0107 i trwa\u0142o\u015b\u0107 podczas wymagaj\u0105cych zada\u0144.<br \/>\nR\u0119koje\u015b\u0107 w kolorze sza\u0142wii: Zielony kolor zapewnia taktyczny wygl\u0105d, kt\u00f3ry jest cz\u0119\u015bci\u0105 sezonowych zmian dodanych przez firm\u0119 Benchmade dla entuzjast\u00f3w EDC (codziennego noszenia).<br \/>\nWszechstronno\u015b\u0107: N\u00f3\u017c zaprojektowano z my\u015bl\u0105 o bezpiecze\u0144stwie osobistym i u\u017cyteczno\u015bci, dzi\u0119ki czemu nadaje si\u0119 do wielu wymagaj\u0105cych zada\u0144, zar\u00f3wno do obrony osobistej, przetrwania, jak i codziennego u\u017cytku.<br \/>\nModel ten jest doskona\u0142ym przyk\u0142adem zaanga\u017cowania firmy Benchmade w wysok\u0105 jako\u015b\u0107 wykonania. Cechuje si\u0119 wytrzyma\u0142\u0105, przyjazn\u0105 u\u017cytkownikowi konstrukcj\u0105, dostosowan\u0105 do zastosowa\u0144 taktycznych.<\/p>\n<p>&nbsp;<\/p>\n<p>&nbsp;<\/p>\n","protected":false},"excerpt":{"rendered":"<p><strong>N\u00f3\u017c zaprojektowano z my\u015bl\u0105 o bezpiecze\u0144stwie osobistym i u\u017cyteczno\u015bci, dzi\u0119ki czemu nadaje si\u0119 do wielu wymagaj\u0105cych zada\u0144, zar\u00f3wno do samoobrony, przetrwania, jak i codziennego u\u017cytku.<\/strong><\/p>\n<p><strong>Darmowa wysy\u0142ka.<\/strong><\/p>\n","protected":false},"featured_media":373128,"comment_status":"open","ping_status":"closed","template":"","meta":[],"pwb-brand":[3980],"product_brand":[],"product_cat":[3296,3344],"product_tag":[],"class_list":{"0":"post-399213","1":"product","2":"type-product","3":"status-publish","4":"has-post-thumbnail","6":"pwb-brand-wykonany-na-stanowisku","7":"product_cat-noze-pl","8":"product_cat-noze-strzeleckie","10":"first","11":"outofstock","12":"taxable","13":"shipping-taxable","14":"purchasable","15":"product-type-simple"},"brands":[{"id":3980,"name":"Wykonany na stanowisku","slug":"wykonany-na-stanowisku"}],"_links":{"self":[{"href":"https:\/\/www.moskito.cz\/pl\/wp-json\/wp\/v2\/product\/399213","targetHints":{"allow":["GET"]}}],"collection":[{"href":"https:\/\/www.moskito.cz\/pl\/wp-json\/wp\/v2\/product"}],"about":[{"href":"https:\/\/www.moskito.cz\/pl\/wp-json\/wp\/v2\/types\/product"}],"replies":[{"embeddable":true,"href":"https:\/\/www.moskito.cz\/pl\/wp-json\/wp\/v2\/comments?post=399213"}],"wp:featuredmedia":[{"embeddable":true,"href":"https:\/\/www.moskito.cz\/pl\/wp-json\/wp\/v2\/media\/373128"}],"wp:attachment":[{"href":"https:\/\/www.moskito.cz\/pl\/wp-json\/wp\/v2\/media?parent=399213"}],"wp:term":[{"taxonomy":"pwb-brand","embeddable":true,"href":"https:\/\/www.moskito.cz\/pl\/wp-json\/wp\/v2\/pwb-brand?post=399213"},{"taxonomy":"product_brand","embeddable":true,"href":"https:\/\/www.moskito.cz\/pl\/wp-json\/wp\/v2\/product_brand?post=399213"},{"taxonomy":"product_cat","embeddable":true,"href":"https:\/\/www.moskito.cz\/pl\/wp-json\/wp\/v2\/product_cat?post=399213"},{"taxonomy":"product_tag","embeddable":true,"href":"https:\/\/www.moskito.cz\/pl\/wp-json\/wp\/v2\/product_tag?post=399213"}],"curies":[{"name":"wp","href":"https:\/\/api.w.org\/{rel}","templated":true}]}}