{"id":399230,"date":"2021-03-18T22:28:01","date_gmt":"2025-04-16T08:46:52","guid":{"rendered":"https:\/\/www.moskito.cz\/produkt\/zestaw-narzedzi-microtech-98-7-mk-z-8-bitami\/"},"modified":"2025-07-11T07:53:39","modified_gmt":"2025-07-11T06:53:39","slug":"zestaw-narzedzi-microtech-98-7-mk-z-8-bitami","status":"publish","type":"product","link":"https:\/\/www.moskito.cz\/pl\/produkt\/zestaw-narzedzi-microtech-98-7-mk-z-8-bitami\/","title":{"rendered":"Zestaw narz\u0119dzi Microtech 98-7 MK z 8 bitami"},"content":{"rendered":"<p>Zestaw narz\u0119dzi <strong>Microtech<\/strong> 98-7 MK z 8 bitami.<\/p>\n<p>Jako producent najwy\u017cszej jako\u015bci ameryka\u0144skich no\u017cy, Microtech wyznaczy\u0142 standardy produkcji no\u017cy z najwy\u017csz\u0105 precyzj\u0105, a zaanga\u017cowanie to dotyczy ka\u017cdej cz\u0119\u015bci no\u017cy &#8211; od wn\u0119trza, uchwyt\u00f3w i ostrzy, a\u017c po opatentowane \u015bruby Microtech. Jako\u015b\u0107 tkwi w szczeg\u00f3\u0142ach. <\/p>\n<p>Ka\u017cda \u015bruba u\u017cyta w no\u017cu <strong>Microtech<\/strong> jest opatentowana. Standardowy \u015brubokr\u0119t lub bit nie b\u0119d\u0105 pasowa\u0107 do tych ekskluzywnych \u015brub. Na przestrzeni lat wzros\u0142o zapotrzebowanie na wiert\u0142a, za pomoc\u0105 kt\u00f3rych klienci mog\u0105 wykonywa\u0107 podstawow\u0105 konserwacj\u0119 no\u017cy Microtech. Teraz zaspokajamy t\u0119 potrzeb\u0119.   <\/p>\n<p>Przedstawiamy zestaw narz\u0119dzi <strong>Microtech<\/strong> \u2014 ten zestaw bit\u00f3w zawiera uchwyt r\u0119czny ze stali nierdzewnej 303 i 8 wymiennych bit\u00f3w, kt\u00f3re pasuj\u0105 do r\u00f3\u017cnych modeli no\u017cy Microtech. Zestaw narz\u0119dzi zawiera elementy do: Ultratech\u00f3w (starsze i nowsze modele), UTX-85, UTX-70 (starsze i nowsze modele), Troodony, Combat Troodony, Diracy, Dirac Delta, LUDT-y i Sigilsy; zawiera r\u00f3wnie\u017c cz\u0119\u015bci do t\u0142uczenia szk\u0142a dla Ultratech\u00f3w, Combat Troodon\u00f3w i Dirac Delta. Bity sprzedawane s\u0105 wy\u0142\u0105cznie w zestawach, nie pojedynczo.  <\/p>\n<p>Je\u015bli chodzi o rozbieranie i konserwacj\u0119 no\u017ca, pami\u0119taj, \u017ce chocia\u017c mo\u017cesz kupi\u0107 cz\u0119\u015bci zamienne do no\u017cy (w zale\u017cno\u015bci od ich dost\u0119pno\u015bci), wymian\u0119 cz\u0119\u015bci musz\u0105 wykona\u0107 w Microtech ich profesjonalni technicy.<\/p>\n<p>Odkr\u0119cenie czerwonego kleju Loctite, kt\u00f3ry Microtech stosuje we wszystkich otworach na \u015bruby, wymaga u\u017cycia pewnej si\u0142y. Warto te\u017c pami\u0119ta\u0107, \u017ce uchwyt jest wykonany z aluminium. Rama no\u017ca mo\u017ce zosta\u0107 rozmontowana, co wymaga wymiany r\u0119koje\u015bci, kt\u00f3ra nie jest obj\u0119ta gwarancj\u0105. Zalecamy ostro\u017cno\u015b\u0107 podczas demonta\u017cu i radzimy klientom, kt\u00f3rzy nie s\u0105 pewni, aby wys\u0142ali n\u00f3\u017c do Microtech w celu rozwi\u0105zania ewentualnych problem\u00f3w.  <\/p>\n<p>Jako marka produkuj\u0105ca najwy\u017cszej jako\u015bci no\u017ce ameryka\u0144skiej produkcji, <strong>Microtech<\/strong> Knives zawsze wyznacza\u0142a standardy w zakresie precyzyjnych sztu\u0107c\u00f3w, a zaanga\u017cowanie to dotyczy ka\u017cdej cz\u0119\u015bci ich no\u017cy \u2014 od wn\u0119trza, przez r\u0119koje\u015bci i ostrza, a\u017c po opatentowane \u015bruby Microtech. Jako\u015b\u0107 tkwi w szczeg\u00f3\u0142ach. <\/p>\n<p>Ka\u017cda \u015bruba u\u017cyta w no\u017cu <strong>Microtech<\/strong> jest zastrze\u017cona. Standardowy \u015brubokr\u0119t lub bit nie b\u0119d\u0105 pasowa\u0107 do tych ekskluzywnych \u015brub. Na przestrzeni lat popyt na wiert\u0142a, za pomoc\u0105 kt\u00f3rych klienci mog\u0105 wykonywa\u0107 podstawowe czynno\u015bci konserwacyjne przy no\u017cach Microtech, znacznie wzr\u00f3s\u0142. Potrzeba ta jest obecnie zaspokajana.   <\/p>\n<p>Przedstawiamy zestaw narz\u0119dzi <strong>Microtech<\/strong> \u2014 ten zestaw bit\u00f3w zawiera r\u0119czny wkr\u0119tak ze stali nierdzewnej 303 oraz 8 wymiennych bit\u00f3w, pasuj\u0105cych do r\u00f3\u017cnych modeli no\u017cy Microtech i rocznik\u00f3w. Zestaw narz\u0119dzi zawiera elementy do: Ultratech\u00f3w (starsze i nowsze modele), UTX-85, UTX-70 (starsze i nowsze modele), Troodony, Combat Troodony, Diracy, Dirac Delta, LUDT-y i Sigilsy; zawiera r\u00f3wnie\u017c bity do wybijania szyb dla Ultratech\u00f3w, Combat Troodon\u00f3w i Dirac Delta. Bity sprzedawane s\u0105 wy\u0142\u0105cznie w zestawach, nie pojedynczo.  <\/p>\n<p>Je\u015bli chodzi o demonta\u017c i konserwacj\u0119 no\u017ca, pami\u0119taj, \u017ce chocia\u017c mo\u017cesz zakupi\u0107 zewn\u0119trzne cz\u0119\u015bci no\u017ca (w zale\u017cno\u015bci od ich dost\u0119pno\u015bci), wymiana cz\u0119\u015bci wewn\u0119trznych musi zosta\u0107 wykonana w zak\u0142adzie Microtech przez ich profesjonalnych technik\u00f3w.<\/p>\n<p>Wymaga u\u017cycia pewnej si\u0142y, aby odkr\u0119ci\u0107 \u015brub\u0119 poprzez czerwony klej Loctite, kt\u00f3ry <strong>Microtech<\/strong> stosuje do wszystkich otwor\u00f3w na \u015bruby w swoich no\u017cach. Nale\u017cy r\u00f3wnie\u017c pami\u0119ta\u0107, \u017ce r\u0119koje\u015b\u0107 jest wykonana z aluminium. Podwozie mo\u017ce zosta\u0107 rozebrane, co wi\u0105\u017ce si\u0119 z konieczno\u015bci\u0105 wymiany uchwytu, kt\u00f3ra nie jest obj\u0119ta gwarancj\u0105. Zalecamy ostro\u017cno\u015b\u0107 przy wszelkich pracach zwi\u0105zanych z demonta\u017cem i zalecamy klientom, kt\u00f3rzy nie s\u0105 pewni siebie, wys\u0142anie no\u017ca do Microtech, aby to oni zaj\u0119li si\u0119 ewentualnymi problemami.  <\/p>\n","protected":false},"excerpt":{"rendered":"<p>Przez lata firma Microtech\u00ae Knives w\u0142o\u017cy\u0142a pasj\u0119 i umiej\u0119tno\u015bci w produkcj\u0119 no\u017cy, tworz\u0105c niemal dzie\u0142a sztuki b\u0119d\u0105ce szczytem funkcjonalno\u015bci. Wszystkie cz\u0119\u015bci wyprodukowano w USA.<br \/>\n <strong>Wszystkie no\u017ce Microtech maj\u0105 do\u017cywotni\u0105 gwarancj\u0119 (min. 80 000 cykli otwierania i zamykania)<\/strong><\/p>\n<p> <strong>Darmowa wysy\u0142ka.<\/strong><\/p>\n","protected":false},"featured_media":399231,"comment_status":"open","ping_status":"closed","template":"","meta":[],"pwb-brand":[3279],"product_brand":[],"product_cat":[3296,3344],"product_tag":[3671],"class_list":{"0":"post-399230","1":"product","2":"type-product","3":"status-publish","4":"has-post-thumbnail","6":"pwb-brand-microtech-pl","7":"product_cat-noze-pl","8":"product_cat-noze-strzeleckie","9":"product_tag-b2b-pl","11":"first","12":"outofstock","13":"taxable","14":"shipping-taxable","15":"purchasable","16":"product-type-simple"},"brands":[{"id":3279,"name":"Microtech","slug":"microtech-pl"}],"_links":{"self":[{"href":"https:\/\/www.moskito.cz\/pl\/wp-json\/wp\/v2\/product\/399230","targetHints":{"allow":["GET"]}}],"collection":[{"href":"https:\/\/www.moskito.cz\/pl\/wp-json\/wp\/v2\/product"}],"about":[{"href":"https:\/\/www.moskito.cz\/pl\/wp-json\/wp\/v2\/types\/product"}],"replies":[{"embeddable":true,"href":"https:\/\/www.moskito.cz\/pl\/wp-json\/wp\/v2\/comments?post=399230"}],"wp:featuredmedia":[{"embeddable":true,"href":"https:\/\/www.moskito.cz\/pl\/wp-json\/wp\/v2\/media\/399231"}],"wp:attachment":[{"href":"https:\/\/www.moskito.cz\/pl\/wp-json\/wp\/v2\/media?parent=399230"}],"wp:term":[{"taxonomy":"pwb-brand","embeddable":true,"href":"https:\/\/www.moskito.cz\/pl\/wp-json\/wp\/v2\/pwb-brand?post=399230"},{"taxonomy":"product_brand","embeddable":true,"href":"https:\/\/www.moskito.cz\/pl\/wp-json\/wp\/v2\/product_brand?post=399230"},{"taxonomy":"product_cat","embeddable":true,"href":"https:\/\/www.moskito.cz\/pl\/wp-json\/wp\/v2\/product_cat?post=399230"},{"taxonomy":"product_tag","embeddable":true,"href":"https:\/\/www.moskito.cz\/pl\/wp-json\/wp\/v2\/product_tag?post=399230"}],"curies":[{"name":"wp","href":"https:\/\/api.w.org\/{rel}","templated":true}]}}