{"id":399249,"date":"2025-04-16T10:05:15","date_gmt":"2025-04-16T09:31:36","guid":{"rendered":"https:\/\/www.moskito.cz\/produkt\/noz-skladany-crkt-pup-gray-7070\/"},"modified":"2025-06-20T08:23:06","modified_gmt":"2025-06-20T07:23:06","slug":"noz-skladany-crkt-pup-gray-7070","status":"publish","type":"product","link":"https:\/\/www.moskito.cz\/pl\/produkt\/noz-skladany-crkt-pup-gray-7070\/","title":{"rendered":"N\u00f3\u017c sk\u0142adany CRKT Pup Gray 7070"},"content":{"rendered":"<p class=\"\" data-start=\"60\" data-end=\"153\">\ud83d\udd2a <strong data-start=\"63\" data-end=\"98\">N\u00f3\u017c sk\u0142adany CRKT Pup Gray 7070<\/strong><br data-start=\"98\" data-end=\"101\"> <strong data-start=\"101\" data-end=\"153\">Wygodny i kompaktowy n\u00f3\u017c do codziennego u\u017cytku<\/strong><\/p>\n<p class=\"\" data-start=\"155\" data-end=\"556\">CRKT Pup Gray 7070 to praktyczny i kompaktowy n\u00f3\u017c sk\u0142adany, idealny do codziennego noszenia (EDC). Dzi\u0119ki solidnej konstrukcji i niezawodnemu mechanizmowi jest to idealny wyb\u00f3r dla os\u00f3b poszukuj\u0105cych niedrogiego i funkcjonalnego no\u017ca. Model ten oferuje \u015bwietne funkcje, \u0142atw\u0105 obs\u0142ug\u0119 i wysok\u0105 jako\u015b\u0107 wykonania, dzi\u0119ki czemu jest idealnym wyborem dla os\u00f3b, kt\u00f3re preferuj\u0105 wydajne i niezawodne narz\u0119dzia.  <\/p>\n<p class=\"\" data-start=\"558\" data-end=\"583\">\ud83d\udd11 <strong data-start=\"561\" data-end=\"583\">G\u0142\u00f3wne cechy<\/strong><\/p>\n<p class=\"\" data-start=\"585\" data-end=\"826\">\ud83d\udd2a <strong data-start=\"588\" data-end=\"597\">Ostrze<\/strong><br data-start=\"597\" data-end=\"600\"> \u2022 Materia\u0142: 8Cr13MoV \u2013 znany ze swojej dobrej odporno\u015bci na korozj\u0119 i zdolno\u015bci do utrzymywania ostro\u015bci<br data-start=\"693\" data-end=\"696\"> \u2022 D\u0142ugo\u015b\u0107: 7,6 cm<br data-start=\"711\" data-end=\"714\"> \u2022 Grubo\u015b\u0107: 2,5 mm<br data-start=\"732\" data-end=\"735\"> \u2022 Kszta\u0142t: Drop Point \u2013 idealny do ci\u0119cia i codziennych zada\u0144<br data-start=\"797\" data-end=\"800\"> \u2022 D\u0142ugo\u015b\u0107 ca\u0142kowita: 17,8 cm<\/p>\n<p class=\"\" data-start=\"828\" data-end=\"1045\">\ud83d\udda4 <strong data-start=\"831\" data-end=\"842\">\u200b\u200bUchwyt<\/strong><br data-start=\"842\" data-end=\"845\"> \u2022 Materia\u0142: W\u0142\u00f3kno szklane \u2013 bardzo wytrzyma\u0142y, ale lekki materia\u0142<br data-start=\"906\" data-end=\"909\"> \u2022 Ergonomia: Wygodny i pewny chwyt umo\u017cliwiaj\u0105cy d\u0142ugotrwa\u0142e u\u017cytkowanie<br data-start=\"973\" data-end=\"976\"> \u2022 Design: Nowoczesny szary design, kt\u00f3ry pasuje do ka\u017cdego stroju<\/p>\n<p class=\"\" data-start=\"1047\" data-end=\"1211\">\u26a1 <strong data-start=\"1049\" data-end=\"1064\">Mechanizm<\/strong><br data-start=\"1064\" data-end=\"1067\"> \u2022 Otwieranie: Flipper \u2013 \u0142atwe i szybkie otwieranie jedn\u0105 r\u0119k\u0105<br data-start=\"1133\" data-end=\"1136\"> \u2022 Bezpiecze\u0144stwo: Liner Lock \u2013 zapewnia stabilno\u015b\u0107 i bezpiecze\u0144stwo podczas u\u017cytkowania<\/p>\n<p class=\"\" data-start=\"1213\" data-end=\"1301\">\ud83d\udce6 <strong data-start=\"1216\" data-end=\"1235\">Co znajduje si\u0119 w pakiecie?<\/strong><br data-start=\"1235\" data-end=\"1238\"> \u2022 N\u00f3\u017c sk\u0142adany CRKT Pup Gray 7070<br data-start=\"1271\" data-end=\"1274\"> \u2022 Etui ochronne na n\u00f3\u017c<\/p>\n<p class=\"\" data-start=\"1303\" data-end=\"1536\">\ud83c\udfaf <strong data-start=\"1306\" data-end=\"1317\">U\u017cyj<\/strong><br data-start=\"1317\" data-end=\"1320\"> \u2022 \ud83c\udfd9\ufe0f <strong data-start=\"1326\" data-end=\"1333\">EDC<\/strong> \u2013 Idealny do codziennego noszenia i wszechstronnego u\u017cytku<br data-start=\"1386\" data-end=\"1389\"> \u2022 \ud83c\udfde\ufe0f <strong data-start=\"1395\" data-end=\"1406\">Na zewn\u0105trz<\/strong> \u2013 lekkie zaj\u0119cia na \u015bwie\u017cym powietrzu, takie jak biwakowanie lub piesze w\u0119dr\u00f3wki<br data-start=\"1463\" data-end=\"1466\"> \u2022 \ud83d\udcbc <strong data-start=\"1471\" data-end=\"1491\">Narz\u0119dzie pracy<\/strong> \u2013 idealne do codziennej pracy lub napraw<\/p>\n<p class=\"\" data-start=\"1538\" data-end=\"1570\">\ud83d\udd0d <strong data-start=\"1541\" data-end=\"1570\">Por\u00f3wnanie z innymi modelami<\/strong><\/p>\n<p class=\"\" data-start=\"1572\" data-end=\"1799\">\ud83d\udcca <strong data-start=\"1575\" data-end=\"1607\">CRKT Pup Gray kontra CRKT Pilar<\/strong><br data-start=\"1607\" data-end=\"1610\"> \u2022 <strong data-start=\"1612\" data-end=\"1621\">Pilar<\/strong> jest bardziej wytrzyma\u0142y i ma grubsze ostrze, natomiast <strong data-start=\"1662\" data-end=\"1669\">Pup<\/strong> jest bardziej kompaktowy i l\u017cejszy, co u\u0142atwia codzienne noszenie.<br data-start=\"1716\" data-end=\"1719\"> \u2022 <strong data-start=\"1721\" data-end=\"1730\">Pilar<\/strong> ma te\u017c wyra\u017anie odmienny design, kt\u00f3ry jest bardziej \u201edomowy\u201d ni\u017c elegancki.<\/p>\n<p class=\"\" data-start=\"1801\" data-end=\"1969\">\ud83d\udcca <strong data-start=\"1804\" data-end=\"1838\">CRKT Pup Gray kontra CRKT M16-14S<\/strong><br data-start=\"1838\" data-end=\"1841\"> \u2022 <strong data-start=\"1843\" data-end=\"1854\">M16-14S<\/strong> to wi\u0119kszy n\u00f3\u017c z wi\u0119ksz\u0105 liczb\u0105 funkcji, odpowiedni do bardziej wymagaj\u0105cych zada\u0144, natomiast <strong data-start=\"1918\" data-end=\"1930\">Pup Gray<\/strong> idealnie nadaje si\u0119 do minimalistycznego u\u017cytku.<\/p>\n<p class=\"\" data-start=\"1971\" data-end=\"2107\">\ud83d\udcac <strong data-start=\"1974\" data-end=\"1992\">Wezwanie do dzia\u0142ania<\/strong><br data-start=\"1992\" data-end=\"1995\"> \ud83d\udc49 <strong data-start=\"1998\" data-end=\"2107\">Zam\u00f3w CRKT Pup Gray 7070 ju\u017c dzi\u015b i ciesz si\u0119 niezawodnym narz\u0119dziem wysokiej jako\u015bci w rozs\u0105dnej cenie!<\/strong><\/p>\n<p class=\"\" data-start=\"2109\" data-end=\"2381\">\ud83d\udcdc <strong data-start=\"2112\" data-end=\"2132\">Historia i pochodzenie<\/strong><br data-start=\"2132\" data-end=\"2135\"> CRKT (Columbia River Knife &amp; Tool) to znany ameryka\u0144ski producent no\u017cy, s\u0142yn\u0105cy z innowacyjno\u015bci, precyzji wykonania i podej\u015bcia do funkcjonalno\u015bci w projektowaniu no\u017cy. Model Pup Gray jest cz\u0119\u015bci\u0105 ich oferty, co gwarantuje wysok\u0105 jako\u015b\u0107 za rozs\u0105dn\u0105 cen\u0119. <\/p>\n<p class=\"\" data-start=\"2383\" data-end=\"2572\">\u2696\ufe0f <strong data-start=\"2386\" data-end=\"2414\">Bezpiecze\u0144stwo i prawo<\/strong><br data-start=\"2414\" data-end=\"2417\"> \u2022 \ud83d\udd12 <strong data-start=\"2422\" data-end=\"2437\">Noszenie no\u017ca<\/strong> : Sprawd\u017a lokalne przepisy dotycz\u0105ce noszenia no\u017ca.<br data-start=\"2490\" data-end=\"2493\"> \u2022 \ud83d\udee1\ufe0f <strong data-start=\"2499\" data-end=\"2511\">Bezpiecze\u0144stwo<\/strong> : Blokada zabezpieczaj\u0105ca Liner Lock gwarantuje stabilno\u015b\u0107 i bezpieczne u\u017cytkowanie.<\/p>\n<p class=\"\" data-start=\"2574\" data-end=\"2759\">\ud83c\udf92 <strong data-start=\"2577\" data-end=\"2613\">Akcesoria i opcje ulepsze\u0144<\/strong><br data-start=\"2613\" data-end=\"2616\"> \u2022 \ud83c\udff7\ufe0f <strong data-start=\"2622\" data-end=\"2645\">Etui sk\u00f3rzane CRKT<\/strong> \u2013 zapewnia maksymaln\u0105 ochron\u0119 podczas noszenia.<br data-start=\"2681\" data-end=\"2684\"> \u2022 \ud83d\udd27 <strong data-start=\"2689\" data-end=\"2707\">Wymienne ostrze<\/strong> \u2013 Mo\u017cliwo\u015b\u0107 wymiany ostrza zapewnia d\u0142u\u017csz\u0105 \u017cywotno\u015b\u0107 no\u017ca.<\/p>\n<p class=\"\" data-start=\"2761\" data-end=\"2963\">\ud83e\uddfd <strong data-start=\"2764\" data-end=\"2785\">Konserwacja i szlifowanie<\/strong><br data-start=\"2785\" data-end=\"2788\"> \u2022 \ud83d\udd2a <strong data-start=\"2793\" data-end=\"2816\">Zalecane ostrzenie<\/strong> : Aby uzyska\u0107 najlepsze rezultaty, nale\u017cy u\u017cywa\u0107 drobnej temper\u00f3wki przeznaczonej do stali 8Cr13MoV.<br data-start=\"2880\" data-end=\"2883\"> \u2022 \ud83e\uddfc <strong data-start=\"2888\" data-end=\"2898\">Konserwacja<\/strong> : Aby zapewni\u0107 p\u0142ynn\u0105 prac\u0119 urz\u0105dzenia, nale\u017cy regularnie czy\u015bci\u0107 mechanizm ostrza.<\/p>\n<p class=\"\" data-start=\"2965\" data-end=\"3170\">\ud83d\udd27 <strong data-start=\"2968\" data-end=\"2984\">Dodatkowe korzy\u015bci<\/strong><br data-start=\"2984\" data-end=\"2987\"> \u2705 <strong data-start=\"2989\" data-end=\"3012\">Przyst\u0119pny cenowo n\u00f3\u017c<\/strong> do codziennego u\u017cytku<br data-start=\"3035\" data-end=\"3038\"> \u2705 <strong data-start=\"3040\" data-end=\"3057\">\u0141atwa konserwacja<\/strong> i d\u0142uga \u017cywotno\u015b\u0107 dzi\u0119ki wysokiej jako\u015bci materia\u0142om<br data-start=\"3102\" data-end=\"3105\"> \u2705 <strong data-start=\"3107\" data-end=\"3136\">Nadaje si\u0119 do r\u00f3\u017cnych aktywno\u015bci<\/strong> &#8211; EDC, outdoor, narz\u0119dzia robocze<\/p>\n<p class=\"\" data-start=\"3172\" data-end=\"3427\">\ud83d\udce2 <strong data-start=\"3175\" data-end=\"3184\">Wniosek<\/strong><br data-start=\"3184\" data-end=\"3187\"> N\u00f3\u017c sk\u0142adany CRKT Pup Gray 7070 jest idealny dla os\u00f3b poszukuj\u0105cych niezawodnego, kompaktowego i niedrogiego narz\u0119dzia do codziennego u\u017cytku. Prostota, wysokiej jako\u015bci materia\u0142y i funkcjonalno\u015b\u0107 sprawiaj\u0105, \u017ce jest to doskona\u0142y wyb\u00f3r dla szerokiego grona u\u017cytkownik\u00f3w. \ud83d\udd25<\/p>\n","protected":false},"excerpt":{"rendered":"<p><strong>N\u00f3\u017c sk\u0142adany CRKT Pup Gray 7070 jest idealny dla os\u00f3b poszukuj\u0105cych niezawodnego, kompaktowego i niedrogiego narz\u0119dzia do codziennego u\u017cytku. Prostota, wysokiej jako\u015bci materia\u0142y i funkcjonalno\u015b\u0107 sprawiaj\u0105, \u017ce jest to doskona\u0142y wyb\u00f3r dla szerokiego grona u\u017cytkownik\u00f3w. \ud83d\udd25<\/strong><\/p>\n<p>&nbsp;<\/p>\n","protected":false},"featured_media":399118,"comment_status":"open","ping_status":"closed","template":"","meta":[],"pwb-brand":[3458],"product_brand":[],"product_cat":[3296,3307],"product_tag":[],"class_list":{"0":"post-399249","1":"product","2":"type-product","3":"status-publish","4":"has-post-thumbnail","6":"pwb-brand-crkt-pl","7":"product_cat-noze-pl","8":"product_cat-zamykanie-nozy","10":"first","11":"instock","12":"sale","13":"taxable","14":"shipping-taxable","15":"purchasable","16":"product-type-simple"},"brands":[{"id":3458,"name":"CRKT","slug":"crkt-pl"}],"_links":{"self":[{"href":"https:\/\/www.moskito.cz\/pl\/wp-json\/wp\/v2\/product\/399249","targetHints":{"allow":["GET"]}}],"collection":[{"href":"https:\/\/www.moskito.cz\/pl\/wp-json\/wp\/v2\/product"}],"about":[{"href":"https:\/\/www.moskito.cz\/pl\/wp-json\/wp\/v2\/types\/product"}],"replies":[{"embeddable":true,"href":"https:\/\/www.moskito.cz\/pl\/wp-json\/wp\/v2\/comments?post=399249"}],"wp:featuredmedia":[{"embeddable":true,"href":"https:\/\/www.moskito.cz\/pl\/wp-json\/wp\/v2\/media\/399118"}],"wp:attachment":[{"href":"https:\/\/www.moskito.cz\/pl\/wp-json\/wp\/v2\/media?parent=399249"}],"wp:term":[{"taxonomy":"pwb-brand","embeddable":true,"href":"https:\/\/www.moskito.cz\/pl\/wp-json\/wp\/v2\/pwb-brand?post=399249"},{"taxonomy":"product_brand","embeddable":true,"href":"https:\/\/www.moskito.cz\/pl\/wp-json\/wp\/v2\/product_brand?post=399249"},{"taxonomy":"product_cat","embeddable":true,"href":"https:\/\/www.moskito.cz\/pl\/wp-json\/wp\/v2\/product_cat?post=399249"},{"taxonomy":"product_tag","embeddable":true,"href":"https:\/\/www.moskito.cz\/pl\/wp-json\/wp\/v2\/product_tag?post=399249"}],"curies":[{"name":"wp","href":"https:\/\/api.w.org\/{rel}","templated":true}]}}