{"id":399268,"date":"2022-12-29T21:07:42","date_gmt":"2025-04-16T10:02:20","guid":{"rendered":"https:\/\/www.moskito.cz\/produkt\/heretic-knives-cleric-ii-otf-magnacut-h020-4a-blu-noz-skladany\/"},"modified":"2025-05-07T11:29:03","modified_gmt":"2025-05-07T10:29:03","slug":"heretic-knives-cleric-ii-otf-magnacut-h020-4a-blu-noz-skladany","status":"publish","type":"product","link":"https:\/\/www.moskito.cz\/pl\/produkt\/heretic-knives-cleric-ii-otf-magnacut-h020-4a-blu-noz-skladany\/","title":{"rendered":"Heretic Knives Cleric II OTF MagnaCut H020-4A-BLU N\u00f3\u017c sk\u0142adany"},"content":{"rendered":"<p><strong>No\u017ce heretyckie<\/strong> Cleric II OTF MagnaCut H020-4A-BLU.<\/p>\n<p>Automatyczny zegarek Cleric II OTF ma r\u0119koje\u015b\u0107 wykonan\u0105 z obrabianego CNC aluminium 6061 z inkrustacjami ze stali nierdzewnej i ostrze ze stali nierdzewnej CPM-MagnaCut. Oferuje solidn\u0105 konstrukcj\u0119 o du\u017cym zasi\u0119gu i dzik\u0105, automatyczn\u0105 akcj\u0119 o podw\u00f3jnym dzia\u0142aniu. R\u0119koje\u015b\u0107 posiada umieszczony z przodu suwak na kciuk, u\u0142atwiaj\u0105cy obs\u0142ug\u0119 i mi\u0119kki kontur zapewniaj\u0105cy dobry chwyt. Posiada ostrze szlifowane maszynowo z obustronnym ostrzem.<\/p>\n<p>Funkcjonowa\u0107<br \/>\n Wst\u0119pnie za\u0142adowany suwak kciuka zapewnia p\u0142ynne automatyczne otwieranie i zamykanie z podw\u00f3jnym dzia\u0142aniem<br \/>\n Lekki aluminiowy uchwyt zapewnia doskona\u0142\u0105 wytrzyma\u0142o\u015b\u0107 i trwa\u0142o\u015b\u0107<br \/>\n Podw\u00f3jne ostrze zapewniaj\u0105ce wszechstronne mo\u017cliwo\u015bci ci\u0119cia<\/p>\n<p>Specyfikacje<br \/>\n D\u0142ugo\u015b\u0107 ostrza: 10,62 cm<br \/>\n D\u0142ugo\u015b\u0107 ca\u0142kowita: 24,68 cm<br \/>\n Materia\u0142 ostrza: stal nierdzewna CPM-MagnaCut<br \/>\n Grubo\u015b\u0107 ostrza: 0,31 cm<br \/>\n Styl ostrza: sztylet obosieczny<br \/>\n Ostrzenie ostrza: P\u0142askie<br \/>\n Wyko\u0144czenie ostrza: czarne<br \/>\n Materia\u0142 uchwytu: Niebieskie aluminium z czarnymi wstawkami ze stali nierdzewnej<br \/>\n Grubo\u015b\u0107 uchwytu: 1,31 cm<br \/>\n Mechanizm blokuj\u0105cy: przesuwny<br \/>\n Klips kieszonkowy: G\u0142\u0119boki tytan (punkt skierowany w d\u00f3\u0142, prawy\/lewy)<br \/>\n Waga: 4,80 uncji.<br \/>\n Projektant: Tony Marfione Jr.<br \/>\n Wyprodukowano w USA<\/p>\n<p><iframe title=\"Heretic Shop Video\" width=\"800\" height=\"450\" src=\"https:\/\/www.youtube.com\/embed\/7qUL5q7Cvgo?feature=oembed\" frameborder=\"0\" allow=\"accelerometer; autoplay; clipboard-write; encrypted-media; gyroscope; picture-in-picture; web-share\" referrerpolicy=\"strict-origin-when-cross-origin\" allowfullscreen><\/iframe><\/p>\n<p>&nbsp;<\/p>\n","protected":false},"excerpt":{"rendered":"<p>Wszystkie nasze no\u017ce s\u0105 produkowane w USA i tak pozostanie. Kupuj\u0105c jeden z naszych no\u017cy, mo\u017cesz mie\u0107 pewno\u015b\u0107, \u017ce Twoje narz\u0119dzie jest wspierane przez ameryka\u0144sk\u0105 firm\u0119. Nasze no\u017ce s\u0105 produkowane w ma\u0142ych partiach, aby mie\u0107 pewno\u015b\u0107, \u017ce otrzymasz n\u00f3\u017c wysokiej jako\u015bci, kt\u00f3ry przyci\u0105gnie uwag\u0119, kt\u00f3rej nie przyci\u0105gaj\u0105 inne no\u017ce produkowane masowo!<\/p>\n","protected":false},"featured_media":399269,"comment_status":"open","ping_status":"closed","template":"","meta":[],"pwb-brand":[3664],"product_brand":[],"product_cat":[3296,3344],"product_tag":[],"class_list":{"0":"post-399268","1":"product","2":"type-product","3":"status-publish","4":"has-post-thumbnail","6":"pwb-brand-heretyckie-noze","7":"product_cat-noze-pl","8":"product_cat-noze-strzeleckie","10":"first","11":"outofstock","12":"taxable","13":"shipping-taxable","14":"purchasable","15":"product-type-simple"},"brands":[{"id":3664,"name":"Heretyckie no\u017ce","slug":"heretyckie-noze"}],"_links":{"self":[{"href":"https:\/\/www.moskito.cz\/pl\/wp-json\/wp\/v2\/product\/399268","targetHints":{"allow":["GET"]}}],"collection":[{"href":"https:\/\/www.moskito.cz\/pl\/wp-json\/wp\/v2\/product"}],"about":[{"href":"https:\/\/www.moskito.cz\/pl\/wp-json\/wp\/v2\/types\/product"}],"replies":[{"embeddable":true,"href":"https:\/\/www.moskito.cz\/pl\/wp-json\/wp\/v2\/comments?post=399268"}],"wp:featuredmedia":[{"embeddable":true,"href":"https:\/\/www.moskito.cz\/pl\/wp-json\/wp\/v2\/media\/399269"}],"wp:attachment":[{"href":"https:\/\/www.moskito.cz\/pl\/wp-json\/wp\/v2\/media?parent=399268"}],"wp:term":[{"taxonomy":"pwb-brand","embeddable":true,"href":"https:\/\/www.moskito.cz\/pl\/wp-json\/wp\/v2\/pwb-brand?post=399268"},{"taxonomy":"product_brand","embeddable":true,"href":"https:\/\/www.moskito.cz\/pl\/wp-json\/wp\/v2\/product_brand?post=399268"},{"taxonomy":"product_cat","embeddable":true,"href":"https:\/\/www.moskito.cz\/pl\/wp-json\/wp\/v2\/product_cat?post=399268"},{"taxonomy":"product_tag","embeddable":true,"href":"https:\/\/www.moskito.cz\/pl\/wp-json\/wp\/v2\/product_tag?post=399268"}],"curies":[{"name":"wp","href":"https:\/\/api.w.org\/{rel}","templated":true}]}}