{"id":399418,"date":"2025-04-16T11:55:53","date_gmt":"2025-04-16T10:55:53","guid":{"rendered":"https:\/\/www.moskito.cz\/produkt\/crkt-squid-xm-2495g-noz-skladany\/"},"modified":"2025-06-12T09:00:55","modified_gmt":"2025-06-12T08:00:55","slug":"crkt-squid-xm-2495g-noz-skladany","status":"publish","type":"product","link":"https:\/\/www.moskito.cz\/pl\/produkt\/crkt-squid-xm-2495g-noz-skladany\/","title":{"rendered":"CRKT Squid XM 2495G N\u00f3\u017c sk\u0142adany"},"content":{"rendered":"<p class=\"\" data-start=\"40\" data-end=\"134\">\ud83d\udd2a <strong data-start=\"43\" data-end=\"134\">CRKT Squid XM Button Lock Gray 2495G N\u00f3\u017c sk\u0142adany \u2013 kompaktowa moc do codziennych wyzwa\u0144<\/strong><\/p>\n<p class=\"\" data-start=\"136\" data-end=\"255\"><span class=\"relative -mx-px my-[-0.2rem] rounded px-px py-[0.2rem] transition-colors duration-100 ease-in-out\">CRKT Squid XM 2495G to nowoczesna interpretacja popularnego modelu Squid zaprojektowanego przez Lucasa Burnleya.<\/span> <span class=\"relative -mx-px my-[-0.2rem] rounded px-px py-[0.2rem] transition-colors duration-100 ease-in-out\">N\u00f3\u017c ten charakteryzuje si\u0119 solidn\u0105 konstrukcj\u0105, niezawodnym mechanizmem blokady przycisk\u00f3w i eleganckim wygl\u0105dem, dzi\u0119ki czemu jest idealnym towarzyszem do codziennego noszenia.<\/span><\/p>\n<p class=\"\" data-start=\"257\" data-end=\"282\">\ud83d\udd11 <strong data-start=\"260\" data-end=\"282\">G\u0142\u00f3wne cechy<\/strong><\/p>\n<p class=\"\" data-start=\"284\" data-end=\"296\">\ud83d\udd2a <strong data-start=\"287\" data-end=\"296\">Ostrze<\/strong><\/p>\n<ul data-start=\"297\" data-end=\"611\">\n<li class=\"\" data-start=\"297\" data-end=\"350\">\n<p class=\"\" data-start=\"299\" data-end=\"350\"><strong data-start=\"299\" data-end=\"311\">Materia\u0142<\/strong> : <span class=\"relative -mx-px my-[-0.2rem] rounded px-px py-[0.2rem] transition-colors duration-100 ease-in-out\">D2 \u2013 trwa\u0142a stal narz\u0119dziowa o doskona\u0142ym utrzymywaniu ostro\u015bci<\/span><\/p>\n<\/li>\n<li class=\"\" data-start=\"351\" data-end=\"401\">\n<p class=\"\" data-start=\"353\" data-end=\"401\"><strong data-start=\"353\" data-end=\"362\">D\u0142ugo\u015b\u0107<\/strong> : <span class=\"relative -mx-px my-[-0.2rem] rounded px-px py-[0.2rem] transition-colors duration-100 ease-in-out\">7,5 cm, D\u0142ugo\u015b\u0107 ca\u0142kowita: 18 cm<\/span><\/p>\n<div class=\"detail-properties__value\"><\/div>\n<\/li>\n<li class=\"\" data-start=\"351\" data-end=\"401\">\n<div class=\"detail-properties__value\"><strong data-start=\"404\" data-end=\"416\">Grubo\u015b\u0107<\/strong> : <span class=\"relative -mx-px my-[-0.2rem] rounded px-px py-[0.2rem] transition-colors duration-100 ease-in-out\">0,26 cm<\/span><\/div>\n<\/li>\n<li class=\"\" data-start=\"456\" data-end=\"505\">\n<p class=\"\" data-start=\"458\" data-end=\"505\"><strong data-start=\"458\" data-end=\"466\">Kszta\u0142t<\/strong> : <span class=\"relative -mx-px my-[-0.2rem] rounded px-px py-[0.2rem] transition-colors duration-100 ease-in-out\">Drop Point \u2013 uniwersalny do r\u00f3\u017cnych zada\u0144<\/span><\/p>\n<\/li>\n<li class=\"\" data-start=\"506\" data-end=\"611\">\n<p class=\"\" data-start=\"508\" data-end=\"611\"><strong data-start=\"508\" data-end=\"528\">Obr\u00f3bka powierzchni<\/strong> : <span class=\"relative -mx-px my-[-0.2rem] rounded px-px py-[0.2rem] transition-colors duration-100 ease-in-out\">Czarny tlenek \u2013 odporny na korozj\u0119 i zarysowania<\/span><\/p>\n<\/li>\n<li class=\"\" data-start=\"506\" data-end=\"611\">\n<p class=\"\" data-start=\"508\" data-end=\"611\"><strong data-start=\"616\" data-end=\"627\">Uchwyt<\/strong><\/p>\n<\/li>\n<\/ul>\n<ul data-start=\"628\" data-end=\"836\">\n<li class=\"\" data-start=\"628\" data-end=\"683\">\n<p class=\"\" data-start=\"630\" data-end=\"683\"><strong data-start=\"630\" data-end=\"642\">Materia\u0142<\/strong> : <span class=\"relative -mx-px my-[-0.2rem] rounded px-px py-[0.2rem] transition-colors duration-100 ease-in-out\">G10 \u2013 lekki i wytrzyma\u0142y kompozyt<\/span><\/p>\n<\/li>\n<li class=\"\" data-start=\"684\" data-end=\"736\">\n<p class=\"\" data-start=\"686\" data-end=\"736\"><strong data-start=\"686\" data-end=\"695\">Kolor<\/strong> : <span class=\"relative -mx-px my-[-0.2rem] rounded px-px py-[0.2rem] transition-colors duration-100 ease-in-out\">Szary<\/span><\/p>\n<\/li>\n<li class=\"\" data-start=\"737\" data-end=\"836\">\n<p class=\"\" data-start=\"739\" data-end=\"836\"><strong data-start=\"739\" data-end=\"749\">Wz\u00f3r<\/strong> : <span class=\"relative -mx-px my-[-0.2rem] rounded px-px py-[0.2rem] transition-colors duration-100 ease-in-out\">Teksturowana powierzchnia zapewniaj\u0105ca pewny chwyt<\/span><\/p>\n<\/li>\n<\/ul>\n<p class=\"\" data-start=\"838\" data-end=\"855\">\u26a1 <strong data-start=\"840\" data-end=\"855\">Mechanizm<\/strong><\/p>\n<ul data-start=\"856\" data-end=\"1076\">\n<li class=\"\" data-start=\"856\" data-end=\"919\">\n<p class=\"\" data-start=\"858\" data-end=\"919\"><strong data-start=\"858\" data-end=\"878\">Spos\u00f3b otwierania<\/strong> : <span class=\"relative -mx-px my-[-0.2rem] rounded px-px py-[0.2rem] transition-colors duration-100 ease-in-out\">R\u0119czny za pomoc\u0105 ko\u0142ka na kciuk<\/span><\/p>\n<\/li>\n<li class=\"\" data-start=\"920\" data-end=\"975\">\n<p class=\"\" data-start=\"922\" data-end=\"975\"><strong data-start=\"922\" data-end=\"934\">Bezpiecze\u0144stwo<\/strong> : <span class=\"relative -mx-px my-[-0.2rem] rounded px-px py-[0.2rem] transition-colors duration-100 ease-in-out\">Blokada przycisku \u2013 intuicyjna i bezpieczna blokada ostrza<\/span><\/p>\n<\/li>\n<li class=\"\" data-start=\"976\" data-end=\"1076\">\n<p class=\"\" data-start=\"978\" data-end=\"1076\"><strong data-start=\"978\" data-end=\"989\">\u0141o\u017cyska<\/strong> : <span class=\"relative -mx-px my-[-0.2rem] rounded px-px py-[0.2rem] transition-colors duration-100 ease-in-out\">IKBS \u2013 p\u0142ynna i szybka praca ostrza<\/span><\/p>\n<\/li>\n<\/ul>\n<p class=\"\" data-start=\"1078\" data-end=\"1100\">\ud83d\udce6 <strong data-start=\"1081\" data-end=\"1100\">Co znajduje si\u0119 w pakiecie?<\/strong><\/p>\n<ul data-start=\"1101\" data-end=\"1230\">\n<li class=\"\" data-start=\"1101\" data-end=\"1142\">\n<p class=\"\" data-start=\"1103\" data-end=\"1142\"><span class=\"relative -mx-px my-[-0.2rem] rounded px-px py-[0.2rem] transition-colors duration-100 ease-in-out\">N\u00f3\u017c sk\u0142adany CRKT Squid XM 2495G<\/span><\/p>\n<\/li>\n<li class=\"\" data-start=\"1143\" data-end=\"1230\">\n<p class=\"\" data-start=\"1145\" data-end=\"1230\"><span class=\"relative -mx-px my-[-0.2rem] rounded px-px py-[0.2rem] transition-colors duration-100 ease-in-out\">Oryginalne pude\u0142ko  <\/span><\/p>\n<\/li>\n<\/ul>\n<p class=\"\" data-start=\"1232\" data-end=\"1246\">\ud83c\udfaf <strong data-start=\"1235\" data-end=\"1246\">U\u017cyj<\/strong><\/p>\n<ul data-start=\"1247\" data-end=\"1497\">\n<li class=\"\" data-start=\"1247\" data-end=\"1324\">\n<p class=\"\" data-start=\"1249\" data-end=\"1324\">\ud83d\udc68\u200d\ud83d\udcbc <strong data-start=\"1255\" data-end=\"1282\">Everyday Carry (EDC)<\/strong> \u2013 niezawodne narz\u0119dzie do codziennych zada\u0144<\/p>\n<\/li>\n<li class=\"\" data-start=\"1325\" data-end=\"1382\">\n<p class=\"\" data-start=\"1327\" data-end=\"1382\">\ud83d\udee0\ufe0f <strong data-start=\"1331\" data-end=\"1348\">Praca i hobby<\/strong> &#8211; idealne dla rzemie\u015blnik\u00f3w i majsterkowicz\u00f3w<\/p>\n<\/li>\n<li class=\"\" data-start=\"1383\" data-end=\"1497\">\n<p class=\"\" data-start=\"1385\" data-end=\"1497\">\ud83e\udded <strong data-start=\"1388\" data-end=\"1411\">Aktywno\u015bci na \u015bwie\u017cym powietrzu<\/strong> \u2013 kompaktowy i wytrzyma\u0142y towarzysz podr\u00f3\u017cy<\/p>\n<\/li>\n<\/ul>\n<p class=\"\" data-start=\"1499\" data-end=\"1531\">\ud83d\udd0d <strong data-start=\"1502\" data-end=\"1531\">Por\u00f3wnanie z innymi modelami<\/strong><\/p>\n<p class=\"\" data-start=\"1533\" data-end=\"1577\">\ud83d\udcca <strong data-start=\"1536\" data-end=\"1577\">CRKT Squid XM kontra CRKT Squid Original<\/strong><\/p>\n<ul data-start=\"1578\" data-end=\"1795\">\n<li class=\"\" data-start=\"1578\" data-end=\"1633\">\n<p class=\"\" data-start=\"1580\" data-end=\"1633\"><strong data-start=\"1580\" data-end=\"1592\">Rozmiar<\/strong> : <span class=\"relative -mx-px my-[-0.2rem] rounded px-px py-[0.2rem] transition-colors duration-100 ease-in-out\">Squid XM jest wi\u0119kszy i ma d\u0142u\u017csze ostrze<\/span><\/p>\n<\/li>\n<li class=\"\" data-start=\"1634\" data-end=\"1692\">\n<p class=\"\" data-start=\"1636\" data-end=\"1692\"><strong data-start=\"1636\" data-end=\"1651\">Mechanizm<\/strong> : <span class=\"relative -mx-px my-[-0.2rem] rounded px-px py-[0.2rem] transition-colors duration-100 ease-in-out\">Squid XM ma blokad\u0119 przyciskow\u0105, oryginalny Squid u\u017cywa blokady ramy<\/span><\/p>\n<\/li>\n<li class=\"\" data-start=\"1693\" data-end=\"1795\">\n<p class=\"\" data-start=\"1695\" data-end=\"1795\"><strong data-start=\"1695\" data-end=\"1708\">Ergonomia<\/strong> : <span class=\"relative -mx-px my-[-0.2rem] rounded px-px py-[0.2rem] transition-colors duration-100 ease-in-out\">Squid XM zapewnia lepszy chwyt dzi\u0119ki wi\u0119kszej r\u0105czce<\/span><\/p>\n<\/li>\n<\/ul>\n<p class=\"\" data-start=\"1797\" data-end=\"1832\">\ud83d\udcca <strong data-start=\"1800\" data-end=\"1832\">CRKT Squid XM kontra CRKT Pilar<\/strong><\/p>\n<ul data-start=\"1833\" data-end=\"1986\">\n<li class=\"\" data-start=\"1833\" data-end=\"1886\">\n<p class=\"\" data-start=\"1835\" data-end=\"1886\"><strong data-start=\"1835\" data-end=\"1845\">Projekt<\/strong> : <span class=\"relative -mx-px my-[-0.2rem] rounded px-px py-[0.2rem] transition-colors duration-100 ease-in-out\">Squid XM ma bardziej nowoczesny wygl\u0105d, Pilar jest bardziej wytrzyma\u0142y<\/span><\/p>\n<\/li>\n<li class=\"\" data-start=\"1887\" data-end=\"1986\">\n<p class=\"\" data-start=\"1889\" data-end=\"1986\"><strong data-start=\"1889\" data-end=\"1899\">Cechy<\/strong> : <span class=\"relative -mx-px my-[-0.2rem] rounded px-px py-[0.2rem] transition-colors duration-100 ease-in-out\">Oba no\u017ce nadaj\u0105 si\u0119 do codziennego noszenia, ale Squid XM oferuje p\u0142ynniejsze otwieranie dzi\u0119ki \u0142o\u017cyskom IKBS.<\/span><\/p>\n<\/li>\n<\/ul>\n<p class=\"\" data-start=\"1988\" data-end=\"2088\">\ud83d\udcac <strong data-start=\"1991\" data-end=\"2009\">Wezwanie do dzia\u0142ania<\/strong> \ud83d\udc49 Zam\u00f3w ten wyj\u0105tkowy n\u00f3\u017c ju\u017c dzi\u015b i skorzystaj z <strong data-start=\"2069\" data-end=\"2087\">bezp\u0142atnej wysy\u0142ki<\/strong> !<\/p>\n<p class=\"\" data-start=\"2090\" data-end=\"2243\">\ud83d\udcdc <strong data-start=\"2093\" data-end=\"2117\">Historia i inspiracja<\/strong> <span class=\"relative -mx-px my-[-0.2rem] rounded px-px py-[0.2rem] transition-colors duration-100 ease-in-out\">CRKT Squid XM to owoc wsp\u00f3\u0142pracy ze znanym projektantem Lucasem Burnleyem.<\/span> <span class=\"relative -mx-px my-[-0.2rem] rounded px-px py-[0.2rem] transition-colors duration-100 ease-in-out\">Jego pasja do funkcjonalnych i estetycznych no\u017cy widoczna jest w ka\u017cdym szczeg\u00f3le tego modelu.<\/span><\/p>\n<p class=\"\" data-start=\"2090\" data-end=\"2243\">\u2696\ufe0f <strong data-start=\"2248\" data-end=\"2276\">Bezpiecze\u0144stwo i prawo<\/strong><\/p>\n<ul data-start=\"2277\" data-end=\"2457\">\n<li class=\"\" data-start=\"2277\" data-end=\"2338\">\n<p class=\"\" data-start=\"2279\" data-end=\"2338\">\ud83d\udd12 <strong data-start=\"2282\" data-end=\"2297\">Noszenie no\u017ca<\/strong> : <span class=\"relative -mx-px my-[-0.2rem] rounded px-px py-[0.2rem] transition-colors duration-100 ease-in-out\">Pami\u0119taj o przestrzeganiu lokalnych przepis\u00f3w dotycz\u0105cych noszenia no\u017cy.<\/span><\/p>\n<\/li>\n<li class=\"\" data-start=\"2339\" data-end=\"2457\">\n<p class=\"\" data-start=\"2341\" data-end=\"2457\">\ud83d\udee1\ufe0f <strong data-start=\"2345\" data-end=\"2370\">Blokada bezpiecze\u0144stwa<\/strong> : <span class=\"relative -mx-px my-[-0.2rem] rounded px-px py-[0.2rem] transition-colors duration-100 ease-in-out\">Blokada przycisk\u00f3w zapewnia bezpieczne u\u017cytkowanie<\/span><\/p>\n<\/li>\n<\/ul>\n<p class=\"\" data-start=\"2459\" data-end=\"2498\">\ud83c\udf92 <strong data-start=\"2462\" data-end=\"2498\">Akcesoria i opcje ulepsze\u0144<\/strong><\/p>\n<ul data-start=\"2499\" data-end=\"2626\">\n<li class=\"\" data-start=\"2499\" data-end=\"2561\">\n<p class=\"\" data-start=\"2501\" data-end=\"2561\">\ud83c\udff7\ufe0f <strong data-start=\"2505\" data-end=\"2528\">Kabura sk\u00f3rzana CRKT<\/strong> \u2013 do wygodnego i bezpiecznego noszenia<\/p>\n<\/li>\n<li class=\"\" data-start=\"2562\" data-end=\"2626\">\n<p class=\"\" data-start=\"2564\" data-end=\"2626\">\ud83d\udd27 <strong data-start=\"2567\" data-end=\"2592\">Mo\u017cliwo\u015b\u0107 personalizacji<\/strong> \u2013 r\u00f3\u017cne wyko\u0144czenia uchwyt\u00f3w<\/p>\n<\/li>\n<\/ul>\n<p class=\"\" data-start=\"2628\" data-end=\"2652\">\ud83e\uddfd <strong data-start=\"2631\" data-end=\"2652\">Konserwacja i szlifowanie<\/strong><\/p>\n<ul data-start=\"2653\" data-end=\"2825\">\n<li class=\"\" data-start=\"2653\" data-end=\"2722\">\n<p class=\"\" data-start=\"2655\" data-end=\"2722\">\ud83d\udd2a <strong data-start=\"2658\" data-end=\"2681\">Zalecane ostrzenie<\/strong> : <span class=\"relative -mx-px my-[-0.2rem] rounded px-px py-[0.2rem] transition-colors duration-100 ease-in-out\">drobny kamie\u0144 ostrz\u0105cy w celu utrzymania optymalnej ostro\u015bci<\/span><\/p>\n<\/li>\n<li class=\"\" data-start=\"2723\" data-end=\"2825\">\n<p class=\"\" data-start=\"2725\" data-end=\"2825\">\ud83e\uddfc <strong data-start=\"2728\" data-end=\"2738\">Konserwacja<\/strong> : <span class=\"relative -mx-px my-[-0.2rem] rounded px-px py-[0.2rem] transition-colors duration-100 ease-in-out\">regularnie czy\u015b\u0107 i smaruj mechanizm, aby zapewni\u0107 jego p\u0142ynn\u0105 prac\u0119<\/span><\/p>\n<\/li>\n<\/ul>\n<p class=\"\" data-start=\"2827\" data-end=\"3045\">\ud83d\udd27 <strong data-start=\"2830\" data-end=\"2846\">Dodatkowe korzy\u015bci<\/strong> \u2705 <strong data-start=\"2849\" data-end=\"2869\">Do\u017cywotnia gwarancja<\/strong><br data-start=\"2869\" data-end=\"2872\"> \u2705 <strong data-start=\"2874\" data-end=\"2892\">Darmowa wysy\u0142ka<\/strong><br data-start=\"2892\" data-end=\"2895\"> \u2705 <strong data-start=\"2897\" data-end=\"2936\">Unikalny design w przyst\u0119pnej cenie<\/strong><br data-start=\"2936\" data-end=\"2939\"> \u2705 <strong data-start=\"2941\" data-end=\"2999\">Opcja p\u0142atno\u015bci przy odbiorze \u2013 p\u0142acisz tylko przy odbiorze!<\/strong><\/p>\n<p class=\"\" data-start=\"3047\" data-end=\"3185\">\ud83d\udce2 <strong data-start=\"3050\" data-end=\"3059\">Podsumowanie<\/strong> <span class=\"relative -mx-px my-[-0.2rem] rounded px-px py-[0.2rem] transition-colors duration-100 ease-in-out\">N\u00f3\u017c sk\u0142adany CRKT Squid XM Button Lock Gray 2495G to idealny wyb\u00f3r dla os\u00f3b poszukuj\u0105cych niezawodnego, kompaktowego i stylowego narz\u0119dzia do codziennego u\u017cytku.<\/span> <span class=\"relative -mx-px my-[-0.2rem] rounded px-px py-[0.2rem] transition-colors duration-100 ease-in-out\">Wysokiej jako\u015bci materia\u0142y, precyzyjne wykonanie i nowoczesny design czyni\u0105 go nie tylko praktycznym narz\u0119dziem, ale tak\u017ce wyj\u0105tkowym dodatkiem.<\/span><\/p>\n","protected":false},"excerpt":{"rendered":"<p><strong> <span class=\"relative -mx-px my-[-0.2rem] rounded px-px py-[0.2rem] transition-colors duration-100 ease-in-out\">N\u00f3\u017c sk\u0142adany CRKT Squid XM Button Lock Gray 2495G to idealny wyb\u00f3r dla os\u00f3b poszukuj\u0105cych niezawodnego, kompaktowego i stylowego narz\u0119dzia do codziennego u\u017cytku.<\/span> <span class=\"relative -mx-px my-[-0.2rem] rounded px-px py-[0.2rem] transition-colors duration-100 ease-in-out\">Wysokiej jako\u015bci materia\u0142y, precyzyjne wykonanie i nowoczesny design czyni\u0105 go nie tylko praktycznym narz\u0119dziem, ale tak\u017ce wyj\u0105tkowym dodatkiem.<\/span><\/strong><\/p>\n","protected":false},"featured_media":399323,"comment_status":"open","ping_status":"closed","template":"","meta":[],"pwb-brand":[3458],"product_brand":[],"product_cat":[3296,3307],"product_tag":[],"class_list":{"0":"post-399418","1":"product","2":"type-product","3":"status-publish","4":"has-post-thumbnail","6":"pwb-brand-crkt-pl","7":"product_cat-noze-pl","8":"product_cat-zamykanie-nozy","10":"first","11":"instock","12":"taxable","13":"shipping-taxable","14":"purchasable","15":"product-type-simple"},"brands":[{"id":3458,"name":"CRKT","slug":"crkt-pl"}],"_links":{"self":[{"href":"https:\/\/www.moskito.cz\/pl\/wp-json\/wp\/v2\/product\/399418","targetHints":{"allow":["GET"]}}],"collection":[{"href":"https:\/\/www.moskito.cz\/pl\/wp-json\/wp\/v2\/product"}],"about":[{"href":"https:\/\/www.moskito.cz\/pl\/wp-json\/wp\/v2\/types\/product"}],"replies":[{"embeddable":true,"href":"https:\/\/www.moskito.cz\/pl\/wp-json\/wp\/v2\/comments?post=399418"}],"wp:featuredmedia":[{"embeddable":true,"href":"https:\/\/www.moskito.cz\/pl\/wp-json\/wp\/v2\/media\/399323"}],"wp:attachment":[{"href":"https:\/\/www.moskito.cz\/pl\/wp-json\/wp\/v2\/media?parent=399418"}],"wp:term":[{"taxonomy":"pwb-brand","embeddable":true,"href":"https:\/\/www.moskito.cz\/pl\/wp-json\/wp\/v2\/pwb-brand?post=399418"},{"taxonomy":"product_brand","embeddable":true,"href":"https:\/\/www.moskito.cz\/pl\/wp-json\/wp\/v2\/product_brand?post=399418"},{"taxonomy":"product_cat","embeddable":true,"href":"https:\/\/www.moskito.cz\/pl\/wp-json\/wp\/v2\/product_cat?post=399418"},{"taxonomy":"product_tag","embeddable":true,"href":"https:\/\/www.moskito.cz\/pl\/wp-json\/wp\/v2\/product_tag?post=399418"}],"curies":[{"name":"wp","href":"https:\/\/api.w.org\/{rel}","templated":true}]}}