{"id":399446,"date":"2021-07-31T20:29:43","date_gmt":"2025-04-16T11:18:32","guid":{"rendered":"https:\/\/www.moskito.cz\/produkt\/noz-skladany-crkt-pilar-iii-d2-5317d2\/"},"modified":"2025-05-07T11:29:09","modified_gmt":"2025-05-07T10:29:09","slug":"noz-skladany-crkt-pilar-iii-d2-5317d2","status":"publish","type":"product","link":"https:\/\/www.moskito.cz\/pl\/produkt\/noz-skladany-crkt-pilar-iii-d2-5317d2\/","title":{"rendered":"N\u00f3\u017c sk\u0142adany CRKT PILAR III D2 5317D2"},"content":{"rendered":"<p>&nbsp;<\/p>\n<h3><strong>N\u00f3\u017c sk\u0142adany CRKT PILAR III D2 5317D2<\/strong><\/h3>\n<p><strong>Zaprojektowany przez:<\/strong> Jesper Voxnaes (Dania)<\/p>\n<p><strong>CRKT Pilar III D2<\/strong> to <strong>udoskonalona wersja<\/strong> kultowego no\u017ca Pilar\u00ae, pierwotnie zaprojektowanego przez Jespera Voxnaesa jako minimalistyczne, a jednocze\u015bnie pot\u0119\u017cne narz\u0119dzie do codziennego noszenia. Model ten charakteryzuje si\u0119 czystym, prostym wzornictwem, a <strong>ulepszone ostrze D2<\/strong> zapewnia jeszcze lepsz\u0105 wydajno\u015b\u0107 i trwa\u0142o\u015b\u0107. Pilar III to <strong>idealny wyb\u00f3r dla os\u00f3b poszukuj\u0105cych wytrzyma\u0142ego i niezawodnego no\u017ca<\/strong> o doskona\u0142ym stosunku ceny do jako\u015bci, do codziennych zada\u0144.  <\/p>\n<h3><strong>G\u0142\u00f3wne cechy i korzy\u015bci:<\/strong><\/h3>\n<h4>1. <strong>Pot\u0119\u017cne ostrze D2:<\/strong><\/h4>\n<ul>\n<li><strong>Stal D2<\/strong> jest bardzo odporna na zu\u017cycie i korozj\u0119, co czyni j\u0105 idealnym materia\u0142em na ostrza, od kt\u00f3rych wymaga si\u0119 d\u0142ugiej \u017cywotno\u015bci i zdolno\u015bci do utrzymywania ostro\u015bci nawet przy intensywnym u\u017cytkowaniu. Materia\u0142 ten jest znany ze <strong>swojej dobrej odporno\u015bci na korozj\u0119<\/strong> i <strong>d\u0142ugiej \u017cywotno\u015bci ostrza<\/strong> . <\/li>\n<li><strong>Wyko\u0144czenie stonewash<\/strong> nadaje ostrzu nowoczesny wygl\u0105d, jednocze\u015bnie ukrywaj\u0105c drobne zarysowania i otarcia, co pomaga zachowa\u0107 estetyk\u0119 no\u017ca nawet po d\u0142ugim u\u017cytkowaniu.<\/li>\n<\/ul>\n<h4>2. <strong>\u0141atwe otwieranie \u2013 otw\u00f3r na kciuk i IKBS\u2122:<\/strong><\/h4>\n<ul>\n<li><strong>Mechanizm z otworem na kciuk<\/strong> umo\u017cliwia <strong>szybkie otwarcie no\u017ca jedn\u0105 r\u0119k\u0105<\/strong> , co jest wygodne, gdy trzeba szybko u\u017cy\u0107 no\u017ca.<\/li>\n<li><strong>System \u0142o\u017cysk kulkowych IKBS\u2122<\/strong> zapewnia <strong>p\u0142ynne i ci\u0105g\u0142e otwieranie<\/strong> przy minimalnym wysi\u0142ku. System ten charakteryzuje si\u0119 niezawodno\u015bci\u0105 i trwa\u0142o\u015bci\u0105, dzi\u0119ki czemu n\u00f3\u017c jest bardzo wygodny i skuteczny w codziennym u\u017cytkowaniu. <\/li>\n<\/ul>\n<h4>3. <strong>Ergonomiczna r\u0119koje\u015b\u0107 G10 i 2Cr13:<\/strong><\/h4>\n<ul>\n<li><strong>Przedni uchwyt wykonany z tworzywa G10<\/strong> charakteryzuje si\u0119 doskona\u0142ymi <strong>w\u0142a\u015bciwo\u015bciami antypo\u015blizgowymi<\/strong> , jest odporny na wilgo\u0107 i wahania temperatury. Materia\u0142 G10 idealnie nadaje si\u0119 do d\u0142ugotrwa\u0142ego u\u017cytkowania, poniewa\u017c jest bardzo trwa\u0142y i jednocze\u015bnie przyjemny w dotyku. <\/li>\n<li><strong>Tylna cz\u0119\u015b\u0107 r\u0119koje\u015bci wykonana ze stali nierdzewnej 2Cr13<\/strong> sprawia, \u017ce \u200b\u200bn\u00f3\u017c jest wytrzyma\u0142y i ma d\u0142ug\u0105 \u017cywotno\u015b\u0107.<\/li>\n<\/ul>\n<h4>4. <strong>Stylowy i praktyczny design:<\/strong><\/h4>\n<ul>\n<li><strong>Minimalistyczny wygl\u0105d<\/strong> no\u017ca Pilar III z D2 jest stylowy, prosty i pe\u0142en smaku, dzi\u0119ki czemu \u015bwietnie nadaje si\u0119 do codziennego noszenia, nie rzucaj\u0105c si\u0119 w oczy.<\/li>\n<li><strong>P\u0119telka na link\u0119<\/strong> umo\u017cliwia przymocowanie no\u017ca do paska, pier\u015bcienia lub innego urz\u0105dzenia, co zapewnia jeszcze wi\u0119ksz\u0105 wygod\u0119 i bezpiecze\u0144stwo podczas noszenia.<\/li>\n<\/ul>\n<h3><strong>Dane techniczne:<\/strong><\/h3>\n<ul>\n<li><strong>D\u0142ugo\u015b\u0107 ostrza:<\/strong> 2,97 cala (75,36 mm)<\/li>\n<li><strong>Grubo\u015b\u0107 ostrza:<\/strong> 0,81 cala (3,81 mm)<\/li>\n<li><strong>Materia\u0142 ostrza:<\/strong> stal D2, wyko\u0144czenie Stonewash<\/li>\n<li><strong>D\u0142ugo\u015b\u0107 ca\u0142kowita:<\/strong> 7,19 cala (182,58 mm)<\/li>\n<li><strong>D\u0142ugo\u015b\u0107 po z\u0142o\u017ceniu:<\/strong> 4,26 cala (108,10 mm)<\/li>\n<li><strong>Waga:<\/strong> 3,80 uncji. (107,73 g)<\/li>\n<li><strong>R\u0119koje\u015b\u0107:<\/strong> Przednia cz\u0119\u015b\u0107 wykonana z G10, tylna cz\u0119\u015b\u0107 wykonana ze stali nierdzewnej 2Cr13<\/li>\n<li><strong>Styl:<\/strong> N\u00f3\u017c sk\u0142adany z blokad\u0105 ramy<\/li>\n<\/ul>\n<h3><strong>U\u017cywa\u0107:<\/strong><\/h3>\n<ul>\n<li>Do <strong>codziennego u\u017cytku (EDC):<\/strong> N\u00f3\u017c jest kompaktowy i dyskretny, dzi\u0119ki czemu mo\u017cna go u\u017cywa\u0107 na co dzie\u0144. Idealne do wielu typowych zada\u0144, takich jak ci\u0119cie kopert, otwieranie paczek czy wykonywanie drobnych napraw. <\/li>\n<li><strong>Na \u015bwie\u017cym powietrzu i na kempingu:<\/strong> Mimo \u017ce Pilar III ma kompaktowe rozmiary, jego wytrzyma\u0142e ostrze D2 i wygodna r\u0119koje\u015b\u0107 G10 sprawiaj\u0105, \u017ce jest to \u015bwietne narz\u0119dzie do aktywno\u015bci na \u015bwie\u017cym powietrzu.<\/li>\n<li><strong>W biurze lub w \u015brodowisku miejskim:<\/strong> Ten n\u00f3\u017c \u015bwietnie sprawdzi si\u0119 na co dzie\u0144 w mie\u015bcie lub w biurze, gdzie potrzebujesz <strong>niezawodnego narz\u0119dzia,<\/strong> kt\u00f3re nie b\u0119dzie si\u0119 zbytnio wyr\u00f3\u017cnia\u0107.<\/li>\n<\/ul>\n<h3><strong>Wniosek:<\/strong><\/h3>\n<p><strong>CRKT Pilar III D2<\/strong> to <strong>doskona\u0142y wyb\u00f3r do codziennego noszenia<\/strong> , \u0142\u0105cz\u0105cy <strong>minimalistyczny design<\/strong> z <strong>wyj\u0105tkow\u0105 funkcjonalno\u015bci\u0105<\/strong> . Dzi\u0119ki <strong>stali D2<\/strong> , <strong>systemowi IKBS\u2122<\/strong> oraz wysokiej jako\u015bci r\u0119koje\u015bci wykonanej z <strong>G10<\/strong> i <strong>2Cr13<\/strong> n\u00f3\u017c ten jest gotowy do codziennych zada\u0144, nawet w trudnych warunkach. Je\u015bli szukasz <strong>stylowego, a zarazem mocnego no\u017ca EDC<\/strong> , Pilar III D2 to \u015bwietne rozwi\u0105zanie, kt\u00f3re b\u0119dzie wiernym towarzyszem przez wiele lat.  <\/p>\n<p><iframe title=\"CRKT PILAR\u00ae III w\/ D2 Blade Steel | Jesper Voxnaes Design\" width=\"800\" height=\"450\" src=\"https:\/\/www.youtube.com\/embed\/XUchrTEkdGU?feature=oembed\" frameborder=\"0\" allow=\"accelerometer; autoplay; clipboard-write; encrypted-media; gyroscope; picture-in-picture; web-share\" referrerpolicy=\"strict-origin-when-cross-origin\" allowfullscreen><\/iframe><\/p>\n<p>&nbsp;<\/p>\n","protected":false},"excerpt":{"rendered":"<p><strong>CRKT Pilar III D2 to doskona\u0142y wyb\u00f3r do codziennego noszenia, \u0142\u0105cz\u0105cy minimalistyczny design z wyj\u0105tkow\u0105 funkcjonalno\u015bci\u0105. Dzi\u0119ki stali D2, systemowi IKBS\u2122 oraz wysokiej jako\u015bci r\u0119koje\u015bci wykonanej z G10 i 2Cr13 n\u00f3\u017c ten jest gotowy do codziennych zada\u0144, nawet w trudnych warunkach. Je\u015bli szukasz stylowego, a zarazem mocnego no\u017ca EDC, Pilar III D2 to \u015bwietne rozwi\u0105zanie, kt\u00f3re b\u0119dzie wiernym towarzyszem przez wiele lat.  <\/strong><\/p>\n","protected":false},"featured_media":399448,"comment_status":"open","ping_status":"closed","template":"","meta":[],"pwb-brand":[3458],"product_brand":[],"product_cat":[3307,3296],"product_tag":[3671],"class_list":{"0":"post-399446","1":"product","2":"type-product","3":"status-publish","4":"has-post-thumbnail","6":"pwb-brand-crkt-pl","7":"product_cat-zamykanie-nozy","8":"product_cat-noze-pl","9":"product_tag-b2b-pl","11":"first","12":"instock","13":"taxable","14":"shipping-taxable","15":"purchasable","16":"product-type-simple"},"brands":[{"id":3458,"name":"CRKT","slug":"crkt-pl"}],"_links":{"self":[{"href":"https:\/\/www.moskito.cz\/pl\/wp-json\/wp\/v2\/product\/399446","targetHints":{"allow":["GET"]}}],"collection":[{"href":"https:\/\/www.moskito.cz\/pl\/wp-json\/wp\/v2\/product"}],"about":[{"href":"https:\/\/www.moskito.cz\/pl\/wp-json\/wp\/v2\/types\/product"}],"replies":[{"embeddable":true,"href":"https:\/\/www.moskito.cz\/pl\/wp-json\/wp\/v2\/comments?post=399446"}],"wp:featuredmedia":[{"embeddable":true,"href":"https:\/\/www.moskito.cz\/pl\/wp-json\/wp\/v2\/media\/399448"}],"wp:attachment":[{"href":"https:\/\/www.moskito.cz\/pl\/wp-json\/wp\/v2\/media?parent=399446"}],"wp:term":[{"taxonomy":"pwb-brand","embeddable":true,"href":"https:\/\/www.moskito.cz\/pl\/wp-json\/wp\/v2\/pwb-brand?post=399446"},{"taxonomy":"product_brand","embeddable":true,"href":"https:\/\/www.moskito.cz\/pl\/wp-json\/wp\/v2\/product_brand?post=399446"},{"taxonomy":"product_cat","embeddable":true,"href":"https:\/\/www.moskito.cz\/pl\/wp-json\/wp\/v2\/product_cat?post=399446"},{"taxonomy":"product_tag","embeddable":true,"href":"https:\/\/www.moskito.cz\/pl\/wp-json\/wp\/v2\/product_tag?post=399446"}],"curies":[{"name":"wp","href":"https:\/\/api.w.org\/{rel}","templated":true}]}}