{"id":399615,"date":"2023-03-22T21:04:40","date_gmt":"2025-04-17T14:46:49","guid":{"rendered":"https:\/\/www.moskito.cz\/produkt\/crkt-stickler-6710-noz-skladany\/"},"modified":"2025-05-22T13:41:54","modified_gmt":"2025-05-22T12:41:54","slug":"crkt-stickler-6710-noz-skladany","status":"publish","type":"product","link":"https:\/\/www.moskito.cz\/pl\/produkt\/crkt-stickler-6710-noz-skladany\/","title":{"rendered":"CRKT STICKLER 6710 N\u00f3\u017c sk\u0142adany"},"content":{"rendered":"<div class=\"flex-1 overflow-hidden @container\/thread\">\n<div class=\"h-full\">\n<div class=\"react-scroll-to-bottom--css-vxybp-79elbk h-full\">\n<div class=\"react-scroll-to-bottom--css-vxybp-1n7m0yu\">\n<div class=\"flex flex-col text-sm md:pb-9\">\n<article class=\"w-full scroll-mb-[var(--thread-trailing-height,150px)] text-token-text-primary focus-visible:outline-2 focus-visible:outline-offset-[-4px]\" dir=\"auto\" data-testid=\"conversation-turn-49\" data-scroll-anchor=\"true\">\n<div class=\"m-auto text-base py-[18px] px-3 md:px-4 w-full md:px-5 lg:px-4 xl:px-5\">\n<div class=\"mx-auto flex flex-1 gap-4 text-base md:gap-5 lg:gap-6 md:max-w-3xl\">\n<div class=\"group\/conversation-turn relative flex w-full min-w-0 flex-col agent-turn\">\n<div class=\"flex-col gap-1 md:gap-3\">\n<div class=\"flex max-w-full flex-col flex-grow\">\n<div class=\"min-h-8 text-message flex w-full flex-col items-end gap-2 whitespace-normal break-words text-start [.text-message+&amp;]:mt-5\" dir=\"auto\" data-message-author-role=\"assistant\" data-message-id=\"41decfb6-7ba5-4cf7-ada3-303599f06b9f\" data-message-model-slug=\"gpt-4o-mini\">\n<div class=\"flex w-full flex-col gap-1 empty:hidden first:pt-[3px]\">\n<div class=\"markdown prose w-full break-words dark:prose-invert light\">\n<p><strong>CRKT STICKLER 6710 N\u00f3\u017c sk\u0142adany<\/strong><\/p>\n<p><strong>Dane techniczne i funkcje:<\/strong><\/p>\n<ul>\n<li><strong>D\u0142ugo\u015b\u0107 ostrza<\/strong> : 8,5 cm<\/li>\n<li><strong>Materia\u0142 ostrza<\/strong> : stal <strong>Sandvik 12C27\u2122<\/strong><\/li>\n<li><strong>Wyko\u0144czenie powierzchni ostrza<\/strong> : <strong>Satynowe<\/strong><\/li>\n<li><strong>Grubo\u015b\u0107 ostrza<\/strong> : 0,26 cm<\/li>\n<li><strong>D\u0142ugo\u015b\u0107 ca\u0142kowita<\/strong> : 20,3 cm<\/li>\n<li><strong>D\u0142ugo\u015b\u0107 po z\u0142o\u017ceniu<\/strong> : 11,6 cm<\/li>\n<li><strong>Waga<\/strong> : 68,04 g<\/li>\n<li><strong>Uchwyt<\/strong> : <strong>Aluminium<\/strong><\/li>\n<li><strong>Blokada<\/strong> : <strong>Blokada liniowa<\/strong><\/li>\n<\/ul>\n<h3>G\u0142\u00f3wne cechy:<\/h3>\n<ul>\n<li><strong>Klasyczny, elegancki design<\/strong> : <strong>Stickler\u2122<\/strong> to n\u00f3\u017c o eleganckim wygl\u0105dzie, kt\u00f3ry nawi\u0105zuje do starszych scyzoryk\u00f3w, zw\u0142aszcza tych s\u0142u\u017c\u0105cych do testowania melon\u00f3w lub innych delikatnych prac. Projekt ten \u0142\u0105czy w sobie nostalgi\u0119 z nowoczesn\u0105 technologi\u0105, zapewniaj\u0105c niezr\u00f3wnane wra\u017cenia podczas noszenia i u\u017cytkowania. <\/li>\n<li><strong>Stal Sandvik 12C27\u2122<\/strong> : Materia\u0142 ten charakteryzuje si\u0119 <strong>wysok\u0105 odporno\u015bci\u0105 na korozj\u0119<\/strong> i <strong>doskona\u0142ym utrzymywaniem ostro\u015bci<\/strong> , co oznacza, \u017ce \u200b\u200bostrze pozostaje ostre i gotowe do u\u017cycia przez d\u0142ugi czas, dzi\u0119ki czemu jest idealnym wyborem do codziennego u\u017cytku.<\/li>\n<li><strong>\u0141o\u017cyska kulkowe IKBS\u2122<\/strong> : Ten system \u0142o\u017cysk zapewnia p\u0142ynne i \u0142atwe otwieranie ostrza, co przek\u0142ada si\u0119 na szybk\u0105 i p\u0142ynn\u0105 obs\u0142ug\u0119.<\/li>\n<li><strong>Wspomagane otwieranie<\/strong> : P\u0142etwa pozwala na szybkie i \u0142atwe otwieranie no\u017ca jedn\u0105 r\u0119k\u0105. Otwieranie odbywa si\u0119 szybko, p\u0142ynnie i efektywnie, co oznacza, \u017ce \u200b\u200bStickler\u2122 b\u0119dzie gotowy do u\u017cycia natychmiast, gdy tylko go potrzebujesz. <\/li>\n<li><strong>Blokada liniowa<\/strong> : Ten mechanizm blokuj\u0105cy zapewnia bezpieczn\u0105 i stabiln\u0105 blokad\u0119 ostrza podczas u\u017cytkowania i umo\u017cliwia \u0142atwe zamykanie jedn\u0105 r\u0119k\u0105.<\/li>\n<li><strong>Lekkie i wytrzyma\u0142e aluminium<\/strong> : Uchwyt wykonany jest z <strong>aluminium<\/strong> , co zapewnia <strong>wysok\u0105 wytrzyma\u0142o\u015b\u0107<\/strong> przy niskiej wadze. Materia\u0142 ten gwarantuje trwa\u0142o\u015b\u0107 i odporno\u015b\u0107 bez dodawania zb\u0119dnego ci\u0119\u017caru. <\/li>\n<li><strong>Niski profil<\/strong> : G\u0142\u0119boki klips kieszeniowy gwarantuje <strong>bezpieczne noszenie<\/strong> no\u017ca w kieszeni, a jednocze\u015bnie dyskrecj\u0119 i wygod\u0119 podczas codziennego noszenia.<\/li>\n<\/ul>\n<h3>Zalety:<\/h3>\n<ul>\n<li><strong>Elegancki i praktyczny design<\/strong> : Stickler\u2122 ma pi\u0119knie wywa\u017cony design, kt\u00f3ry jest zar\u00f3wno funkcjonalny, jak i estetyczny. Idealne dla tych, kt\u00f3rzy szukaj\u0105 czego\u015b z nutk\u0105 nostalgii i stylu, ale jednocze\u015bnie bezkompromisowego pod wzgl\u0119dem wydajno\u015bci. <\/li>\n<li><strong>Szybkie i p\u0142ynne otwieranie<\/strong> : Otwieranie za pomoc\u0105 flippera i \u0142o\u017cyska kulkowego IKBS\u2122 jest \u0142atwe i p\u0142ynne, co oznacza, \u017ce \u200b\u200bn\u00f3\u017c b\u0119dzie gotowy do u\u017cycia w mgnieniu oka.<\/li>\n<li><strong>Trwa\u0142e ostrze<\/strong> : Stal <strong>Sandvik 12C27\u2122<\/strong> to doskona\u0142y wyb\u00f3r do codziennego u\u017cytku ze wzgl\u0119du na doskona\u0142e utrzymywanie ostro\u015bci i odporno\u015b\u0107 na korozj\u0119.<\/li>\n<li><strong>Lekko\u015b\u0107 i wytrzyma\u0142o\u015b\u0107<\/strong> : Dzi\u0119ki aluminiowej r\u0119koje\u015bci n\u00f3\u017c ten idealnie nadaje si\u0119 do codziennego noszenia \u2013 jest wystarczaj\u0105co wytrzyma\u0142y, a jednocze\u015bnie bardzo lekki.<\/li>\n<li><strong>Niski profil i wygoda noszenia<\/strong> : Klips kieszonkowy pozwala na wygodne noszenie no\u017ca, nie b\u0119d\u0105c zbyt widocznym lub rozpraszaj\u0105cym.<\/li>\n<\/ul>\n<h3>Wniosek:<\/h3>\n<p><strong>CRKT Stickler 6710<\/strong> to n\u00f3\u017c \u0142\u0105cz\u0105cy <strong>klasyczny wygl\u0105d<\/strong> z <strong>nowoczesnymi funkcjami<\/strong> i materia\u0142ami. Oferuje <strong>\u015bwietne funkcje<\/strong> do codziennego noszenia, takie jak wydajne ostrze, p\u0142ynne otwieranie i wygoda noszenia. Jest to idealne rozwi\u0105zanie dla os\u00f3b poszukuj\u0105cych <strong>m\u0119skiego no\u017ca<\/strong> , kt\u00f3ry jest zar\u00f3wno wysoce funkcjonalny, jak i stylowy. Dzi\u0119ki wzornictwu nawi\u0105zuj\u0105cemu do starych scyzoryk\u00f3w i zastosowaniu nowoczesnej technologii, Stickler\u2122 jest doskona\u0142ym wyborem dla tych, kt\u00f3rzy chc\u0105 po\u0142\u0105czy\u0107 przesz\u0142o\u015b\u0107 z tera\u017aniejszo\u015bci\u0105 w jednym praktycznym i atrakcyjnym narz\u0119dziu.   <\/p>\n<\/div>\n<\/div>\n<\/div>\n<\/div>\n<div class=\"mb-2 flex gap-3 empty:hidden -ml-2\">\n<div class=\"items-center justify-start rounded-xl p-1 flex\">\n<div class=\"flex items-center\"><\/div>\n<\/div>\n<\/div>\n<div class=\"pr-2 lg:pr-0\"><\/div>\n<div class=\"mt-3 w-full empty:hidden\">\n<div class=\"text-center\"><\/div>\n<\/div>\n<\/div>\n<div class=\"absolute\">\n<div class=\"flex items-center justify-center\"><\/div>\n<\/div>\n<\/div>\n<\/div>\n<\/div>\n<\/article>\n<\/div>\n<\/div>\n<\/div>\n<\/div>\n<\/div>\n<div class=\"md:pt-0 dark:border-white\/20 md:border-transparent md:dark:border-transparent w-full\">\n<div>\n<div class=\"m-auto text-base px-3 md:px-4 w-full md:px-5 lg:px-4 xl:px-5\">\n<div class=\"mx-auto flex flex-1 gap-4 text-base md:gap-5 lg:gap-6 md:max-w-3xl\">\n<div class=\"flex justify-center\"><\/div>\n<\/div>\n<\/div>\n<\/div>\n<\/div>\n<p><iframe title=\"CRKT STICKLER\u2122 | Jeff Park Design\" width=\"800\" height=\"450\" src=\"https:\/\/www.youtube.com\/embed\/EjIBYs69muc?feature=oembed\" frameborder=\"0\" allow=\"accelerometer; autoplay; clipboard-write; encrypted-media; gyroscope; picture-in-picture; web-share\" referrerpolicy=\"strict-origin-when-cross-origin\" allowfullscreen><\/iframe><\/p>\n<p>&nbsp;<\/p>\n<p>&nbsp;<\/p>\n","protected":false},"excerpt":{"rendered":"<p><strong>CRKT Stickler 6710 to n\u00f3\u017c \u0142\u0105cz\u0105cy klasyczny wygl\u0105d z nowoczesnymi funkcjami i materia\u0142ami. Oferuje \u015bwietne funkcje do codziennego noszenia, takie jak wydajne ostrze, p\u0142ynne otwieranie i wygoda noszenia. Jest to idealne rozwi\u0105zanie dla os\u00f3b poszukuj\u0105cych m\u0119skiego no\u017ca, kt\u00f3ry jest zar\u00f3wno wysoce funkcjonalny, jak i stylowy. Dzi\u0119ki wzornictwu nawi\u0105zuj\u0105cemu do starych scyzoryk\u00f3w i zastosowaniu nowoczesnej technologii, Stickler\u2122 jest doskona\u0142ym wyborem dla tych, kt\u00f3rzy chc\u0105 po\u0142\u0105czy\u0107 przesz\u0142o\u015b\u0107 z tera\u017aniejszo\u015bci\u0105 w jednym praktycznym i atrakcyjnym narz\u0119dziu.   <\/strong><\/p>\n","protected":false},"featured_media":399616,"comment_status":"open","ping_status":"closed","template":"","meta":[],"pwb-brand":[3458],"product_brand":[],"product_cat":[3307,3296],"product_tag":[3671],"class_list":{"0":"post-399615","1":"product","2":"type-product","3":"status-publish","4":"has-post-thumbnail","6":"pwb-brand-crkt-pl","7":"product_cat-zamykanie-nozy","8":"product_cat-noze-pl","9":"product_tag-b2b-pl","11":"first","12":"instock","13":"sale","14":"taxable","15":"shipping-taxable","16":"purchasable","17":"product-type-simple"},"brands":[{"id":3458,"name":"CRKT","slug":"crkt-pl"}],"_links":{"self":[{"href":"https:\/\/www.moskito.cz\/pl\/wp-json\/wp\/v2\/product\/399615","targetHints":{"allow":["GET"]}}],"collection":[{"href":"https:\/\/www.moskito.cz\/pl\/wp-json\/wp\/v2\/product"}],"about":[{"href":"https:\/\/www.moskito.cz\/pl\/wp-json\/wp\/v2\/types\/product"}],"replies":[{"embeddable":true,"href":"https:\/\/www.moskito.cz\/pl\/wp-json\/wp\/v2\/comments?post=399615"}],"wp:featuredmedia":[{"embeddable":true,"href":"https:\/\/www.moskito.cz\/pl\/wp-json\/wp\/v2\/media\/399616"}],"wp:attachment":[{"href":"https:\/\/www.moskito.cz\/pl\/wp-json\/wp\/v2\/media?parent=399615"}],"wp:term":[{"taxonomy":"pwb-brand","embeddable":true,"href":"https:\/\/www.moskito.cz\/pl\/wp-json\/wp\/v2\/pwb-brand?post=399615"},{"taxonomy":"product_brand","embeddable":true,"href":"https:\/\/www.moskito.cz\/pl\/wp-json\/wp\/v2\/product_brand?post=399615"},{"taxonomy":"product_cat","embeddable":true,"href":"https:\/\/www.moskito.cz\/pl\/wp-json\/wp\/v2\/product_cat?post=399615"},{"taxonomy":"product_tag","embeddable":true,"href":"https:\/\/www.moskito.cz\/pl\/wp-json\/wp\/v2\/product_tag?post=399615"}],"curies":[{"name":"wp","href":"https:\/\/api.w.org\/{rel}","templated":true}]}}