{"id":399687,"date":"2022-08-17T20:18:17","date_gmt":"2025-04-17T14:47:14","guid":{"rendered":"https:\/\/www.moskito.cz\/produkt\/noz-skladany-crkt-drifter-black-6450k\/"},"modified":"2025-07-07T16:45:38","modified_gmt":"2025-07-07T15:45:38","slug":"noz-skladany-crkt-drifter-black-6450k","status":"publish","type":"product","link":"https:\/\/www.moskito.cz\/pl\/produkt\/noz-skladany-crkt-drifter-black-6450k\/","title":{"rendered":"N\u00f3\u017c sk\u0142adany CRKT DRIFTER BLACK 6450K"},"content":{"rendered":"<div class=\"flex-1 overflow-hidden @container\/thread\">\n<div class=\"h-full\">\n<div class=\"react-scroll-to-bottom--css-vxybp-79elbk h-full\">\n<div class=\"react-scroll-to-bottom--css-vxybp-1n7m0yu\">\n<div class=\"flex flex-col text-sm md:pb-9\">\n<article class=\"w-full scroll-mb-[var(--thread-trailing-height,150px)] text-token-text-primary focus-visible:outline-2 focus-visible:outline-offset-[-4px]\" dir=\"auto\" data-testid=\"conversation-turn-355\" data-scroll-anchor=\"true\">\n<div class=\"m-auto text-base py-[18px] px-3 md:px-4 w-full md:px-5 lg:px-4 xl:px-5\">\n<div class=\"mx-auto flex flex-1 gap-4 text-base md:gap-5 lg:gap-6 md:max-w-3xl\">\n<div class=\"group\/conversation-turn relative flex w-full min-w-0 flex-col agent-turn\">\n<div class=\"flex-col gap-1 md:gap-3\">\n<div class=\"flex max-w-full flex-col flex-grow\">\n<div class=\"min-h-8 text-message flex w-full flex-col items-end gap-2 whitespace-normal break-words text-start [.text-message+&amp;]:mt-5\" dir=\"auto\" data-message-author-role=\"assistant\" data-message-id=\"b438c1e4-79e1-4f9b-9e83-ae1114dca6b5\" data-message-model-slug=\"gpt-4o-mini\">\n<div class=\"flex w-full flex-col gap-1 empty:hidden first:pt-[3px]\">\n<div class=\"markdown prose w-full break-words dark:prose-invert light\">\n<p>N\u00f3\u017c sk\u0142adany <strong>CRKT DRIFTER BLACK 6450K<\/strong> to \u015bwietny wyb\u00f3r do codziennego noszenia dzi\u0119ki po\u0142\u0105czeniu <strong>wysokiej jako\u015bci<\/strong> , <strong>przyst\u0119pnej ceny<\/strong> i <strong>praktycznej konstrukcji<\/strong> . Model ten zaprojektowano tak, aby zapewnia\u0142 \u015bwietne funkcje i by\u0142 trwa\u0142y, a jednocze\u015bnie odpowiedni dla szerokiej gamy u\u017cytkownik\u00f3w poszukuj\u0105cych niezawodnego no\u017ca do codziennych zada\u0144. <\/p>\n<h3><strong>G\u0142\u00f3wne cechy:<\/strong><\/h3>\n<ol>\n<li><strong>Materia\u0142y wysokiej jako\u015bci:<\/strong>\n<ul>\n<li><strong>Stal ostrza 8Cr14MoV<\/strong> : Stal ta charakteryzuje si\u0119 dobr\u0105 odporno\u015bci\u0105 na korozj\u0119, wysok\u0105 jako\u015bci\u0105 kraw\u0119dzi tn\u0105cej i d\u0142ug\u0105 \u017cywotno\u015bci\u0105. Jest to idealny wyb\u00f3r do codziennego noszenia no\u017cy, poniewa\u017c dobrze trzyma si\u0119 w d\u0142oni i dobrze si\u0119 ostrzy. <\/li>\n<li><strong>Obr\u00f3bka powierzchni azotkiem tytanu<\/strong> : Ta obr\u00f3bka nie tylko zapewnia <strong>wysok\u0105 odporno\u015b\u0107 na korozj\u0119<\/strong> , ale tak\u017ce poprawia <strong>po\u015blizg<\/strong> ostrza, dzi\u0119ki czemu otwieranie i u\u017cywanie go jest \u0142atwiejsze.<\/li>\n<li><strong>R\u0119koje\u015b\u0107 G10<\/strong> : Materia\u0142 ten jest niezwykle trwa\u0142y, mocny i jednocze\u015bnie <strong>lekko teksturowany<\/strong> , co zapewnia <strong>doskona\u0142y chwyt<\/strong> i wygod\u0119 nawet w najbardziej wymagaj\u0105cych warunkach.<\/li>\n<\/ul>\n<\/li>\n<li><strong>Praktyczny projekt:<\/strong>\n<ul>\n<li><strong>Otwieranie kciukiem<\/strong> : Mechanizm ten umo\u017cliwia <strong>\u0142atwe i szybkie otwarcie no\u017ca<\/strong> jedn\u0105 r\u0119k\u0105, co jest bardzo przydatne w codziennym u\u017cytkowaniu, gdy jedn\u0105 r\u0119k\u0105 jeste\u015b zaj\u0119ty.<\/li>\n<li><strong>Sk\u0142adana konstrukcja<\/strong> z mechanizmem <strong>Liner Lock<\/strong> : Blokada ta zapewnia stabilno\u015b\u0107 i bezpiecze\u0144stwo podczas u\u017cywania no\u017ca, umo\u017cliwiaj\u0105c jednocze\u015bnie szybkie i \u0142atwe zamkni\u0119cie ostrza jedn\u0105 r\u0119k\u0105.<\/li>\n<\/ul>\n<\/li>\n<li><strong>Kompaktowy i przeno\u015bny<\/strong> :\n<ul>\n<li><strong>D\u0142ugo\u015b\u0107 ca\u0142kowita 6,50&#8243; (165,10 mm)<\/strong> , <strong>d\u0142ugo\u015b\u0107 po z\u0142o\u017ceniu 3,66&#8243; (92,96 mm)<\/strong> : N\u00f3\u017c ten jest wystarczaj\u0105co du\u017cy, aby wygodnie go u\u017cywa\u0107, a jednocze\u015bnie na tyle kompaktowy, \u017ce zmie\u015bci si\u0119 w kieszeni lub b\u0119dzie noszony na kluczach.<\/li>\n<li><strong>Niska waga \u2013 2,40 uncji (68,04 g)<\/strong> : Niska waga sprawia, \u017ce \u200b\u200bn\u00f3\u017c ten idealnie nadaje si\u0119 do codziennego noszenia, a jednocze\u015bnie nie jest zbyt ci\u0119\u017cki i nie jest widoczny.<\/li>\n<\/ul>\n<\/li>\n<\/ol>\n<h3><strong>Dane techniczne<\/strong> :<\/h3>\n<ul>\n<li><strong>D\u0142ugo\u015b\u0107 ostrza<\/strong> : 2,88&#8243; (73,03 mm)<\/li>\n<li><strong>Ostrze<\/strong> : g\u0142adkie (klasyczne g\u0142adkie ci\u0119cie)<\/li>\n<li><strong>Materia\u0142 ostrza<\/strong> : stal 8Cr14MoV<\/li>\n<li><strong>Obr\u00f3bka powierzchni ostrza<\/strong> : Azotek tytanu<\/li>\n<li><strong>Grubo\u015b\u0107 ostrza<\/strong> : 0,09&#8243; (2,31 mm)<\/li>\n<li><strong>D\u0142ugo\u015b\u0107 ca\u0142kowita<\/strong> : 6,50&#8243; (165,10 mm)<\/li>\n<li><strong>D\u0142ugo\u015b\u0107 po z\u0142o\u017ceniu<\/strong> : 3,66&#8243; (92,96 mm)<\/li>\n<li><strong>Waga<\/strong> : 2,40 uncji (68,04 g)<\/li>\n<li><strong>Uchwyt<\/strong> : G10<\/li>\n<li><strong>Styl<\/strong> : N\u00f3\u017c sk\u0142adany z <strong>blokad\u0105 liniow\u0105<\/strong><\/li>\n<\/ul>\n<h3><strong>Do czego si\u0119 to nadaje?<\/strong><\/h3>\n<ol>\n<li><strong>Do codziennego u\u017cytku (EDC)<\/strong> :<br \/>\n N\u00f3\u017c ten idealnie nadaje si\u0119 do <strong>codziennych czynno\u015bci,<\/strong> takich jak otwieranie paczek, opakowa\u0144 i rozwi\u0105zywanie drobnych problem\u00f3w w domu lub w pracy.<\/li>\n<li><strong>Na zewn\u0105trz i na kempingu<\/strong> :<br \/>\n Mimo \u017ce jest mniejszy i bardziej kompaktowy, nadal jest wystarczaj\u0105co wytrzyma\u0142y do <strong>\u200b\u200bzada\u0144 kempingowych,<\/strong> takich jak przygotowywanie drewna, ci\u0119cie sznurka i inne drobniejsze prace na \u015bwie\u017cym powietrzu.<\/li>\n<li><strong>Praca z materia\u0142ami<\/strong> :<br \/>\n N\u00f3\u017c ten idealnie nadaje si\u0119 do <strong>ci\u0119cia mi\u0119kkich materia\u0142\u00f3w,<\/strong> takich jak tektura, ta\u015bma, a nawet <strong>przewod\u00f3w<\/strong> , co jest cz\u0119stym zadaniem w przypadku no\u017cy EDC.<\/li>\n<li><strong>Podr\u00f3\u017ce i turystyka<\/strong> :<br \/>\n Dzi\u0119ki kompaktowym rozmiarom \u015bwietnie sprawdza si\u0119 w <strong>podr\u00f3\u017cy<\/strong> , gdzie nie zajmuje du\u017co miejsca i mo\u017cna mie\u0107 go zawsze pod r\u0119k\u0105, by wykona\u0107 szybkie i \u0142atwe zadania w ci\u0105gu dnia.<\/li>\n<li><strong>Ochrona osobista<\/strong> :<br \/>\n Mimo \u017ce n\u00f3\u017c ten nie jest przeznaczony przede wszystkim do samoobrony, jego <strong>szybkie otwieranie<\/strong> i <strong>kompaktowe rozmiary<\/strong> mog\u0105 okaza\u0107 si\u0119 przydatne w sytuacjach kryzysowych.<\/li>\n<\/ol>\n<h3><strong>Zalety<\/strong> :<\/h3>\n<ul>\n<li><strong>Wysokiej jako\u015bci i trwa\u0142e materia\u0142y<\/strong> gwarantuj\u0105 d\u0142ug\u0105 \u017cywotno\u015b\u0107.<\/li>\n<li><strong>Kompaktowy rozmiar<\/strong> i <strong>niska waga<\/strong> zapewniaj\u0105 wygodne noszenie.<\/li>\n<li><strong>\u0141atwe otwieranie<\/strong> i <strong>bezpieczne zamykanie<\/strong> dzi\u0119ki mechanizmowi Liner Lock.<\/li>\n<li><strong>Cena jest przyst\u0119pna dla przeci\u0119tnego u\u017cytkownika<\/strong> , co oznacza, \u017ce \u200b\u200bn\u00f3\u017c ten idealnie nadaje si\u0119 dla os\u00f3b poszukuj\u0105cych niedrogiego, ale wysokiej jako\u015bci no\u017ca.<\/li>\n<li><strong>Nadaje si\u0119 do personalizacji<\/strong> dzi\u0119ki du\u017cej powierzchni ostrza przeznaczonej na grawerunki lub logo.<\/li>\n<\/ul>\n<h3><strong>Streszczenie<\/strong> :<\/h3>\n<p><strong>CRKT Drifter Black 6450K<\/strong> to niedrogi, kompaktowy i wysokiej jako\u015bci n\u00f3\u017c, kt\u00f3ry sprawdzi si\u0119 w wielu zadaniach, zar\u00f3wno w \u017cyciu codziennym, podczas aktywno\u015bci na \u015bwie\u017cym powietrzu, jak i jako narz\u0119dzie podr\u00f3\u017cne. No\u017cyk wykonano z <strong>trwa\u0142ych materia\u0142\u00f3w<\/strong> , takich jak <strong>stal 8Cr14MoV<\/strong> i <strong>uchwyt G10<\/strong> . <strong>\u0141atwe otwieranie<\/strong> i <strong>bezpieczne zamykanie<\/strong> sprawiaj\u0105, \u017ce jest to idealny wyb\u00f3r do codziennego noszenia. <\/p>\n<\/div>\n<\/div>\n<\/div>\n<\/div>\n<div class=\"mb-2 flex gap-3 empty:hidden -ml-2\">\n<div class=\"items-center justify-start rounded-xl p-1 flex\">\n<div class=\"flex items-center\"><\/div>\n<\/div>\n<\/div>\n<div class=\"pr-2 lg:pr-0\"><\/div>\n<\/div>\n<\/div>\n<\/div>\n<\/div>\n<\/article>\n<\/div>\n<\/div>\n<\/div>\n<\/div>\n<\/div>\n","protected":false},"excerpt":{"rendered":"<p><strong>CRKT Drifter Black 6450K to niedrogi, kompaktowy i wysokiej jako\u015bci n\u00f3\u017c, kt\u00f3ry sprawdzi si\u0119 w wielu zadaniach, zar\u00f3wno w \u017cyciu codziennym, podczas aktywno\u015bci na \u015bwie\u017cym powietrzu, jak i jako narz\u0119dzie podr\u00f3\u017cne. No\u017cyk wykonano z trwa\u0142ych materia\u0142\u00f3w, takich jak stal 8Cr14MoV i uchwyt G10. \u0141atwe otwieranie i bezpieczne blokowanie sprawiaj\u0105, \u017ce jest to idealny wyb\u00f3r do codziennego noszenia. <\/strong><\/p>\n","protected":false},"featured_media":399688,"comment_status":"open","ping_status":"closed","template":"","meta":[],"pwb-brand":[3458],"product_brand":[],"product_cat":[3307,3296],"product_tag":[3671],"class_list":{"0":"post-399687","1":"product","2":"type-product","3":"status-publish","4":"has-post-thumbnail","6":"pwb-brand-crkt-pl","7":"product_cat-zamykanie-nozy","8":"product_cat-noze-pl","9":"product_tag-b2b-pl","11":"first","12":"instock","13":"sale","14":"taxable","15":"shipping-taxable","16":"purchasable","17":"product-type-simple"},"brands":[{"id":3458,"name":"CRKT","slug":"crkt-pl"}],"_links":{"self":[{"href":"https:\/\/www.moskito.cz\/pl\/wp-json\/wp\/v2\/product\/399687","targetHints":{"allow":["GET"]}}],"collection":[{"href":"https:\/\/www.moskito.cz\/pl\/wp-json\/wp\/v2\/product"}],"about":[{"href":"https:\/\/www.moskito.cz\/pl\/wp-json\/wp\/v2\/types\/product"}],"replies":[{"embeddable":true,"href":"https:\/\/www.moskito.cz\/pl\/wp-json\/wp\/v2\/comments?post=399687"}],"wp:featuredmedia":[{"embeddable":true,"href":"https:\/\/www.moskito.cz\/pl\/wp-json\/wp\/v2\/media\/399688"}],"wp:attachment":[{"href":"https:\/\/www.moskito.cz\/pl\/wp-json\/wp\/v2\/media?parent=399687"}],"wp:term":[{"taxonomy":"pwb-brand","embeddable":true,"href":"https:\/\/www.moskito.cz\/pl\/wp-json\/wp\/v2\/pwb-brand?post=399687"},{"taxonomy":"product_brand","embeddable":true,"href":"https:\/\/www.moskito.cz\/pl\/wp-json\/wp\/v2\/product_brand?post=399687"},{"taxonomy":"product_cat","embeddable":true,"href":"https:\/\/www.moskito.cz\/pl\/wp-json\/wp\/v2\/product_cat?post=399687"},{"taxonomy":"product_tag","embeddable":true,"href":"https:\/\/www.moskito.cz\/pl\/wp-json\/wp\/v2\/product_tag?post=399687"}],"curies":[{"name":"wp","href":"https:\/\/api.w.org\/{rel}","templated":true}]}}