{"id":399882,"date":"2022-09-12T20:21:57","date_gmt":"2025-04-22T13:24:02","guid":{"rendered":"https:\/\/www.moskito.cz\/produkt\/noz-skladany-crkt-m16-03ss\/"},"modified":"2025-07-14T11:23:44","modified_gmt":"2025-07-14T10:23:44","slug":"noz-skladany-crkt-m16-03ss","status":"publish","type":"product","link":"https:\/\/www.moskito.cz\/pl\/produkt\/noz-skladany-crkt-m16-03ss\/","title":{"rendered":"N\u00f3\u017c sk\u0142adany CRKT M16-03SS"},"content":{"rendered":"<div class=\"flex-1 overflow-hidden @container\/thread\">\n<div class=\"h-full\">\n<div class=\"react-scroll-to-bottom--css-vxybp-79elbk h-full\">\n<div class=\"react-scroll-to-bottom--css-vxybp-1n7m0yu\">\n<div class=\"flex flex-col text-sm md:pb-9\">\n<article class=\"w-full scroll-mb-[var(--thread-trailing-height,150px)] text-token-text-primary focus-visible:outline-2 focus-visible:outline-offset-[-4px]\" dir=\"auto\" data-testid=\"conversation-turn-153\" data-scroll-anchor=\"true\">\n<div class=\"m-auto text-base py-[18px] px-3 md:px-4 w-full md:px-5 lg:px-4 xl:px-5\">\n<div class=\"mx-auto flex flex-1 gap-4 text-base md:gap-5 lg:gap-6 md:max-w-3xl\">\n<div class=\"group\/conversation-turn relative flex w-full min-w-0 flex-col agent-turn\">\n<div class=\"flex-col gap-1 md:gap-3\">\n<div class=\"flex max-w-full flex-col flex-grow\">\n<div class=\"min-h-8 text-message flex w-full flex-col items-end gap-2 whitespace-normal break-words text-start [.text-message+&amp;]:mt-5\" dir=\"auto\" data-message-author-role=\"assistant\" data-message-id=\"bedf3733-6233-48af-b38a-5285e60055e5\" data-message-model-slug=\"gpt-4o-mini\">\n<div class=\"flex w-full flex-col gap-1 empty:hidden first:pt-[3px]\">\n<div class=\"markdown prose w-full break-words dark:prose-invert light\">\n<p><strong>N\u00f3\u017c sk\u0142adany CRKT M16-03SS<\/strong> to udoskonalona wersja <strong>popularnego projektu Kita Carsona<\/strong> , kt\u00f3ry sta\u0142 si\u0119 legend\u0105 w\u015br\u00f3d no\u017cy <strong>taktycznych<\/strong> i <strong>codziennego u\u017cytku<\/strong> . Model ten zaprojektowano z my\u015bl\u0105 o u\u017cytkownikach, kt\u00f3rzy poszukuj\u0105 <strong>wysokiej wydajno\u015bci<\/strong> i <strong>trwa\u0142o\u015bci<\/strong> w codziennym u\u017cytkowaniu, przy jednoczesnym zachowaniu <strong>klasycznych<\/strong> cech oryginalnego projektu. Dzi\u0119ki materia\u0142om wysokiej jako\u015bci i ulepszonym funkcjom karabin M16-03SS oferuje doskona\u0142e po\u0142\u0105czenie <strong>praktyczno\u015bci<\/strong> i <strong>taktycznego wygl\u0105du<\/strong> .  <\/p>\n<h3>Kluczowe w\u0142a\u015bciwo\u015bci:<\/h3>\n<ol>\n<li><strong>Konstrukcja ostrza<\/strong> :\n<ul>\n<li><strong>D\u0142ugo\u015b\u0107 ostrza<\/strong> : 3,54&#8243; (89,92 mm) \u2013 Jest to idealna d\u0142ugo\u015b\u0107 do <strong>wszechstronnego zastosowania<\/strong> , od <strong>krojenia<\/strong> po <strong>przecinanie twardszych materia\u0142\u00f3w<\/strong> .<\/li>\n<li><strong>Ostro\u015b\u0107 ostrza<\/strong> : Zwyk\u0142e \u2013 <strong>\u0142atwe w utrzymaniu i ostrzeniu<\/strong> , odpowiednie do <strong>codziennych zada\u0144<\/strong> i <strong>precyzyjnego ci\u0119cia<\/strong> .<\/li>\n<li><strong>Materia\u0142 ostrza<\/strong> : <strong>stal Sandvik 12C27<\/strong> \u2013 <strong>wysokiej jako\u015bci stal nierdzewna<\/strong> , znana z <strong>wysokiej odporno\u015bci na korozj\u0119<\/strong> i <strong>d\u0142ugiej \u017cywotno\u015bci ostrza<\/strong> . Stal ta zapewnia r\u00f3wnie\u017c doskona\u0142e <strong>utrzymywanie ostro\u015bci<\/strong> i jest <strong>\u0142atwa do ostrzenia<\/strong> . <\/li>\n<li><strong>Wyko\u0144czenie ostrza<\/strong> : <strong>Piaskowanie<\/strong> \u2013 wyko\u0144czenie <strong>minimalizuj\u0105ce odblaski<\/strong> i zapewniaj\u0105ce <strong>matowy wygl\u0105d<\/strong> , co jest korzystne w przypadku stosowania w <strong>warunkach taktycznych lub naturalnych<\/strong> .<\/li>\n<\/ul>\n<\/li>\n<li><strong>Mechanizm taktyczny i bezpieczny<\/strong> :\n<ul>\n<li><strong>Blokada Frame Lock<\/strong> \u2013 blokada ta zapewnia <strong>mocne i stabilne zabezpieczenie<\/strong> podczas u\u017cytkowania oraz zapobiega przypadkowemu otwarciu no\u017ca.<\/li>\n<li><strong>Bezpiecze\u0144stwo AutoLAWKS\u2122<\/strong> \u2013 Opr\u00f3cz blokady ramy, n\u00f3\u017c ten wykorzystuje system <strong>AutoLAWKS\u2122<\/strong> , kt\u00f3ry zapewnia <strong>dodatkowe bezpiecze\u0144stwo<\/strong> podczas noszenia i u\u017cytkowania, zwi\u0119kszaj\u0105c <strong>niezawodno\u015b\u0107<\/strong> no\u017ca.<\/li>\n<\/ul>\n<\/li>\n<li><strong>Uchwyt<\/strong> :\n<ul>\n<li><strong>Stal nierdzewna<\/strong> \u2013 Uchwyt wykonany jest ze <strong>stali nierdzewnej<\/strong> , co zapewnia <strong>wytrzyma\u0142o\u015b\u0107<\/strong> i <strong>odporno\u015b\u0107<\/strong> na zu\u017cycie, a tak\u017ce <strong>dobr\u0105 ergonomi\u0119<\/strong> . R\u0119koje\u015b\u0107 ma odpowiedni\u0105 <strong>powierzchni\u0119<\/strong> , kt\u00f3ra zapobiega \u015blizganiu si\u0119 d\u0142oni. <\/li>\n<li><strong>Ergonomiczny kszta\u0142t<\/strong> \u2013 Uchwyt ma <strong>wygodny<\/strong> kszta\u0142t, co zapewnia <strong>pewny chwyt<\/strong> nawet podczas wykonywania wymagaj\u0105cych zada\u0144.<\/li>\n<\/ul>\n<\/li>\n<li><strong>Kompaktowa i lekka konstrukcja<\/strong> :\n<ul>\n<li><strong>D\u0142ugo\u015b\u0107 ca\u0142kowita<\/strong> : 8,19&#8243; (207,98 mm) \u2013 wystarczaj\u0105co d\u0142uga do <strong>wydajnej pracy<\/strong> , a jednocze\u015bnie <strong>kompaktowa<\/strong> , aby <strong>mo\u017cna j\u0105 by\u0142o nosi\u0107<\/strong> w kieszeni lub na pasku.<\/li>\n<li><strong>D\u0142ugo\u015b\u0107 po z\u0142o\u017ceniu<\/strong> : 4,65&#8243; (118,21 mm) \u2013 Ten model idealnie nadaje si\u0119 do <strong>noszenia na co dzie\u0144,<\/strong> ale nie jest zbyt obszerny.<\/li>\n<li><strong>Waga<\/strong> : 3,60 uncji. (102,06 g) \u2013 N\u00f3\u017c ten jest na tyle <strong>lekki<\/strong> , \u017ce <strong>wygodnie go nosi\u0107 na co dzie\u0144<\/strong> , a jednocze\u015bnie jest <strong>wytrzyma\u0142y<\/strong> i <strong>trwa\u0142y,<\/strong> co sprawdza si\u0119 przy wymagaj\u0105cych zadaniach.<\/li>\n<\/ul>\n<\/li>\n<li><strong>Uniwersalne zastosowanie<\/strong> :\n<ul>\n<li>Ten n\u00f3\u017c jest <strong>wszechstronny<\/strong> i nadaje si\u0119 do <strong>codziennego noszenia (EDC)<\/strong> , a tak\u017ce do <strong>zada\u0144 taktycznych<\/strong> , <strong>biwakowania<\/strong> lub <strong>przenoszenia<\/strong> materia\u0142\u00f3w.<\/li>\n<li>Dzi\u0119ki <strong>mocnemu ostrzu<\/strong> i <strong>szybkiemu mechanizmowi otwierania<\/strong> jest to r\u00f3wnie\u017c doskona\u0142e narz\u0119dzie <strong>do samoobrony<\/strong> .<\/li>\n<\/ul>\n<\/li>\n<\/ol>\n<h3>Dane techniczne:<\/h3>\n<ul>\n<li><strong>D\u0142ugo\u015b\u0107 ostrza<\/strong> : 3,54&#8243; (89,92 mm)<\/li>\n<li><strong>Ostrze ostrza<\/strong> : g\u0142adkie<\/li>\n<li><strong>Materia\u0142 ostrza<\/strong> : stal nierdzewna Sandvik 12C27<\/li>\n<li><strong>Wyko\u0144czenie ostrza<\/strong> : \u015brutowanie<\/li>\n<li><strong>Grubo\u015b\u0107 ostrza<\/strong> : 0,12&#8243; (3,00 mm)<\/li>\n<li><strong>D\u0142ugo\u015b\u0107 ca\u0142kowita<\/strong> : 8,19&#8243; (207,98 mm)<\/li>\n<li><strong>D\u0142ugo\u015b\u0107 po z\u0142o\u017ceniu<\/strong> : 4,65&#8243; (118,21 mm)<\/li>\n<li><strong>Waga no\u017ca<\/strong> : 3,60 uncji (102,06 g)<\/li>\n<li><strong>Uchwyt<\/strong> : Stal nierdzewna<\/li>\n<li><strong>Styl<\/strong> : N\u00f3\u017c sk\u0142adany z blokad\u0105 ramy<\/li>\n<\/ul>\n<h3>Opcje u\u017cycia:<\/h3>\n<ul>\n<li><strong>Do codziennego noszenia (EDC)<\/strong> : N\u00f3\u017c M16-03SS \u015bwietnie nadaje si\u0119 do <strong>codziennych czynno\u015bci<\/strong> , takich jak <strong>otwieranie paczek<\/strong> , <strong>krojenie<\/strong> , <strong>przycinanie tkanin<\/strong> czy <strong>przygotowywanie jedzenia<\/strong> .<\/li>\n<li><strong>Zastosowanie taktyczne<\/strong> : N\u00f3\u017c ten jest przeznaczony do <strong>zada\u0144 taktycznych<\/strong> i <strong>samoobrony<\/strong> , dzi\u0119ki <strong>mocnemu ostrzu<\/strong> i <strong>bezpiecznemu mechanizmowi<\/strong> .<\/li>\n<li><strong>Kemping i zaj\u0119cia na \u015bwie\u017cym powietrzu<\/strong> : Idealny do <strong>precyzyjnego ci\u0119cia<\/strong> i <strong>obr\u00f3bki materia\u0142\u00f3w<\/strong> podczas biwakowania lub sp\u0119dzania czasu na \u0142onie natury.<\/li>\n<li><strong>Przenoszenie materia\u0142\u00f3w<\/strong> : Dzi\u0119ki mocnemu i <strong>trwa\u0142emu ostrzu n\u00f3\u017c<\/strong> M16-03SS doskonale nadaje si\u0119 do <strong>wykonywania trudnych zada\u0144<\/strong> .<\/li>\n<\/ul>\n<h3>Streszczenie:<\/h3>\n<p><strong>CRKT M16-03SS<\/strong> to <strong>udoskonalona wersja<\/strong> popularnej konstrukcji <strong>Kit Carson M16<\/strong> , zapewniaj\u0105ca <strong>zwi\u0119kszon\u0105 wydajno\u015b\u0107<\/strong> i <strong>trwa\u0142o\u015b\u0107<\/strong> . Ten n\u00f3\u017c idealnie nadaje si\u0119 do <strong>u\u017cytku taktycznego<\/strong> i <strong>codziennego noszenia<\/strong> , z <strong>wysokiej jako\u015bci ostrzem<\/strong> wykonanym ze <strong>stali Sandvik 12C27<\/strong> , <strong>bezpieczn\u0105 blokad\u0105 ramy<\/strong> i <strong>innowacyjnym systemem AutoLAWKS\u2122<\/strong> zapewniaj\u0105cym dodatkow\u0105 ochron\u0119. To <strong>\u015bwietne, uniwersalne narz\u0119dzie<\/strong> , kt\u00f3re sprawdzi si\u0119 <strong>jako niezawodny pomocnik<\/strong> w r\u00f3\u017cnych sytuacjach.  <\/p>\n<\/div>\n<\/div>\n<\/div>\n<\/div>\n<div class=\"mb-2 flex gap-3 empty:hidden -ml-2\">\n<div class=\"items-center justify-start rounded-xl p-1 flex\">\n<div class=\"flex items-center\"><\/div>\n<\/div>\n<\/div>\n<div class=\"pr-2 lg:pr-0\"><\/div>\n<div class=\"mt-3 w-full empty:hidden\">\n<div class=\"text-center\"><\/div>\n<\/div>\n<\/div>\n<\/div>\n<\/div>\n<\/div>\n<\/article>\n<\/div>\n<\/div>\n<\/div>\n<\/div>\n<\/div>\n<p><iframe title=\"CRKT M16\u00ae-03SS | Kit Carson Design\" width=\"800\" height=\"450\" src=\"https:\/\/www.youtube.com\/embed\/C2T1-yqXxcM?feature=oembed\" frameborder=\"0\" allow=\"accelerometer; autoplay; clipboard-write; encrypted-media; gyroscope; picture-in-picture; web-share\" referrerpolicy=\"strict-origin-when-cross-origin\" allowfullscreen><\/iframe><\/p>\n<p>&nbsp;<\/p>\n","protected":false},"excerpt":{"rendered":"<div class=\"flex max-w-full flex-col flex-grow\">\n<div class=\"min-h-8 text-message flex w-full flex-col items-end gap-2 whitespace-normal break-words text-start [.text-message+&amp;]:mt-5\" dir=\"auto\" data-message-author-role=\"assistant\" data-message-id=\"bedf3733-6233-48af-b38a-5285e60055e5\" data-message-model-slug=\"gpt-4o-mini\">\n<div class=\"flex w-full flex-col gap-1 empty:hidden first:pt-[3px]\">\n<div class=\"markdown prose w-full break-words dark:prose-invert light\">\n<p><strong>CRKT M16-03SS to udoskonalona wersja popularnej konstrukcji Kit Carson M16, zapewniaj\u0105ca zwi\u0119kszon\u0105 wydajno\u015b\u0107 i trwa\u0142o\u015b\u0107. Ten n\u00f3\u017c idealnie nadaje si\u0119 do zastosowa\u0144 taktycznych i codziennego noszenia, z wysokiej jako\u015bci ostrzem wykonanym ze stali Sandvik 12C27, bezpieczn\u0105 blokad\u0105 ramy i innowacyjnym systemem AutoLAWKS\u2122 zapewniaj\u0105cym dodatkow\u0105 ochron\u0119. To \u015bwietne, uniwersalne narz\u0119dzie, kt\u00f3re sprawdzi si\u0119 jako niezawodny pomocnik w r\u00f3\u017cnych sytuacjach.  <\/strong><\/p>\n<\/div>\n<\/div>\n<\/div>\n<\/div>\n<div class=\"mb-2 flex gap-3 empty:hidden -ml-2\">\n<div class=\"items-center justify-start rounded-xl p-1 flex\">\n<div class=\"flex items-center\"><\/div>\n<\/div>\n<\/div>\n<div class=\"pr-2 lg:pr-0\"><\/div>\n","protected":false},"featured_media":399883,"comment_status":"open","ping_status":"closed","template":"","meta":[],"pwb-brand":[3458],"product_brand":[],"product_cat":[3307,3296],"product_tag":[3671],"class_list":{"0":"post-399882","1":"product","2":"type-product","3":"status-publish","4":"has-post-thumbnail","6":"pwb-brand-crkt-pl","7":"product_cat-zamykanie-nozy","8":"product_cat-noze-pl","9":"product_tag-b2b-pl","11":"first","12":"outofstock","13":"taxable","14":"shipping-taxable","15":"purchasable","16":"product-type-simple"},"brands":[{"id":3458,"name":"CRKT","slug":"crkt-pl"}],"_links":{"self":[{"href":"https:\/\/www.moskito.cz\/pl\/wp-json\/wp\/v2\/product\/399882","targetHints":{"allow":["GET"]}}],"collection":[{"href":"https:\/\/www.moskito.cz\/pl\/wp-json\/wp\/v2\/product"}],"about":[{"href":"https:\/\/www.moskito.cz\/pl\/wp-json\/wp\/v2\/types\/product"}],"replies":[{"embeddable":true,"href":"https:\/\/www.moskito.cz\/pl\/wp-json\/wp\/v2\/comments?post=399882"}],"wp:featuredmedia":[{"embeddable":true,"href":"https:\/\/www.moskito.cz\/pl\/wp-json\/wp\/v2\/media\/399883"}],"wp:attachment":[{"href":"https:\/\/www.moskito.cz\/pl\/wp-json\/wp\/v2\/media?parent=399882"}],"wp:term":[{"taxonomy":"pwb-brand","embeddable":true,"href":"https:\/\/www.moskito.cz\/pl\/wp-json\/wp\/v2\/pwb-brand?post=399882"},{"taxonomy":"product_brand","embeddable":true,"href":"https:\/\/www.moskito.cz\/pl\/wp-json\/wp\/v2\/product_brand?post=399882"},{"taxonomy":"product_cat","embeddable":true,"href":"https:\/\/www.moskito.cz\/pl\/wp-json\/wp\/v2\/product_cat?post=399882"},{"taxonomy":"product_tag","embeddable":true,"href":"https:\/\/www.moskito.cz\/pl\/wp-json\/wp\/v2\/product_tag?post=399882"}],"curies":[{"name":"wp","href":"https:\/\/api.w.org\/{rel}","templated":true}]}}