{"id":399930,"date":"2024-11-29T11:59:51","date_gmt":"2025-04-22T14:05:26","guid":{"rendered":"https:\/\/www.moskito.cz\/produkt\/noz-wyrzutowy-aga-campolin-f20ttd-n\/"},"modified":"2025-05-07T11:29:18","modified_gmt":"2025-05-07T10:29:18","slug":"noz-wyrzutowy-aga-campolin-f20ttd-n","status":"publish","type":"product","link":"https:\/\/www.moskito.cz\/pl\/produkt\/noz-wyrzutowy-aga-campolin-f20ttd-n\/","title":{"rendered":"N\u00f3\u017c wyrzutowy AGA CAMPOLIN F20TTD-N"},"content":{"rendered":"<p>N\u00f3\u017c wyrzutowy AGA CAMPOLIN F20TTD-N.<\/p>\n<p>N\u00f3\u017c sk\u0142adany AGA Campolin F20TTD-N to elegancki i wysokiej jako\u015bci n\u00f3\u017c automatyczny wyprodukowany przez znan\u0105 w\u0142osk\u0105 mark\u0119 AGA Campolin. Marka ta znana jest z precyzyjnej pracy oraz produkcji tradycyjnych i nowoczesnych no\u017cy o wysokiej warto\u015bci kolekcjonerskiej i u\u017cytkowej. Oto podstawowe informacje o tym modelu:<br \/>\n Charakterystyka AGA Campolin F20TTD-N  <\/p>\n<p>Mechanizm:<br \/>\n Automatyczny (strzelaj\u0105cy) mechanizm umo\u017cliwiaj\u0105cy szybkie otwarcie ostrza za pomoc\u0105 jednego przycisku.<br \/>\n Niezawodny i trwa\u0142y mechanizm o d\u0142ugiej \u017cywotno\u015bci.<\/p>\n<p>Ostrze:<br \/>\n Materia\u0142 ostrza: wysokiej jako\u015bci stal nierdzewna, zapewniaj\u0105ca doskona\u0142\u0105 ostro\u015b\u0107 i odporno\u015b\u0107 na korozj\u0119.<br \/>\n Wz\u00f3r ostrza: nowoczesny styl, cz\u0119sto z wyko\u0144czeniem satynowym lub b\u0142yszcz\u0105cym.<br \/>\n D\u0142ugo\u015b\u0107 ostrza: oko\u0142o 9,3 cm<\/p>\n<p>Uchwyt:<br \/>\n Materia\u0142: r\u00f3\u017cne warianty, w tym materia\u0142y naturalne (np. drewno, r\u00f3g) lub syntetyczne.<br \/>\n Ergonomia: wygodny uchwyt, odpowiedni do d\u0142u\u017cszego trzymania.<\/p>\n<p>Projekt i wykonanie:<br \/>\n Nowoczesny i jednocze\u015bnie ponadczasowy wygl\u0105d oraz precyzyjne wykonanie.<br \/>\n Nadaje si\u0119 zar\u00f3wno dla kolekcjoner\u00f3w, jak i do praktycznego u\u017cytku codziennego.<\/p>\n<p>Zamek:<br \/>\n Blokada bezpiecze\u0144stwa zabezpieczaj\u0105ca przed przypadkowym otwarciem.<\/p>\n<p>U\u017cywa\u0107<\/p>\n<p>Idealny do codziennego noszenia (EDC).<br \/>\nZe wzgl\u0119du na swoj\u0105 ekskluzywno\u015b\u0107 i jako\u015b\u0107 wykonania doskonale nadaje si\u0119 na prezent dla kolekcjoner\u00f3w.<br \/>\nPraktyczne narz\u0119dzie do r\u00f3\u017cnych zaj\u0119\u0107 na \u015bwie\u017cym powietrzu, takich jak biwakowanie, w\u0119dkarstwo czy przetrwanie.<\/p>\n","protected":false},"excerpt":{"rendered":"<p><strong>N\u00f3\u017c sk\u0142adany AGA Campolin F20TTD-N to elegancki i wysokiej jako\u015bci n\u00f3\u017c automatyczny wyprodukowany przez znan\u0105 w\u0142osk\u0105 mark\u0119 AGA Campolin.<\/strong><\/p>\n","protected":false},"featured_media":379230,"comment_status":"open","ping_status":"closed","template":"","meta":[],"pwb-brand":[4014],"product_brand":[],"product_cat":[3296,3344],"product_tag":[],"class_list":{"0":"post-399930","1":"product","2":"type-product","3":"status-publish","4":"has-post-thumbnail","6":"pwb-brand-aga-campolin-pl","7":"product_cat-noze-pl","8":"product_cat-noze-strzeleckie","10":"first","11":"outofstock","12":"taxable","13":"shipping-taxable","14":"purchasable","15":"product-type-simple"},"brands":[{"id":4014,"name":"AGA CAMPOLIN","slug":"aga-campolin-pl"}],"_links":{"self":[{"href":"https:\/\/www.moskito.cz\/pl\/wp-json\/wp\/v2\/product\/399930","targetHints":{"allow":["GET"]}}],"collection":[{"href":"https:\/\/www.moskito.cz\/pl\/wp-json\/wp\/v2\/product"}],"about":[{"href":"https:\/\/www.moskito.cz\/pl\/wp-json\/wp\/v2\/types\/product"}],"replies":[{"embeddable":true,"href":"https:\/\/www.moskito.cz\/pl\/wp-json\/wp\/v2\/comments?post=399930"}],"wp:featuredmedia":[{"embeddable":true,"href":"https:\/\/www.moskito.cz\/pl\/wp-json\/wp\/v2\/media\/379230"}],"wp:attachment":[{"href":"https:\/\/www.moskito.cz\/pl\/wp-json\/wp\/v2\/media?parent=399930"}],"wp:term":[{"taxonomy":"pwb-brand","embeddable":true,"href":"https:\/\/www.moskito.cz\/pl\/wp-json\/wp\/v2\/pwb-brand?post=399930"},{"taxonomy":"product_brand","embeddable":true,"href":"https:\/\/www.moskito.cz\/pl\/wp-json\/wp\/v2\/product_brand?post=399930"},{"taxonomy":"product_cat","embeddable":true,"href":"https:\/\/www.moskito.cz\/pl\/wp-json\/wp\/v2\/product_cat?post=399930"},{"taxonomy":"product_tag","embeddable":true,"href":"https:\/\/www.moskito.cz\/pl\/wp-json\/wp\/v2\/product_tag?post=399930"}],"curies":[{"name":"wp","href":"https:\/\/api.w.org\/{rel}","templated":true}]}}