{"id":400105,"date":"2021-11-24T21:31:49","date_gmt":"2025-04-23T08:20:34","guid":{"rendered":"https:\/\/www.moskito.cz\/produkt\/noz-skladany-rike-knife-amulet-bg\/"},"modified":"2025-05-07T11:29:25","modified_gmt":"2025-05-07T10:29:25","slug":"noz-skladany-rike-knife-amulet-bg","status":"publish","type":"product","link":"https:\/\/www.moskito.cz\/pl\/produkt\/noz-skladany-rike-knife-amulet-bg\/","title":{"rendered":"N\u00f3\u017c sk\u0142adany Rike Knife Amulet-BG"},"content":{"rendered":"<p><strong>Rikeknife<\/strong> to oryginalna marka zaprojektowana przez naszego za\u0142o\u017cyciela Richarda Wu. Wieloletni entuzjasta no\u017cy, do\u015bwiadczony w projektowaniu i produkcji mechanicznej, nieustannie d\u0105\u017cy do perfekcji i perfekcji szczeg\u00f3\u0142\u00f3w we wszystkich projektach no\u017cy produkowanych przez <strong>Rikeknife<\/strong> .<\/p>\n<p>Nazwa marki pochodzi od pierwszych dw\u00f3ch liter jego imienia, nast\u0119pnie zosta\u0142a zmieniona i otrzyma\u0142a nazw\u0119 Rike. Rikeknife to wschodz\u0105ca marka oryginalnych no\u017cy, kt\u00f3ra reprezentuje wysokiej jako\u015bci chi\u0144sk\u0105 produkcj\u0119. <\/p>\n<p>Nasza marka opiera si\u0119 na oryginalnym wzornictwie, do kt\u00f3rego produkcji zatrudniamy profesjonalny zesp\u00f3\u0142 projektant\u00f3w oraz w\u0142asn\u0105 niezale\u017cn\u0105 fabryk\u0119. Odwa\u017camy si\u0119 zosta\u0107 innowatorami i rzuci\u0107 wyzwanie tradycyjnym praktykom stosowanym przez zar\u00f3wno tradycyjne, jak i nowoczesne marki no\u017cy. Zawsze b\u0119dziemy d\u0105\u017cy\u0107 do wykorzystywania najlepszych materia\u0142\u00f3w, aby produkowa\u0107 no\u017ce doskona\u0142ej jako\u015bci dla klient\u00f3w na ca\u0142ym \u015bwiecie.  <\/p>\n<p>N\u00f3\u017c sk\u0142adany <strong>Rike Knife<\/strong> Amulet-BG<\/p>\n<p>Model: Amulet<br \/>\n D\u0142ugo\u015b\u0107 ca\u0142kowita: 8,85&#8243;\/(22,5 cm)<br \/>\n D\u0142ugo\u015b\u0107 ostrza: 3,93&#8243;\/(10 cm)<br \/>\n Grubo\u015b\u0107 ostrza: 0,15&#8243;\/(4mm)<br \/>\n Materia\u0142 ostrza: Bohler M390<br \/>\n Materia\u0142 uchwytu: Tytan 6AL4V<br \/>\n Waga: 4,23 uncji\/120 g<br \/>\n Otwieracz: Flipper Lock<br \/>\n Typ: Blokada liniowa<br \/>\n Kolor: Czarny Z\u0142oty Obraz produkcyjny<\/p>\n<p>Siedziba <strong>Rikeknife<\/strong> Co., Ltd znajduje si\u0119 w Yangjiang w prowincji Guangdong w Chinach. Skupiamy si\u0119 na produkcji wysokiej jako\u015bci no\u017cy. Zaczynaj\u0105c od przetwarzania no\u017cy OEM\/ODM, stopniowo stworzyli\u015bmy w\u0142asn\u0105 mark\u0119 Rikeknife. Nasza fabryka dysponuje najnowocze\u015bniejszym sprz\u0119tem produkcyjnym, profesjonalnym i solidnym zespo\u0142em produkcyjnym oraz mo\u017cliwo\u015bci\u0105 niezale\u017cnej innowacji poprzez badania i rozw\u00f3j.  <\/p>\n<p>Jeste\u015bmy w stanie wyprodukowa\u0107 no\u017ce najwy\u017cszej jako\u015bci dla ka\u017cdego rynku i wykorzystujemy wy\u0142\u0105cznie najlepszy, profesjonalny sprz\u0119t produkcyjny, aby osi\u0105gn\u0105\u0107 ten cel. Tak jak; Precyzyjne ci\u0119cie elektroerozyjne drutem, szybkie maszyny graweruj\u0105ce CNC, grawerowanie laserowe, frezowanie, szlifowanie CNC, piece do odpuszczania w niskiej temperaturze, niestandardowe wyko\u0144czenia r\u0119czne \u2014 to tylko niekt\u00f3re z naszych us\u0142ug. Nasze zespo\u0142y zarz\u0105dzaj\u0105ce i produkcyjne sk\u0142adaj\u0105 si\u0119 z do\u015bwiadczonych profesjonalist\u00f3w, kt\u00f3rzy posiadaj\u0105 wiedz\u0119 i umiej\u0119tno\u015bci niezb\u0119dne do wykonania zadania. Jeste\u015bmy odpowiednio wyposa\u017ceni do wykonywania prac delikatnych, spe\u0142niaj\u0105cych najbardziej rygorystyczne wymagania produkcyjne i wytw\u00f3rcze. Stosujemy jedne z najsurowszych norm w bran\u017cy sztu\u0107c\u00f3w; sprawdzaj\u0105 si\u0119 na wszystkich etapach projekt\u00f3w produkcyjnych. Zawsze skupiamy si\u0119 na projektowaniu i rozwijaniu nowych produkt\u00f3w, pozostaj\u0105c jednocze\u015bnie wierni naszym podstawowym warto\u015bciom.     <\/p>\n<p>Obecnie nasze produkty sprzedawane s\u0105 w Stanach Zjednoczonych, Europie, Australii, Rosji i innych krajach na ca\u0142ym \u015bwiecie. Nasi klienci ceni\u0105 nasze no\u017ce ze wzgl\u0119du na ich ekskluzywny design i najwy\u017csz\u0105 jako\u015b\u0107. Nasz\u0105 misj\u0105 jest dostarczanie produkt\u00f3w wysokiej jako\u015bci, o doskona\u0142ej warto\u015bci i najlepszych w swojej klasie, a tak\u017ce zapewnienie obs\u0142ugi klienta, aby zapewni\u0107 Pa\u0144stwu 100% satysfakcji. Jednocze\u015bnie z zadowoleniem przyjmujemy wsp\u00f3\u0142prac\u0119 z klientami z ca\u0142ego \u015bwiata w celu om\u00f3wienia przetwarzania produkt\u00f3w oraz OEM\/ODM. Szczerze cieszymy si\u0119 na wsp\u00f3\u0142prac\u0119 z naszymi obecnymi i przysz\u0142ymi klientami, aby wprowadzi\u0107 produkty Rikeknife na scen\u0119 \u015bwiatow\u0105 i wsp\u00f3lnie budowa\u0107 lepsz\u0105 przysz\u0142o\u015b\u0107!    <\/p>\n","protected":false},"excerpt":{"rendered":"<p><strong>Rikeknife<\/strong> to oryginalna marka zaprojektowana przez naszego za\u0142o\u017cyciela Richarda Wu. Wieloletni entuzjasta no\u017cy, do\u015bwiadczony w projektowaniu i produkcji mechanicznej, nieustannie d\u0105\u017cy do perfekcji i perfekcji szczeg\u00f3\u0142\u00f3w we wszystkich projektach no\u017cy produkowanych przez <strong>Rikeknife<\/strong> .<\/p>\n<p><strong>Darmowa wysy\u0142ka.<\/strong><\/p>\n","protected":false},"featured_media":400106,"comment_status":"open","ping_status":"closed","template":"","meta":[],"pwb-brand":[3931],"product_brand":[],"product_cat":[3296,3307],"product_tag":[],"class_list":{"0":"post-400105","1":"product","2":"type-product","3":"status-publish","4":"has-post-thumbnail","6":"pwb-brand-ricka-noz","7":"product_cat-noze-pl","8":"product_cat-zamykanie-nozy","10":"first","11":"outofstock","12":"taxable","13":"shipping-taxable","14":"purchasable","15":"product-type-simple"},"brands":[{"id":3931,"name":"Ricka N\u00f3\u017c","slug":"ricka-noz"}],"_links":{"self":[{"href":"https:\/\/www.moskito.cz\/pl\/wp-json\/wp\/v2\/product\/400105","targetHints":{"allow":["GET"]}}],"collection":[{"href":"https:\/\/www.moskito.cz\/pl\/wp-json\/wp\/v2\/product"}],"about":[{"href":"https:\/\/www.moskito.cz\/pl\/wp-json\/wp\/v2\/types\/product"}],"replies":[{"embeddable":true,"href":"https:\/\/www.moskito.cz\/pl\/wp-json\/wp\/v2\/comments?post=400105"}],"wp:featuredmedia":[{"embeddable":true,"href":"https:\/\/www.moskito.cz\/pl\/wp-json\/wp\/v2\/media\/400106"}],"wp:attachment":[{"href":"https:\/\/www.moskito.cz\/pl\/wp-json\/wp\/v2\/media?parent=400105"}],"wp:term":[{"taxonomy":"pwb-brand","embeddable":true,"href":"https:\/\/www.moskito.cz\/pl\/wp-json\/wp\/v2\/pwb-brand?post=400105"},{"taxonomy":"product_brand","embeddable":true,"href":"https:\/\/www.moskito.cz\/pl\/wp-json\/wp\/v2\/product_brand?post=400105"},{"taxonomy":"product_cat","embeddable":true,"href":"https:\/\/www.moskito.cz\/pl\/wp-json\/wp\/v2\/product_cat?post=400105"},{"taxonomy":"product_tag","embeddable":true,"href":"https:\/\/www.moskito.cz\/pl\/wp-json\/wp\/v2\/product_tag?post=400105"}],"curies":[{"name":"wp","href":"https:\/\/api.w.org\/{rel}","templated":true}]}}