{"id":400189,"date":"2024-11-14T22:04:34","date_gmt":"2024-11-14T21:04:34","guid":{"rendered":"https:\/\/www.moskito.cz\/produkt\/noz-skladany-benchmade-stryker-9101sbk\/"},"modified":"2025-05-07T11:29:27","modified_gmt":"2025-05-07T10:29:27","slug":"noz-skladany-benchmade-stryker-9101sbk","status":"publish","type":"product","link":"https:\/\/www.moskito.cz\/pl\/produkt\/noz-skladany-benchmade-stryker-9101sbk\/","title":{"rendered":"N\u00f3\u017c sk\u0142adany Benchmade Stryker 9101SBK"},"content":{"rendered":"<p>N\u00f3\u017c sk\u0142adany <strong>Benchmade<\/strong> Stryker 9101SBK.<\/p>\n<p>Nowa generacja Auto-Stryker 9101 to udoskonalony model popularnej serii Auto Stryker, oferuj\u0105cy kilka kluczowych udoskonale\u0144 zapewniaj\u0105cych lepsz\u0105 wydajno\u015b\u0107 i komfort. N\u00f3\u017c wyposa\u017cony jest w automatyczny mechanizm otwierania ostrza za pomoc\u0105 przycisku, kt\u00f3ry umo\u017cliwia szybkie i wygodne otwieranie ostrza, a zintegrowana blokada bezpiecze\u0144stwa gwarantuje bezpieczne u\u017cytkowanie.<br \/>\nG\u0142\u00f3wne cechy:<\/p>\n<p>Automatyczny mechanizm otwierania ostrza z wbudowan\u0105 blokad\u0105 bezpiecze\u0144stwa gwarantuje bezpieczne i szybkie otwieranie ostrza.<br \/>\n Ostrze typu tanto 154CM wykonane ze stali nierdzewnej (twardo\u015b\u0107 58-61 HRC), znanej ze swojej trwa\u0142o\u015bci i zdolno\u015bci do utrzymywania ostro\u015bci.<br \/>\n Uchwyt wykonany maszynowo z aluminium 6061-T6 z anodowaniem na czarno, co gwarantuje wysok\u0105 wytrzyma\u0142o\u015b\u0107 i odporno\u015b\u0107 na korozj\u0119.<br \/>\n Odwracalny, sk\u0142adany klips kieszonkowy zapewnia wygodne noszenie zar\u00f3wno osobom prawo-, jak i lewor\u0119cznym.<br \/>\n Otwarta konstrukcja backspacer&#8217;a u\u0142atwia konserwacj\u0119 i czyszczenie no\u017ca.<\/p>\n<p>Dane techniczne:<\/p>\n<p>D\u0142ugo\u015b\u0107 ostrza: 9,10 cm<br \/>\n Grubo\u015b\u0107 ostrza: 3,15 mm<br \/>\n Ca\u0142kowita d\u0142ugo\u015b\u0107 otwartego no\u017ca: 21,08 cm<br \/>\n D\u0142ugo\u015b\u0107 no\u017ca po z\u0142o\u017ceniu: 11,94 cm<br \/>\n Waga: 110,56 g<br \/>\n Grubo\u015b\u0107 uchwytu: 12,70 mm<br \/>\n Klasa: Czarny<br \/>\n Wyprodukowano w USA<\/p>\n<p>Model ten jest idealny dla u\u017cytkownik\u00f3w poszukuj\u0105cych wysokiej jako\u015bci, mocnego i trwa\u0142ego no\u017ca automatycznego o doskona\u0142ym wzornictwie i \u0142atwej konserwacji.<\/p>\n<p>&nbsp;<\/p>\n","protected":false},"excerpt":{"rendered":"<p><strong>Nowa generacja Auto-Stryker 9101 to udoskonalony model popularnej serii Auto Stryker, oferuj\u0105cy kilka kluczowych udoskonale\u0144 zapewniaj\u0105cych lepsz\u0105 wydajno\u015b\u0107 i komfort. N\u00f3\u017c wyposa\u017cony jest w automatyczny mechanizm otwierania ostrza za pomoc\u0105 przycisku, kt\u00f3ry umo\u017cliwia szybkie i wygodne otwieranie ostrza, a zintegrowana blokada bezpiecze\u0144stwa gwarantuje bezpieczne u\u017cytkowanie. <\/strong><\/p>\n<p><strong>Darmowa wysy\u0142ka.<\/strong><\/p>\n","protected":false},"featured_media":372442,"comment_status":"open","ping_status":"closed","template":"","meta":[],"pwb-brand":[3980],"product_brand":[],"product_cat":[3344,3296],"product_tag":[],"class_list":{"0":"post-400189","1":"product","2":"type-product","3":"status-publish","4":"has-post-thumbnail","6":"pwb-brand-wykonany-na-stanowisku","7":"product_cat-noze-strzeleckie","8":"product_cat-noze-pl","10":"first","11":"instock","12":"taxable","13":"shipping-taxable","14":"purchasable","15":"product-type-simple"},"brands":[{"id":3980,"name":"Wykonany na stanowisku","slug":"wykonany-na-stanowisku"}],"_links":{"self":[{"href":"https:\/\/www.moskito.cz\/pl\/wp-json\/wp\/v2\/product\/400189","targetHints":{"allow":["GET"]}}],"collection":[{"href":"https:\/\/www.moskito.cz\/pl\/wp-json\/wp\/v2\/product"}],"about":[{"href":"https:\/\/www.moskito.cz\/pl\/wp-json\/wp\/v2\/types\/product"}],"replies":[{"embeddable":true,"href":"https:\/\/www.moskito.cz\/pl\/wp-json\/wp\/v2\/comments?post=400189"}],"wp:featuredmedia":[{"embeddable":true,"href":"https:\/\/www.moskito.cz\/pl\/wp-json\/wp\/v2\/media\/372442"}],"wp:attachment":[{"href":"https:\/\/www.moskito.cz\/pl\/wp-json\/wp\/v2\/media?parent=400189"}],"wp:term":[{"taxonomy":"pwb-brand","embeddable":true,"href":"https:\/\/www.moskito.cz\/pl\/wp-json\/wp\/v2\/pwb-brand?post=400189"},{"taxonomy":"product_brand","embeddable":true,"href":"https:\/\/www.moskito.cz\/pl\/wp-json\/wp\/v2\/product_brand?post=400189"},{"taxonomy":"product_cat","embeddable":true,"href":"https:\/\/www.moskito.cz\/pl\/wp-json\/wp\/v2\/product_cat?post=400189"},{"taxonomy":"product_tag","embeddable":true,"href":"https:\/\/www.moskito.cz\/pl\/wp-json\/wp\/v2\/product_tag?post=400189"}],"curies":[{"name":"wp","href":"https:\/\/api.w.org\/{rel}","templated":true}]}}