{"id":400613,"date":"2025-04-23T14:26:38","date_gmt":"2025-04-23T13:47:44","guid":{"rendered":"https:\/\/www.moskito.cz\/produkt\/crkt-bamboozled-brown-5720b-noz-skladany\/"},"modified":"2025-05-07T11:29:43","modified_gmt":"2025-05-07T10:29:43","slug":"crkt-bamboozled-brown-5720b-noz-skladany","status":"publish","type":"product","link":"https:\/\/www.moskito.cz\/pl\/produkt\/crkt-bamboozled-brown-5720b-noz-skladany\/","title":{"rendered":"CRKT Bamboozled Brown 5720B N\u00f3\u017c sk\u0142adany"},"content":{"rendered":"<p data-pm-slice=\"1 1 []\">\ud83d\udd2a <strong>CRKT Bamboozled\u2122 Br\u0105zowy n\u00f3\u017c sk\u0142adany CR-5720B<\/strong><\/p>\n<p>\u2728  <strong>Og\u00f3lny opis:<\/strong>  Eleganckie, nowoczesne, a zarazem klasyczne \u2013 CRKT Bamboozled\u2122 zaprojektowane przez Kena Oniona to idealny wyb\u00f3r do noszenia na co dzie\u0144. Br\u0105zowa r\u0119koje\u015b\u0107 z tworzywa G10 i smuk\u0142y profil wygl\u0105daj\u0105 bardzo stylowo, a niezawodna blokada liniowa i p\u0142ynne otwieranie za pomoc\u0105 wspomaganego flippera zapewniaj\u0105 funkcjonalno\u015b\u0107, jakiej oczekujesz od no\u017ca. <\/p>\n<p>\ud83d\udcd0 <strong>Specyfikacje:<\/strong><\/p>\n<ul data-spread=\"false\">\n<li>D\u0142ugo\u015b\u0107 ca\u0142kowita: 203 mm<\/li>\n<li>D\u0142ugo\u015b\u0107 ostrza: 89 mm<\/li>\n<li>Grubo\u015b\u0107 ostrza: 3 mm<\/li>\n<li>Materia\u0142 ostrza: 8Cr13MoV<\/li>\n<li>Twardo\u015b\u0107: ok. 58-59 HRC<\/li>\n<li>Wyko\u0144czenie powierzchni: Stonewashed<\/li>\n<li>Kszta\u0142t ostrza: Drop Point<\/li>\n<li>Materia\u0142 r\u0119koje\u015bci: G10 (br\u0105zowy)<\/li>\n<li>Typ bezpiecznika: Liner Lock<\/li>\n<li>Otwarcie: Flipper z pomoc\u0105<\/li>\n<li>Klips: Mo\u017cliwo\u015b\u0107 zmiany po\u0142o\u017cenia (podnoszenia)<\/li>\n<li>Waga: 102g<\/li>\n<\/ul>\n<p>\ud83e\uddf0 <strong>Ostrzenie i konserwacja:<\/strong> Ostrze ze stali 8Cr13MoV mo\u017cna \u0142atwo ostrzy\u0107 za pomoc\u0105 zwyk\u0142ych temper\u00f3wek lub diamentowych temper\u00f3wek. Aby zapewni\u0107 p\u0142ynn\u0105 prac\u0119 i d\u0142u\u017csz\u0105 \u017cywotno\u015b\u0107 ostrza, zaleca si\u0119 regularne czyszczenie ostrza i smarowanie osi obrotu olejem no\u017cowym. <\/p>\n<p>\ud83e\udded <strong>Zastosowanie i przeznaczenie:<\/strong> Doskona\u0142e zapi\u0119cie rekreacyjne do codziennego noszenia (EDC). Dzi\u0119ki stylowemu wygl\u0105dowi sprawdzi si\u0119 r\u00f3wnie\u017c jako dodatek do miasta, ale nie zawiedzie r\u00f3wnie\u017c podczas lekkich aktywno\u015bci na \u015bwie\u017cym powietrzu. <\/p>\n<p>\u2694\ufe0f <strong>Korzy\u015bci:<\/strong><\/p>\n<ul data-spread=\"false\">\n<li>Stylowy i wyj\u0105tkowy projekt autorstwa Kena Onion<\/li>\n<li>\u0141atwe i szybkie otwieranie dzi\u0119ki flipperowi<\/li>\n<li>Niezawodna blokada liniowa<\/li>\n<li>Lekka konstrukcja odpowiednia do codziennego noszenia<\/li>\n<\/ul>\n<p>\u2696\ufe0f <strong>Wady:<\/strong><\/p>\n<ul data-spread=\"false\">\n<li>Stal 8Cr13MoV wymaga cz\u0119stszego szlifowania<\/li>\n<li>Nieusuwalny klips po drugiej stronie (do noszenia tylko po prawej stronie)<\/li>\n<\/ul>\n<p><strong>Wnioski:<\/strong> N\u00f3\u017c CRKT Bamboozled\u2122 to nie tylko praktyczne narz\u0119dzie \u2013 to wyraz osobowo\u015bci. Czyste linie, br\u0105zowy uchwyt G10 i szybkie otwieranie dodadz\u0105 Ci jednocze\u015bnie poczucia pewno\u015bci siebie i elegancji. Je\u015bli szukasz no\u017ca EDC \u0142\u0105cz\u0105cego styl, jako\u015b\u0107 i funkcjonalno\u015b\u0107, to w\u0142a\u015bnie go znalaz\u0142e\u015b. CRKT Bamboozled\u2122 to n\u00f3\u017c, kt\u00f3ry nigdy Ci\u0119 nie zawiedzie \u2013 i do tego \u015bwietnie wygl\u0105da.   <\/p>\n<p>&nbsp;<\/p>\n","protected":false},"excerpt":{"rendered":"<p><strong>N\u00f3\u017c CRKT Bamboozled\u2122 to nie tylko praktyczne narz\u0119dzie \u2014 to wyraz osobowo\u015bci. Czyste linie, br\u0105zowy uchwyt G10 i szybkie otwieranie dodadz\u0105 Ci jednocze\u015bnie poczucia pewno\u015bci siebie i elegancji. Je\u015bli szukasz no\u017ca EDC \u0142\u0105cz\u0105cego styl, jako\u015b\u0107 i funkcjonalno\u015b\u0107, to w\u0142a\u015bnie go znalaz\u0142e\u015b. CRKT Bamboozled\u2122 to n\u00f3\u017c, kt\u00f3ry nigdy Ci\u0119 nie zawiedzie \u2013 i do tego \u015bwietnie wygl\u0105da.   <\/strong><\/p>\n<p>&nbsp;<\/p>\n","protected":false},"featured_media":400512,"comment_status":"open","ping_status":"closed","template":"","meta":[],"pwb-brand":[3458],"product_brand":[],"product_cat":[3296,3307],"product_tag":[4007],"class_list":{"0":"post-400613","1":"product","2":"type-product","3":"status-publish","4":"has-post-thumbnail","6":"pwb-brand-crkt-pl","7":"product_cat-noze-pl","8":"product_cat-zamykanie-nozy","9":"product_tag-nowy","11":"first","12":"instock","13":"sale","14":"taxable","15":"shipping-taxable","16":"purchasable","17":"product-type-simple"},"brands":[{"id":3458,"name":"CRKT","slug":"crkt-pl"}],"_links":{"self":[{"href":"https:\/\/www.moskito.cz\/pl\/wp-json\/wp\/v2\/product\/400613","targetHints":{"allow":["GET"]}}],"collection":[{"href":"https:\/\/www.moskito.cz\/pl\/wp-json\/wp\/v2\/product"}],"about":[{"href":"https:\/\/www.moskito.cz\/pl\/wp-json\/wp\/v2\/types\/product"}],"replies":[{"embeddable":true,"href":"https:\/\/www.moskito.cz\/pl\/wp-json\/wp\/v2\/comments?post=400613"}],"wp:featuredmedia":[{"embeddable":true,"href":"https:\/\/www.moskito.cz\/pl\/wp-json\/wp\/v2\/media\/400512"}],"wp:attachment":[{"href":"https:\/\/www.moskito.cz\/pl\/wp-json\/wp\/v2\/media?parent=400613"}],"wp:term":[{"taxonomy":"pwb-brand","embeddable":true,"href":"https:\/\/www.moskito.cz\/pl\/wp-json\/wp\/v2\/pwb-brand?post=400613"},{"taxonomy":"product_brand","embeddable":true,"href":"https:\/\/www.moskito.cz\/pl\/wp-json\/wp\/v2\/product_brand?post=400613"},{"taxonomy":"product_cat","embeddable":true,"href":"https:\/\/www.moskito.cz\/pl\/wp-json\/wp\/v2\/product_cat?post=400613"},{"taxonomy":"product_tag","embeddable":true,"href":"https:\/\/www.moskito.cz\/pl\/wp-json\/wp\/v2\/product_tag?post=400613"}],"curies":[{"name":"wp","href":"https:\/\/api.w.org\/{rel}","templated":true}]}}