{"id":400830,"date":"2024-09-26T12:59:56","date_gmt":"2025-04-23T15:30:32","guid":{"rendered":"https:\/\/www.moskito.cz\/produkt\/muszka-boker-plus-faction-06ex115\/"},"modified":"2025-05-07T11:29:49","modified_gmt":"2025-05-07T10:29:49","slug":"muszka-boker-plus-faction-06ex115","status":"publish","type":"product","link":"https:\/\/www.moskito.cz\/pl\/produkt\/muszka-boker-plus-faction-06ex115\/","title":{"rendered":"Muszka B\u00f6ker Plus Faction 06EX115"},"content":{"rendered":"<p>Muszka <strong>B\u00f6ker Plus<\/strong> Faction 06EX115.<\/p>\n<p>W\u015br\u00f3d no\u017cy Balisong szczeg\u00f3lne miejsce zajmuje Frakcja B\u00f6ker Plus autorstwa Jakuba Wieczorkiewicza. Po otwarciu n\u00f3\u017c prezentuje si\u0119 jako elegancki n\u00f3\u017c dla d\u017centelmen\u00f3w, gdy\u017c w r\u0119koje\u015bci pomini\u0119to typowe dla tego typu no\u017cy zag\u0142\u0119bienia. Zamiast tego projektant no\u017cy z Poltergeist Works postawi\u0142 na solidno\u015b\u0107 i klas\u0119, tworz\u0105c model B\u00f6ker Plus Faction. Elegancki tytanowy uchwyt z wyko\u0144czeniem Bead Blast zapewnia wywa\u017cenie i wygod\u0119 u\u017cytkowania, a tak\u017ce wygl\u0105da atrakcyjnie w ka\u017cdej pozycji d\u0142oni. Ostrze wykonane ze stali CPM-S-35VN z \u0142atwo\u015bci\u0105 poradzi sobie nawet z trudnymi zadaniami zwi\u0105zanymi z ci\u0119ciem. Na grzbiecie ostrza znajduje si\u0119 ozdobny rowek. G\u0142\u0119boki klips do noszenia (Tip-Up\/r) i wysokiej jako\u015bci filcowa pochwa dope\u0142niaj\u0105 codziennego u\u017cytku no\u017ca Butterfly.     <\/p>\n<p>Marka: Boker Plus<br \/>\n D\u0142ugo\u015b\u0107 ostrza: 10,20 cm<br \/>\n Grubo\u015b\u0107 ostrza: 3,50 mm<br \/>\n Waga: 133,00 g<br \/>\n Projektant: Poltergeist Works<br \/>\n Materia\u0142 ostrza: S35VN<br \/>\n Materia\u0142 uchwytu: tytan<br \/>\n Otwieranie: r\u0119czne<br \/>\n Zamkni\u0119cie: Balisong<br \/>\n Kolor: Srebrny<br \/>\n Numer artyku\u0142u: 06EX115<\/p>\n<p>&nbsp;<\/p>\n","protected":false},"excerpt":{"rendered":"<p><strong>W\u015br\u00f3d no\u017cy Balisong szczeg\u00f3lne miejsce zajmuje Frakcja B\u00f6ker Plus Jakuba Wieczorkiewicza. Po otwarciu n\u00f3\u017c prezentuje si\u0119 jako elegancki n\u00f3\u017c dla d\u017centelmen\u00f3w, gdy\u017c w r\u0119koje\u015bci pomini\u0119to typowe dla tego typu no\u017cy zag\u0142\u0119bienia.   <\/strong><\/p>\n<p><strong>Darmowa wysy\u0142ka.<\/strong><\/p>\n","protected":false},"featured_media":370724,"comment_status":"closed","ping_status":"closed","template":"","meta":[],"pwb-brand":[3423],"product_brand":[],"product_cat":[3547,3296,3307],"product_tag":[],"class_list":{"0":"post-400830","1":"product","2":"type-product","3":"status-publish","4":"has-post-thumbnail","6":"pwb-brand-bokera","7":"product_cat-muszki","8":"product_cat-noze-pl","9":"product_cat-zamykanie-nozy","11":"first","12":"outofstock","13":"taxable","14":"shipping-taxable","15":"purchasable","16":"product-type-simple"},"brands":[{"id":3423,"name":"Bokera","slug":"bokera"}],"_links":{"self":[{"href":"https:\/\/www.moskito.cz\/pl\/wp-json\/wp\/v2\/product\/400830","targetHints":{"allow":["GET"]}}],"collection":[{"href":"https:\/\/www.moskito.cz\/pl\/wp-json\/wp\/v2\/product"}],"about":[{"href":"https:\/\/www.moskito.cz\/pl\/wp-json\/wp\/v2\/types\/product"}],"replies":[{"embeddable":true,"href":"https:\/\/www.moskito.cz\/pl\/wp-json\/wp\/v2\/comments?post=400830"}],"wp:featuredmedia":[{"embeddable":true,"href":"https:\/\/www.moskito.cz\/pl\/wp-json\/wp\/v2\/media\/370724"}],"wp:attachment":[{"href":"https:\/\/www.moskito.cz\/pl\/wp-json\/wp\/v2\/media?parent=400830"}],"wp:term":[{"taxonomy":"pwb-brand","embeddable":true,"href":"https:\/\/www.moskito.cz\/pl\/wp-json\/wp\/v2\/pwb-brand?post=400830"},{"taxonomy":"product_brand","embeddable":true,"href":"https:\/\/www.moskito.cz\/pl\/wp-json\/wp\/v2\/product_brand?post=400830"},{"taxonomy":"product_cat","embeddable":true,"href":"https:\/\/www.moskito.cz\/pl\/wp-json\/wp\/v2\/product_cat?post=400830"},{"taxonomy":"product_tag","embeddable":true,"href":"https:\/\/www.moskito.cz\/pl\/wp-json\/wp\/v2\/product_tag?post=400830"}],"curies":[{"name":"wp","href":"https:\/\/api.w.org\/{rel}","templated":true}]}}