{"id":400862,"date":"2024-11-22T09:21:03","date_gmt":"2025-04-24T05:58:49","guid":{"rendered":"https:\/\/www.moskito.cz\/produkt\/noz-skladany-crkt-nucleus-5702\/"},"modified":"2025-05-07T11:29:51","modified_gmt":"2025-05-07T10:29:51","slug":"noz-skladany-crkt-nucleus-5702","status":"publish","type":"product","link":"https:\/\/www.moskito.cz\/pl\/produkt\/noz-skladany-crkt-nucleus-5702\/","title":{"rendered":"N\u00f3\u017c sk\u0142adany CRKT Nucleus 5702"},"content":{"rendered":"<div class=\"flex-1 overflow-hidden @container\/thread\">\n<div class=\"h-full\">\n<div class=\"react-scroll-to-bottom--css-quzxw-79elbk h-full\">\n<div class=\"react-scroll-to-bottom--css-quzxw-1n7m0yu\">\n<div class=\"flex flex-col text-sm md:pb-9\">\n<article class=\"w-full scroll-mb-[var(--thread-trailing-height,150px)] text-token-text-primary focus-visible:outline-2 focus-visible:outline-offset-[-4px]\" dir=\"auto\" data-testid=\"conversation-turn-83\" data-scroll-anchor=\"true\">\n<div class=\"m-auto text-base py-[18px] px-3 md:px-4 w-full md:px-5 lg:px-4 xl:px-5\">\n<div class=\"mx-auto flex flex-1 gap-4 text-base md:gap-5 lg:gap-6 md:max-w-3xl\">\n<div class=\"group\/conversation-turn relative flex w-full min-w-0 flex-col agent-turn\">\n<div class=\"flex-col gap-1 md:gap-3\">\n<div class=\"flex max-w-full flex-col flex-grow\">\n<div class=\"min-h-8 text-message flex w-full flex-col items-end gap-2 whitespace-normal break-words text-start [.text-message+&amp;]:mt-5\" dir=\"auto\" data-message-author-role=\"assistant\" data-message-id=\"423f1961-ae63-4eb9-98ac-2adfd23f6c2c\" data-message-model-slug=\"gpt-4o-mini\">\n<div class=\"flex w-full flex-col gap-1 empty:hidden first:pt-[3px]\">\n<div class=\"markdown prose w-full break-words dark:prose-invert light\">\n<p><strong>N\u00f3\u017c sk\u0142adany CRKT Nucleus 5702<\/strong> to nowoczesny i niezwykle funkcjonalny n\u00f3\u017c, kt\u00f3ry idealnie nadaje si\u0119 do codziennego noszenia (EDC) i mniejszych aktywno\u015bci na \u015bwie\u017cym powietrzu. Model ten zosta\u0142 zaprojektowany przez znanego projektanta Kena Oniona i wyr\u00f3\u017cnia si\u0119 <strong>nowoczesnym wygl\u0105dem<\/strong> , <strong>wysokiej jako\u015bci materia\u0142ami<\/strong> oraz <strong>niezawodnymi w\u0142a\u015bciwo\u015bciami mechanicznymi<\/strong> . Wyposa\u017cono go w innowacyjny <strong>system \u0142o\u017cysk IKBS,<\/strong> kt\u00f3ry umo\u017cliwia p\u0142ynne otwieranie no\u017ca. Ma on tak\u017ce doskona\u0142\u0105 <strong>ergonomi\u0119<\/strong> , co czyni go bardzo przyjemnym towarzyszem podczas codziennych zada\u0144.  <\/p>\n<h3><strong>G\u0142\u00f3wne cechy CRKT Nucleus 5702:<\/strong><\/h3>\n<h4><strong>Ostrze:<\/strong><\/h4>\n<ul>\n<li><strong>Materia\u0142:<\/strong> Ostrze wykonane jest ze <strong>stali nierdzewnej 14C28N<\/strong> , kt\u00f3ra jest bardzo wytrzyma\u0142\u0105 stal\u0105 o doskona\u0142ej <strong>odporno\u015bci na korozj\u0119<\/strong> i <strong>dobrej zdolno\u015bci utrzymywania ostro\u015bci<\/strong> . Materia\u0142 ten jest wysoko ceniony za <strong>r\u00f3wnowag\u0119 mi\u0119dzy twardo\u015bci\u0105<\/strong> a <strong>wytrzyma\u0142o\u015bci\u0105<\/strong> , co zapewnia d\u0142ug\u0105 \u017cywotno\u015b\u0107 i \u0142atw\u0105 konserwacj\u0119. <\/li>\n<li><strong>Kszta\u0142t ostrza:<\/strong> Ostrze typu <strong>drop point<\/strong> jest uniwersalne i nadaje si\u0119 do <strong>og\u00f3lnego ci\u0119cia,<\/strong> jak r\u00f3wnie\u017c do bardziej wymagaj\u0105cych zada\u0144. Ten kszta\u0142t zapewnia mocn\u0105 ko\u0144c\u00f3wk\u0119 umo\u017cliwiaj\u0105c\u0105 precyzyjne ci\u0119cie i idealnie nadaje si\u0119 do szerokiej gamy zastosowa\u0144. <\/li>\n<li><strong>Obr\u00f3bka powierzchni:<\/strong> Ostrze jest <strong>wyko\u0144czone metod\u0105 \u015brutowania<\/strong> , co zwi\u0119ksza jego odporno\u015b\u0107 na zarysowania, a tak\u017ce nadaje mu matowy, elegancki wygl\u0105d.<\/li>\n<\/ul>\n<h4><strong>Uchwyt:<\/strong><\/h4>\n<ul>\n<li><strong>Materia\u0142:<\/strong> R\u0119koje\u015b\u0107 wykonana jest ze <strong>stali nierdzewnej<\/strong> z <strong>warstw\u0105 G10<\/strong> , kt\u00f3ra gwarantuje <strong>pewny i antypo\u015blizgowy chwyt<\/strong> . Po\u0142\u0105czenie tych materia\u0142\u00f3w zapewnia nie tylko trwa\u0142o\u015b\u0107, ale i estetyk\u0119. <\/li>\n<li><strong>Projekt:<\/strong> N\u00f3\u017c ma minimalistyczny design i czyste linie, dzi\u0119ki czemu jest nowoczesnym i stylowym narz\u0119dziem. R\u0119koje\u015b\u0107 zaprojektowano tak, aby zapewni\u0107 <strong>wygodny chwyt<\/strong> , nawet przy d\u0142u\u017cszym u\u017cytkowaniu no\u017ca. <\/li>\n<\/ul>\n<h4><strong>Mechanizm otwierania:<\/strong><\/h4>\n<ul>\n<li><strong>System \u0142o\u017cysk IKBS:<\/strong> Ten innowacyjny system \u0142o\u017cysk umo\u017cliwia bardzo <strong>p\u0142ynne i szybkie otwieranie ostrza<\/strong> jedn\u0105 r\u0119k\u0105. Jest to jedna z g\u0142\u00f3wnych zalet tego no\u017ca, kt\u00f3ra gwarantuje doskona\u0142e wra\u017cenia u\u017cytkownika. <\/li>\n<\/ul>\n<h4><strong>Zamek:<\/strong><\/h4>\n<ul>\n<li><strong>Blokada ramy:<\/strong> System ten zapewnia, \u017ce <strong>\u200b\u200bostrze jest mocno zablokowane<\/strong> w pozycji otwartej. Blokada Frame Lock charakteryzuje si\u0119 niezawodno\u015bci\u0105 i bezpiecze\u0144stwem, co daje pewno\u015b\u0107 podczas korzystania z no\u017ca. <\/li>\n<\/ul>\n<h4><strong>Rozmiar i waga:<\/strong><\/h4>\n<ul>\n<li><strong>D\u0142ugo\u015b\u0107 ostrza:<\/strong> 80,98 mm (3,19&#8243;)<\/li>\n<li><strong>Grubo\u015b\u0107 ostrza:<\/strong> 3,20 mm (0,13&#8243;)<\/li>\n<li><strong>D\u0142ugo\u015b\u0107 ca\u0142kowita:<\/strong> 187,33 mm (7,38&#8243;)<\/li>\n<li><strong>D\u0142ugo\u015b\u0107 po z\u0142o\u017ceniu:<\/strong> 106,35 mm (4,19&#8243;)<\/li>\n<li><strong>Waga:<\/strong> 87,88 g (3,10 uncji), dzi\u0119ki czemu n\u00f3\u017c <strong>jest \u0142atwy w przenoszeniu<\/strong> i <strong>wygodny do codziennego noszenia<\/strong> .<\/li>\n<\/ul>\n<h4><strong>Klips do noszenia:<\/strong><\/h4>\n<ul>\n<li><strong>Klips do paska:<\/strong> N\u00f3\u017c zosta\u0142 wyposa\u017cony w <strong>klips do noszenia<\/strong> , kt\u00f3ry umo\u017cliwia wygodne noszenie go w kieszeni lub na pasku, dzi\u0119ki czemu jest zawsze pod r\u0119k\u0105.<\/li>\n<\/ul>\n<h3><strong>Projekt i zastosowanie:<\/strong><\/h3>\n<p><strong>CRKT Nucleus 5702<\/strong> zosta\u0142 zaprojektowany jako <strong>\u015bwietne narz\u0119dzie do codziennego noszenia (EDC)<\/strong> . Nadaje si\u0119 do szerokiego zakresu czynno\u015bci, takich jak <strong>ci\u0119cie, krojenie<\/strong> i <strong>przenoszenie materia\u0142\u00f3w<\/strong> . Dzi\u0119ki swojej konstrukcji i wysokiej jako\u015bci wykonania idealnie nadaje si\u0119 do <strong>lekkich aktywno\u015bci na \u015bwie\u017cym powietrzu,<\/strong> jak i do <strong>codziennych zada\u0144<\/strong> , w kt\u00f3rych docenisz \u0142atwo\u015b\u0107 obs\u0142ugi i <strong>niezawodno\u015b\u0107<\/strong> .  <\/p>\n<p>N\u00f3\u017c sprawdzi si\u0119 r\u00f3wnie\u017c na <strong>kempingu<\/strong> , <strong>pieszych w\u0119dr\u00f3wkach<\/strong> czy <strong>polowaniach<\/strong> , gdzie mo\u017ce s\u0142u\u017cy\u0107 nie tylko jako narz\u0119dzie do obr\u00f3bki materia\u0142\u00f3w, ale tak\u017ce jako niezawodny pomocnik podczas r\u00f3\u017cnych zaj\u0119\u0107 na \u015bwie\u017cym powietrzu.<\/p>\n<h3><strong>Dane techniczne:<\/strong><\/h3>\n<ul>\n<li><strong>Materia\u0142 ostrza:<\/strong> stal nierdzewna 14C28N<\/li>\n<li><strong>Kszta\u0142t ostrza:<\/strong> Drop point<\/li>\n<li><strong>Wyko\u0144czenie ostrza:<\/strong> Bead Blast<\/li>\n<li><strong>D\u0142ugo\u015b\u0107 ostrza:<\/strong> 80,98 mm (3,19&#8243;)<\/li>\n<li><strong>Grubo\u015b\u0107 ostrza:<\/strong> 3,20 mm (0,13&#8243;)<\/li>\n<li><strong>D\u0142ugo\u015b\u0107 ca\u0142kowita:<\/strong> 187,33 mm (7,38&#8243;)<\/li>\n<li><strong>D\u0142ugo\u015b\u0107 po z\u0142o\u017ceniu:<\/strong> 106,35 mm (4,19&#8243;)<\/li>\n<li><strong>Waga:<\/strong> 87,88 g (3,10 uncji)<\/li>\n<li><strong>Materia\u0142 uchwytu:<\/strong> Stal nierdzewna z warstw\u0105 G10<\/li>\n<li><strong>Styl:<\/strong> N\u00f3\u017c sk\u0142adany z mechanizmem <strong>Frame Lock<\/strong><\/li>\n<li><strong>Klips do przenoszenia:<\/strong> Tak, do przenoszenia <strong>w pozycji pochylonej<\/strong><\/li>\n<\/ul>\n<h3><strong>Wniosek:<\/strong><\/h3>\n<p><strong>CRKT Nucleus 5702<\/strong> to wysokiej jako\u015bci <strong>n\u00f3\u017c sk\u0142adany<\/strong> <strong>\u0142\u0105cz\u0105cy w sobie nowoczesny design<\/strong> , <strong>niezawodne materia\u0142y<\/strong> i <strong>innowacyjne mechanizmy<\/strong> . Dzi\u0119ki <strong>systemowi \u0142o\u017cysk IKBS<\/strong> , <strong>mechanizmowi blokady ramy<\/strong> i wysokiej jako\u015bci <strong>stali 14C28N<\/strong> n\u00f3\u017c ten jest \u015bwietnym wyborem do codziennego noszenia i wykonywania szerokiej gamy zada\u0144. Je\u015bli szukasz no\u017ca <strong>ergonomicznego<\/strong> , <strong>funkcjonalnego<\/strong> i <strong>stylowego<\/strong> , CRKT Nucleus 5702 b\u0119dzie doskona\u0142ym wyborem.  <\/p>\n<\/div>\n<\/div>\n<\/div>\n<\/div>\n<div class=\"mb-2 flex gap-3 empty:hidden -ml-2\">\n<div class=\"items-center justify-start rounded-xl p-1 flex\">\n<div class=\"flex items-center\"><\/div>\n<\/div>\n<\/div>\n<div class=\"pr-2 lg:pr-0\"><\/div>\n<div class=\"mt-3 w-full empty:hidden\">\n<div class=\"text-center\"><\/div>\n<\/div>\n<\/div>\n<div class=\"absolute\">\n<div class=\"flex items-center justify-center\"><\/div>\n<\/div>\n<\/div>\n<\/div>\n<\/div>\n<\/article>\n<\/div>\n<\/div>\n<\/div>\n<\/div>\n<\/div>\n<div class=\"md:pt-0 dark:border-white\/20 md:border-transparent md:dark:border-transparent w-full\">\n<div>\n<div class=\"m-auto text-base px-3 md:px-4 w-full md:px-5 lg:px-4 xl:px-5\">\n<div class=\"mx-auto flex flex-1 gap-4 text-base md:gap-5 lg:gap-6 md:max-w-3xl\">\n<div class=\"flex justify-center\"><\/div>\n<\/div>\n<\/div>\n<\/div>\n<\/div>\n<p><iframe title=\"CRKT Nucleus | Princeton Wong Design\" width=\"800\" height=\"450\" src=\"https:\/\/www.youtube.com\/embed\/cBbYdfLNimQ?feature=oembed\" frameborder=\"0\" allow=\"accelerometer; autoplay; clipboard-write; encrypted-media; gyroscope; picture-in-picture; web-share\" referrerpolicy=\"strict-origin-when-cross-origin\" allowfullscreen><\/iframe><\/p>\n<p>&nbsp;<\/p>\n<p>&nbsp;<\/p>\n","protected":false},"excerpt":{"rendered":"<p><strong>CRKT Nucleus 5702 to wysokiej jako\u015bci n\u00f3\u017c sk\u0142adany \u0142\u0105cz\u0105cy nowoczesny design, niezawodne materia\u0142y i innowacyjne mechanizmy. Dzi\u0119ki systemowi \u0142o\u017cysk IKBS, mechanizmowi blokady ramy i wysokiej jako\u015bci stali 14C28N n\u00f3\u017c ten jest \u015bwietnym wyborem do codziennego noszenia i wykonywania szerokiej gamy zada\u0144. Je\u015bli szukasz no\u017ca ergonomicznego, funkcjonalnego i stylowego, CRKT Nucleus 5702 b\u0119dzie doskona\u0142ym wyborem.  <\/strong><\/p>\n","protected":false},"featured_media":376292,"comment_status":"open","ping_status":"closed","template":"","meta":[],"pwb-brand":[3458],"product_brand":[],"product_cat":[3307,3296],"product_tag":[],"class_list":{"0":"post-400862","1":"product","2":"type-product","3":"status-publish","4":"has-post-thumbnail","6":"pwb-brand-crkt-pl","7":"product_cat-zamykanie-nozy","8":"product_cat-noze-pl","10":"first","11":"instock","12":"sale","13":"taxable","14":"shipping-taxable","15":"purchasable","16":"product-type-simple"},"brands":[{"id":3458,"name":"CRKT","slug":"crkt-pl"}],"_links":{"self":[{"href":"https:\/\/www.moskito.cz\/pl\/wp-json\/wp\/v2\/product\/400862","targetHints":{"allow":["GET"]}}],"collection":[{"href":"https:\/\/www.moskito.cz\/pl\/wp-json\/wp\/v2\/product"}],"about":[{"href":"https:\/\/www.moskito.cz\/pl\/wp-json\/wp\/v2\/types\/product"}],"replies":[{"embeddable":true,"href":"https:\/\/www.moskito.cz\/pl\/wp-json\/wp\/v2\/comments?post=400862"}],"wp:featuredmedia":[{"embeddable":true,"href":"https:\/\/www.moskito.cz\/pl\/wp-json\/wp\/v2\/media\/376292"}],"wp:attachment":[{"href":"https:\/\/www.moskito.cz\/pl\/wp-json\/wp\/v2\/media?parent=400862"}],"wp:term":[{"taxonomy":"pwb-brand","embeddable":true,"href":"https:\/\/www.moskito.cz\/pl\/wp-json\/wp\/v2\/pwb-brand?post=400862"},{"taxonomy":"product_brand","embeddable":true,"href":"https:\/\/www.moskito.cz\/pl\/wp-json\/wp\/v2\/product_brand?post=400862"},{"taxonomy":"product_cat","embeddable":true,"href":"https:\/\/www.moskito.cz\/pl\/wp-json\/wp\/v2\/product_cat?post=400862"},{"taxonomy":"product_tag","embeddable":true,"href":"https:\/\/www.moskito.cz\/pl\/wp-json\/wp\/v2\/product_tag?post=400862"}],"curies":[{"name":"wp","href":"https:\/\/api.w.org\/{rel}","templated":true}]}}