{"id":401035,"date":"2022-06-22T22:10:22","date_gmt":"2025-04-25T07:44:53","guid":{"rendered":"https:\/\/www.moskito.cz\/produkt\/noz-startowy-kershaw-launch-14\/"},"modified":"2025-05-07T11:29:52","modified_gmt":"2025-05-07T10:29:52","slug":"noz-startowy-kershaw-launch-14","status":"publish","type":"product","link":"https:\/\/www.moskito.cz\/pl\/produkt\/noz-startowy-kershaw-launch-14\/","title":{"rendered":"N\u00f3\u017c startowy KERSHAW LAUNCH 14"},"content":{"rendered":"<p>N\u00f3\u017c startowy <strong>KERSHAW<\/strong> LAUNCH 14<\/p>\n<p>Ostrze tasaka trafi do automatycznej linii Kershaw wraz z modelem Launch 14. Pewny chwyt samochodu zapewni dwucz\u0119\u015bciowy uchwyt przedni wykonany z aluminium i w\u0142\u00f3kna w\u0119glowego. Cho\u0107 b\u0142yszcz\u0105ce w\u0142\u00f3kno w\u0119glowe krzyczy \u201esp\u00f3jrz na mnie\u201d, Launch 14 jest daleki od miana bezpiecznej kr\u00f3lowej. Zakleszczenie si\u0119 palc\u00f3w mo\u017ce spowodowa\u0107 zad\u0142awienie si\u0119 ostrzem podczas wykonywania ci\u0119\u017ckich prac. Wyko\u0144czenie BlackWash\u2122 ukrywa zarysowania po ci\u0119\u017ckim dniu pracy. Inne szczeg\u00f3\u0142y spajaj\u0105 wszystko w jedn\u0105 ca\u0142o\u015b\u0107, w tym przek\u0142adka z anodowanego na br\u0105zowo tytanu, odwracalny klips do kieszeni i zintegrowany tylny przek\u0142adka z otworem na smycz. Ale to irytuj\u0105cy helikopter, kt\u00f3ry raz po raz prosi fan\u00f3w Kershawa, by naciskali ten przycisk.      <\/p>\n<p>Wyprodukowano w USA; tasak<br \/>\nDwucz\u0119\u015bciowy uchwyt przedni wykonany jest z w\u0142\u00f3kna w\u0119glowego i aluminium; zintegrowany backspacer z otworem na smycz<br \/>\nStal ostrzowa CPM 154 wykonana metod\u0105 metalurgii proszkowej charakteryzuje si\u0119 doskona\u0142\u0105 ostro\u015bci\u0105 i utrzymuje j\u0105, zapewniaj\u0105c odporno\u015b\u0107 na korozj\u0119, zu\u017cycie i wytrzyma\u0142o\u015b\u0107; Wyko\u0144czenie BlackWash\u2122 pomaga ukry\u0107 zarysowania powsta\u0142e w wyniku u\u017cytkowania<br \/>\nNiskoprofilowy przycisk utrudnia przypadkowe wysuni\u0119cie ostrza<br \/>\nU\u017cywaj codziennie, pracuj<br \/>\nStylowy scyzoryk<br \/>\nOryginalne produkty projektanta Kershaw<br \/>\nTasak w kszta\u0142cie ostrza<br \/>\nKraw\u0119d\u017a ostrza g\u0142adka<br \/>\nAutomatyczne otwieranie<br \/>\nOtwiera si\u0119 za pomoc\u0105 przycisku<br \/>\nTyp blokady Blokada przycisk\u00f3w<br \/>\nDwustronny klips kieszonkowy (prawy\/lewy, sk\u0142adany)<br \/>\nKolor r\u0105czki srebrno-czarny<br \/>\nWyprodukowano w USA. Tak<br \/>\nKraj pochodzenia USA: projekt, prototyp, kontrola jako\u015bci, produkcja<br \/>\nGwarancja Ograniczona gwarancja do\u017cywotnia<\/p>\n<p>Stal: CPM-154<br \/>\n D\u0142ugo\u015b\u0107 ostrza: 86 mm<br \/>\n D\u0142ugo\u015b\u0107 no\u017ca: 197 mm<br \/>\n D\u0142ugo\u015b\u0107 r\u0119koje\u015bci: 111 mm<br \/>\n Grubo\u015b\u0107 ostrza: 3 mm<br \/>\n Grubo\u015b\u0107 uchwytu: 12 mm<br \/>\n Waga: 90g<br \/>\n R\u0119koje\u015b\u0107: w\u0142\u00f3kno w\u0119glowe i aluminium<br \/>\n Otwieranie: maszyna na przycisk<br \/>\n Bezpiecznik: blokada przycisku<br \/>\n Oczko na warkocz<br \/>\n Klips kieszonkowy<\/p>\n<p>&nbsp;<\/p>\n<p>&nbsp;<\/p>\n<p>&nbsp;<\/p>\n<p><iframe title=\"Kershaw Launch 14 - Model 7850\" width=\"800\" height=\"450\" src=\"https:\/\/www.youtube.com\/embed\/j9uzQOSQrGE?feature=oembed\" frameborder=\"0\" allow=\"accelerometer; autoplay; clipboard-write; encrypted-media; gyroscope; picture-in-picture; web-share\" referrerpolicy=\"strict-origin-when-cross-origin\" allowfullscreen><\/iframe><\/p>\n<p>&nbsp;<\/p>\n","protected":false},"excerpt":{"rendered":"<p>Za\u0142o\u017cyciel Kershaw, Pete Kershaw, wiedzia\u0142, jak wa\u017cna jest gwarantowana jako\u015b\u0107. Pod koniec 1974 roku zdecydowa\u0142 si\u0119 za\u0142o\u017cy\u0107 w\u0142asn\u0105 firm\u0119 produkuj\u0105c\u0105 no\u017ce w cementowni w Lake Oswego w stanie Oregon.<\/p>\n<p>W Japonii dyrektor generalny Kai Koji Endo uwa\u017ca\u0142, \u017ce Kershaw ma jeszcze wi\u0119kszy potencja\u0142 wzrostu. W 1996 roku Endo zainwestowa\u0142o w ameryka\u0144ski zak\u0142ad produkcyjny w bazie Kai USA w Wilsonville. Wierzy\u0142, \u017ce pomo\u017ce to Kershawowi w osi\u0105gni\u0119ciu pe\u0142nego potencja\u0142u. Wkr\u00f3tce Kai USA zatrudni\u0142o do tego zadania nowy zesp\u00f3\u0142 produkcyjny.<\/p>\n","protected":false},"featured_media":401036,"comment_status":"open","ping_status":"closed","template":"","meta":[],"pwb-brand":[3773],"product_brand":[],"product_cat":[3296,3344],"product_tag":[],"class_list":{"0":"post-401035","1":"product","2":"type-product","3":"status-publish","4":"has-post-thumbnail","6":"pwb-brand-kershawa","7":"product_cat-noze-pl","8":"product_cat-noze-strzeleckie","10":"first","11":"instock","12":"taxable","13":"shipping-taxable","14":"purchasable","15":"product-type-simple"},"brands":[{"id":3773,"name":"Kershawa","slug":"kershawa"}],"_links":{"self":[{"href":"https:\/\/www.moskito.cz\/pl\/wp-json\/wp\/v2\/product\/401035","targetHints":{"allow":["GET"]}}],"collection":[{"href":"https:\/\/www.moskito.cz\/pl\/wp-json\/wp\/v2\/product"}],"about":[{"href":"https:\/\/www.moskito.cz\/pl\/wp-json\/wp\/v2\/types\/product"}],"replies":[{"embeddable":true,"href":"https:\/\/www.moskito.cz\/pl\/wp-json\/wp\/v2\/comments?post=401035"}],"wp:featuredmedia":[{"embeddable":true,"href":"https:\/\/www.moskito.cz\/pl\/wp-json\/wp\/v2\/media\/401036"}],"wp:attachment":[{"href":"https:\/\/www.moskito.cz\/pl\/wp-json\/wp\/v2\/media?parent=401035"}],"wp:term":[{"taxonomy":"pwb-brand","embeddable":true,"href":"https:\/\/www.moskito.cz\/pl\/wp-json\/wp\/v2\/pwb-brand?post=401035"},{"taxonomy":"product_brand","embeddable":true,"href":"https:\/\/www.moskito.cz\/pl\/wp-json\/wp\/v2\/product_brand?post=401035"},{"taxonomy":"product_cat","embeddable":true,"href":"https:\/\/www.moskito.cz\/pl\/wp-json\/wp\/v2\/product_cat?post=401035"},{"taxonomy":"product_tag","embeddable":true,"href":"https:\/\/www.moskito.cz\/pl\/wp-json\/wp\/v2\/product_tag?post=401035"}],"curies":[{"name":"wp","href":"https:\/\/api.w.org\/{rel}","templated":true}]}}