{"id":407423,"date":"2025-06-17T10:11:52","date_gmt":"2025-06-17T09:11:52","guid":{"rendered":"https:\/\/www.moskito.cz\/?post_type=product&#038;p=407423"},"modified":"2025-06-17T10:11:53","modified_gmt":"2025-06-17T09:11:53","slug":"zaviraci-nuz-spyderco-ronin-2-fb09gp2","status":"publish","type":"product","link":"https:\/\/www.moskito.cz\/pl\/produkt\/zaviraci-nuz-spyderco-ronin-2-fb09gp2\/","title":{"rendered":"Zav\u00edrac\u00ed N\u016f\u017e Spyderco Ronin 2 FB09GP2"},"content":{"rendered":"<h3 data-start=\"147\" data-end=\"223\">\ud83d\udd2a <strong data-start=\"154\" data-end=\"182\">Spyderco Ronin 2 FB09GP2<\/strong> \u2013 taktick\u00e1 preciznost v pevn\u00e9m proveden\u00ed<\/h3>\n<p data-start=\"225\" data-end=\"759\">Spyderco Ronin 2 je evoluc\u00ed p\u016fvodn\u00edho designu no\u017ee od renomovan\u00e9ho instruktora sebeobrany Michaela Janicha. Tento pevn\u00fd n\u016f\u017e kombinuje taktick\u00e9 schopnosti s maxim\u00e1ln\u00ed \u0159eznou efektivitou d\u00edky \u010depeli typu <strong data-start=\"427\" data-end=\"442\">Wharncliffe<\/strong> a ploch\u00e9mu v\u00fdbrusu. Ronin 2 je navr\u017een jako kompaktn\u00ed, rychl\u00fd a velmi efektivn\u00ed n\u00e1stroj pro sebeobranu, ale uplatn\u00ed se i v ka\u017edodenn\u00edm no\u0161en\u00ed nebo p\u0159i taktick\u00e9m pou\u017eit\u00ed. Kvalitn\u00ed materi\u00e1ly, jako je ocel <strong data-start=\"646\" data-end=\"657\">CTS-BD1<\/strong> a <strong data-start=\"660\" data-end=\"677\">rukoje\u0165 z G10<\/strong>, dopl\u0148uje odoln\u00e9 <strong data-start=\"695\" data-end=\"726\">Boltaron pouzdro s G-Clipem<\/strong> pro skryt\u00e9 nebo otev\u0159en\u00e9 no\u0161en\u00ed.<\/p>\n<hr data-start=\"761\" data-end=\"764\" \/>\n<h3 data-start=\"766\" data-end=\"792\">\ud83d\udcd0 Technick\u00e9 parametry<\/h3>\n<ul data-start=\"794\" data-end=\"1400\">\n<li data-start=\"794\" data-end=\"823\">\n<p data-start=\"796\" data-end=\"823\"><strong data-start=\"796\" data-end=\"814\">Celkov\u00e1 d\u00e9lka:<\/strong> 200 mm<\/p>\n<\/li>\n<li data-start=\"824\" data-end=\"852\">\n<p data-start=\"826\" data-end=\"852\"><strong data-start=\"826\" data-end=\"843\">D\u00e9lka \u010depele:<\/strong> 105 mm<\/p>\n<\/li>\n<li data-start=\"853\" data-end=\"882\">\n<p data-start=\"855\" data-end=\"882\"><strong data-start=\"855\" data-end=\"875\">Tlou\u0161\u0165ka \u010depele:<\/strong> 3 mm<\/p>\n<\/li>\n<li data-start=\"883\" data-end=\"983\">\n<p data-start=\"885\" data-end=\"983\"><strong data-start=\"885\" data-end=\"905\">Materi\u00e1l \u010depele:<\/strong> CTS-BD1 \u2013 nerezov\u00e1 ocel s dobrou odolnost\u00ed proti korozi a snadn\u00fdm brou\u0161en\u00edm<\/p>\n<\/li>\n<li data-start=\"984\" data-end=\"1066\">\n<p data-start=\"986\" data-end=\"1066\"><strong data-start=\"986\" data-end=\"1002\">Tvar \u010depele:<\/strong> Wharncliffe \u2013 p\u0159\u00edm\u00e1 \u0159ezn\u00e1 hrana pro maxim\u00e1ln\u00ed efektivitu \u0159ezu<\/p>\n<\/li>\n<li data-start=\"1067\" data-end=\"1119\">\n<p data-start=\"1069\" data-end=\"1119\"><strong data-start=\"1069\" data-end=\"1080\">V\u00fdbrus:<\/strong> Pln\u011b ploch\u00fd v\u00fdbrus (Full Flat Grind)<\/p>\n<\/li>\n<li data-start=\"1120\" data-end=\"1167\">\n<p data-start=\"1122\" data-end=\"1167\"><strong data-start=\"1122\" data-end=\"1150\">Povrchov\u00e1 \u00faprava \u010depele:<\/strong> Sat\u00e9nov\u00fd fini\u0161<\/p>\n<\/li>\n<li data-start=\"1168\" data-end=\"1202\">\n<p data-start=\"1170\" data-end=\"1202\"><strong data-start=\"1170\" data-end=\"1180\">Ost\u0159\u00ed:<\/strong> Hladk\u00e9 (Plain Edge)<\/p>\n<\/li>\n<li data-start=\"1203\" data-end=\"1259\">\n<p data-start=\"1205\" data-end=\"1259\"><strong data-start=\"1205\" data-end=\"1217\">Rukoje\u0165:<\/strong> \u010cern\u00e9 G10 \u2013 texturovan\u00e9 pro lep\u0161\u00ed \u00fachop<\/p>\n<\/li>\n<li data-start=\"1260\" data-end=\"1290\">\n<p data-start=\"1262\" data-end=\"1290\"><strong data-start=\"1262\" data-end=\"1272\">Z\u00e1mek:<\/strong> \u2013 (pevn\u00e1 \u010depel)<\/p>\n<\/li>\n<li data-start=\"1291\" data-end=\"1372\">\n<p data-start=\"1293\" data-end=\"1372\"><strong data-start=\"1293\" data-end=\"1305\">Pouzdro:<\/strong> Boltaron pouzdro s G-Clipem pro horizont\u00e1ln\u00ed i vertik\u00e1ln\u00ed no\u0161en\u00ed<\/p>\n<\/li>\n<li data-start=\"1373\" data-end=\"1400\">\n<p data-start=\"1375\" data-end=\"1400\"><strong data-start=\"1375\" data-end=\"1388\">Hmotnost:<\/strong> cca 105 g<\/p>\n<\/li>\n<\/ul>\n<hr data-start=\"1402\" data-end=\"1405\" \/>\n<h3 data-start=\"1407\" data-end=\"1420\">\ud83d\udfe2 V\u00fdhody<\/h3>\n<ul data-start=\"1422\" data-end=\"1953\">\n<li data-start=\"1422\" data-end=\"1531\">\n<p data-start=\"1424\" data-end=\"1531\"><strong data-start=\"1424\" data-end=\"1446\">\u010cepel Wharncliffe:<\/strong> Nab\u00edz\u00ed v\u00fdjime\u010dn\u011b p\u0159esn\u00fd \u0159ez, maxim\u00e1ln\u00ed pr\u016fnik a ide\u00e1ln\u00ed tvar pro obrann\u00e9 techniky.<\/p>\n<\/li>\n<li data-start=\"1532\" data-end=\"1642\">\n<p data-start=\"1534\" data-end=\"1642\"><strong data-start=\"1534\" data-end=\"1556\">Lehk\u00fd, ale odoln\u00fd:<\/strong> Pevn\u00e1 konstrukce a ide\u00e1ln\u00ed velikost pro ka\u017edodenn\u00ed no\u0161en\u00ed i taktickou p\u0159ipravenost.<\/p>\n<\/li>\n<li data-start=\"1643\" data-end=\"1731\">\n<p data-start=\"1645\" data-end=\"1731\"><strong data-start=\"1645\" data-end=\"1661\">G10 rukoje\u0165:<\/strong> Poskytuje bezpe\u010dn\u00fd \u00fachop i za mokra, a nav\u00edc v\u00fdborn\u011b padne do ruky.<\/p>\n<\/li>\n<li data-start=\"1732\" data-end=\"1824\">\n<p data-start=\"1734\" data-end=\"1824\"><strong data-start=\"1734\" data-end=\"1755\">Kvalitn\u00ed pouzdro:<\/strong> Boltaron je odoln\u00fd a umo\u017e\u0148uje diskr\u00e9tn\u00ed no\u0161en\u00ed v r\u016fzn\u00fdch pozic\u00edch.<\/p>\n<\/li>\n<li data-start=\"1825\" data-end=\"1953\">\n<p data-start=\"1827\" data-end=\"1953\"><strong data-start=\"1827\" data-end=\"1865\">Vhodn\u00fd pro obranu i b\u011b\u017en\u00e9 pou\u017eit\u00ed:<\/strong> Ostr\u00e1 \u010depel a ergonomie dovoluj\u00ed \u0161irok\u00e9 spektrum vyu\u017eit\u00ed \u2013 od EDC po krizov\u00e9 situace.<\/p>\n<\/li>\n<\/ul>\n<hr data-start=\"1955\" data-end=\"1958\" \/>\n<h3 data-start=\"1960\" data-end=\"1975\">\ud83d\udd34 Nev\u00fdhody<\/h3>\n<ul data-start=\"1977\" data-end=\"2331\">\n<li data-start=\"1977\" data-end=\"2102\">\n<p data-start=\"1979\" data-end=\"2102\"><strong data-start=\"1979\" data-end=\"2006\">Specifick\u00fd tvar \u010depele:<\/strong> Wharncliffe \u010depel nemus\u00ed vyhovovat ka\u017ed\u00e9mu \u2013 nen\u00ed ide\u00e1ln\u00ed nap\u0159. pro sek\u00e1n\u00ed nebo hrub\u0161\u00ed pr\u00e1ci.<\/p>\n<\/li>\n<li data-start=\"2103\" data-end=\"2209\">\n<p data-start=\"2105\" data-end=\"2209\"><strong data-start=\"2105\" data-end=\"2136\">CTS-BD1 nen\u00ed pr\u00e9miov\u00e1 ocel:<\/strong> Dob\u0159e se brous\u00ed a je odoln\u00e1, ale nenab\u00edz\u00ed nejvy\u0161\u0161\u00ed mo\u017enou v\u00fddr\u017e ost\u0159\u00ed.<\/p>\n<\/li>\n<li data-start=\"2210\" data-end=\"2331\">\n<p data-start=\"2212\" data-end=\"2331\"><strong data-start=\"2212\" data-end=\"2252\">Pevn\u00e1 \u010depel = m\u00e9n\u011b diskr\u00e9tn\u00ed no\u0161en\u00ed:<\/strong> I p\u0159es kompaktn\u00ed velikost se Ronin 2 nenos\u00ed tak pohodln\u011b jako zav\u00edrac\u00ed no\u017ee.<\/p>\n<\/li>\n<\/ul>\n<hr data-start=\"2333\" data-end=\"2336\" \/>\n<h3 data-start=\"2338\" data-end=\"2363\">\ud83d\udee0\ufe0f \u00dadr\u017eba a brou\u0161en\u00ed<\/h3>\n<ul data-start=\"2365\" data-end=\"2710\">\n<li data-start=\"2365\" data-end=\"2450\">\n<p data-start=\"2367\" data-end=\"2450\"><strong data-start=\"2367\" data-end=\"2378\">\u00dadr\u017eba:<\/strong> Po pou\u017eit\u00ed sta\u010d\u00ed ut\u0159\u00edt had\u0159\u00edkem, p\u0159\u00edpadn\u011b opl\u00e1chnout vodou a vysu\u0161it.<\/p>\n<\/li>\n<li data-start=\"2451\" data-end=\"2572\">\n<p data-start=\"2453\" data-end=\"2572\"><strong data-start=\"2453\" data-end=\"2464\">Maz\u00e1n\u00ed:<\/strong> U pevn\u00e9ho no\u017ee nen\u00ed maz\u00e1n\u00ed nutn\u00e9, ale doporu\u010duje se lehk\u00e1 olejov\u00e1 vrstva na \u010depeli p\u0159i del\u0161\u00edm skladov\u00e1n\u00ed.<\/p>\n<\/li>\n<li data-start=\"2573\" data-end=\"2710\">\n<p data-start=\"2575\" data-end=\"2710\"><strong data-start=\"2575\" data-end=\"2588\">Brou\u0161en\u00ed:<\/strong> CTS-BD1 se snadno brous\u00ed \u2013 doporu\u010duje se keramick\u00fd nebo diamantov\u00fd brousek pro udr\u017een\u00ed ostr\u00e9 hrany Wharncliffe profilu.<\/p>\n<\/li>\n<\/ul>\n<hr data-start=\"2712\" data-end=\"2715\" \/>\n<h3 data-start=\"2717\" data-end=\"2735\">\u2764\ufe0f Emo\u010dn\u00ed apel<\/h3>\n<p data-start=\"2737\" data-end=\"3012\">Spyderco Ronin 2 je zt\u011blesn\u011bn\u00edm \u00fa\u010delov\u00e9ho designu. Vznikl z praxe, ne z teorie. Ka\u017ed\u00e1 k\u0159ivka, ka\u017ed\u00e1 hrana m\u00e1 sv\u016fj smysl. Pokud hled\u00e1\u0161 pevn\u00fd n\u016f\u017e, kter\u00fd ti poskytne maxim\u00e1ln\u00ed kontrolu, precizn\u00ed \u0159ez a v\u00fdbornou p\u0159enositelnost, Ronin 2 je spolehliv\u00fd partner \u2013 p\u0159ipraven na cokoli.<\/p>\n<hr data-start=\"3014\" data-end=\"3017\" \/>\n<h3 data-start=\"3019\" data-end=\"3030\">\u2705 Z\u00e1v\u011br<\/h3>\n<p data-start=\"3032\" data-end=\"3398\"><strong data-start=\"3032\" data-end=\"3060\">Spyderco Ronin 2 FB09GP2<\/strong> je promy\u0161len\u00fd pevn\u00fd n\u016f\u017e s taktick\u00fdm zam\u011b\u0159en\u00edm, kter\u00fd z\u00e1rove\u0148 v\u00fdborn\u011b funguje i v civiln\u00edm prost\u0159ed\u00ed. D\u00edky \u010depeli typu Wharncliffe, kvalitn\u00edm materi\u00e1l\u016fm a ergonomick\u00e9mu proveden\u00ed je ide\u00e1ln\u00ed volbou pro ty, kdo hledaj\u00ed kompaktn\u00ed, ale v\u00fdkonn\u00fd n\u00e1stroj pro ka\u017edodenn\u00ed no\u0161en\u00ed nebo sebeobranu. Ostr\u00fd, lehk\u00fd, funk\u010dn\u00ed \u2013 p\u0159esn\u011b takov\u00fd, jak\u00fd m\u00e1 b\u00fdt.<\/p>\n","protected":false},"excerpt":{"rendered":"<p><strong>Spyderco Ronin 2 je zt\u011blesn\u011bn\u00edm \u00fa\u010delov\u00e9ho designu. Vznikl z praxe, ne z teorie. Ka\u017ed\u00e1 k\u0159ivka, ka\u017ed\u00e1 hrana m\u00e1 sv\u016fj smysl. Pokud hled\u00e1\u0161 pevn\u00fd n\u016f\u017e, kter\u00fd ti poskytne maxim\u00e1ln\u00ed kontrolu, precizn\u00ed \u0159ez a v\u00fdbornou p\u0159enositelnost, Ronin 2 je spolehliv\u00fd partner \u2013 p\u0159ipraven na cokoli.<\/strong><\/p>\n<p><strong>Doprava zdarma.<\/strong><\/p>\n","protected":false},"featured_media":407424,"comment_status":"open","ping_status":"closed","template":"","meta":[],"pwb-brand":[567],"product_brand":[],"product_cat":[17,23],"product_tag":[],"class_list":{"0":"post-407423","1":"product","2":"type-product","3":"status-publish","4":"has-post-thumbnail","6":"pwb-brand-spyderco","7":"product_cat-noze","8":"product_cat-pevne-noze","10":"first","11":"instock","12":"taxable","13":"shipping-taxable","14":"purchasable","15":"product-type-simple"},"brands":[{"id":567,"name":"Spyderco","slug":"spyderco"}],"_links":{"self":[{"href":"https:\/\/www.moskito.cz\/pl\/wp-json\/wp\/v2\/product\/407423","targetHints":{"allow":["GET"]}}],"collection":[{"href":"https:\/\/www.moskito.cz\/pl\/wp-json\/wp\/v2\/product"}],"about":[{"href":"https:\/\/www.moskito.cz\/pl\/wp-json\/wp\/v2\/types\/product"}],"replies":[{"embeddable":true,"href":"https:\/\/www.moskito.cz\/pl\/wp-json\/wp\/v2\/comments?post=407423"}],"wp:featuredmedia":[{"embeddable":true,"href":"https:\/\/www.moskito.cz\/pl\/wp-json\/wp\/v2\/media\/407424"}],"wp:attachment":[{"href":"https:\/\/www.moskito.cz\/pl\/wp-json\/wp\/v2\/media?parent=407423"}],"wp:term":[{"taxonomy":"pwb-brand","embeddable":true,"href":"https:\/\/www.moskito.cz\/pl\/wp-json\/wp\/v2\/pwb-brand?post=407423"},{"taxonomy":"product_brand","embeddable":true,"href":"https:\/\/www.moskito.cz\/pl\/wp-json\/wp\/v2\/product_brand?post=407423"},{"taxonomy":"product_cat","embeddable":true,"href":"https:\/\/www.moskito.cz\/pl\/wp-json\/wp\/v2\/product_cat?post=407423"},{"taxonomy":"product_tag","embeddable":true,"href":"https:\/\/www.moskito.cz\/pl\/wp-json\/wp\/v2\/product_tag?post=407423"}],"curies":[{"name":"wp","href":"https:\/\/api.w.org\/{rel}","templated":true}]}}