{"id":411253,"date":"2025-03-17T13:43:27","date_gmt":"2025-03-17T12:43:27","guid":{"rendered":"https:\/\/www.moskito.cz\/produkt\/noz-beltrame-z-rogu-bawolego-28-cm\/"},"modified":"2025-06-27T10:45:53","modified_gmt":"2025-06-27T09:45:53","slug":"noz-beltrame-z-rogu-bawolego-28-cm","status":"publish","type":"product","link":"https:\/\/www.moskito.cz\/pl\/produkt\/noz-beltrame-z-rogu-bawolego-28-cm\/","title":{"rendered":"N\u00f3\u017c Beltrame z rogu bawolego 28 cm"},"content":{"rendered":"<p data-start=\"67\" data-end=\"120\">\ud83d\udd25 <strong data-start=\"70\" data-end=\"118\">N\u00f3\u017c z rogu bawolego Beltrame 28 cm<\/strong><\/p>\n<p data-start=\"122\" data-end=\"459\">\ud83d\udd2a <strong data-start=\"125\" data-end=\"156\">Beltrame Buffalo Horn 28 cm<\/strong> to kultowy <strong data-start=\"169\" data-end=\"208\">w\u0142oski n\u00f3\u017c typu stiletto<\/strong> , kt\u00f3ry \u0142\u0105czy w sobie <strong data-start=\"226\" data-end=\"299\">tradycyjne rzemios\u0142o, elegancki design i precyzyjny mechanizm<\/strong> . Ten model jest wyposa\u017cony w <strong data-start=\"324\" data-end=\"401\">r\u0119cznie polerowane ostrze ze stali nierdzewnej i r\u0119koje\u015b\u0107 z prawdziwego rogu bawolego<\/strong> , co nadaje mu ekskluzywny wygl\u0105d i niepowtarzalny charakter. <\/p>\n<hr data-start=\"461\" data-end=\"464\">\n<h2 data-start=\"466\" data-end=\"485\">\ud83d\udcd0 Specyfikacje<\/h2>\n<ul data-start=\"486\" data-end=\"835\">\n<li data-start=\"486\" data-end=\"514\"><strong data-start=\"488\" data-end=\"506\">D\u0142ugo\u015b\u0107 ca\u0142kowita:<\/strong> 28 cm<\/li>\n<li data-start=\"515\" data-end=\"544\"><strong data-start=\"517\" data-end=\"534\">D\u0142ugo\u015b\u0107 ostrza:<\/strong> 11,5 cm<\/li>\n<li data-start=\"545\" data-end=\"574\"><strong data-start=\"547\" data-end=\"567\">Grubo\u015b\u0107 ostrza:<\/strong> 3 mm<\/li>\n<li data-start=\"575\" data-end=\"618\"><strong data-start=\"577\" data-end=\"597\">Materia\u0142 ostrza:<\/strong> AISI 420 MA5M<\/li>\n<li data-start=\"619\" data-end=\"653\"><strong data-start=\"621\" data-end=\"631\">Kraw\u0119d\u017a:<\/strong> Kraw\u0119d\u017a g\u0142adka (p\u0142aska)<\/li>\n<li data-start=\"654\" data-end=\"683\"><strong data-start=\"656\" data-end=\"672\">Kszta\u0142t ostrza:<\/strong> Sztylet<\/li>\n<li data-start=\"684\" data-end=\"723\"><strong data-start=\"686\" data-end=\"707\">Wyko\u0144czenie powierzchni:<\/strong> ostrze polerowane<\/li>\n<li data-start=\"724\" data-end=\"767\"><strong data-start=\"726\" data-end=\"748\">Materia\u0142 r\u0119koje\u015bci:<\/strong> Prawdziwy r\u00f3g bawolego<\/li>\n<li data-start=\"768\" data-end=\"811\"><strong data-start=\"770\" data-end=\"780\">Blokada:<\/strong> Lockback (tradycyjne zabezpieczenie)<\/li>\n<li data-start=\"812\" data-end=\"835\"><strong data-start=\"814\" data-end=\"827\">Waga:<\/strong> 150g<\/li>\n<\/ul>\n<hr data-start=\"837\" data-end=\"840\">\n<h2 data-start=\"842\" data-end=\"868\">\ud83c\udfaf G\u0142\u00f3wne cechy<\/h2>\n<p data-start=\"870\" data-end=\"1368\">\u2705 <strong data-start=\"872\" data-end=\"900\">Tradycyjne w\u0142oskie rzemios\u0142o<\/strong> &#8211; r\u0119cznie robione we W\u0142oszech przez mistrz\u00f3w no\u017cownictwa.<br data-start=\"941\" data-end=\"944\"> \u2705 <strong data-start=\"946\" data-end=\"981\">R\u0119koje\u015b\u0107 wykonana z prawdziwego rogu bawolego<\/strong> &#8211; ka\u017cdy egzemplarz jest oryginalny i ma niepowtarzalny wz\u00f3r materia\u0142u.<br data-start=\"1037\" data-end=\"1040\"> \u2705 <strong data-start=\"1042\" data-end=\"1081\">Polerowane ostrze ze stali nierdzewnej AISI 420 MA5M<\/strong> &#8211; doskona\u0142a odporno\u015b\u0107 na korozj\u0119 i \u0142atwo\u015b\u0107 ostrzenia.<br data-start=\"1131\" data-end=\"1134\"> \u2705 <strong data-start=\"1136\" data-end=\"1171\">Mechanizm szybkiego zwalniania<\/strong> &#8211; natychmiastowe otwarcie po jednym naci\u015bni\u0119ciu.<br data-start=\"1210\" data-end=\"1213\"> \u2705 <strong data-start=\"1215\" data-end=\"1239\">Kszta\u0142t ostrza szpilkowego<\/strong> &#8211; odpowiedni do precyzyjnych ci\u0119\u0107 i eleganckiego wygl\u0105du.<br data-start=\"1286\" data-end=\"1289\"> \u2705 <strong data-start=\"1291\" data-end=\"1318\">Klasyczna blokada Lockback<\/strong> &#8211; bezpieczny i niezawodny system blokowania ostrza.<\/p>\n<hr data-start=\"1370\" data-end=\"1373\">\n<h2 data-start=\"1375\" data-end=\"1413\">\ud83d\udcdc Historia marki Frank Beltrame<\/h2>\n<p data-start=\"1415\" data-end=\"1674\">Frank Beltrame to <strong data-start=\"1433\" data-end=\"1468\">legendarny w\u0142oski producent no\u017cy<\/strong> , znany od lat 50. XX wieku z precyzyjnej obr\u00f3bki <strong data-start=\"1499\" data-end=\"1524\">tradycyjnych szpilek<\/strong> . lata 20 wiek. No\u017ce te zyska\u0142y popularno\u015b\u0107 na ca\u0142ym \u015bwiecie dzi\u0119ki <strong data-start=\"1603\" data-end=\"1671\">eleganckiemu wzornictwu, jako\u015bci wykonania i szybkiemu mechanizmowi<\/strong> .<\/p>\n<hr data-start=\"1676\" data-end=\"1679\">\n<h2 data-start=\"1681\" data-end=\"1713\">\u2696\ufe0f Por\u00f3wnanie z innymi modelami<\/h2>\n<p data-start=\"1715\" data-end=\"1881\">\ud83d\udd39 <strong data-start=\"1718\" data-end=\"1766\">Beltrame Buffalo Horn kontra Beltrame Stag Horn<\/strong> \u2013 model <strong data-start=\"1775\" data-end=\"1788\">Stag Horn<\/strong> ma r\u0119koje\u015b\u0107 z poro\u017ca jelenia, natomiast <strong data-start=\"1827\" data-end=\"1843\">Buffalo Horn<\/strong> ma ciemniejszy, bardziej elegancki wygl\u0105d.<\/p>\n<p data-start=\"1883\" data-end=\"2047\">\ud83d\udd39 <strong data-start=\"1886\" data-end=\"1929\">Beltrame Buffalo Horn kontra AKC Swinguard<\/strong> \u2013 AKC Swinguard ma szersze ostrze i inne zabezpieczenie, Beltrame jest bardziej tradycyjnym wyborem dla mi\u0142o\u015bnik\u00f3w <strong data-start=\"2022\" data-end=\"2044\">klasycznych szpilek<\/strong> .<\/p>\n<p data-start=\"2049\" data-end=\"2207\">\ud83d\udd39 <strong data-start=\"2052\" data-end=\"2099\">Beltrame Buffalo Horn kontra Benchmade Infidel<\/strong> \u2013 Benchmade Infidel to nowoczesny <strong data-start=\"2131\" data-end=\"2142\">n\u00f3\u017c OTF<\/strong> , podczas gdy Beltrame pozostaje <strong data-start=\"2169\" data-end=\"2204\">klasykiem o historycznym designie<\/strong> .<\/p>\n<hr data-start=\"2209\" data-end=\"2212\">\n<h2 data-start=\"2214\" data-end=\"2238\">\ud83d\udcdc Zastosowanie i cel<\/h2>\n<p data-start=\"2240\" data-end=\"2489\">\ud83d\udd38 <strong data-start=\"2243\" data-end=\"2265\">Przedmiot kolekcjonerski<\/strong> &#8211; ze wzgl\u0119du na unikalny materia\u0142 i wykonanie.<br data-start=\"2319\" data-end=\"2322\"> \ud83d\udd38 <strong data-start=\"2325\" data-end=\"2344\">Stylowy dodatek<\/strong> &#8211; kultowy design no\u017ca przypadnie do gustu ka\u017cdemu pasjonatowi.<br data-start=\"2399\" data-end=\"2402\"> \ud83d\udd38 <strong data-start=\"2405\" data-end=\"2432\">N\u00f3\u017c do codziennego u\u017cytku (EDC)<\/strong> &#8211; lekki i \u0142atwy do przenoszenia, z eleganckim otwarciem.<\/p>\n<hr data-start=\"2491\" data-end=\"2494\">\n<h2 data-start=\"2496\" data-end=\"2532\">\ud83c\udf92 Akcesoria i zawarto\u015b\u0107 opakowania<\/h2>\n<p data-start=\"2534\" data-end=\"2654\">\ud83d\udccc <strong data-start=\"2537\" data-end=\"2560\">Pakiet zawiera:<\/strong><br data-start=\"2560\" data-end=\"2563\"> \u2714 N\u00f3\u017c do rzucania <strong data-start=\"2582\" data-end=\"2613\">Beltrame Buffalo Horn 28 cm<\/strong><br data-start=\"2613\" data-end=\"2616\"> \u2714 Pokrowiec ochronny<\/p>\n<p data-start=\"2656\" data-end=\"2788\">\ud83d\udccc <strong data-start=\"2659\" data-end=\"2682\">Zalecane akcesoria:<\/strong><br data-start=\"2682\" data-end=\"2685\"> \ud83d\udd39 Luksusowe etui ze sk\u00f3ry naturalnej<br data-start=\"2716\" data-end=\"2719\"> \ud83d\udd39 Specjalna \u015bciereczka do polerowania uchwytu<br data-start=\"2758\" data-end=\"2761\"> \ud83d\udd39 Olejek ochronny do ostrza<\/p>\n<hr data-start=\"2790\" data-end=\"2793\">\n<h2 data-start=\"2795\" data-end=\"2821\">\ud83d\udd27 Konserwacja i \u017cywotno\u015b\u0107<\/h2>\n<p data-start=\"2823\" data-end=\"3059\">\ud83d\udd39 <strong data-start=\"2826\" data-end=\"2838\">Czyszczenie:<\/strong> Po ka\u017cdym u\u017cyciu przetrzyj ostrze such\u0105 szmatk\u0105 i na\u0142\u00f3\u017c olej ochronny.<br data-start=\"2912\" data-end=\"2915\"> \ud83d\udd39 <strong data-start=\"2918\" data-end=\"2931\">Ostrzenie:<\/strong> Zalecamy u\u017cywanie kamieni szlifierskich o drobnym ostrzu lub temper\u00f3wek ceramicznych.<br data-start=\"2988\" data-end=\"2991\"> \ud83d\udd39 <strong data-start=\"2994\" data-end=\"3009\">Przechowywanie:<\/strong> Przechowywa\u0107 w suchym miejscu, najlepiej w etui.<\/p>\n<hr data-start=\"3061\" data-end=\"3064\">\n<h2 data-start=\"3066\" data-end=\"3096\">\ud83d\udd25 Dlaczego warto kupi\u0107 teraz?<\/h2>\n<p data-start=\"3098\" data-end=\"3302\">\u2b50 <strong data-start=\"3100\" data-end=\"3138\">R\u0119cznie wykonane i ekskluzywne materia\u0142y<\/strong> &#8211; ka\u017cdy egzemplarz jest oryginalny.<br data-start=\"3163\" data-end=\"3166\"> \ud83c\udf96 <strong data-start=\"3239\" data-end=\"3267\">Tradycyjna w\u0142oska jako\u015b\u0107<\/strong> \u2013 inwestycja w ponadczasowy n\u00f3\u017c.<\/p>\n<hr data-start=\"3304\" data-end=\"3307\">\n<h2 data-start=\"3309\" data-end=\"3322\">\ud83d\udccc Wniosek<\/h2>\n<p data-start=\"3324\" data-end=\"3559\"><strong data-start=\"3324\" data-end=\"3355\">Beltrame Buffalo Horn 28 cm<\/strong> to <strong data-start=\"3359\" data-end=\"3412\">elegancki, kolekcjonerski i stylowy n\u00f3\u017c sk\u0142adany<\/strong> z <strong data-start=\"3415\" data-end=\"3460\">unikaln\u0105 r\u0119koje\u015bci\u0105 wykonan\u0105 z prawdziwego rogu bawolego<\/strong> . Je\u015bli szukasz <strong data-start=\"3476\" data-end=\"3521\">klasycznego w\u0142oskiego no\u017ca o presti\u017cowym pochodzeniu<\/strong> , ten model jest <strong data-start=\"3538\" data-end=\"3556\">doskona\u0142ym wyborem<\/strong> ! <\/p>\n<hr data-start=\"3561\" data-end=\"3564\">\n<p data-start=\"3566\" data-end=\"3636\">\ud83d\udd17 <strong data-start=\"3569\" data-end=\"3631\">Zam\u00f3w ju\u017c dzi\u015b Beltrame Buffalo Horn 28 cm!<\/strong> \ud83d\udd25<\/p>\n","protected":false},"excerpt":{"rendered":"<p><strong>Beltrame Buffalo Horn 28 cm to elegancki, kolekcjonerski i stylowy n\u00f3\u017c sk\u0142adany z unikaln\u0105 r\u0119koje\u015bci\u0105 wykonan\u0105 z prawdziwego rogu bawolego. Je\u015bli szukasz klasycznego w\u0142oskiego no\u017ca o presti\u017cowym pochodzeniu, ten model jest doskona\u0142ym wyborem! <\/strong><\/p>\n<p>&nbsp;<\/p>\n","protected":false},"featured_media":397747,"comment_status":"open","ping_status":"closed","template":"","meta":[],"pwb-brand":[3538],"product_brand":[],"product_cat":[3296,3344],"product_tag":[4007],"class_list":{"0":"post-411253","1":"product","2":"type-product","3":"status-publish","4":"has-post-thumbnail","6":"pwb-brand-beltrame-pl","7":"product_cat-noze-pl","8":"product_cat-noze-strzeleckie","9":"product_tag-nowy","11":"first","12":"instock","13":"taxable","14":"shipping-taxable","15":"purchasable","16":"product-type-simple"},"brands":[{"id":3538,"name":"Beltrame","slug":"beltrame-pl"}],"_links":{"self":[{"href":"https:\/\/www.moskito.cz\/pl\/wp-json\/wp\/v2\/product\/411253","targetHints":{"allow":["GET"]}}],"collection":[{"href":"https:\/\/www.moskito.cz\/pl\/wp-json\/wp\/v2\/product"}],"about":[{"href":"https:\/\/www.moskito.cz\/pl\/wp-json\/wp\/v2\/types\/product"}],"replies":[{"embeddable":true,"href":"https:\/\/www.moskito.cz\/pl\/wp-json\/wp\/v2\/comments?post=411253"}],"wp:featuredmedia":[{"embeddable":true,"href":"https:\/\/www.moskito.cz\/pl\/wp-json\/wp\/v2\/media\/397747"}],"wp:attachment":[{"href":"https:\/\/www.moskito.cz\/pl\/wp-json\/wp\/v2\/media?parent=411253"}],"wp:term":[{"taxonomy":"pwb-brand","embeddable":true,"href":"https:\/\/www.moskito.cz\/pl\/wp-json\/wp\/v2\/pwb-brand?post=411253"},{"taxonomy":"product_brand","embeddable":true,"href":"https:\/\/www.moskito.cz\/pl\/wp-json\/wp\/v2\/product_brand?post=411253"},{"taxonomy":"product_cat","embeddable":true,"href":"https:\/\/www.moskito.cz\/pl\/wp-json\/wp\/v2\/product_cat?post=411253"},{"taxonomy":"product_tag","embeddable":true,"href":"https:\/\/www.moskito.cz\/pl\/wp-json\/wp\/v2\/product_tag?post=411253"}],"curies":[{"name":"wp","href":"https:\/\/api.w.org\/{rel}","templated":true}]}}