{"id":411308,"date":"2025-06-27T11:58:23","date_gmt":"2025-06-27T11:27:42","guid":{"rendered":"https:\/\/www.moskito.cz\/produkt\/noz-skladany-spyderco-byrd-harrier-2-by01ps2\/"},"modified":"2025-06-27T12:27:42","modified_gmt":"2025-06-27T11:27:42","slug":"noz-skladany-spyderco-byrd-harrier-2-by01ps2","status":"publish","type":"product","link":"https:\/\/www.moskito.cz\/pl\/produkt\/noz-skladany-spyderco-byrd-harrier-2-by01ps2\/","title":{"rendered":"N\u00f3\u017c sk\u0142adany Spyderco Byrd Harrier 2 BY01PS2"},"content":{"rendered":"<h2 data-pm-slice=\"1 1 []\"><strong>Kompaktowy sk\u0142adany n\u00f3\u017c z ostrzem \u0142\u0105czonym i stalow\u0105 r\u0119koje\u015bci\u0105 \u2013 wytrzyma\u0142e i wszechstronne narz\u0119dzie do codziennych wyzwa\u0144<\/strong><\/h2>\n<p><strong>Spyderco Byrd Harrier 2 BY01PS2<\/strong> to elegancki i funkcjonalny n\u00f3\u017c sk\u0142adany z praktycznym <strong>\u0142\u0105czonym ostrzem (g\u0142adka + z\u0105bkowana cz\u0119\u015b\u0107)<\/strong> , kt\u00f3ry jest gotowy do szerokiego zakresu zada\u0144 &#8211; od precyzyjnego ci\u0119cia po przecinanie mocnych w\u0142\u00f3knistych materia\u0142\u00f3w, takich jak liny, ta\u015bmy lub sznury. Dzi\u0119ki <strong>ostrzu Drop Point z p\u0142askim szlifem<\/strong> n\u00f3\u017c ma doskona\u0142e w\u0142a\u015bciwo\u015bci tn\u0105ce, zachowuj\u0105c jednocze\u015bnie wytrzyma\u0142o\u015b\u0107 czubka. <\/p>\n<p><strong>Ca\u0142kowicie nierdzewna konstrukcja<\/strong> nie tylko \u015bwietnie wygl\u0105da, ale tak\u017ce wytrzymuje nieostro\u017cne obchodzenie si\u0119 i jest \u0142atwa do czyszczenia. Polerowana r\u0119koje\u015b\u0107 ze stali nierdzewnej wygl\u0105da profesjonalnie i solidnie, a <strong>blokada<\/strong> zapewnia bezpieczne u\u017cytkowanie bez ryzyka, \u017ce \u200b\u200bostrze zamknie si\u0119 samo. Kompaktowy rozmiar i solidna waga sprawiaj\u0105, \u017ce jest to niezawodne narz\u0119dzie do codziennego noszenia, u\u017cytku w pracy i aktywno\u015bci na \u015bwie\u017cym powietrzu.  <\/p>\n<div>\n<hr>\n<\/div>\n<p>\ud83d\udcd0 <strong>Dane techniczne:<\/strong><\/p>\n<ul data-spread=\"false\">\n<li><strong>D\u0142ugo\u015b\u0107 ostrza:<\/strong> 85 mm (3,36\u2033)<\/li>\n<li><strong>D\u0142ugo\u015b\u0107 ca\u0142kowita:<\/strong> ok. 190 mm<\/li>\n<li><strong>D\u0142ugo\u015b\u0107 no\u017ca zamkni\u0119tego:<\/strong> ok. 105 mm<\/li>\n<li><strong>Grubo\u015b\u0107 ostrza:<\/strong> ok. 2,8 mm<\/li>\n<li><strong>Materia\u0142 ostrza:<\/strong> 8Cr13MoV \u2013 stal nierdzewna, \u0142atwa do ostrzenia<\/li>\n<li><strong>Kszta\u0142t ostrza:<\/strong> Drop Point, Full Flat Grind<\/li>\n<li><strong>Ostrze:<\/strong> Combo Edge \u2013 g\u0142adka + z\u0105bkowana cz\u0119\u015b\u0107 do uniwersalnego zastosowania<\/li>\n<li><strong>Powierzchnia ostrza:<\/strong> Satynowa \u2013 mi\u0119kki matowy po\u0142ysk<\/li>\n<li><strong>Uchwyt:<\/strong> polerowana stal nierdzewna<\/li>\n<li><strong>Zamek:<\/strong> Lockback \u2013 klasyczny i niezawodny<\/li>\n<li><strong>Klips:<\/strong> odwracalny (dla os\u00f3b prawo- i lewor\u0119cznych, z ko\u0144c\u00f3wk\u0105 do g\u00f3ry)<\/li>\n<li><strong>Waga:<\/strong> ok. 115\u2013120 g<\/li>\n<\/ul>\n<div>\n<hr>\n<\/div>\n<p>\ud83d\udfe2 <strong>G\u0142\u00f3wne zalety:<\/strong><\/p>\n<p>\u2705 Ostrze kombinowane \u2013 idealne do twardych i mi\u0119kkich materia\u0142\u00f3w<br \/>\n \u2705 Trwa\u0142y uchwyt ze stali nierdzewnej \u2013 solidny, elegancki i \u0142atwy w utrzymaniu<br \/>\n \u2705 Ostrze Drop Point \u2013 uniwersalny kszta\u0142t do codziennego u\u017cytku<br \/>\n \u2705 Blokada Lockback \u2013 bezpieczna i niezawodna blokada ostrza<br \/>\n \u2705 Odwracalny klips \u2013 odpowiedni dla u\u017cytkownik\u00f3w prawo- i lewor\u0119cznych<\/p>\n<div>\n<hr>\n<\/div>\n<p>\ud83d\udd34 <strong>Mo\u017cliwe wady:<\/strong><\/p>\n<p>\u26a0\ufe0f Z\u0105bkowana cz\u0119\u015b\u0107 ostrza \u2013 trudniejsza do naostrzenia, wymaga specjalistycznych narz\u0119dzi<br \/>\n \u26a0\ufe0f Wi\u0119ksza waga w por\u00f3wnaniu do modeli FRN \u2013 bardziej odpowiedni dla os\u00f3b ceni\u0105cych stabilno\u015b\u0107<br \/>\n \u26a0\ufe0f Stal 8Cr13MoV \u2013 dobra do konserwacji, ale o kr\u00f3tszej \u017cywotno\u015bci ostrza w por\u00f3wnaniu do materia\u0142\u00f3w premium<\/p>\n<div>\n<hr>\n<\/div>\n<p>\ud83d\udee0\ufe0f <strong>Konserwacja i piel\u0119gnacja:<\/strong><\/p>\n<ul data-spread=\"false\">\n<li>Po u\u017cyciu wytrzyj lub nasmaruj staw.<\/li>\n<li>G\u0142adkie ostrze mo\u017cna ostrzy\u0107 klasyczn\u0105 ostrza\u0142k\u0105, z\u0105bkowan\u0105 cz\u0119\u015b\u0107 sto\u017ckiem ceramicznym lub diamentowym.<\/li>\n<li>Uchwyt mo\u017cna \u0142atwo umy\u0107 wod\u0105 lub \u0142agodnym detergentem<\/li>\n<\/ul>\n<div>\n<hr>\n<\/div>\n<p>\u2764\ufe0f <strong>Dlaczego to pokochasz<\/strong><\/p>\n<p>Harrier 2 Combo Edge ze stali nierdzewnej to idealny wyb\u00f3r dla os\u00f3b poszukuj\u0105cych <strong>mocnego, trwa\u0142ego i wszechstronnego no\u017ca<\/strong> , kt\u00f3ry nie b\u0119dzie si\u0119 ba\u0142 codziennej pracy ani bardziej wymagaj\u0105cych warunk\u00f3w. Po\u0142\u0105czenie g\u0142adkich i z\u0105bkowanych ostrzy rozszerza mo\u017cliwo\u015bci zastosowania &#8211; od drobnego krojenia po wymagaj\u0105ce przycinanie. <\/p>\n<div>\n<hr>\n<\/div>\n<p>\u2705 <strong>Ocena ko\u0144cowa<\/strong><\/p>\n<p><strong>Spyderco Byrd BY01PS2 Harrier 2 Combo Edge<\/strong> to solidny i stylowy n\u00f3\u017c sk\u0142adany, kt\u00f3ry \u0142\u0105czy w sobie wydajno\u015b\u0107, praktyczno\u015b\u0107 i trwa\u0142o\u015b\u0107. To doskona\u0142e narz\u0119dzie EDC dla tych, kt\u00f3rzy chc\u0105 mie\u0107 wysokiej jako\u015bci n\u00f3\u017c z ostrzem \u0142\u0105czonym w solidnym, ca\u0142kowicie metalowym korpusie. <\/p>\n","protected":false},"excerpt":{"rendered":"<p><strong>Harrier 2 Combo Edge ze stali nierdzewnej to idealny wyb\u00f3r dla os\u00f3b poszukuj\u0105cych mocnego, trwa\u0142ego i wszechstronnego no\u017ca, kt\u00f3ry nie b\u0119dzie si\u0119 ba\u0142 codziennej pracy ani bardziej wymagaj\u0105cych warunk\u00f3w. Po\u0142\u0105czenie g\u0142adkich i z\u0105bkowanych ostrzy rozszerza mo\u017cliwo\u015bci zastosowania &#8211; od drobnego krojenia po wymagaj\u0105ce przycinanie. <\/strong><\/p>\n","protected":false},"featured_media":411272,"comment_status":"open","ping_status":"closed","template":"","meta":[],"pwb-brand":[4040],"product_brand":[],"product_cat":[3296,3307],"product_tag":[],"class_list":{"0":"post-411308","1":"product","2":"type-product","3":"status-publish","4":"has-post-thumbnail","6":"pwb-brand-byrd-pl","7":"product_cat-noze-pl","8":"product_cat-zamykanie-nozy","10":"first","11":"instock","12":"taxable","13":"shipping-taxable","14":"purchasable","15":"product-type-simple"},"brands":[{"id":4040,"name":"Byrd","slug":"byrd-pl"}],"_links":{"self":[{"href":"https:\/\/www.moskito.cz\/pl\/wp-json\/wp\/v2\/product\/411308","targetHints":{"allow":["GET"]}}],"collection":[{"href":"https:\/\/www.moskito.cz\/pl\/wp-json\/wp\/v2\/product"}],"about":[{"href":"https:\/\/www.moskito.cz\/pl\/wp-json\/wp\/v2\/types\/product"}],"replies":[{"embeddable":true,"href":"https:\/\/www.moskito.cz\/pl\/wp-json\/wp\/v2\/comments?post=411308"}],"wp:featuredmedia":[{"embeddable":true,"href":"https:\/\/www.moskito.cz\/pl\/wp-json\/wp\/v2\/media\/411272"}],"wp:attachment":[{"href":"https:\/\/www.moskito.cz\/pl\/wp-json\/wp\/v2\/media?parent=411308"}],"wp:term":[{"taxonomy":"pwb-brand","embeddable":true,"href":"https:\/\/www.moskito.cz\/pl\/wp-json\/wp\/v2\/pwb-brand?post=411308"},{"taxonomy":"product_brand","embeddable":true,"href":"https:\/\/www.moskito.cz\/pl\/wp-json\/wp\/v2\/product_brand?post=411308"},{"taxonomy":"product_cat","embeddable":true,"href":"https:\/\/www.moskito.cz\/pl\/wp-json\/wp\/v2\/product_cat?post=411308"},{"taxonomy":"product_tag","embeddable":true,"href":"https:\/\/www.moskito.cz\/pl\/wp-json\/wp\/v2\/product_tag?post=411308"}],"curies":[{"name":"wp","href":"https:\/\/api.w.org\/{rel}","templated":true}]}}