{"id":411777,"date":"2025-06-27T15:41:58","date_gmt":"2025-06-27T16:29:08","guid":{"rendered":"https:\/\/www.moskito.cz\/produkt\/noz-skladany-spyderco-byrd-harrier-2-by01psbk2\/"},"modified":"2025-06-27T17:29:08","modified_gmt":"2025-06-27T16:29:08","slug":"noz-skladany-spyderco-byrd-harrier-2-by01psbk2","status":"publish","type":"product","link":"https:\/\/www.moskito.cz\/pl\/produkt\/noz-skladany-spyderco-byrd-harrier-2-by01psbk2\/","title":{"rendered":"N\u00f3\u017c sk\u0142adany Spyderco Byrd Harrier 2 BY01PSBK2"},"content":{"rendered":"<h2 data-pm-slice=\"1 1 []\"><strong>\u015aredniej wielko\u015bci n\u00f3\u017c sk\u0142adany z ostrzem kombinowanym i czarn\u0105 r\u0119koje\u015bci\u0105 FRN \u2013 niezawodny partner EDC do codziennych wyzwa\u0144<\/strong><\/h2>\n<p><strong>Spyderco Byrd Harrier 2 BY01PSBK2<\/strong> to kompaktowy, ale mocny n\u00f3\u017c sk\u0142adany zaprojektowany jako skuteczne narz\u0119dzie do codziennego noszenia. Z ostrzem o d\u0142ugo\u015bci <strong>85 mm (3,36&#8243;)<\/strong> i <strong>\u0142\u0105czonym ostrzem (g\u0142adkim + z\u0105bkowanym)<\/strong> z \u0142atwo\u015bci\u0105 radzi sobie zar\u00f3wno z typowymi, jak i bardziej wymagaj\u0105cymi ci\u0119ciami &#8211; od paczek i zakup\u00f3w spo\u017cywczych po liny, ta\u015bmy lub twardsze tworzywa sztuczne. <strong>Kszta\u0142t ostrza typu drop point z p\u0142askim szlifem<\/strong> zapewnia r\u00f3wnie\u017c doskona\u0142\u0105 penetracj\u0119 i dok\u0142adno\u015b\u0107. <\/p>\n<p><strong>Czarny uchwyt FRN (Fiberglass Reinforced Nylon)<\/strong> jest niezwykle lekki, a jednocze\u015bnie wytrzyma\u0142y i dobrze le\u017cy w d\u0142oni nawet po d\u0142u\u017cszym u\u017cytkowaniu. <strong>Blokada Lockback<\/strong> sprawia, \u017ce \u200b\u200bpraca z no\u017cem jest bezpieczna i stabilna, a <strong>czteropozycyjny klips<\/strong> umo\u017cliwia wygodne noszenie zgodnie z osobistymi preferencjami &#8211; dla os\u00f3b lewo- i prawor\u0119cznych, czubkiem do g\u00f3ry lub do do\u0142u. <\/p>\n<div>\n<hr>\n<\/div>\n<p>\ud83d\udcd0 <strong>Dane techniczne:<\/strong><\/p>\n<ul data-spread=\"false\">\n<li><strong>D\u0142ugo\u015b\u0107 ostrza:<\/strong> 85 mm (3,36\u2033)<\/li>\n<li><strong>D\u0142ugo\u015b\u0107 ca\u0142kowita:<\/strong> ok. 195 mm<\/li>\n<li><strong>D\u0142ugo\u015b\u0107 no\u017ca zamkni\u0119tego:<\/strong> ok. 110 mm<\/li>\n<li><strong>Grubo\u015b\u0107 ostrza:<\/strong> ok. 2,5 mm<\/li>\n<li><strong>Materia\u0142 ostrza:<\/strong> 8Cr13MoV \u2013 \u0142atwa do ostrzenia stal nierdzewna<\/li>\n<li><strong>Kszta\u0142t ostrza:<\/strong> Drop Point, Flat Grind (pe\u0142ny p\u0142aski szlif)<\/li>\n<li><strong>Ostrze:<\/strong> Combo Edge \u2013 g\u0142adkie + z\u0105bkowane, do uniwersalnego zastosowania<\/li>\n<li><strong>Powierzchnia ostrza:<\/strong> Satynowa \u2013 eleganckie matowe wyko\u0144czenie<\/li>\n<li><strong>R\u0119koje\u015b\u0107:<\/strong> Czarny FRN \u2013 lekki, wytrzyma\u0142y, z antypo\u015blizgow\u0105 faktur\u0105<\/li>\n<li><strong>Zamek:<\/strong> Lockback \u2013 klasyczne, bezpieczne zamykanie<\/li>\n<li><strong>Klips:<\/strong> 4-pozycyjny (lewo\/prawo, ko\u0144c\u00f3wka w g\u00f3r\u0119\/w d\u00f3\u0142)<\/li>\n<li><strong>Waga:<\/strong> ok. 70\u201375 g<\/li>\n<\/ul>\n<div>\n<hr>\n<\/div>\n<p>\ud83d\udfe2 <strong>G\u0142\u00f3wne zalety:<\/strong><\/p>\n<p>\u2705 Ostrze kombinowane \u2013 odpowiednie do szerokiej gamy materia\u0142\u00f3w<br \/>\n \u2705 Lekki, ergonomiczny uchwyt \u2013 dobry chwyt, antypo\u015blizgowy<br \/>\n \u2705 Blokada typu Lockback \u2013 bezpieczny, niezawodny mechanizm<br \/>\n \u2705 Kompaktowy rozmiar \u2013 idealny do noszenia na co dzie\u0144<br \/>\n \u2705 Klips kieszonkowy z 4 pozycjami \u2013 no\u015b zgodnie z w\u0142asnym stylem<\/p>\n<div>\n<hr>\n<\/div>\n<p>\ud83d\udd34 <strong>Mo\u017cliwe wady:<\/strong><\/p>\n<p>\u26a0\ufe0f Z\u0105bkowana cz\u0119\u015b\u0107 ostrza \u2013 trudniejsza do naostrzenia, wymaga specjalistycznych narz\u0119dzi<br \/>\n \u26a0\ufe0f Konstrukcja FRN \u2013 bardzo praktyczna, ale nie wygl\u0105da tak luksusowo jak metalowa<br \/>\n \u26a0\ufe0f Stal 8Cr13MoV \u2013 solidna wydajno\u015b\u0107, ale cz\u0119stsza konserwacja ni\u017c w przypadku stali premium<\/p>\n<div>\n<hr>\n<\/div>\n<p>\ud83d\udee0\ufe0f <strong>Konserwacja i piel\u0119gnacja:<\/strong><\/p>\n<ul data-spread=\"false\">\n<li>Po u\u017cyciu wytrzyj, w razie potrzeby nasmaruj sworze\u0144<\/li>\n<li>G\u0142adk\u0105 cz\u0119\u015b\u0107 ostrza mo\u017cna \u0142atwo naostrzy\u0107, natomiast z\u0105bkowan\u0105 cz\u0119\u015b\u0107 najlepiej ostrzy\u0107 za pomoc\u0105 ceramicznej ostrza\u0142ki.<\/li>\n<li>Uchwyt FRN jest odporny na wilgo\u0107 i zu\u017cycie mechaniczne, \u0142atwy do czyszczenia<\/li>\n<\/ul>\n<div>\n<hr>\n<\/div>\n<p>\u2764\ufe0f <strong>Dlaczego to pokochasz<\/strong><\/p>\n<p><strong>Byrd Harrier 2 Combo Edge w kolorze czarnym FRN<\/strong> to wszechstronny n\u00f3\u017c roboczy i EDC o doskona\u0142ym stosunku wagi do mocy. Dzi\u0119ki po\u0142\u0105czeniu g\u0142adkich i z\u0105bkowanych ostrzy jest gotowy na wszystko &#8211; niezale\u017cnie od tego, czy rozwi\u0105zujesz codzienne zadania, czy jeste\u015b w terenie. Lekko\u015b\u0107, bezpiecze\u0144stwo i niezawodno\u015b\u0107 sprawiaj\u0105, \u017ce Harrier jest doskona\u0142ym wyborem dla ka\u017cdego praktycznego u\u017cytkownika.  <\/p>\n<div>\n<hr>\n<\/div>\n<p>\u2705 <strong>Ocena ko\u0144cowa<\/strong><\/p>\n<p><strong>Spyderco Byrd BY01PSBK2 Harrier 2<\/strong> to idealny n\u00f3\u017c sk\u0142adany dla os\u00f3b poszukuj\u0105cych <strong>kompaktowego, lekkiego, a jednocze\u015bnie funkcjonalnego, kieszonkowego, dwustronnego narz\u0119dzia, kt\u00f3re<\/strong> zmie\u015bci si\u0119 w kieszeni, torbie lub plecaku. To inteligentny wyb\u00f3r do codziennego u\u017cytku bez kompromis\u00f3w. <\/p>\n","protected":false},"excerpt":{"rendered":"<p><strong>Byrd Harrier 2 Combo Edge w kolorze czarnym FRN to wszechstronny n\u00f3\u017c roboczy i EDC o doskona\u0142ym stosunku wagi do mocy. Dzi\u0119ki po\u0142\u0105czeniu g\u0142adkich i z\u0105bkowanych ostrzy jest gotowy na wszystko &#8211; niezale\u017cnie od tego, czy rozwi\u0105zujesz codzienne zadania, czy jeste\u015b w terenie. Lekko\u015b\u0107, bezpiecze\u0144stwo i niezawodno\u015b\u0107 sprawiaj\u0105, \u017ce Harrier jest doskona\u0142ym wyborem dla ka\u017cdego praktycznego u\u017cytkownika.  <\/strong><\/p>\n","protected":false},"featured_media":411729,"comment_status":"open","ping_status":"closed","template":"","meta":[],"pwb-brand":[4040],"product_brand":[],"product_cat":[3296,3307],"product_tag":[],"class_list":{"0":"post-411777","1":"product","2":"type-product","3":"status-publish","4":"has-post-thumbnail","6":"pwb-brand-byrd-pl","7":"product_cat-noze-pl","8":"product_cat-zamykanie-nozy","10":"first","11":"instock","12":"taxable","13":"shipping-taxable","14":"purchasable","15":"product-type-simple"},"brands":[{"id":4040,"name":"Byrd","slug":"byrd-pl"}],"_links":{"self":[{"href":"https:\/\/www.moskito.cz\/pl\/wp-json\/wp\/v2\/product\/411777","targetHints":{"allow":["GET"]}}],"collection":[{"href":"https:\/\/www.moskito.cz\/pl\/wp-json\/wp\/v2\/product"}],"about":[{"href":"https:\/\/www.moskito.cz\/pl\/wp-json\/wp\/v2\/types\/product"}],"replies":[{"embeddable":true,"href":"https:\/\/www.moskito.cz\/pl\/wp-json\/wp\/v2\/comments?post=411777"}],"wp:featuredmedia":[{"embeddable":true,"href":"https:\/\/www.moskito.cz\/pl\/wp-json\/wp\/v2\/media\/411729"}],"wp:attachment":[{"href":"https:\/\/www.moskito.cz\/pl\/wp-json\/wp\/v2\/media?parent=411777"}],"wp:term":[{"taxonomy":"pwb-brand","embeddable":true,"href":"https:\/\/www.moskito.cz\/pl\/wp-json\/wp\/v2\/pwb-brand?post=411777"},{"taxonomy":"product_brand","embeddable":true,"href":"https:\/\/www.moskito.cz\/pl\/wp-json\/wp\/v2\/product_brand?post=411777"},{"taxonomy":"product_cat","embeddable":true,"href":"https:\/\/www.moskito.cz\/pl\/wp-json\/wp\/v2\/product_cat?post=411777"},{"taxonomy":"product_tag","embeddable":true,"href":"https:\/\/www.moskito.cz\/pl\/wp-json\/wp\/v2\/product_tag?post=411777"}],"curies":[{"name":"wp","href":"https:\/\/api.w.org\/{rel}","templated":true}]}}